{"id":101,"date":"2022-09-14T09:41:55","date_gmt":"2022-09-14T07:41:55","guid":{"rendered":"https:\/\/siemianowice.pl\/geodezja\/?page_id=101"},"modified":"2022-09-14T09:48:23","modified_gmt":"2022-09-14T07:48:23","slug":"aktualizacja-powiatowej-bazy-geodezyjnej-ewidencji-sieci-uzbrojenia-terenu","status":"publish","type":"page","link":"https:\/\/siemianowice.pl\/geodezja\/aktualizacja-powiatowej-bazy-geodezyjnej-ewidencji-sieci-uzbrojenia-terenu\/","title":{"rendered":"Aktualizacja powiatowej bazy Geodezyjnej Ewidencji Sieci Uzbrojenia Terenu"},"content":{"rendered":"\n<p><strong>Aktualizacja powiatowej bazy Geodezyjnej Ewidencji Sieci Uzbrojenia Terenu<\/strong><\/p>\n\n\n\n<p><strong>Zgodnie z przepisami rozporz\u0105dzenia&nbsp;w sprawie geodezyjnej ewidencji sieci uzbrojenia terenu&nbsp;z dnia 23&nbsp;lipca&nbsp;2021&nbsp;r. (Dz.U. z 2021&nbsp;r. poz. 1374) powiatow\u0105 baz\u0119 GESUT aktualizauje si\u0119 w drodze czynno\u015bci materialno &#8211; technicznych na podstawie danych lub informacji:<\/strong><\/p>\n\n\n\n<p>1) zawartych w materia\u0142ach przyj\u0119tych do zasobu;<\/p>\n\n\n\n<p>2) zawartych w dokumentach, kt\u00f3re by\u0142y przedmiotem narady koordynacyjnej, o kt\u00f3rej mowa w art. 28b ustawy, w przypadku gdy stanowiska uczestnik\u00f3w tej narady s\u0105 jednomy\u015blne i pozytywne;<\/p>\n\n\n\n<p>3) pozyskanych z innych rejestr\u00f3w publicznych lub od podmiot\u00f3w w\u0142adaj\u0105cych sieciami uzbrojenia terenu.<\/p>\n\n\n\n<p><strong>Aktualizacji danych zgromadzonych w powiatowej bazie GESUT&nbsp; dokonuje si\u0119m niezw\u0142ocznie po uzyskaniu danych&nbsp; lub informacji niezb\u0119dnych do tej aktualizacji, jednak nie p\u00f3\u017aniej ni\u017c w terminie 30 dni od dnia:<\/strong><\/p>\n\n\n\n<p>1) wpisania do ewidencji materia\u0142\u00f3w zasobu nowych, zmodyfikowanych lub zweryfikowanych zbior\u00f3w danych powiatowej bazy GESUT;<\/p>\n\n\n\n<p>2) w kt\u00f3rym zako\u0144czy\u0142a si\u0119 narada koordynacyjna, o kt\u00f3rej mowa w art. 28b ustawy;<\/p>\n\n\n\n<p>3)w kt\u00f3rym sta\u0142a si\u0119 ostateczna decyzja starosty (prezydenta miasta) o pozwoleniu na budow\u0119 lub up\u0142yn\u0105\u0142 termin do wniesienia sprzeciwu do zg\u0142oszenia budowy sieci uzbrojenia terenu;<\/p>\n\n\n\n<p>4) przekazania odpowiednich informacji przez podmiot w\u0142adaj\u0105cy sieci\u0105 uzbrojenia terenu;<\/p>\n\n\n\n<p>5)pozyskania odpowiednich informacji z innego rejestru publicznego.<\/p>\n","protected":false},"excerpt":{"rendered":"<p>Aktualizacja powiatowej bazy Geodezyjnej Ewidencji Sieci Uzbrojenia Terenu Zgodnie z przepisami rozporz\u0105dzenia&nbsp;w sprawie geodezyjnej ewidencji sieci uzbrojenia terenu&nbsp;z dnia 23&nbsp;lipca&nbsp;2021&nbsp;r. (Dz.U. z 2021&nbsp;r. poz. 1374) powiatow\u0105 baz\u0119 GESUT aktualizauje si\u0119 w drodze czynno\u015bci materialno &#8211; technicznych na podstawie danych lub informacji: 1) zawartych w materia\u0142ach przyj\u0119tych do zasobu; 2) zawartych w dokumentach, kt\u00f3re by\u0142y przedmiotem [&hellip;]<\/p>\n","protected":false},"author":40,"featured_media":0,"parent":0,"menu_order":0,"comment_status":"closed","ping_status":"closed","template":"","meta":{"_acf_changed":false,"footnotes":""},"class_list":["post-101","page","type-page","status-publish","hentry"],"acf":[],"yoast_head":"<!-- This site is optimized with the Yoast SEO plugin v26.9 - https:\/\/yoast.com\/product\/yoast-seo-wordpress\/ -->\n<title>Aktualizacja powiatowej bazy Geodezyjnej Ewidencji Sieci Uzbrojenia Terenu - Grodzki O\u015brodek Dokumentacji Geodezyjnej i Kartograficznej w Siemianowicach \u015al\u0105skich<\/title>\n<meta name=\"robots\" content=\"index, follow, max-snippet:-1, max-image-preview:large, max-video-preview:-1\" \/>\n<link rel=\"canonical\" href=\"https:\/\/siemianowice.pl\/geodezja\/aktualizacja-powiatowej-bazy-geodezyjnej-ewidencji-sieci-uzbrojenia-terenu\/\" \/>\n<meta property=\"og:locale\" content=\"pl_PL\" \/>\n<meta property=\"og:type\" content=\"article\" \/>\n<meta property=\"og:title\" content=\"Aktualizacja powiatowej bazy Geodezyjnej Ewidencji Sieci Uzbrojenia Terenu - Grodzki O\u015brodek Dokumentacji Geodezyjnej i Kartograficznej w Siemianowicach \u015al\u0105skich\" \/>\n<meta property=\"og:description\" content=\"Aktualizacja powiatowej bazy Geodezyjnej Ewidencji Sieci Uzbrojenia Terenu Zgodnie z przepisami rozporz\u0105dzenia&nbsp;w sprawie geodezyjnej ewidencji sieci uzbrojenia terenu&nbsp;z dnia 23&nbsp;lipca&nbsp;2021&nbsp;r. (Dz.U. z 2021&nbsp;r. poz. 1374) powiatow\u0105 baz\u0119 GESUT aktualizauje si\u0119 w drodze czynno\u015bci materialno &#8211; technicznych na podstawie danych lub informacji: 1) zawartych w materia\u0142ach przyj\u0119tych do zasobu; 2) zawartych w dokumentach, kt\u00f3re by\u0142y przedmiotem [&hellip;]\" \/>\n<meta property=\"og:url\" content=\"https:\/\/siemianowice.pl\/geodezja\/aktualizacja-powiatowej-bazy-geodezyjnej-ewidencji-sieci-uzbrojenia-terenu\/\" \/>\n<meta property=\"og:site_name\" content=\"Grodzki O\u015brodek Dokumentacji Geodezyjnej i Kartograficznej w Siemianowicach \u015al\u0105skich\" \/>\n<meta property=\"article:modified_time\" content=\"2022-09-14T07:48:23+00:00\" \/>\n<meta name=\"twitter:card\" content=\"summary_large_image\" \/>\n<meta name=\"twitter:label1\" content=\"Szacowany czas czytania\" \/>\n\t<meta name=\"twitter:data1\" content=\"1 minuta\" \/>\n<script type=\"application\/ld+json\" class=\"yoast-schema-graph\">{\"@context\":\"https:\/\/schema.org\",\"@graph\":[{\"@type\":\"WebPage\",\"@id\":\"https:\/\/siemianowice.pl\/geodezja\/aktualizacja-powiatowej-bazy-geodezyjnej-ewidencji-sieci-uzbrojenia-terenu\/\",\"url\":\"https:\/\/siemianowice.pl\/geodezja\/aktualizacja-powiatowej-bazy-geodezyjnej-ewidencji-sieci-uzbrojenia-terenu\/\",\"name\":\"Aktualizacja powiatowej bazy Geodezyjnej Ewidencji Sieci Uzbrojenia Terenu - Grodzki O\u015brodek Dokumentacji Geodezyjnej i Kartograficznej w Siemianowicach \u015al\u0105skich\",\"isPartOf\":{\"@id\":\"https:\/\/siemianowice.pl\/geodezja\/#website\"},\"datePublished\":\"2022-09-14T07:41:55+00:00\",\"dateModified\":\"2022-09-14T07:48:23+00:00\",\"breadcrumb\":{\"@id\":\"https:\/\/siemianowice.pl\/geodezja\/aktualizacja-powiatowej-bazy-geodezyjnej-ewidencji-sieci-uzbrojenia-terenu\/#breadcrumb\"},\"inLanguage\":\"pl-PL\",\"potentialAction\":[{\"@type\":\"ReadAction\",\"target\":[\"https:\/\/siemianowice.pl\/geodezja\/aktualizacja-powiatowej-bazy-geodezyjnej-ewidencji-sieci-uzbrojenia-terenu\/\"]}]},{\"@type\":\"BreadcrumbList\",\"@id\":\"https:\/\/siemianowice.pl\/geodezja\/aktualizacja-powiatowej-bazy-geodezyjnej-ewidencji-sieci-uzbrojenia-terenu\/#breadcrumb\",\"itemListElement\":[{\"@type\":\"ListItem\",\"position\":1,\"name\":\"Strona g\u0142\u00f3wna\",\"item\":\"https:\/\/siemianowice.pl\/geodezja\/\"},{\"@type\":\"ListItem\",\"position\":2,\"name\":\"Aktualizacja powiatowej bazy Geodezyjnej Ewidencji Sieci Uzbrojenia Terenu\"}]},{\"@type\":\"WebSite\",\"@id\":\"https:\/\/siemianowice.pl\/geodezja\/#website\",\"url\":\"https:\/\/siemianowice.pl\/geodezja\/\",\"name\":\"Grodzki O\u015brodek Dokumentacji Geodezyjnej i Kartograficznej w Siemianowicach \u015al\u0105skich\",\"description\":\"Kolejna witryna sieci &#8222;Urz\u0105d Miasta w Siemianowicach \u015al\u0105skich&#8221;\",\"potentialAction\":[{\"@type\":\"SearchAction\",\"target\":{\"@type\":\"EntryPoint\",\"urlTemplate\":\"https:\/\/siemianowice.pl\/geodezja\/?s={search_term_string}\"},\"query-input\":{\"@type\":\"PropertyValueSpecification\",\"valueRequired\":true,\"valueName\":\"search_term_string\"}}],\"inLanguage\":\"pl-PL\"}]}<\/script>\n<!-- \/ Yoast SEO plugin. -->","yoast_head_json":{"title":"Aktualizacja powiatowej bazy Geodezyjnej Ewidencji Sieci Uzbrojenia Terenu - Grodzki O\u015brodek Dokumentacji Geodezyjnej i Kartograficznej w Siemianowicach \u015al\u0105skich","robots":{"index":"index","follow":"follow","max-snippet":"max-snippet:-1","max-image-preview":"max-image-preview:large","max-video-preview":"max-video-preview:-1"},"canonical":"https:\/\/siemianowice.pl\/geodezja\/aktualizacja-powiatowej-bazy-geodezyjnej-ewidencji-sieci-uzbrojenia-terenu\/","og_locale":"pl_PL","og_type":"article","og_title":"Aktualizacja powiatowej bazy Geodezyjnej Ewidencji Sieci Uzbrojenia Terenu - Grodzki O\u015brodek Dokumentacji Geodezyjnej i Kartograficznej w Siemianowicach \u015al\u0105skich","og_description":"Aktualizacja powiatowej bazy Geodezyjnej Ewidencji Sieci Uzbrojenia Terenu Zgodnie z przepisami rozporz\u0105dzenia&nbsp;w sprawie geodezyjnej ewidencji sieci uzbrojenia terenu&nbsp;z dnia 23&nbsp;lipca&nbsp;2021&nbsp;r. (Dz.U. z 2021&nbsp;r. poz. 1374) powiatow\u0105 baz\u0119 GESUT aktualizauje si\u0119 w drodze czynno\u015bci materialno &#8211; technicznych na podstawie danych lub informacji: 1) zawartych w materia\u0142ach przyj\u0119tych do zasobu; 2) zawartych w dokumentach, kt\u00f3re by\u0142y przedmiotem [&hellip;]","og_url":"https:\/\/siemianowice.pl\/geodezja\/aktualizacja-powiatowej-bazy-geodezyjnej-ewidencji-sieci-uzbrojenia-terenu\/","og_site_name":"Grodzki O\u015brodek Dokumentacji Geodezyjnej i Kartograficznej w Siemianowicach \u015al\u0105skich","article_modified_time":"2022-09-14T07:48:23+00:00","twitter_card":"summary_large_image","twitter_misc":{"Szacowany czas czytania":"1 minuta"},"schema":{"@context":"https:\/\/schema.org","@graph":[{"@type":"WebPage","@id":"https:\/\/siemianowice.pl\/geodezja\/aktualizacja-powiatowej-bazy-geodezyjnej-ewidencji-sieci-uzbrojenia-terenu\/","url":"https:\/\/siemianowice.pl\/geodezja\/aktualizacja-powiatowej-bazy-geodezyjnej-ewidencji-sieci-uzbrojenia-terenu\/","name":"Aktualizacja powiatowej bazy Geodezyjnej Ewidencji Sieci Uzbrojenia Terenu - Grodzki O\u015brodek Dokumentacji Geodezyjnej i Kartograficznej w Siemianowicach \u015al\u0105skich","isPartOf":{"@id":"https:\/\/siemianowice.pl\/geodezja\/#website"},"datePublished":"2022-09-14T07:41:55+00:00","dateModified":"2022-09-14T07:48:23+00:00","breadcrumb":{"@id":"https:\/\/siemianowice.pl\/geodezja\/aktualizacja-powiatowej-bazy-geodezyjnej-ewidencji-sieci-uzbrojenia-terenu\/#breadcrumb"},"inLanguage":"pl-PL","potentialAction":[{"@type":"ReadAction","target":["https:\/\/siemianowice.pl\/geodezja\/aktualizacja-powiatowej-bazy-geodezyjnej-ewidencji-sieci-uzbrojenia-terenu\/"]}]},{"@type":"BreadcrumbList","@id":"https:\/\/siemianowice.pl\/geodezja\/aktualizacja-powiatowej-bazy-geodezyjnej-ewidencji-sieci-uzbrojenia-terenu\/#breadcrumb","itemListElement":[{"@type":"ListItem","position":1,"name":"Strona g\u0142\u00f3wna","item":"https:\/\/siemianowice.pl\/geodezja\/"},{"@type":"ListItem","position":2,"name":"Aktualizacja powiatowej bazy Geodezyjnej Ewidencji Sieci Uzbrojenia Terenu"}]},{"@type":"WebSite","@id":"https:\/\/siemianowice.pl\/geodezja\/#website","url":"https:\/\/siemianowice.pl\/geodezja\/","name":"Grodzki O\u015brodek Dokumentacji Geodezyjnej i Kartograficznej w Siemianowicach \u015al\u0105skich","description":"Kolejna witryna sieci &#8222;Urz\u0105d Miasta w Siemianowicach \u015al\u0105skich&#8221;","potentialAction":[{"@type":"SearchAction","target":{"@type":"EntryPoint","urlTemplate":"https:\/\/siemianowice.pl\/geodezja\/?s={search_term_string}"},"query-input":{"@type":"PropertyValueSpecification","valueRequired":true,"valueName":"search_term_string"}}],"inLanguage":"pl-PL"}]}},"_links":{"self":[{"href":"https:\/\/siemianowice.pl\/geodezja\/wp-json\/wp\/v2\/pages\/101","targetHints":{"allow":["GET"]}}],"collection":[{"href":"https:\/\/siemianowice.pl\/geodezja\/wp-json\/wp\/v2\/pages"}],"about":[{"href":"https:\/\/siemianowice.pl\/geodezja\/wp-json\/wp\/v2\/types\/page"}],"author":[{"embeddable":true,"href":"https:\/\/siemianowice.pl\/geodezja\/wp-json\/wp\/v2\/users\/40"}],"replies":[{"embeddable":true,"href":"https:\/\/siemianowice.pl\/geodezja\/wp-json\/wp\/v2\/comments?post=101"}],"version-history":[{"count":2,"href":"https:\/\/siemianowice.pl\/geodezja\/wp-json\/wp\/v2\/pages\/101\/revisions"}],"predecessor-version":[{"id":104,"href":"https:\/\/siemianowice.pl\/geodezja\/wp-json\/wp\/v2\/pages\/101\/revisions\/104"}],"wp:attachment":[{"href":"https:\/\/siemianowice.pl\/geodezja\/wp-json\/wp\/v2\/media?parent=101"}],"curies":[{"name":"wp","href":"https:\/\/api.w.org\/{rel}","templated":true}]}}