{"id":107,"date":"2022-09-14T10:09:50","date_gmt":"2022-09-14T08:09:50","guid":{"rendered":"https:\/\/siemianowice.pl\/geodezja\/?page_id=107"},"modified":"2022-09-14T10:12:00","modified_gmt":"2022-09-14T08:12:00","slug":"aktualizacja-ewidencji-gruntow-i-budynkow-w-zakresie-budynkow","status":"publish","type":"page","link":"https:\/\/siemianowice.pl\/geodezja\/aktualizacja-ewidencji-gruntow-i-budynkow-w-zakresie-budynkow\/","title":{"rendered":"Aktualizacja ewidencji grunt\u00f3w i budynk\u00f3w w zakresie budynk\u00f3w"},"content":{"rendered":"\n<p>Aktualizacja ewidencji grunt\u00f3w i budynk\u00f3w&nbsp;<\/p>\n\n\n\n<p>Zgodnie z przpisami rozporz\u0105dzenia z 29 marca 2001 r. w sprawie ewidencji grunt\u00f3w i budynk\u00f3w&nbsp; (t.j. Dz.U. z 2019 r. poz. 393) aktualizacja operatu ewidencyjnego nast\u0119puje poprzez wprowadzenie udokumentowanych zmian do bazy danych ewidencyjnych w celu:<\/p>\n\n\n\n<p>1)zast\u0105pienia danych niezgodnych ze stanem faktycznym, stanem prawnym lub obowi\u0105zuj\u0105cymi standardami technicznymi odpowiednimi danymi zgodnymi ze stanem faktycznym lub prawnym oraz obowi\u0105zuj\u0105cymi standardami technicznymi;<\/p>\n\n\n\n<p>2)ujawnienia nowych danych ewidencyjnych;<\/p>\n\n\n\n<p>3)wyeliminowania danych b\u0142\u0119dnych.<\/p>\n\n\n\n<p>Zmany opisowych danych ewidencyjnych, dotyczace dzia\u0142ek ewidencyjnych lub budynk\u00f3w, ustalone w trakcie wykonywania prac geodezyjnych utrwala si\u0119 w wykazie zmian danych ewidencyjnych kt\u00f3ry powinien zawiera\u0107:<\/p>\n\n\n\n<p>1) identyfikatory jednostki ewidencyjnej i obr\u0119bu;<\/p>\n\n\n\n<p>2) numer odpowiedniej jednostki rejestrowej grunt\u00f3w lub pozycji kartoteki budynk\u00f3w;<\/p>\n\n\n\n<p>3) numer ksi\u0119gi wieczystej;<\/p>\n\n\n\n<p>4) oznaczenie obiektu bazy danych ewidencyjnych, kt\u00f3rego dane ewidencyjne uleg\u0142y zmianie;<\/p>\n\n\n\n<p>5) dotychczasowe dane ewidencyjne oraz dane ustalone w wyniku wykonanych prac geodezyjnych;<\/p>\n\n\n\n<p>6) dat\u0119 sporz\u0105dzenia wykazu;<\/p>\n\n\n\n<p>7) imi\u0119 i nazwisko lub nazw\u0119 wykonawcy prac oraz podpis osoby reprezentuj\u0105cej wykonawc\u0119;<\/p>\n\n\n\n<p>8) imi\u0119 i nazwisko oraz podpis osoby, kt\u00f3ra sporz\u0105dzi\u0142a dokument, oraz dat\u0119 sporz\u0105dzenia dokumentu;<\/p>\n\n\n\n<p>9) imi\u0119 i nazwisko oraz podpis kierownika prac geodezyjnych, je\u015bli zosta\u0142 ustanowiony;<\/p>\n\n\n\n<p>10) numer uprawnie\u0144 zawodowych osoby, kt\u00f3ra sporz\u0105dzi\u0142a dokument, lub numer uprawnie\u0144 zawodowych kierownika prac geodezyjnych.<br><br><br><\/p>\n\n\n\n<div data-wp-interactive=\"core\/file\" class=\"wp-block-file\"><a href=\"https:\/\/siemianowice.pl\/geodezja\/wp-content\/uploads\/sites\/13\/2022\/09\/Arkusz-danych-ewidencyjnych-budynku.pdf\">Arkusz-danych-ewidencyjnych-budynku (pdf)<\/a><a href=\"https:\/\/siemianowice.pl\/geodezja\/wp-content\/uploads\/sites\/13\/2022\/09\/Arkusz-danych-ewidencyjnych-budynku.pdf\" class=\"wp-block-file__button\" download>Pobierz<\/a><\/div>\n\n\n\n<div data-wp-interactive=\"core\/file\" class=\"wp-block-file\"><a href=\"https:\/\/siemianowice.pl\/geodezja\/wp-content\/uploads\/sites\/13\/2022\/09\/Wykaz-zmian-danych-ewidencyjnych-dotyczacych-budynku-WZOR.pdf\">Wykaz-zmian-danych-ewidencyjnych-dotyczacych-budynku-WZOR (pdf)<\/a><a href=\"https:\/\/siemianowice.pl\/geodezja\/wp-content\/uploads\/sites\/13\/2022\/09\/Wykaz-zmian-danych-ewidencyjnych-dotyczacych-budynku-WZOR.pdf\" class=\"wp-block-file__button\" download>Pobierz<\/a><\/div>\n\n\n\n<div class=\"wp-block-file\"><a href=\"https:\/\/siemianowice.pl\/geodezja\/wp-content\/uploads\/sites\/13\/2022\/09\/Wykaz-zmian-danych-ewidencyjnych-dotyczacych-budynku-WZOR.docx\">Wykaz-zmian-danych-ewidencyjnych-dotyczacych-budynku-WZOR (docx)<\/a><a href=\"https:\/\/siemianowice.pl\/geodezja\/wp-content\/uploads\/sites\/13\/2022\/09\/Wykaz-zmian-danych-ewidencyjnych-dotyczacych-budynku-WZOR.docx\" class=\"wp-block-file__button\" download>Pobierz<\/a><\/div>\n\n\n\n<div class=\"wp-block-file\"><a href=\"https:\/\/siemianowice.pl\/geodezja\/wp-content\/uploads\/sites\/13\/2022\/09\/Arkusz-danych-ewidencyjnych-budynku.docx\">Arkusz-danych-ewidencyjnych-budynku (docx)<\/a><a href=\"https:\/\/siemianowice.pl\/geodezja\/wp-content\/uploads\/sites\/13\/2022\/09\/Arkusz-danych-ewidencyjnych-budynku.docx\" class=\"wp-block-file__button\" download>Pobierz<\/a><\/div>\n","protected":false},"excerpt":{"rendered":"<p>Aktualizacja ewidencji grunt\u00f3w i budynk\u00f3w&nbsp; Zgodnie z przpisami rozporz\u0105dzenia z 29 marca 2001 r. w sprawie ewidencji grunt\u00f3w i budynk\u00f3w&nbsp; (t.j. Dz.U. z 2019 r. poz. 393) aktualizacja operatu ewidencyjnego nast\u0119puje poprzez wprowadzenie udokumentowanych zmian do bazy danych ewidencyjnych w celu: 1)zast\u0105pienia danych niezgodnych ze stanem faktycznym, stanem prawnym lub obowi\u0105zuj\u0105cymi standardami technicznymi odpowiednimi danymi [&hellip;]<\/p>\n","protected":false},"author":40,"featured_media":0,"parent":0,"menu_order":0,"comment_status":"closed","ping_status":"closed","template":"","meta":{"_acf_changed":false,"footnotes":""},"class_list":["post-107","page","type-page","status-publish","hentry"],"acf":[],"yoast_head":"<!-- This site is optimized with the Yoast SEO plugin v26.9 - https:\/\/yoast.com\/product\/yoast-seo-wordpress\/ -->\n<title>Aktualizacja ewidencji grunt\u00f3w i budynk\u00f3w w zakresie budynk\u00f3w - Grodzki O\u015brodek Dokumentacji Geodezyjnej i Kartograficznej w Siemianowicach \u015al\u0105skich<\/title>\n<meta name=\"robots\" content=\"index, follow, max-snippet:-1, max-image-preview:large, max-video-preview:-1\" \/>\n<link rel=\"canonical\" href=\"https:\/\/siemianowice.pl\/geodezja\/aktualizacja-ewidencji-gruntow-i-budynkow-w-zakresie-budynkow\/\" \/>\n<meta property=\"og:locale\" content=\"pl_PL\" \/>\n<meta property=\"og:type\" content=\"article\" \/>\n<meta property=\"og:title\" content=\"Aktualizacja ewidencji grunt\u00f3w i budynk\u00f3w w zakresie budynk\u00f3w - Grodzki O\u015brodek Dokumentacji Geodezyjnej i Kartograficznej w Siemianowicach \u015al\u0105skich\" \/>\n<meta property=\"og:description\" content=\"Aktualizacja ewidencji grunt\u00f3w i budynk\u00f3w&nbsp; Zgodnie z przpisami rozporz\u0105dzenia z 29 marca 2001 r. w sprawie ewidencji grunt\u00f3w i budynk\u00f3w&nbsp; (t.j. Dz.U. z 2019 r. poz. 393) aktualizacja operatu ewidencyjnego nast\u0119puje poprzez wprowadzenie udokumentowanych zmian do bazy danych ewidencyjnych w celu: 1)zast\u0105pienia danych niezgodnych ze stanem faktycznym, stanem prawnym lub obowi\u0105zuj\u0105cymi standardami technicznymi odpowiednimi danymi [&hellip;]\" \/>\n<meta property=\"og:url\" content=\"https:\/\/siemianowice.pl\/geodezja\/aktualizacja-ewidencji-gruntow-i-budynkow-w-zakresie-budynkow\/\" \/>\n<meta property=\"og:site_name\" content=\"Grodzki O\u015brodek Dokumentacji Geodezyjnej i Kartograficznej w Siemianowicach \u015al\u0105skich\" \/>\n<meta property=\"article:modified_time\" content=\"2022-09-14T08:12:00+00:00\" \/>\n<meta name=\"twitter:card\" content=\"summary_large_image\" \/>\n<meta name=\"twitter:label1\" content=\"Szacowany czas czytania\" \/>\n\t<meta name=\"twitter:data1\" content=\"1 minuta\" \/>\n<script type=\"application\/ld+json\" class=\"yoast-schema-graph\">{\"@context\":\"https:\/\/schema.org\",\"@graph\":[{\"@type\":\"WebPage\",\"@id\":\"https:\/\/siemianowice.pl\/geodezja\/aktualizacja-ewidencji-gruntow-i-budynkow-w-zakresie-budynkow\/\",\"url\":\"https:\/\/siemianowice.pl\/geodezja\/aktualizacja-ewidencji-gruntow-i-budynkow-w-zakresie-budynkow\/\",\"name\":\"Aktualizacja ewidencji grunt\u00f3w i budynk\u00f3w w zakresie budynk\u00f3w - Grodzki O\u015brodek Dokumentacji Geodezyjnej i Kartograficznej w Siemianowicach \u015al\u0105skich\",\"isPartOf\":{\"@id\":\"https:\/\/siemianowice.pl\/geodezja\/#website\"},\"datePublished\":\"2022-09-14T08:09:50+00:00\",\"dateModified\":\"2022-09-14T08:12:00+00:00\",\"breadcrumb\":{\"@id\":\"https:\/\/siemianowice.pl\/geodezja\/aktualizacja-ewidencji-gruntow-i-budynkow-w-zakresie-budynkow\/#breadcrumb\"},\"inLanguage\":\"pl-PL\",\"potentialAction\":[{\"@type\":\"ReadAction\",\"target\":[\"https:\/\/siemianowice.pl\/geodezja\/aktualizacja-ewidencji-gruntow-i-budynkow-w-zakresie-budynkow\/\"]}]},{\"@type\":\"BreadcrumbList\",\"@id\":\"https:\/\/siemianowice.pl\/geodezja\/aktualizacja-ewidencji-gruntow-i-budynkow-w-zakresie-budynkow\/#breadcrumb\",\"itemListElement\":[{\"@type\":\"ListItem\",\"position\":1,\"name\":\"Strona g\u0142\u00f3wna\",\"item\":\"https:\/\/siemianowice.pl\/geodezja\/\"},{\"@type\":\"ListItem\",\"position\":2,\"name\":\"Aktualizacja ewidencji grunt\u00f3w i budynk\u00f3w w zakresie budynk\u00f3w\"}]},{\"@type\":\"WebSite\",\"@id\":\"https:\/\/siemianowice.pl\/geodezja\/#website\",\"url\":\"https:\/\/siemianowice.pl\/geodezja\/\",\"name\":\"Grodzki O\u015brodek Dokumentacji Geodezyjnej i Kartograficznej w Siemianowicach \u015al\u0105skich\",\"description\":\"Kolejna witryna sieci &#8222;Urz\u0105d Miasta w Siemianowicach \u015al\u0105skich&#8221;\",\"potentialAction\":[{\"@type\":\"SearchAction\",\"target\":{\"@type\":\"EntryPoint\",\"urlTemplate\":\"https:\/\/siemianowice.pl\/geodezja\/?s={search_term_string}\"},\"query-input\":{\"@type\":\"PropertyValueSpecification\",\"valueRequired\":true,\"valueName\":\"search_term_string\"}}],\"inLanguage\":\"pl-PL\"}]}<\/script>\n<!-- \/ Yoast SEO plugin. -->","yoast_head_json":{"title":"Aktualizacja ewidencji grunt\u00f3w i budynk\u00f3w w zakresie budynk\u00f3w - Grodzki O\u015brodek Dokumentacji Geodezyjnej i Kartograficznej w Siemianowicach \u015al\u0105skich","robots":{"index":"index","follow":"follow","max-snippet":"max-snippet:-1","max-image-preview":"max-image-preview:large","max-video-preview":"max-video-preview:-1"},"canonical":"https:\/\/siemianowice.pl\/geodezja\/aktualizacja-ewidencji-gruntow-i-budynkow-w-zakresie-budynkow\/","og_locale":"pl_PL","og_type":"article","og_title":"Aktualizacja ewidencji grunt\u00f3w i budynk\u00f3w w zakresie budynk\u00f3w - Grodzki O\u015brodek Dokumentacji Geodezyjnej i Kartograficznej w Siemianowicach \u015al\u0105skich","og_description":"Aktualizacja ewidencji grunt\u00f3w i budynk\u00f3w&nbsp; Zgodnie z przpisami rozporz\u0105dzenia z 29 marca 2001 r. w sprawie ewidencji grunt\u00f3w i budynk\u00f3w&nbsp; (t.j. Dz.U. z 2019 r. poz. 393) aktualizacja operatu ewidencyjnego nast\u0119puje poprzez wprowadzenie udokumentowanych zmian do bazy danych ewidencyjnych w celu: 1)zast\u0105pienia danych niezgodnych ze stanem faktycznym, stanem prawnym lub obowi\u0105zuj\u0105cymi standardami technicznymi odpowiednimi danymi [&hellip;]","og_url":"https:\/\/siemianowice.pl\/geodezja\/aktualizacja-ewidencji-gruntow-i-budynkow-w-zakresie-budynkow\/","og_site_name":"Grodzki O\u015brodek Dokumentacji Geodezyjnej i Kartograficznej w Siemianowicach \u015al\u0105skich","article_modified_time":"2022-09-14T08:12:00+00:00","twitter_card":"summary_large_image","twitter_misc":{"Szacowany czas czytania":"1 minuta"},"schema":{"@context":"https:\/\/schema.org","@graph":[{"@type":"WebPage","@id":"https:\/\/siemianowice.pl\/geodezja\/aktualizacja-ewidencji-gruntow-i-budynkow-w-zakresie-budynkow\/","url":"https:\/\/siemianowice.pl\/geodezja\/aktualizacja-ewidencji-gruntow-i-budynkow-w-zakresie-budynkow\/","name":"Aktualizacja ewidencji grunt\u00f3w i budynk\u00f3w w zakresie budynk\u00f3w - Grodzki O\u015brodek Dokumentacji Geodezyjnej i Kartograficznej w Siemianowicach \u015al\u0105skich","isPartOf":{"@id":"https:\/\/siemianowice.pl\/geodezja\/#website"},"datePublished":"2022-09-14T08:09:50+00:00","dateModified":"2022-09-14T08:12:00+00:00","breadcrumb":{"@id":"https:\/\/siemianowice.pl\/geodezja\/aktualizacja-ewidencji-gruntow-i-budynkow-w-zakresie-budynkow\/#breadcrumb"},"inLanguage":"pl-PL","potentialAction":[{"@type":"ReadAction","target":["https:\/\/siemianowice.pl\/geodezja\/aktualizacja-ewidencji-gruntow-i-budynkow-w-zakresie-budynkow\/"]}]},{"@type":"BreadcrumbList","@id":"https:\/\/siemianowice.pl\/geodezja\/aktualizacja-ewidencji-gruntow-i-budynkow-w-zakresie-budynkow\/#breadcrumb","itemListElement":[{"@type":"ListItem","position":1,"name":"Strona g\u0142\u00f3wna","item":"https:\/\/siemianowice.pl\/geodezja\/"},{"@type":"ListItem","position":2,"name":"Aktualizacja ewidencji grunt\u00f3w i budynk\u00f3w w zakresie budynk\u00f3w"}]},{"@type":"WebSite","@id":"https:\/\/siemianowice.pl\/geodezja\/#website","url":"https:\/\/siemianowice.pl\/geodezja\/","name":"Grodzki O\u015brodek Dokumentacji Geodezyjnej i Kartograficznej w Siemianowicach \u015al\u0105skich","description":"Kolejna witryna sieci &#8222;Urz\u0105d Miasta w Siemianowicach \u015al\u0105skich&#8221;","potentialAction":[{"@type":"SearchAction","target":{"@type":"EntryPoint","urlTemplate":"https:\/\/siemianowice.pl\/geodezja\/?s={search_term_string}"},"query-input":{"@type":"PropertyValueSpecification","valueRequired":true,"valueName":"search_term_string"}}],"inLanguage":"pl-PL"}]}},"_links":{"self":[{"href":"https:\/\/siemianowice.pl\/geodezja\/wp-json\/wp\/v2\/pages\/107","targetHints":{"allow":["GET"]}}],"collection":[{"href":"https:\/\/siemianowice.pl\/geodezja\/wp-json\/wp\/v2\/pages"}],"about":[{"href":"https:\/\/siemianowice.pl\/geodezja\/wp-json\/wp\/v2\/types\/page"}],"author":[{"embeddable":true,"href":"https:\/\/siemianowice.pl\/geodezja\/wp-json\/wp\/v2\/users\/40"}],"replies":[{"embeddable":true,"href":"https:\/\/siemianowice.pl\/geodezja\/wp-json\/wp\/v2\/comments?post=107"}],"version-history":[{"count":2,"href":"https:\/\/siemianowice.pl\/geodezja\/wp-json\/wp\/v2\/pages\/107\/revisions"}],"predecessor-version":[{"id":114,"href":"https:\/\/siemianowice.pl\/geodezja\/wp-json\/wp\/v2\/pages\/107\/revisions\/114"}],"wp:attachment":[{"href":"https:\/\/siemianowice.pl\/geodezja\/wp-json\/wp\/v2\/media?parent=107"}],"curies":[{"name":"wp","href":"https:\/\/api.w.org\/{rel}","templated":true}]}}