{"id":116,"date":"2022-09-14T10:28:13","date_gmt":"2022-09-14T08:28:13","guid":{"rendered":"https:\/\/siemianowice.pl\/geodezja\/?page_id=116"},"modified":"2022-09-14T10:30:22","modified_gmt":"2022-09-14T08:30:22","slug":"zgloszenie-lub-uzupelnienie-zgloszenia-pracy-geodezyjnej","status":"publish","type":"page","link":"https:\/\/siemianowice.pl\/geodezja\/zgloszenie-lub-uzupelnienie-zgloszenia-pracy-geodezyjnej\/","title":{"rendered":"Zg\u0142oszenie lub uzupe\u0142nienie zg\u0142oszenia pracy geodezyjnej"},"content":{"rendered":"\n<p><strong>Og\u00f3lny opis<\/strong><\/p>\n\n\n\n<p>Wykonawca prac geodezyjnych lub prac kartograficznych zg\u0142asza prace geodezyjne lub prace kartograficzne przed ich rozpocz\u0119ciem do w\u0142a\u015bciwego organu.&nbsp; zgodnie z art. 12 ustawy prawo geodezyjne i kartograficzne,<\/p>\n\n\n\n<p><strong>Wymagane dokumenty<\/strong><br>Wype\u0142niony formularz zg\u0142oszenia<\/p>\n\n\n\n<p><strong>Spos\u00f3b dostarczania dokument\u00f3w<\/strong><\/p>\n\n\n\n<ol class=\"wp-block-list\"><li>Formularz wzoru zg\u0142oszenia pracy geodezyjnej jest dost\u0119pny w dolnej cz\u0119\u015bci ekranu (w formacie pdf) \u00a0<\/li><li>Wymagane dokumenty nale\u017cy dostarczy\u0107 do urz\u0119du na jeden z poni\u017cszych sposob\u00f3w:<ol><li>Przes\u0142a\u0107 poczt\u0105 tradycyjn\u0105 (dla cel\u00f3w dowodowych zaleca si\u0119 przes\u0142anie listem poleconym).<\/li><li>Z\u0142o\u017cy\u0107 bezpo\u015brednio w urz\u0119dzie w godzinach jego pracy<\/li><\/ol><\/li><li>Za po\u015brednictwem GEOPORTALU<strong><em>\u00a0(zalecane)<\/em><\/strong>: <a href=\"http:\/\/siemianowice.geoportal2.pl\/\">siemianowice.geoportal2.pl<\/a><\/li><\/ol>\n\n\n\n<p><strong>Op\u0142aty<\/strong><\/p>\n\n\n\n<p>Wysoko\u015b\u0107 op\u0142aty ustalana jest zgodnie z za\u0142\u0105cznikiem nr 1, Tabela 16a,&nbsp; ustawy z dnia 17 maja 1989 r. Prawo geodezyjne i kartograficzne.&nbsp;<\/p>\n\n\n\n<div data-wp-interactive=\"core\/file\" class=\"wp-block-file\"><a href=\"https:\/\/siemianowice.pl\/geodezja\/wp-content\/uploads\/sites\/13\/2022\/09\/Zgloszenie-prac-geodezyjnych.pdf\">Zgloszenie-prac-geodezyjnych (pdf)<\/a><a href=\"https:\/\/siemianowice.pl\/geodezja\/wp-content\/uploads\/sites\/13\/2022\/09\/Zgloszenie-prac-geodezyjnych.pdf\" class=\"wp-block-file__button\" download>Pobierz<\/a><\/div>\n\n\n\n<p>Wiecej informacji<a href=\"https:\/\/www.sekap.pl\/katalog.seam?id=29962&amp;actionMethod=katalog.xhtml%3ApeupAgent.selectParent&amp;cid=38040\">&nbsp;<\/a><a href=\"https:\/\/peup.siemianowice.pl\/#!\/karta_uslugi\/29962\/zgloszenie-lub-uzupelnienie-zgloszenia-pracy-geodezyjnej-lub\">tutaj<\/a><a href=\"http:\/\/www.geodezja.siemianowice.pl\/.file\/d4izfeo7saudqwnqu.pdf\">.<\/a><br><br><\/p>\n","protected":false},"excerpt":{"rendered":"<p>Og\u00f3lny opis Wykonawca prac geodezyjnych lub prac kartograficznych zg\u0142asza prace geodezyjne lub prace kartograficzne przed ich rozpocz\u0119ciem do w\u0142a\u015bciwego organu.&nbsp; zgodnie z art. 12 ustawy prawo geodezyjne i kartograficzne, Wymagane dokumentyWype\u0142niony formularz zg\u0142oszenia Spos\u00f3b dostarczania dokument\u00f3w Formularz wzoru zg\u0142oszenia pracy geodezyjnej jest dost\u0119pny w dolnej cz\u0119\u015bci ekranu (w formacie pdf) \u00a0 Wymagane dokumenty nale\u017cy dostarczy\u0107 [&hellip;]<\/p>\n","protected":false},"author":40,"featured_media":0,"parent":0,"menu_order":0,"comment_status":"closed","ping_status":"closed","template":"","meta":{"_acf_changed":false,"footnotes":""},"class_list":["post-116","page","type-page","status-publish","hentry"],"acf":[],"yoast_head":"<!-- This site is optimized with the Yoast SEO plugin v26.9 - https:\/\/yoast.com\/product\/yoast-seo-wordpress\/ -->\n<title>Zg\u0142oszenie lub uzupe\u0142nienie zg\u0142oszenia pracy geodezyjnej - Grodzki O\u015brodek Dokumentacji Geodezyjnej i Kartograficznej w Siemianowicach \u015al\u0105skich<\/title>\n<meta name=\"robots\" content=\"index, follow, max-snippet:-1, max-image-preview:large, max-video-preview:-1\" \/>\n<link rel=\"canonical\" href=\"https:\/\/siemianowice.pl\/geodezja\/zgloszenie-lub-uzupelnienie-zgloszenia-pracy-geodezyjnej\/\" \/>\n<meta property=\"og:locale\" content=\"pl_PL\" \/>\n<meta property=\"og:type\" content=\"article\" \/>\n<meta property=\"og:title\" content=\"Zg\u0142oszenie lub uzupe\u0142nienie zg\u0142oszenia pracy geodezyjnej - Grodzki O\u015brodek Dokumentacji Geodezyjnej i Kartograficznej w Siemianowicach \u015al\u0105skich\" \/>\n<meta property=\"og:description\" content=\"Og\u00f3lny opis Wykonawca prac geodezyjnych lub prac kartograficznych zg\u0142asza prace geodezyjne lub prace kartograficzne przed ich rozpocz\u0119ciem do w\u0142a\u015bciwego organu.&nbsp; zgodnie z art. 12 ustawy prawo geodezyjne i kartograficzne, Wymagane dokumentyWype\u0142niony formularz zg\u0142oszenia Spos\u00f3b dostarczania dokument\u00f3w Formularz wzoru zg\u0142oszenia pracy geodezyjnej jest dost\u0119pny w dolnej cz\u0119\u015bci ekranu (w formacie pdf) \u00a0 Wymagane dokumenty nale\u017cy dostarczy\u0107 [&hellip;]\" \/>\n<meta property=\"og:url\" content=\"https:\/\/siemianowice.pl\/geodezja\/zgloszenie-lub-uzupelnienie-zgloszenia-pracy-geodezyjnej\/\" \/>\n<meta property=\"og:site_name\" content=\"Grodzki O\u015brodek Dokumentacji Geodezyjnej i Kartograficznej w Siemianowicach \u015al\u0105skich\" \/>\n<meta property=\"article:modified_time\" content=\"2022-09-14T08:30:22+00:00\" \/>\n<meta name=\"twitter:card\" content=\"summary_large_image\" \/>\n<meta name=\"twitter:label1\" content=\"Szacowany czas czytania\" \/>\n\t<meta name=\"twitter:data1\" content=\"1 minuta\" \/>\n<script type=\"application\/ld+json\" class=\"yoast-schema-graph\">{\"@context\":\"https:\/\/schema.org\",\"@graph\":[{\"@type\":\"WebPage\",\"@id\":\"https:\/\/siemianowice.pl\/geodezja\/zgloszenie-lub-uzupelnienie-zgloszenia-pracy-geodezyjnej\/\",\"url\":\"https:\/\/siemianowice.pl\/geodezja\/zgloszenie-lub-uzupelnienie-zgloszenia-pracy-geodezyjnej\/\",\"name\":\"Zg\u0142oszenie lub uzupe\u0142nienie zg\u0142oszenia pracy geodezyjnej - Grodzki O\u015brodek Dokumentacji Geodezyjnej i Kartograficznej w Siemianowicach \u015al\u0105skich\",\"isPartOf\":{\"@id\":\"https:\/\/siemianowice.pl\/geodezja\/#website\"},\"datePublished\":\"2022-09-14T08:28:13+00:00\",\"dateModified\":\"2022-09-14T08:30:22+00:00\",\"breadcrumb\":{\"@id\":\"https:\/\/siemianowice.pl\/geodezja\/zgloszenie-lub-uzupelnienie-zgloszenia-pracy-geodezyjnej\/#breadcrumb\"},\"inLanguage\":\"pl-PL\",\"potentialAction\":[{\"@type\":\"ReadAction\",\"target\":[\"https:\/\/siemianowice.pl\/geodezja\/zgloszenie-lub-uzupelnienie-zgloszenia-pracy-geodezyjnej\/\"]}]},{\"@type\":\"BreadcrumbList\",\"@id\":\"https:\/\/siemianowice.pl\/geodezja\/zgloszenie-lub-uzupelnienie-zgloszenia-pracy-geodezyjnej\/#breadcrumb\",\"itemListElement\":[{\"@type\":\"ListItem\",\"position\":1,\"name\":\"Strona g\u0142\u00f3wna\",\"item\":\"https:\/\/siemianowice.pl\/geodezja\/\"},{\"@type\":\"ListItem\",\"position\":2,\"name\":\"Zg\u0142oszenie lub uzupe\u0142nienie zg\u0142oszenia pracy geodezyjnej\"}]},{\"@type\":\"WebSite\",\"@id\":\"https:\/\/siemianowice.pl\/geodezja\/#website\",\"url\":\"https:\/\/siemianowice.pl\/geodezja\/\",\"name\":\"Grodzki O\u015brodek Dokumentacji Geodezyjnej i Kartograficznej w Siemianowicach \u015al\u0105skich\",\"description\":\"Kolejna witryna sieci &#8222;Urz\u0105d Miasta w Siemianowicach \u015al\u0105skich&#8221;\",\"potentialAction\":[{\"@type\":\"SearchAction\",\"target\":{\"@type\":\"EntryPoint\",\"urlTemplate\":\"https:\/\/siemianowice.pl\/geodezja\/?s={search_term_string}\"},\"query-input\":{\"@type\":\"PropertyValueSpecification\",\"valueRequired\":true,\"valueName\":\"search_term_string\"}}],\"inLanguage\":\"pl-PL\"}]}<\/script>\n<!-- \/ Yoast SEO plugin. -->","yoast_head_json":{"title":"Zg\u0142oszenie lub uzupe\u0142nienie zg\u0142oszenia pracy geodezyjnej - Grodzki O\u015brodek Dokumentacji Geodezyjnej i Kartograficznej w Siemianowicach \u015al\u0105skich","robots":{"index":"index","follow":"follow","max-snippet":"max-snippet:-1","max-image-preview":"max-image-preview:large","max-video-preview":"max-video-preview:-1"},"canonical":"https:\/\/siemianowice.pl\/geodezja\/zgloszenie-lub-uzupelnienie-zgloszenia-pracy-geodezyjnej\/","og_locale":"pl_PL","og_type":"article","og_title":"Zg\u0142oszenie lub uzupe\u0142nienie zg\u0142oszenia pracy geodezyjnej - Grodzki O\u015brodek Dokumentacji Geodezyjnej i Kartograficznej w Siemianowicach \u015al\u0105skich","og_description":"Og\u00f3lny opis Wykonawca prac geodezyjnych lub prac kartograficznych zg\u0142asza prace geodezyjne lub prace kartograficzne przed ich rozpocz\u0119ciem do w\u0142a\u015bciwego organu.&nbsp; zgodnie z art. 12 ustawy prawo geodezyjne i kartograficzne, Wymagane dokumentyWype\u0142niony formularz zg\u0142oszenia Spos\u00f3b dostarczania dokument\u00f3w Formularz wzoru zg\u0142oszenia pracy geodezyjnej jest dost\u0119pny w dolnej cz\u0119\u015bci ekranu (w formacie pdf) \u00a0 Wymagane dokumenty nale\u017cy dostarczy\u0107 [&hellip;]","og_url":"https:\/\/siemianowice.pl\/geodezja\/zgloszenie-lub-uzupelnienie-zgloszenia-pracy-geodezyjnej\/","og_site_name":"Grodzki O\u015brodek Dokumentacji Geodezyjnej i Kartograficznej w Siemianowicach \u015al\u0105skich","article_modified_time":"2022-09-14T08:30:22+00:00","twitter_card":"summary_large_image","twitter_misc":{"Szacowany czas czytania":"1 minuta"},"schema":{"@context":"https:\/\/schema.org","@graph":[{"@type":"WebPage","@id":"https:\/\/siemianowice.pl\/geodezja\/zgloszenie-lub-uzupelnienie-zgloszenia-pracy-geodezyjnej\/","url":"https:\/\/siemianowice.pl\/geodezja\/zgloszenie-lub-uzupelnienie-zgloszenia-pracy-geodezyjnej\/","name":"Zg\u0142oszenie lub uzupe\u0142nienie zg\u0142oszenia pracy geodezyjnej - Grodzki O\u015brodek Dokumentacji Geodezyjnej i Kartograficznej w Siemianowicach \u015al\u0105skich","isPartOf":{"@id":"https:\/\/siemianowice.pl\/geodezja\/#website"},"datePublished":"2022-09-14T08:28:13+00:00","dateModified":"2022-09-14T08:30:22+00:00","breadcrumb":{"@id":"https:\/\/siemianowice.pl\/geodezja\/zgloszenie-lub-uzupelnienie-zgloszenia-pracy-geodezyjnej\/#breadcrumb"},"inLanguage":"pl-PL","potentialAction":[{"@type":"ReadAction","target":["https:\/\/siemianowice.pl\/geodezja\/zgloszenie-lub-uzupelnienie-zgloszenia-pracy-geodezyjnej\/"]}]},{"@type":"BreadcrumbList","@id":"https:\/\/siemianowice.pl\/geodezja\/zgloszenie-lub-uzupelnienie-zgloszenia-pracy-geodezyjnej\/#breadcrumb","itemListElement":[{"@type":"ListItem","position":1,"name":"Strona g\u0142\u00f3wna","item":"https:\/\/siemianowice.pl\/geodezja\/"},{"@type":"ListItem","position":2,"name":"Zg\u0142oszenie lub uzupe\u0142nienie zg\u0142oszenia pracy geodezyjnej"}]},{"@type":"WebSite","@id":"https:\/\/siemianowice.pl\/geodezja\/#website","url":"https:\/\/siemianowice.pl\/geodezja\/","name":"Grodzki O\u015brodek Dokumentacji Geodezyjnej i Kartograficznej w Siemianowicach \u015al\u0105skich","description":"Kolejna witryna sieci &#8222;Urz\u0105d Miasta w Siemianowicach \u015al\u0105skich&#8221;","potentialAction":[{"@type":"SearchAction","target":{"@type":"EntryPoint","urlTemplate":"https:\/\/siemianowice.pl\/geodezja\/?s={search_term_string}"},"query-input":{"@type":"PropertyValueSpecification","valueRequired":true,"valueName":"search_term_string"}}],"inLanguage":"pl-PL"}]}},"_links":{"self":[{"href":"https:\/\/siemianowice.pl\/geodezja\/wp-json\/wp\/v2\/pages\/116","targetHints":{"allow":["GET"]}}],"collection":[{"href":"https:\/\/siemianowice.pl\/geodezja\/wp-json\/wp\/v2\/pages"}],"about":[{"href":"https:\/\/siemianowice.pl\/geodezja\/wp-json\/wp\/v2\/types\/page"}],"author":[{"embeddable":true,"href":"https:\/\/siemianowice.pl\/geodezja\/wp-json\/wp\/v2\/users\/40"}],"replies":[{"embeddable":true,"href":"https:\/\/siemianowice.pl\/geodezja\/wp-json\/wp\/v2\/comments?post=116"}],"version-history":[{"count":2,"href":"https:\/\/siemianowice.pl\/geodezja\/wp-json\/wp\/v2\/pages\/116\/revisions"}],"predecessor-version":[{"id":121,"href":"https:\/\/siemianowice.pl\/geodezja\/wp-json\/wp\/v2\/pages\/116\/revisions\/121"}],"wp:attachment":[{"href":"https:\/\/siemianowice.pl\/geodezja\/wp-json\/wp\/v2\/media?parent=116"}],"curies":[{"name":"wp","href":"https:\/\/api.w.org\/{rel}","templated":true}]}}