{"id":147,"date":"2022-09-14T13:17:49","date_gmt":"2022-09-14T11:17:49","guid":{"rendered":"https:\/\/siemianowice.pl\/geodezja\/?page_id=147"},"modified":"2022-09-14T13:23:49","modified_gmt":"2022-09-14T11:23:49","slug":"udostepnienie-materialow-oraz-informacji-stanowiacych-panstwowy-zasob-geodezyjny-i-kartograficzny","status":"publish","type":"page","link":"https:\/\/siemianowice.pl\/geodezja\/udostepnienie-materialow-oraz-informacji-stanowiacych-panstwowy-zasob-geodezyjny-i-kartograficzny\/","title":{"rendered":"Udost\u0119pnienie materia\u0142\u00f3w oraz informacji stanowi\u0105cych pa\u0144stwowy zas\u00f3b geodezyjny i kartograficzny"},"content":{"rendered":"\n<p><strong>Udost\u0119pnienie materia\u0142\u00f3w oraz informacji stanowi\u0105cych pa\u0144stwowy zas\u00f3b geodezyjny i kartograficzny<\/strong><\/p>\n\n\n\n<p><strong>Og\u00f3lny opis<\/strong><\/p>\n\n\n\n<ol class=\"wp-block-list\"><li>Pa\u0144stwowy zas\u00f3b geodezyjny i kartograficzny, sk\u0142adaj\u0105cy si\u0119 centralnego zasobu geodezyjnego i kartograficznego, wojew\u00f3dzkich zasob\u00f3w geodezyjnych i kartograficznych oraz powiatowych zasob\u00f3w geodezyjnych i kartograficznych, stanowi w\u0142asno\u015b\u0107 Skarbu Pa\u0144stwa i jest gromadzony w o\u015brodkach dokumentacji geodezyjnej i kartograficznej.<\/li><li>Prowadzenie pa\u0144stwowego zasobu geodezyjnego i kartograficznego oraz weryfikacja opracowa\u0144 przyjmowanych do zasobu nale\u017cy do:<ol><li>G\u0142\u00f3wnego Geodety Kraju &#8211; w zakresie centralnego zasobu geodezyjnego i kartograficznego;<\/li><li>marsza\u0142k\u00f3w wojew\u00f3dztw &#8211; w zakresie wojew\u00f3dzkich zasob\u00f3w geodezyjnych i kartograficznych;<\/li><li>starost\u00f3w &#8211; w zakresie powiatowych zasob\u00f3w geodezyjnych i kartograficznych.<\/li><\/ol><\/li><li>Materia\u0142y i informacje z pa\u0144stwowego zasobu geodezyjnego i kartograficznego udost\u0119pniane s\u0105:<ol><li>Organom administracji rz\u0105dowej,<\/li><li>Jednostkom administracji samorz\u0105dowej,<\/li><li>Jednostkom organizacyjnym nieposiadajacym osobowo\u015bci prawnej,<\/li><li>Osobom fizycznym lub prawnym.<\/li><\/ol><\/li><li>Udost\u0119pnianie zasobu polega na:<ol><li>odp\u0142atne udost\u0119pnianie ich kopii,<\/li><li>bezp\u0142atnym przekazaniu na podstawie odr\u0119bnych przepis\u00f3w.<\/li><\/ol>Zas\u00f3b udost\u0119pniany jest na podstawie:<ol><li>zam\u00f3wie\u0144 na mapy i informacje,<\/li><li>wniosku o udost\u0119pnienie danych zgromadzonych w rejestrze publicznym.<\/li><\/ol><\/li><li>Uprawnienia podmiotu dotycz\u0105ce mo\u017cliwo\u015bci wykorzystywania udost\u0119pnionych mu materia\u0142\u00f3w zasobu okre\u015bla licencja wydawana przez organ udost\u0119pniaj\u0105cy te materia\u0142y.<\/li><\/ol>\n\n\n\n<p><strong>Wymagane dokumenty<\/strong><br>Wype\u0142niony formularz wniosku, okre\u015blony w za\u0142\u0105czniku nr 3&nbsp;do rozporz\u0105dzenia&nbsp; w sprawie wzor\u00f3w wniosk\u00f3w o udost\u0119pnianie&nbsp;materia\u0142\u00f3w pa\u0144stwowego zasobu geodezyjnego i kartograficznego,&nbsp;licencji i&nbsp;dokumentu obliczenia op\u0142aty,&nbsp; &nbsp; &nbsp; &nbsp; &nbsp; &nbsp; a tak\u017ce sposobu wydawania licencji (Dz.U.2020.1322).<\/p>\n\n\n\n<p><strong>Spos\u00f3b dostarczania dokument\u00f3w<\/strong><\/p>\n\n\n\n<ol class=\"wp-block-list\"><li>Wymagane dokumenty nale\u017cy dostarczy\u0107 do urz\u0119du na jeden z poni\u017cszych sposob\u00f3w:<ol><li>Przes\u0142a\u0107 drog\u0105 elektroniczn\u0105 przy pomocy skrzynki kontaktowej PeUP &#8211; podpisany&nbsp;bezpiecznym podpisem elektronicznym weryfikowanym kwalifikowanym certyfikatem lub podpis elektroniczny z\u0142o\u017cony z wykorzystaniem Profilu Zaufanego ePUAP.<\/li><li>&nbsp;Na adres e-mail:&nbsp; ratusz@um.siemianowice.pl&nbsp; &nbsp;<\/li><li>Przes\u0142a\u0107 poczt\u0105 tradycyjn\u0105 (dla cel\u00f3w dowodowych zaleca si\u0119 przes\u0142anie listem poleconym).<\/li><li>Z\u0142o\u017cy\u0107 bezpo\u015brednio w urz\u0119dzie w godzinach jego pracy.<\/li><\/ol><\/li><li>W przypadku brak\u00f3w formalnych w dostarczonych dokumentach Wnioskodawca zostanie pisemnie wezwany do ich uzupe\u0142nienia w terminie 7 dni.<\/li><\/ol>\n\n\n\n<p>Wi\u0119cej informacji&nbsp;<a href=\"https:\/\/peup.siemianowice.pl\/#!\/karta_uslugi\/26836\/udostepnienie-materialow-oraz-informacji-stanowiacych-panstw\">tutaj<\/a>.<\/p>\n","protected":false},"excerpt":{"rendered":"<p>Udost\u0119pnienie materia\u0142\u00f3w oraz informacji stanowi\u0105cych pa\u0144stwowy zas\u00f3b geodezyjny i kartograficzny Og\u00f3lny opis Pa\u0144stwowy zas\u00f3b geodezyjny i kartograficzny, sk\u0142adaj\u0105cy si\u0119 centralnego zasobu geodezyjnego i kartograficznego, wojew\u00f3dzkich zasob\u00f3w geodezyjnych i kartograficznych oraz powiatowych zasob\u00f3w geodezyjnych i kartograficznych, stanowi w\u0142asno\u015b\u0107 Skarbu Pa\u0144stwa i jest gromadzony w o\u015brodkach dokumentacji geodezyjnej i kartograficznej. Prowadzenie pa\u0144stwowego zasobu geodezyjnego i kartograficznego oraz [&hellip;]<\/p>\n","protected":false},"author":40,"featured_media":0,"parent":0,"menu_order":0,"comment_status":"closed","ping_status":"closed","template":"","meta":{"_acf_changed":false,"footnotes":""},"class_list":["post-147","page","type-page","status-publish","hentry"],"acf":[],"yoast_head":"<!-- This site is optimized with the Yoast SEO plugin v26.9 - https:\/\/yoast.com\/product\/yoast-seo-wordpress\/ -->\n<title>Udost\u0119pnienie materia\u0142\u00f3w oraz informacji stanowi\u0105cych pa\u0144stwowy zas\u00f3b geodezyjny i kartograficzny - Grodzki O\u015brodek Dokumentacji Geodezyjnej i Kartograficznej w Siemianowicach \u015al\u0105skich<\/title>\n<meta name=\"robots\" content=\"index, follow, max-snippet:-1, max-image-preview:large, max-video-preview:-1\" \/>\n<link rel=\"canonical\" href=\"https:\/\/siemianowice.pl\/geodezja\/udostepnienie-materialow-oraz-informacji-stanowiacych-panstwowy-zasob-geodezyjny-i-kartograficzny\/\" \/>\n<meta property=\"og:locale\" content=\"pl_PL\" \/>\n<meta property=\"og:type\" content=\"article\" \/>\n<meta property=\"og:title\" content=\"Udost\u0119pnienie materia\u0142\u00f3w oraz informacji stanowi\u0105cych pa\u0144stwowy zas\u00f3b geodezyjny i kartograficzny - Grodzki O\u015brodek Dokumentacji Geodezyjnej i Kartograficznej w Siemianowicach \u015al\u0105skich\" \/>\n<meta property=\"og:description\" content=\"Udost\u0119pnienie materia\u0142\u00f3w oraz informacji stanowi\u0105cych pa\u0144stwowy zas\u00f3b geodezyjny i kartograficzny Og\u00f3lny opis Pa\u0144stwowy zas\u00f3b geodezyjny i kartograficzny, sk\u0142adaj\u0105cy si\u0119 centralnego zasobu geodezyjnego i kartograficznego, wojew\u00f3dzkich zasob\u00f3w geodezyjnych i kartograficznych oraz powiatowych zasob\u00f3w geodezyjnych i kartograficznych, stanowi w\u0142asno\u015b\u0107 Skarbu Pa\u0144stwa i jest gromadzony w o\u015brodkach dokumentacji geodezyjnej i kartograficznej. Prowadzenie pa\u0144stwowego zasobu geodezyjnego i kartograficznego oraz [&hellip;]\" \/>\n<meta property=\"og:url\" content=\"https:\/\/siemianowice.pl\/geodezja\/udostepnienie-materialow-oraz-informacji-stanowiacych-panstwowy-zasob-geodezyjny-i-kartograficzny\/\" \/>\n<meta property=\"og:site_name\" content=\"Grodzki O\u015brodek Dokumentacji Geodezyjnej i Kartograficznej w Siemianowicach \u015al\u0105skich\" \/>\n<meta property=\"article:modified_time\" content=\"2022-09-14T11:23:49+00:00\" \/>\n<meta name=\"twitter:card\" content=\"summary_large_image\" \/>\n<meta name=\"twitter:label1\" content=\"Szacowany czas czytania\" \/>\n\t<meta name=\"twitter:data1\" content=\"2 minuty\" \/>\n<script type=\"application\/ld+json\" class=\"yoast-schema-graph\">{\"@context\":\"https:\/\/schema.org\",\"@graph\":[{\"@type\":\"WebPage\",\"@id\":\"https:\/\/siemianowice.pl\/geodezja\/udostepnienie-materialow-oraz-informacji-stanowiacych-panstwowy-zasob-geodezyjny-i-kartograficzny\/\",\"url\":\"https:\/\/siemianowice.pl\/geodezja\/udostepnienie-materialow-oraz-informacji-stanowiacych-panstwowy-zasob-geodezyjny-i-kartograficzny\/\",\"name\":\"Udost\u0119pnienie materia\u0142\u00f3w oraz informacji stanowi\u0105cych pa\u0144stwowy zas\u00f3b geodezyjny i kartograficzny - Grodzki O\u015brodek Dokumentacji Geodezyjnej i Kartograficznej w Siemianowicach \u015al\u0105skich\",\"isPartOf\":{\"@id\":\"https:\/\/siemianowice.pl\/geodezja\/#website\"},\"datePublished\":\"2022-09-14T11:17:49+00:00\",\"dateModified\":\"2022-09-14T11:23:49+00:00\",\"breadcrumb\":{\"@id\":\"https:\/\/siemianowice.pl\/geodezja\/udostepnienie-materialow-oraz-informacji-stanowiacych-panstwowy-zasob-geodezyjny-i-kartograficzny\/#breadcrumb\"},\"inLanguage\":\"pl-PL\",\"potentialAction\":[{\"@type\":\"ReadAction\",\"target\":[\"https:\/\/siemianowice.pl\/geodezja\/udostepnienie-materialow-oraz-informacji-stanowiacych-panstwowy-zasob-geodezyjny-i-kartograficzny\/\"]}]},{\"@type\":\"BreadcrumbList\",\"@id\":\"https:\/\/siemianowice.pl\/geodezja\/udostepnienie-materialow-oraz-informacji-stanowiacych-panstwowy-zasob-geodezyjny-i-kartograficzny\/#breadcrumb\",\"itemListElement\":[{\"@type\":\"ListItem\",\"position\":1,\"name\":\"Strona g\u0142\u00f3wna\",\"item\":\"https:\/\/siemianowice.pl\/geodezja\/\"},{\"@type\":\"ListItem\",\"position\":2,\"name\":\"Udost\u0119pnienie materia\u0142\u00f3w oraz informacji stanowi\u0105cych pa\u0144stwowy zas\u00f3b geodezyjny i kartograficzny\"}]},{\"@type\":\"WebSite\",\"@id\":\"https:\/\/siemianowice.pl\/geodezja\/#website\",\"url\":\"https:\/\/siemianowice.pl\/geodezja\/\",\"name\":\"Grodzki O\u015brodek Dokumentacji Geodezyjnej i Kartograficznej w Siemianowicach \u015al\u0105skich\",\"description\":\"Kolejna witryna sieci &#8222;Urz\u0105d Miasta w Siemianowicach \u015al\u0105skich&#8221;\",\"potentialAction\":[{\"@type\":\"SearchAction\",\"target\":{\"@type\":\"EntryPoint\",\"urlTemplate\":\"https:\/\/siemianowice.pl\/geodezja\/?s={search_term_string}\"},\"query-input\":{\"@type\":\"PropertyValueSpecification\",\"valueRequired\":true,\"valueName\":\"search_term_string\"}}],\"inLanguage\":\"pl-PL\"}]}<\/script>\n<!-- \/ Yoast SEO plugin. -->","yoast_head_json":{"title":"Udost\u0119pnienie materia\u0142\u00f3w oraz informacji stanowi\u0105cych pa\u0144stwowy zas\u00f3b geodezyjny i kartograficzny - Grodzki O\u015brodek Dokumentacji Geodezyjnej i Kartograficznej w Siemianowicach \u015al\u0105skich","robots":{"index":"index","follow":"follow","max-snippet":"max-snippet:-1","max-image-preview":"max-image-preview:large","max-video-preview":"max-video-preview:-1"},"canonical":"https:\/\/siemianowice.pl\/geodezja\/udostepnienie-materialow-oraz-informacji-stanowiacych-panstwowy-zasob-geodezyjny-i-kartograficzny\/","og_locale":"pl_PL","og_type":"article","og_title":"Udost\u0119pnienie materia\u0142\u00f3w oraz informacji stanowi\u0105cych pa\u0144stwowy zas\u00f3b geodezyjny i kartograficzny - Grodzki O\u015brodek Dokumentacji Geodezyjnej i Kartograficznej w Siemianowicach \u015al\u0105skich","og_description":"Udost\u0119pnienie materia\u0142\u00f3w oraz informacji stanowi\u0105cych pa\u0144stwowy zas\u00f3b geodezyjny i kartograficzny Og\u00f3lny opis Pa\u0144stwowy zas\u00f3b geodezyjny i kartograficzny, sk\u0142adaj\u0105cy si\u0119 centralnego zasobu geodezyjnego i kartograficznego, wojew\u00f3dzkich zasob\u00f3w geodezyjnych i kartograficznych oraz powiatowych zasob\u00f3w geodezyjnych i kartograficznych, stanowi w\u0142asno\u015b\u0107 Skarbu Pa\u0144stwa i jest gromadzony w o\u015brodkach dokumentacji geodezyjnej i kartograficznej. Prowadzenie pa\u0144stwowego zasobu geodezyjnego i kartograficznego oraz [&hellip;]","og_url":"https:\/\/siemianowice.pl\/geodezja\/udostepnienie-materialow-oraz-informacji-stanowiacych-panstwowy-zasob-geodezyjny-i-kartograficzny\/","og_site_name":"Grodzki O\u015brodek Dokumentacji Geodezyjnej i Kartograficznej w Siemianowicach \u015al\u0105skich","article_modified_time":"2022-09-14T11:23:49+00:00","twitter_card":"summary_large_image","twitter_misc":{"Szacowany czas czytania":"2 minuty"},"schema":{"@context":"https:\/\/schema.org","@graph":[{"@type":"WebPage","@id":"https:\/\/siemianowice.pl\/geodezja\/udostepnienie-materialow-oraz-informacji-stanowiacych-panstwowy-zasob-geodezyjny-i-kartograficzny\/","url":"https:\/\/siemianowice.pl\/geodezja\/udostepnienie-materialow-oraz-informacji-stanowiacych-panstwowy-zasob-geodezyjny-i-kartograficzny\/","name":"Udost\u0119pnienie materia\u0142\u00f3w oraz informacji stanowi\u0105cych pa\u0144stwowy zas\u00f3b geodezyjny i kartograficzny - Grodzki O\u015brodek Dokumentacji Geodezyjnej i Kartograficznej w Siemianowicach \u015al\u0105skich","isPartOf":{"@id":"https:\/\/siemianowice.pl\/geodezja\/#website"},"datePublished":"2022-09-14T11:17:49+00:00","dateModified":"2022-09-14T11:23:49+00:00","breadcrumb":{"@id":"https:\/\/siemianowice.pl\/geodezja\/udostepnienie-materialow-oraz-informacji-stanowiacych-panstwowy-zasob-geodezyjny-i-kartograficzny\/#breadcrumb"},"inLanguage":"pl-PL","potentialAction":[{"@type":"ReadAction","target":["https:\/\/siemianowice.pl\/geodezja\/udostepnienie-materialow-oraz-informacji-stanowiacych-panstwowy-zasob-geodezyjny-i-kartograficzny\/"]}]},{"@type":"BreadcrumbList","@id":"https:\/\/siemianowice.pl\/geodezja\/udostepnienie-materialow-oraz-informacji-stanowiacych-panstwowy-zasob-geodezyjny-i-kartograficzny\/#breadcrumb","itemListElement":[{"@type":"ListItem","position":1,"name":"Strona g\u0142\u00f3wna","item":"https:\/\/siemianowice.pl\/geodezja\/"},{"@type":"ListItem","position":2,"name":"Udost\u0119pnienie materia\u0142\u00f3w oraz informacji stanowi\u0105cych pa\u0144stwowy zas\u00f3b geodezyjny i kartograficzny"}]},{"@type":"WebSite","@id":"https:\/\/siemianowice.pl\/geodezja\/#website","url":"https:\/\/siemianowice.pl\/geodezja\/","name":"Grodzki O\u015brodek Dokumentacji Geodezyjnej i Kartograficznej w Siemianowicach \u015al\u0105skich","description":"Kolejna witryna sieci &#8222;Urz\u0105d Miasta w Siemianowicach \u015al\u0105skich&#8221;","potentialAction":[{"@type":"SearchAction","target":{"@type":"EntryPoint","urlTemplate":"https:\/\/siemianowice.pl\/geodezja\/?s={search_term_string}"},"query-input":{"@type":"PropertyValueSpecification","valueRequired":true,"valueName":"search_term_string"}}],"inLanguage":"pl-PL"}]}},"_links":{"self":[{"href":"https:\/\/siemianowice.pl\/geodezja\/wp-json\/wp\/v2\/pages\/147","targetHints":{"allow":["GET"]}}],"collection":[{"href":"https:\/\/siemianowice.pl\/geodezja\/wp-json\/wp\/v2\/pages"}],"about":[{"href":"https:\/\/siemianowice.pl\/geodezja\/wp-json\/wp\/v2\/types\/page"}],"author":[{"embeddable":true,"href":"https:\/\/siemianowice.pl\/geodezja\/wp-json\/wp\/v2\/users\/40"}],"replies":[{"embeddable":true,"href":"https:\/\/siemianowice.pl\/geodezja\/wp-json\/wp\/v2\/comments?post=147"}],"version-history":[{"count":1,"href":"https:\/\/siemianowice.pl\/geodezja\/wp-json\/wp\/v2\/pages\/147\/revisions"}],"predecessor-version":[{"id":149,"href":"https:\/\/siemianowice.pl\/geodezja\/wp-json\/wp\/v2\/pages\/147\/revisions\/149"}],"wp:attachment":[{"href":"https:\/\/siemianowice.pl\/geodezja\/wp-json\/wp\/v2\/media?parent=147"}],"curies":[{"name":"wp","href":"https:\/\/api.w.org\/{rel}","templated":true}]}}