{"id":156,"date":"2022-09-14T13:32:04","date_gmt":"2022-09-14T11:32:04","guid":{"rendered":"https:\/\/siemianowice.pl\/geodezja\/?page_id=156"},"modified":"2022-09-14T13:32:05","modified_gmt":"2022-09-14T11:32:05","slug":"aktualizacja-ewidencji-gruntow-i-budynkow","status":"publish","type":"page","link":"https:\/\/siemianowice.pl\/geodezja\/aktualizacja-ewidencji-gruntow-i-budynkow\/","title":{"rendered":"Aktualizacja ewidencji grunt\u00f3w i budynk\u00f3w"},"content":{"rendered":"\n<p><strong>Og\u00f3lny opis<\/strong><br>W\u0142a\u015bciciele i w\u0142adaj\u0105cy, s\u0105 zobowi\u0105zani zg\u0142asza\u0107 w\u0142a\u015bciwemu staro\u015bcie (w miastach na prawach powiatu &#8211; prezydentowi miasta) wszelkie zmiany danych obj\u0119tych ewidencj\u0105 grunt\u00f3w i budynk\u00f3w, w terminie 30 dni od dnia powstania tych zmian. Obowi\u0105zek ten nie dotyczy zmian danych obj\u0119tych ewidencj\u0105 grunt\u00f3w i budynk\u00f3w, wynikaj\u0105cych z akt\u00f3w normatywnych, prawomocnych orzecze\u0144 s\u0105dowych, decyzji administracyjnych, akt\u00f3w notarialnych, materia\u0142\u00f3w zasobu, wpis\u00f3w w innych rejestrach publicznych oraz dokumentacji architektoniczno-budowlanej przechowywanej przez organy administracji architektoniczno-budowlanej.<\/p>\n\n\n\n<p><strong>Wymagane dokumenty<\/strong><\/p>\n\n\n\n<ol class=\"wp-block-list\"><li>Wype\u0142niony formularz wniosku.<\/li><li>Dokumenty stanowi\u0105ce podstaw\u0119 do dokonania aktualizacji danych w ewidencji grunt\u00f3w i budynk\u00f3w.<\/li><li>Pe\u0142nomocnictwo &#8211; w przypadku ustanowienia pe\u0142nomocnika (orygina\u0142 lub urz\u0119dowo po\u015bwiadczony odpis) wraz z dowodem uiszczenia stosownej op\u0142aty.<\/li><\/ol>\n\n\n\n<p><strong>Spos\u00f3b dostarczania dokument\u00f3w<\/strong><\/p>\n\n\n\n<ol class=\"wp-block-list\"><li>Formularz wniosku jest dost\u0119pny poni\u017cej.<\/li><li>Wymagane dokumenty nale\u017cy dostarczy\u0107 do urz\u0119du na jeden z poni\u017cszych sposob\u00f3w:<ol><li>Przes\u0142a\u0107 drog\u0105 elektroniczn\u0105 przy pomocy skrzynki kontaktowej PeUP,&nbsp;&nbsp;na adres e-mail: ratusz@um.siemianowice.pl&nbsp;&nbsp;&#8211; podpisany&nbsp;bezpiecznym podpisem elektronicznym weryfikowanym kwalifikowanym certyfikatem lub podpis elektroniczny z\u0142o\u017cony z wykorzystaniem Profilu Zaufanego ePUAP.<\/li><li>Przes\u0142a\u0107 poczt\u0105 tradycyjn\u0105 (dla cel\u00f3w dowodowych zaleca si\u0119 przes\u0142anie listem poleconym).<\/li><li>Z\u0142o\u017cy\u0107 bezpo\u015brednio w urz\u0119dzie w godzinach jego pracy.<\/li><\/ol><\/li><li>Dokumenty, kt\u00f3re maj\u0105 by\u0107 dostarczone w orygina\u0142ach lub uwierzytelnionych kopiach nale\u017cy z\u0142o\u017cy\u0107 bezpo\u015brednio w urz\u0119dzie lub przes\u0142a\u0107 poczt\u0105 tradycyjn\u0105.<\/li><li>W przypadku brak\u00f3w formalnych w dostarczonych dokumentach Wnioskodawca zostanie pisemnie wezwany do ich uzupe\u0142nienia w terminie 7 dni.<\/li><\/ol>\n\n\n\n<p>Wi\u0119cej informacji&nbsp;<a href=\"https:\/\/peup.siemianowice.pl\/#!\/karta_uslugi\/25646\/aktualizacja-ewidencji-gruntow-i-budynkow\">tutaj<\/a><a href=\"https:\/\/www.sekap.pl\/katalog.seam?id=11784&amp;actionMethod=katalog.xhtml%3ApeupAgent.selectParent&amp;cid=30426\">.<\/a><\/p>\n","protected":false},"excerpt":{"rendered":"<p>Og\u00f3lny opisW\u0142a\u015bciciele i w\u0142adaj\u0105cy, s\u0105 zobowi\u0105zani zg\u0142asza\u0107 w\u0142a\u015bciwemu staro\u015bcie (w miastach na prawach powiatu &#8211; prezydentowi miasta) wszelkie zmiany danych obj\u0119tych ewidencj\u0105 grunt\u00f3w i budynk\u00f3w, w terminie 30 dni od dnia powstania tych zmian. Obowi\u0105zek ten nie dotyczy zmian danych obj\u0119tych ewidencj\u0105 grunt\u00f3w i budynk\u00f3w, wynikaj\u0105cych z akt\u00f3w normatywnych, prawomocnych orzecze\u0144 s\u0105dowych, decyzji administracyjnych, akt\u00f3w [&hellip;]<\/p>\n","protected":false},"author":40,"featured_media":0,"parent":0,"menu_order":0,"comment_status":"closed","ping_status":"closed","template":"","meta":{"_acf_changed":false,"footnotes":""},"class_list":["post-156","page","type-page","status-publish","hentry"],"acf":[],"yoast_head":"<!-- This site is optimized with the Yoast SEO plugin v26.9 - https:\/\/yoast.com\/product\/yoast-seo-wordpress\/ -->\n<title>Aktualizacja ewidencji grunt\u00f3w i budynk\u00f3w - Grodzki O\u015brodek Dokumentacji Geodezyjnej i Kartograficznej w Siemianowicach \u015al\u0105skich<\/title>\n<meta name=\"robots\" content=\"index, follow, max-snippet:-1, max-image-preview:large, max-video-preview:-1\" \/>\n<link rel=\"canonical\" href=\"https:\/\/siemianowice.pl\/geodezja\/aktualizacja-ewidencji-gruntow-i-budynkow\/\" \/>\n<meta property=\"og:locale\" content=\"pl_PL\" \/>\n<meta property=\"og:type\" content=\"article\" \/>\n<meta property=\"og:title\" content=\"Aktualizacja ewidencji grunt\u00f3w i budynk\u00f3w - Grodzki O\u015brodek Dokumentacji Geodezyjnej i Kartograficznej w Siemianowicach \u015al\u0105skich\" \/>\n<meta property=\"og:description\" content=\"Og\u00f3lny opisW\u0142a\u015bciciele i w\u0142adaj\u0105cy, s\u0105 zobowi\u0105zani zg\u0142asza\u0107 w\u0142a\u015bciwemu staro\u015bcie (w miastach na prawach powiatu &#8211; prezydentowi miasta) wszelkie zmiany danych obj\u0119tych ewidencj\u0105 grunt\u00f3w i budynk\u00f3w, w terminie 30 dni od dnia powstania tych zmian. Obowi\u0105zek ten nie dotyczy zmian danych obj\u0119tych ewidencj\u0105 grunt\u00f3w i budynk\u00f3w, wynikaj\u0105cych z akt\u00f3w normatywnych, prawomocnych orzecze\u0144 s\u0105dowych, decyzji administracyjnych, akt\u00f3w [&hellip;]\" \/>\n<meta property=\"og:url\" content=\"https:\/\/siemianowice.pl\/geodezja\/aktualizacja-ewidencji-gruntow-i-budynkow\/\" \/>\n<meta property=\"og:site_name\" content=\"Grodzki O\u015brodek Dokumentacji Geodezyjnej i Kartograficznej w Siemianowicach \u015al\u0105skich\" \/>\n<meta property=\"article:modified_time\" content=\"2022-09-14T11:32:05+00:00\" \/>\n<meta name=\"twitter:card\" content=\"summary_large_image\" \/>\n<meta name=\"twitter:label1\" content=\"Szacowany czas czytania\" \/>\n\t<meta name=\"twitter:data1\" content=\"1 minuta\" \/>\n<script type=\"application\/ld+json\" class=\"yoast-schema-graph\">{\"@context\":\"https:\/\/schema.org\",\"@graph\":[{\"@type\":\"WebPage\",\"@id\":\"https:\/\/siemianowice.pl\/geodezja\/aktualizacja-ewidencji-gruntow-i-budynkow\/\",\"url\":\"https:\/\/siemianowice.pl\/geodezja\/aktualizacja-ewidencji-gruntow-i-budynkow\/\",\"name\":\"Aktualizacja ewidencji grunt\u00f3w i budynk\u00f3w - Grodzki O\u015brodek Dokumentacji Geodezyjnej i Kartograficznej w Siemianowicach \u015al\u0105skich\",\"isPartOf\":{\"@id\":\"https:\/\/siemianowice.pl\/geodezja\/#website\"},\"datePublished\":\"2022-09-14T11:32:04+00:00\",\"dateModified\":\"2022-09-14T11:32:05+00:00\",\"breadcrumb\":{\"@id\":\"https:\/\/siemianowice.pl\/geodezja\/aktualizacja-ewidencji-gruntow-i-budynkow\/#breadcrumb\"},\"inLanguage\":\"pl-PL\",\"potentialAction\":[{\"@type\":\"ReadAction\",\"target\":[\"https:\/\/siemianowice.pl\/geodezja\/aktualizacja-ewidencji-gruntow-i-budynkow\/\"]}]},{\"@type\":\"BreadcrumbList\",\"@id\":\"https:\/\/siemianowice.pl\/geodezja\/aktualizacja-ewidencji-gruntow-i-budynkow\/#breadcrumb\",\"itemListElement\":[{\"@type\":\"ListItem\",\"position\":1,\"name\":\"Strona g\u0142\u00f3wna\",\"item\":\"https:\/\/siemianowice.pl\/geodezja\/\"},{\"@type\":\"ListItem\",\"position\":2,\"name\":\"Aktualizacja ewidencji grunt\u00f3w i budynk\u00f3w\"}]},{\"@type\":\"WebSite\",\"@id\":\"https:\/\/siemianowice.pl\/geodezja\/#website\",\"url\":\"https:\/\/siemianowice.pl\/geodezja\/\",\"name\":\"Grodzki O\u015brodek Dokumentacji Geodezyjnej i Kartograficznej w Siemianowicach \u015al\u0105skich\",\"description\":\"Kolejna witryna sieci &#8222;Urz\u0105d Miasta w Siemianowicach \u015al\u0105skich&#8221;\",\"potentialAction\":[{\"@type\":\"SearchAction\",\"target\":{\"@type\":\"EntryPoint\",\"urlTemplate\":\"https:\/\/siemianowice.pl\/geodezja\/?s={search_term_string}\"},\"query-input\":{\"@type\":\"PropertyValueSpecification\",\"valueRequired\":true,\"valueName\":\"search_term_string\"}}],\"inLanguage\":\"pl-PL\"}]}<\/script>\n<!-- \/ Yoast SEO plugin. -->","yoast_head_json":{"title":"Aktualizacja ewidencji grunt\u00f3w i budynk\u00f3w - Grodzki O\u015brodek Dokumentacji Geodezyjnej i Kartograficznej w Siemianowicach \u015al\u0105skich","robots":{"index":"index","follow":"follow","max-snippet":"max-snippet:-1","max-image-preview":"max-image-preview:large","max-video-preview":"max-video-preview:-1"},"canonical":"https:\/\/siemianowice.pl\/geodezja\/aktualizacja-ewidencji-gruntow-i-budynkow\/","og_locale":"pl_PL","og_type":"article","og_title":"Aktualizacja ewidencji grunt\u00f3w i budynk\u00f3w - Grodzki O\u015brodek Dokumentacji Geodezyjnej i Kartograficznej w Siemianowicach \u015al\u0105skich","og_description":"Og\u00f3lny opisW\u0142a\u015bciciele i w\u0142adaj\u0105cy, s\u0105 zobowi\u0105zani zg\u0142asza\u0107 w\u0142a\u015bciwemu staro\u015bcie (w miastach na prawach powiatu &#8211; prezydentowi miasta) wszelkie zmiany danych obj\u0119tych ewidencj\u0105 grunt\u00f3w i budynk\u00f3w, w terminie 30 dni od dnia powstania tych zmian. Obowi\u0105zek ten nie dotyczy zmian danych obj\u0119tych ewidencj\u0105 grunt\u00f3w i budynk\u00f3w, wynikaj\u0105cych z akt\u00f3w normatywnych, prawomocnych orzecze\u0144 s\u0105dowych, decyzji administracyjnych, akt\u00f3w [&hellip;]","og_url":"https:\/\/siemianowice.pl\/geodezja\/aktualizacja-ewidencji-gruntow-i-budynkow\/","og_site_name":"Grodzki O\u015brodek Dokumentacji Geodezyjnej i Kartograficznej w Siemianowicach \u015al\u0105skich","article_modified_time":"2022-09-14T11:32:05+00:00","twitter_card":"summary_large_image","twitter_misc":{"Szacowany czas czytania":"1 minuta"},"schema":{"@context":"https:\/\/schema.org","@graph":[{"@type":"WebPage","@id":"https:\/\/siemianowice.pl\/geodezja\/aktualizacja-ewidencji-gruntow-i-budynkow\/","url":"https:\/\/siemianowice.pl\/geodezja\/aktualizacja-ewidencji-gruntow-i-budynkow\/","name":"Aktualizacja ewidencji grunt\u00f3w i budynk\u00f3w - Grodzki O\u015brodek Dokumentacji Geodezyjnej i Kartograficznej w Siemianowicach \u015al\u0105skich","isPartOf":{"@id":"https:\/\/siemianowice.pl\/geodezja\/#website"},"datePublished":"2022-09-14T11:32:04+00:00","dateModified":"2022-09-14T11:32:05+00:00","breadcrumb":{"@id":"https:\/\/siemianowice.pl\/geodezja\/aktualizacja-ewidencji-gruntow-i-budynkow\/#breadcrumb"},"inLanguage":"pl-PL","potentialAction":[{"@type":"ReadAction","target":["https:\/\/siemianowice.pl\/geodezja\/aktualizacja-ewidencji-gruntow-i-budynkow\/"]}]},{"@type":"BreadcrumbList","@id":"https:\/\/siemianowice.pl\/geodezja\/aktualizacja-ewidencji-gruntow-i-budynkow\/#breadcrumb","itemListElement":[{"@type":"ListItem","position":1,"name":"Strona g\u0142\u00f3wna","item":"https:\/\/siemianowice.pl\/geodezja\/"},{"@type":"ListItem","position":2,"name":"Aktualizacja ewidencji grunt\u00f3w i budynk\u00f3w"}]},{"@type":"WebSite","@id":"https:\/\/siemianowice.pl\/geodezja\/#website","url":"https:\/\/siemianowice.pl\/geodezja\/","name":"Grodzki O\u015brodek Dokumentacji Geodezyjnej i Kartograficznej w Siemianowicach \u015al\u0105skich","description":"Kolejna witryna sieci &#8222;Urz\u0105d Miasta w Siemianowicach \u015al\u0105skich&#8221;","potentialAction":[{"@type":"SearchAction","target":{"@type":"EntryPoint","urlTemplate":"https:\/\/siemianowice.pl\/geodezja\/?s={search_term_string}"},"query-input":{"@type":"PropertyValueSpecification","valueRequired":true,"valueName":"search_term_string"}}],"inLanguage":"pl-PL"}]}},"_links":{"self":[{"href":"https:\/\/siemianowice.pl\/geodezja\/wp-json\/wp\/v2\/pages\/156","targetHints":{"allow":["GET"]}}],"collection":[{"href":"https:\/\/siemianowice.pl\/geodezja\/wp-json\/wp\/v2\/pages"}],"about":[{"href":"https:\/\/siemianowice.pl\/geodezja\/wp-json\/wp\/v2\/types\/page"}],"author":[{"embeddable":true,"href":"https:\/\/siemianowice.pl\/geodezja\/wp-json\/wp\/v2\/users\/40"}],"replies":[{"embeddable":true,"href":"https:\/\/siemianowice.pl\/geodezja\/wp-json\/wp\/v2\/comments?post=156"}],"version-history":[{"count":1,"href":"https:\/\/siemianowice.pl\/geodezja\/wp-json\/wp\/v2\/pages\/156\/revisions"}],"predecessor-version":[{"id":158,"href":"https:\/\/siemianowice.pl\/geodezja\/wp-json\/wp\/v2\/pages\/156\/revisions\/158"}],"wp:attachment":[{"href":"https:\/\/siemianowice.pl\/geodezja\/wp-json\/wp\/v2\/media?parent=156"}],"curies":[{"name":"wp","href":"https:\/\/api.w.org\/{rel}","templated":true}]}}