{"id":159,"date":"2022-09-14T13:36:57","date_gmt":"2022-09-14T11:36:57","guid":{"rendered":"https:\/\/siemianowice.pl\/geodezja\/?page_id=159"},"modified":"2022-09-14T13:36:58","modified_gmt":"2022-09-14T11:36:58","slug":"gleboznawcza-klasyfikacja-gruntow","status":"publish","type":"page","link":"https:\/\/siemianowice.pl\/geodezja\/gleboznawcza-klasyfikacja-gruntow\/","title":{"rendered":"Gleboznawcza klasyfikacja grunt\u00f3w"},"content":{"rendered":"\n<p><strong>Og\u00f3lny opis<\/strong><\/p>\n\n\n\n<ol class=\"wp-block-list\"><li>Gleboznawcz\u0105 klasyfikacj\u0119 grunt\u00f3w przeprowadza si\u0119:<ul><li>z urz\u0119du:<ul><li>na gruntach, kt\u00f3re nie zosta\u0142y dotychczas sklasyfikowane;<\/li><li>na gruntach zmeliorowanych &#8211; po up\u0142ywie 3 lat od wykonania urz\u0105dze\u0144 melioracji wodnych;<\/li><li>na gruntach obj\u0119tych post\u0119powaniem scaleniowym;<\/li><li>na gruntach, na kt\u00f3rych starosta zarz\u0105dzi\u0142 przeprowadzenie modernizacji ewidencji grunt\u00f3w i budynk\u00f3w albo okresowej weryfikacji danych ewidencyjnych &#8211; w przypadku zmiany u\u017cytk\u00f3w gruntowych na gruntach podlegaj\u0105cych klasyfikacji;<\/li><li>po wyst\u0105pieniu kl\u0119ski \u017cywio\u0142owej powoduj\u0105cej zmiany \u015brodowiska glebowego;<\/li><li>po zalesieniu grunt\u00f3w na podstawie przepis\u00f3w o wspieraniu rozwoju obszar\u00f3w wiejskich ze \u015brodk\u00f3w pochodz\u0105cych z Sekcji Gwarancji Europejskiego Funduszu Orientacji i Gwarancji Rolnej lub na podstawie przepis\u00f3w o wspieraniu obszar\u00f3w wiejskich z udzia\u0142em \u015brodk\u00f3w Europejskiego Funduszu Rolnego na rzecz Rozwoju Obszar\u00f3w Wiejskich.<\/li><\/ul><\/li><li>na wniosek w\u0142a\u015bciciela grunt\u00f3w podlegaj\u0105cych klasyfikacji albo innego w\u0142adaj\u0105cego takimi gruntami wykazanego w ewidencji grunt\u00f3w i budynk\u00f3w.<\/li><\/ul><\/li><li>Projekt ustalenia klasyfikacji wykonuje osoba (klasyfikator) upowa\u017cniona przez starost\u0119 (prezydenta miasta &#8211; w miastach na prawach powiatu).<\/li><\/ol>\n\n\n\n<p>Starosta (prezydent miasta &#8211; w miastach na prawach powiatu) rozpatruje zastrze\u017cenia do projektu klasyfikacji.&nbsp; &nbsp; &nbsp; &nbsp; &nbsp; &nbsp; &nbsp; &nbsp; &nbsp; &nbsp; &nbsp; &nbsp; &nbsp; &nbsp; &nbsp; &nbsp; &nbsp; &nbsp; &nbsp; &nbsp; &nbsp; &nbsp; &nbsp; &nbsp; &nbsp; &nbsp; &nbsp; &nbsp; &nbsp; &nbsp; &nbsp; &nbsp; &nbsp; &nbsp; &nbsp; &nbsp; &nbsp; &nbsp; &nbsp; &nbsp; &nbsp; &nbsp; &nbsp; &nbsp; &nbsp; &nbsp; &nbsp; &nbsp; &nbsp; &nbsp; &nbsp; &nbsp; &nbsp; &nbsp; &nbsp; &nbsp; &nbsp; &nbsp; &nbsp; &nbsp; &nbsp; &nbsp; &nbsp; &nbsp; &nbsp; &nbsp; &nbsp; &nbsp; &nbsp; &nbsp; &nbsp; &nbsp; &nbsp; &nbsp; &nbsp; &nbsp; &nbsp; &nbsp; &nbsp; &nbsp; &nbsp; &nbsp; &nbsp; &nbsp; &nbsp; &nbsp; &nbsp; &nbsp; &nbsp; &nbsp; &nbsp; &nbsp; &nbsp; &nbsp; &nbsp; &nbsp; &nbsp; &nbsp; &nbsp; &nbsp; &nbsp; &nbsp; &nbsp; &nbsp; &nbsp; &nbsp; &nbsp; &nbsp; &nbsp; &nbsp; &nbsp; &nbsp; &nbsp; &nbsp; &nbsp; &nbsp; &nbsp; &nbsp; &nbsp; &nbsp; &nbsp; &nbsp; &nbsp; &nbsp; &nbsp; &nbsp; &nbsp; &nbsp; &nbsp; &nbsp; &nbsp; &nbsp; &nbsp;<strong>Wymagane dokumenty&nbsp; &nbsp; &nbsp; &nbsp; &nbsp; &nbsp; &nbsp; &nbsp; &nbsp; &nbsp; &nbsp; &nbsp; &nbsp; &nbsp; &nbsp; &nbsp; &nbsp; &nbsp; &nbsp; &nbsp; &nbsp; &nbsp; &nbsp; &nbsp; &nbsp; &nbsp; &nbsp; &nbsp; &nbsp; &nbsp; &nbsp; &nbsp; &nbsp; &nbsp; &nbsp; &nbsp; &nbsp; &nbsp; &nbsp; &nbsp; &nbsp; &nbsp; &nbsp; &nbsp; &nbsp; &nbsp; &nbsp; &nbsp; &nbsp; &nbsp;<\/strong><\/p>\n\n\n\n<p>&#8211; Wype\u0142niony formularz wniosku zawieraj\u0105cy imienne upowa\u017cnienie klasyfikatora oraz o\u015bwiadczenie o pokryciu koszt\u00f3w klasyfikacji,&nbsp; &nbsp; &nbsp; &nbsp; &nbsp; &nbsp; &nbsp; &nbsp; &nbsp; &nbsp; &nbsp; &nbsp; &nbsp; &nbsp; &nbsp; &nbsp; &nbsp; &nbsp; &nbsp; &nbsp; &nbsp; &nbsp; &nbsp; &nbsp; &nbsp; &nbsp; &nbsp; &nbsp; &nbsp; &nbsp; &nbsp; &nbsp; &nbsp; &nbsp; &nbsp; &nbsp; &nbsp; &nbsp; &nbsp; &nbsp; &nbsp; &nbsp; &nbsp; &nbsp; &nbsp; &nbsp; &nbsp; &nbsp; &nbsp; &nbsp; &nbsp; &nbsp; &nbsp; &nbsp; &nbsp; &nbsp; &nbsp; &nbsp; &nbsp; &nbsp; &nbsp; &nbsp; &nbsp; &nbsp; &nbsp; &nbsp; &nbsp; &nbsp; &nbsp; &nbsp; &nbsp; &nbsp; &nbsp;<\/p>\n\n\n\n<p>&#8211;&nbsp;dokumentacja geodezyjna i kartograficzna przyj\u0119ta do powiatowego zasobu geodezyjnego i kartograficznego sporz\u0105dzona przez uprawnion\u0105 jednostk\u0119 wykonawstwa geodezyjnego i kartograficznego.&nbsp; &nbsp; &nbsp; &nbsp; &nbsp; &nbsp; &nbsp; &nbsp; &nbsp; &nbsp; &nbsp; &nbsp; &nbsp; &nbsp; &nbsp; &nbsp; &nbsp; &nbsp; &nbsp;<\/p>\n\n\n\n<p>&#8211; projekt ustalenia klasyfikacji grunt\u00f3w sporz\u0105dzony przez upowa\u017cnionego klasyfikatora,&nbsp; &nbsp; &nbsp; &nbsp; &nbsp; &nbsp; &nbsp; &nbsp; &nbsp; &nbsp; &nbsp; &nbsp; &nbsp; &nbsp; &nbsp; &nbsp; &nbsp; &nbsp; &nbsp; &nbsp; &nbsp;<\/p>\n\n\n\n<p>&#8211; wniosek o wydanie decyzji orzekaj\u0105cej o ustaleniu gleboznawczej klasyfikacji grunt\u00f3w,&nbsp; &nbsp; &nbsp; &nbsp; &nbsp; &nbsp; &nbsp; &nbsp; &nbsp; &nbsp; &nbsp; &nbsp; &nbsp; &nbsp; &nbsp; &nbsp; &nbsp; &nbsp; &nbsp; &nbsp; &nbsp;<\/p>\n\n\n\n<p>&#8211; orygina\u0142 lub urz\u0119dowo po\u015bwiadczony odpis pe\u0142nomocnictwa ewentualnie w formie dokumentu elektronicznego opatrzonego kwalifikowanym podpisem elektronicznym albo podpisem potwierdzonym profilem zaufanym ePUAP je\u017celi w\u0142a\u015bciciel\/w\u0142adaj\u0105cy ustanowi\u0142 pe\u0142nomocnika,&nbsp; &nbsp; &nbsp; &nbsp; &nbsp; &nbsp; &nbsp; &nbsp; &nbsp; &nbsp; &nbsp; &nbsp; &nbsp; &nbsp; &nbsp; &nbsp; &nbsp; &nbsp; &nbsp; &nbsp; &nbsp; &nbsp; &nbsp; &nbsp; &nbsp; &nbsp; &nbsp; &nbsp; &nbsp; &nbsp; &nbsp; &nbsp; &nbsp; &nbsp; &nbsp; &nbsp; &nbsp; &nbsp; &nbsp; &nbsp; &nbsp; &nbsp; &nbsp; &nbsp; &nbsp; &nbsp; &nbsp; &nbsp; &nbsp; &nbsp;<\/p>\n\n\n\n<p>&#8211;&nbsp;potwierdzenie uiszczenia op\u0142aty skarbowej od udzielonego pe\u0142nomocnictwa oraz za wydanie decyzji orzekaj\u0105cej o ustaleniu gleboznawczej klasyfikacji grunt\u00f3w.<\/p>\n\n\n\n<p><strong>Spos\u00f3b dostarczania dokument\u00f3w<\/strong><\/p>\n\n\n\n<p>1. Wymagane dokumenty nale\u017cy dostarczy\u0107 do urz\u0119du na jeden z poni\u017cszych sposob\u00f3w:<\/p>\n\n\n\n<ul class=\"wp-block-list\"><li>Przes\u0142a\u0107 drog\u0105 elektroniczn\u0105 przy pomocy skrzynki kontaktowej PeUP, na adres e-mail: ratusz@um.siemianowice.pl&nbsp; \u2013 opatruj\u0105c dokumenty kwalifikowanym podpisem elektronicznym albo podpisem potwierdzonym profilem zaufanym ePUAP.<\/li><li>Przes\u0142a\u0107 poczt\u0105 tradycyjn\u0105 (dla cel\u00f3w dowodowych zaleca si\u0119 przes\u0142anie listem poleconym).<\/li><li>Z\u0142o\u017cy\u0107 bezpo\u015brednio w urz\u0119dzie w godzinach jego pracy.<\/li><\/ul>\n\n\n\n<p>2. Dokumenty, kt\u00f3re maj\u0105 by\u0107 dostarczone w orygina\u0142ach lub uwierzytelnionych kopiach nale\u017cy z\u0142o\u017cy\u0107 bezpo\u015brednio w urz\u0119dzie lub przes\u0142a\u0107 poczt\u0105 tradycyjn\u0105.<\/p>\n\n\n\n<p>3. W przypadku brak\u00f3w formalnych w dostarczonych dokumentach Wnioskodawca zostanie pisemnie wezwany do ich uzupe\u0142nienia w terminie nie kr\u00f3tszym ni\u017c 7 dni.<\/p>\n\n\n\n<p>Wiecej informacji&nbsp;<a href=\"https:\/\/peup.siemianowice.pl\/#!\/karta_uslugi\/29919\/gleboznawcza-klasyfikacja-gruntow-rolnych-i-lesnych\">tutaj&nbsp;<\/a><\/p>\n","protected":false},"excerpt":{"rendered":"<p>Og\u00f3lny opis Gleboznawcz\u0105 klasyfikacj\u0119 grunt\u00f3w przeprowadza si\u0119: z urz\u0119du: na gruntach, kt\u00f3re nie zosta\u0142y dotychczas sklasyfikowane; na gruntach zmeliorowanych &#8211; po up\u0142ywie 3 lat od wykonania urz\u0105dze\u0144 melioracji wodnych; na gruntach obj\u0119tych post\u0119powaniem scaleniowym; na gruntach, na kt\u00f3rych starosta zarz\u0105dzi\u0142 przeprowadzenie modernizacji ewidencji grunt\u00f3w i budynk\u00f3w albo okresowej weryfikacji danych ewidencyjnych &#8211; w przypadku zmiany [&hellip;]<\/p>\n","protected":false},"author":40,"featured_media":0,"parent":0,"menu_order":0,"comment_status":"closed","ping_status":"closed","template":"","meta":{"_acf_changed":false,"footnotes":""},"class_list":["post-159","page","type-page","status-publish","hentry"],"acf":[],"yoast_head":"<!-- This site is optimized with the Yoast SEO plugin v26.9 - https:\/\/yoast.com\/product\/yoast-seo-wordpress\/ -->\n<title>Gleboznawcza klasyfikacja grunt\u00f3w - Grodzki O\u015brodek Dokumentacji Geodezyjnej i Kartograficznej w Siemianowicach \u015al\u0105skich<\/title>\n<meta name=\"robots\" content=\"index, follow, max-snippet:-1, max-image-preview:large, max-video-preview:-1\" \/>\n<link rel=\"canonical\" href=\"https:\/\/siemianowice.pl\/geodezja\/gleboznawcza-klasyfikacja-gruntow\/\" \/>\n<meta property=\"og:locale\" content=\"pl_PL\" \/>\n<meta property=\"og:type\" content=\"article\" \/>\n<meta property=\"og:title\" content=\"Gleboznawcza klasyfikacja grunt\u00f3w - Grodzki O\u015brodek Dokumentacji Geodezyjnej i Kartograficznej w Siemianowicach \u015al\u0105skich\" \/>\n<meta property=\"og:description\" content=\"Og\u00f3lny opis Gleboznawcz\u0105 klasyfikacj\u0119 grunt\u00f3w przeprowadza si\u0119: z urz\u0119du: na gruntach, kt\u00f3re nie zosta\u0142y dotychczas sklasyfikowane; na gruntach zmeliorowanych &#8211; po up\u0142ywie 3 lat od wykonania urz\u0105dze\u0144 melioracji wodnych; na gruntach obj\u0119tych post\u0119powaniem scaleniowym; na gruntach, na kt\u00f3rych starosta zarz\u0105dzi\u0142 przeprowadzenie modernizacji ewidencji grunt\u00f3w i budynk\u00f3w albo okresowej weryfikacji danych ewidencyjnych &#8211; w przypadku zmiany [&hellip;]\" \/>\n<meta property=\"og:url\" content=\"https:\/\/siemianowice.pl\/geodezja\/gleboznawcza-klasyfikacja-gruntow\/\" \/>\n<meta property=\"og:site_name\" content=\"Grodzki O\u015brodek Dokumentacji Geodezyjnej i Kartograficznej w Siemianowicach \u015al\u0105skich\" \/>\n<meta property=\"article:modified_time\" content=\"2022-09-14T11:36:58+00:00\" \/>\n<meta name=\"twitter:card\" content=\"summary_large_image\" \/>\n<meta name=\"twitter:label1\" content=\"Szacowany czas czytania\" \/>\n\t<meta name=\"twitter:data1\" content=\"4 minuty\" \/>\n<script type=\"application\/ld+json\" class=\"yoast-schema-graph\">{\"@context\":\"https:\/\/schema.org\",\"@graph\":[{\"@type\":\"WebPage\",\"@id\":\"https:\/\/siemianowice.pl\/geodezja\/gleboznawcza-klasyfikacja-gruntow\/\",\"url\":\"https:\/\/siemianowice.pl\/geodezja\/gleboznawcza-klasyfikacja-gruntow\/\",\"name\":\"Gleboznawcza klasyfikacja grunt\u00f3w - Grodzki O\u015brodek Dokumentacji Geodezyjnej i Kartograficznej w Siemianowicach \u015al\u0105skich\",\"isPartOf\":{\"@id\":\"https:\/\/siemianowice.pl\/geodezja\/#website\"},\"datePublished\":\"2022-09-14T11:36:57+00:00\",\"dateModified\":\"2022-09-14T11:36:58+00:00\",\"breadcrumb\":{\"@id\":\"https:\/\/siemianowice.pl\/geodezja\/gleboznawcza-klasyfikacja-gruntow\/#breadcrumb\"},\"inLanguage\":\"pl-PL\",\"potentialAction\":[{\"@type\":\"ReadAction\",\"target\":[\"https:\/\/siemianowice.pl\/geodezja\/gleboznawcza-klasyfikacja-gruntow\/\"]}]},{\"@type\":\"BreadcrumbList\",\"@id\":\"https:\/\/siemianowice.pl\/geodezja\/gleboznawcza-klasyfikacja-gruntow\/#breadcrumb\",\"itemListElement\":[{\"@type\":\"ListItem\",\"position\":1,\"name\":\"Strona g\u0142\u00f3wna\",\"item\":\"https:\/\/siemianowice.pl\/geodezja\/\"},{\"@type\":\"ListItem\",\"position\":2,\"name\":\"Gleboznawcza klasyfikacja grunt\u00f3w\"}]},{\"@type\":\"WebSite\",\"@id\":\"https:\/\/siemianowice.pl\/geodezja\/#website\",\"url\":\"https:\/\/siemianowice.pl\/geodezja\/\",\"name\":\"Grodzki O\u015brodek Dokumentacji Geodezyjnej i Kartograficznej w Siemianowicach \u015al\u0105skich\",\"description\":\"Kolejna witryna sieci &#8222;Urz\u0105d Miasta w Siemianowicach \u015al\u0105skich&#8221;\",\"potentialAction\":[{\"@type\":\"SearchAction\",\"target\":{\"@type\":\"EntryPoint\",\"urlTemplate\":\"https:\/\/siemianowice.pl\/geodezja\/?s={search_term_string}\"},\"query-input\":{\"@type\":\"PropertyValueSpecification\",\"valueRequired\":true,\"valueName\":\"search_term_string\"}}],\"inLanguage\":\"pl-PL\"}]}<\/script>\n<!-- \/ Yoast SEO plugin. -->","yoast_head_json":{"title":"Gleboznawcza klasyfikacja grunt\u00f3w - Grodzki O\u015brodek Dokumentacji Geodezyjnej i Kartograficznej w Siemianowicach \u015al\u0105skich","robots":{"index":"index","follow":"follow","max-snippet":"max-snippet:-1","max-image-preview":"max-image-preview:large","max-video-preview":"max-video-preview:-1"},"canonical":"https:\/\/siemianowice.pl\/geodezja\/gleboznawcza-klasyfikacja-gruntow\/","og_locale":"pl_PL","og_type":"article","og_title":"Gleboznawcza klasyfikacja grunt\u00f3w - Grodzki O\u015brodek Dokumentacji Geodezyjnej i Kartograficznej w Siemianowicach \u015al\u0105skich","og_description":"Og\u00f3lny opis Gleboznawcz\u0105 klasyfikacj\u0119 grunt\u00f3w przeprowadza si\u0119: z urz\u0119du: na gruntach, kt\u00f3re nie zosta\u0142y dotychczas sklasyfikowane; na gruntach zmeliorowanych &#8211; po up\u0142ywie 3 lat od wykonania urz\u0105dze\u0144 melioracji wodnych; na gruntach obj\u0119tych post\u0119powaniem scaleniowym; na gruntach, na kt\u00f3rych starosta zarz\u0105dzi\u0142 przeprowadzenie modernizacji ewidencji grunt\u00f3w i budynk\u00f3w albo okresowej weryfikacji danych ewidencyjnych &#8211; w przypadku zmiany [&hellip;]","og_url":"https:\/\/siemianowice.pl\/geodezja\/gleboznawcza-klasyfikacja-gruntow\/","og_site_name":"Grodzki O\u015brodek Dokumentacji Geodezyjnej i Kartograficznej w Siemianowicach \u015al\u0105skich","article_modified_time":"2022-09-14T11:36:58+00:00","twitter_card":"summary_large_image","twitter_misc":{"Szacowany czas czytania":"4 minuty"},"schema":{"@context":"https:\/\/schema.org","@graph":[{"@type":"WebPage","@id":"https:\/\/siemianowice.pl\/geodezja\/gleboznawcza-klasyfikacja-gruntow\/","url":"https:\/\/siemianowice.pl\/geodezja\/gleboznawcza-klasyfikacja-gruntow\/","name":"Gleboznawcza klasyfikacja grunt\u00f3w - Grodzki O\u015brodek Dokumentacji Geodezyjnej i Kartograficznej w Siemianowicach \u015al\u0105skich","isPartOf":{"@id":"https:\/\/siemianowice.pl\/geodezja\/#website"},"datePublished":"2022-09-14T11:36:57+00:00","dateModified":"2022-09-14T11:36:58+00:00","breadcrumb":{"@id":"https:\/\/siemianowice.pl\/geodezja\/gleboznawcza-klasyfikacja-gruntow\/#breadcrumb"},"inLanguage":"pl-PL","potentialAction":[{"@type":"ReadAction","target":["https:\/\/siemianowice.pl\/geodezja\/gleboznawcza-klasyfikacja-gruntow\/"]}]},{"@type":"BreadcrumbList","@id":"https:\/\/siemianowice.pl\/geodezja\/gleboznawcza-klasyfikacja-gruntow\/#breadcrumb","itemListElement":[{"@type":"ListItem","position":1,"name":"Strona g\u0142\u00f3wna","item":"https:\/\/siemianowice.pl\/geodezja\/"},{"@type":"ListItem","position":2,"name":"Gleboznawcza klasyfikacja grunt\u00f3w"}]},{"@type":"WebSite","@id":"https:\/\/siemianowice.pl\/geodezja\/#website","url":"https:\/\/siemianowice.pl\/geodezja\/","name":"Grodzki O\u015brodek Dokumentacji Geodezyjnej i Kartograficznej w Siemianowicach \u015al\u0105skich","description":"Kolejna witryna sieci &#8222;Urz\u0105d Miasta w Siemianowicach \u015al\u0105skich&#8221;","potentialAction":[{"@type":"SearchAction","target":{"@type":"EntryPoint","urlTemplate":"https:\/\/siemianowice.pl\/geodezja\/?s={search_term_string}"},"query-input":{"@type":"PropertyValueSpecification","valueRequired":true,"valueName":"search_term_string"}}],"inLanguage":"pl-PL"}]}},"_links":{"self":[{"href":"https:\/\/siemianowice.pl\/geodezja\/wp-json\/wp\/v2\/pages\/159","targetHints":{"allow":["GET"]}}],"collection":[{"href":"https:\/\/siemianowice.pl\/geodezja\/wp-json\/wp\/v2\/pages"}],"about":[{"href":"https:\/\/siemianowice.pl\/geodezja\/wp-json\/wp\/v2\/types\/page"}],"author":[{"embeddable":true,"href":"https:\/\/siemianowice.pl\/geodezja\/wp-json\/wp\/v2\/users\/40"}],"replies":[{"embeddable":true,"href":"https:\/\/siemianowice.pl\/geodezja\/wp-json\/wp\/v2\/comments?post=159"}],"version-history":[{"count":1,"href":"https:\/\/siemianowice.pl\/geodezja\/wp-json\/wp\/v2\/pages\/159\/revisions"}],"predecessor-version":[{"id":161,"href":"https:\/\/siemianowice.pl\/geodezja\/wp-json\/wp\/v2\/pages\/159\/revisions\/161"}],"wp:attachment":[{"href":"https:\/\/siemianowice.pl\/geodezja\/wp-json\/wp\/v2\/media?parent=159"}],"curies":[{"name":"wp","href":"https:\/\/api.w.org\/{rel}","templated":true}]}}