{"id":162,"date":"2022-09-14T13:41:05","date_gmt":"2022-09-14T11:41:05","guid":{"rendered":"https:\/\/siemianowice.pl\/geodezja\/?page_id=162"},"modified":"2022-09-14T13:45:57","modified_gmt":"2022-09-14T11:45:57","slug":"koordynacja-usytuowania-projektowanych-sieci-uzbrojenia-terenu","status":"publish","type":"page","link":"https:\/\/siemianowice.pl\/geodezja\/koordynacja-usytuowania-projektowanych-sieci-uzbrojenia-terenu\/","title":{"rendered":"Koordynacja usytuowania projektowanych sieci uzbrojenia terenu"},"content":{"rendered":"\n<ol class=\"wp-block-list\"><li>Sytuowanie projektowanych sieci uzbrojenia terenu na obszarach miast oraz w pasach drogowych na terenie istniej\u0105cej lub projektowanej zwartej zabudowy obszar\u00f3w wiejskich koordynuje si\u0119 na naradach koordynacyjnych organizowanych przez starost\u0119.<\/li><li>Przepisu z pkt 1 nie stosuje si\u0119 do:<ol><li>przy\u0142\u0105czy;<\/li><li>sieci uzbrojenia terenu sytuowanych wy\u0142\u0105cznie w granicach dzia\u0142ki budowlanej.<\/li><\/ol><\/li><li>Po otrzymaniu od inwestora lub projektanta wniosku o skoordynowanie usytuowania projektowanej sieci uzbrojenia terenu wraz z propozycj\u0105 tego usytuowania przedstawion\u0105 na planie sytuacyjnym na kopii aktualnej mapy zasadniczej lub kopii aktualnej mapy do cel\u00f3w projektowych po\u015bwiadczonej za zgodno\u015b\u0107 z orygina\u0142em przez projektanta starosta wyznacza spos\u00f3b, termin i miejsce przeprowadzenia narady koordynacyjnych.<\/li><li>Termin narady koordynacyjnej starosta wyznacza na dzie\u0144 przypadaj\u0105cy nie p\u00f3\u017aniej ni\u017c po up\u0142ywie 14 dni od dnia otrzymania od inwestora lub projektanta planu sytuacyjnego.<\/li><li>Wraz z zawiadomieniem o naradzie koordynacyjnej starosta przekazuje kopi\u0119 planu sytuacyjnego, albo w przypadku braku technicznych mo\u017cliwo\u015bci sporz\u0105dzenia tej kopii, informacj\u0119 o miejscu i terminie zapoznania si\u0119 z planem sytuacyjnym.<\/li><li>Na wniosek inwestora lub projektanta sieci uzbrojenia terenu, podmiotu w\u0142adaj\u0105cego sieci\u0105 uzbrojenia terenu lub w\u00f3jta (burmistrza, prezydenta miasta), uzasadniony w szczeg\u00f3lno\u015bci potrzeb\u0105 wyeliminowania zagro\u017ce\u0144 wynikaj\u0105cych z mo\u017cliwej kolizji mi\u0119dzy sytuowanymi na tym samym terenie sieciami uzbrojenia terenu, przedmiotem narady koordynacyjnej mo\u017ce by\u0107 sytuowanie projektowanych sieci uzbrojenia terenu na obszarach innych ni\u017c wymienione w pkt. 1 lub sytuowanie przy\u0142\u0105czy.<\/li><li>Naradzie koordynacyjnej przewodniczy starosta lub upowa\u017cniona przez niego osoba.<\/li><\/ol>\n\n\n\n<p>Wymagane dokumenty<\/p>\n\n\n\n<ol class=\"wp-block-list\"><li>Wype\u0142niony formularz wniosku z\u0142o\u017cony przez inwestora lub projektanta.<\/li><li>Propozycja usytuowania projektowanych sieci przedstawiona na planie sytuacyjnym sporz\u0105dzonym na kopii aktualnej mapy zasadniczej lub kopii aktualnej mapy do cel\u00f3w projektowych po\u015bwiadczonej za zgodno\u015b\u0107 z orygina\u0142em przez projektanta.<\/li><li>Pe\u0142nomocnictwo &#8211; w przypadku ustanowienia pe\u0142nomocnika (orygina\u0142 lub urz\u0119dowo po\u015bwiadczony odpis) wraz z dowodem uiszczenia stosownej op\u0142aty. Pe\u0142nomocnictwo mo\u017ce by\u0107 z\u0142o\u017cone w oryginale, w wypisie lub w potwierdzonej kopii.<\/li><li>W przypadku gdy plan sytuacyjny ma posta\u0107 nieelektroniczn\u0105, dor\u0119cza si\u0119 go staro\u015bcie w co najmniej dw\u00f3ch egzemplarzach.<\/li><li>UWAGA:<br>Pomimo braku wymaga\u0144 wynikaj\u0105cych z przepis\u00f3w prawa, kt\u00f3re nak\u0142ada\u0142yby obowi\u0105zek sk\u0142adania wraz z wnioskiem o koordynacj\u0119 decyzji o warunkach zabudowy, warunk\u00f3w technicznych pod\u0142\u0105czenia czy orientacji, dokumenty te s\u0105 pomocne w procesie koordynacji.<\/li><\/ol>\n\n\n\n<p>Spos\u00f3b dostarczania dokument\u00f3w<\/p>\n\n\n\n<ol class=\"wp-block-list\"><li>Formularz elektroniczny wniosku jest dost\u0119pny w dolnej cz\u0119\u015bci karty us\u0142ug.<\/li><li>Wymagane dokumenty nale\u017cy dostarczy\u0107 do urz\u0119du na jeden z poni\u017cszych sposob\u00f3w:<ol><li>Przes\u0142a\u0107 drog\u0105 elektroniczn\u0105 przy pomocy skrzynki kontaktowej PeUP &#8211; opatruj\u0105c dokumenty kwalifikowanym podpisem elektronicznym albo podpisem zaufanym.<\/li><li>Przes\u0142a\u0107 poczt\u0105 tradycyjn\u0105 (dla cel\u00f3w dowodowych zaleca si\u0119 przes\u0142anie listem poleconym).<\/li><li>Z\u0142o\u017cy\u0107 bezpo\u015brednio w urz\u0119dzie w godzinach jego pracy.<\/li><li>Za po\u015brednictwem geoportalu Urz\u0119du Miasta Siemianowice \u015al\u0105skie pod adresem&nbsp;<a href=\"http:\/\/siemianowice.geoportal2.pl\/\">http:\/\/siemianowice.geoportal2.pl<\/a>&nbsp;w module \u201eUdost\u0119pnianie materia\u0142\u00f3w zasobu i wnioski ZUD\u201d<\/li><\/ol><\/li><\/ol>\n\n\n\n<p>Wi\u0119cej informacji&nbsp;<a href=\"https:\/\/peup.siemianowice.pl\/#!\/karta_uslugi\/25647\/koordynacja-usytuowania-projektowanych-sieci-uzbrojenia-tere\">tutaj<\/a><\/p>\n\n\n\n<div data-wp-interactive=\"core\/file\" class=\"wp-block-file\"><a href=\"https:\/\/siemianowice.pl\/geodezja\/wp-content\/uploads\/sites\/13\/2022\/09\/Wniosek-o-koordynacje-sieci-uzbrojenia-terenu_2022doc.pdf\">Wniosek-o-koordynacje-sieci-uzbrojenia-terenu_2022pdf<\/a><a href=\"https:\/\/siemianowice.pl\/geodezja\/wp-content\/uploads\/sites\/13\/2022\/09\/Wniosek-o-koordynacje-sieci-uzbrojenia-terenu_2022doc.pdf\" class=\"wp-block-file__button\" download>Pobierz<\/a><\/div>\n\n\n\n<div class=\"wp-block-file\"><a href=\"https:\/\/siemianowice.pl\/geodezja\/wp-content\/uploads\/sites\/13\/2022\/09\/Wniosek-o-koordynacje-sieci-uzbrojenia-terenu_2022doc.doc\">Wniosek-o-koordynacje-sieci-uzbrojenia-terenu_2022doc<\/a><a href=\"https:\/\/siemianowice.pl\/geodezja\/wp-content\/uploads\/sites\/13\/2022\/09\/Wniosek-o-koordynacje-sieci-uzbrojenia-terenu_2022doc.doc\" class=\"wp-block-file__button\" download>Pobierz<\/a><\/div>\n","protected":false},"excerpt":{"rendered":"<p>Sytuowanie projektowanych sieci uzbrojenia terenu na obszarach miast oraz w pasach drogowych na terenie istniej\u0105cej lub projektowanej zwartej zabudowy obszar\u00f3w wiejskich koordynuje si\u0119 na naradach koordynacyjnych organizowanych przez starost\u0119. Przepisu z pkt 1 nie stosuje si\u0119 do: przy\u0142\u0105czy; sieci uzbrojenia terenu sytuowanych wy\u0142\u0105cznie w granicach dzia\u0142ki budowlanej. Po otrzymaniu od inwestora lub projektanta wniosku o [&hellip;]<\/p>\n","protected":false},"author":40,"featured_media":0,"parent":0,"menu_order":0,"comment_status":"closed","ping_status":"closed","template":"","meta":{"_acf_changed":false,"footnotes":""},"class_list":["post-162","page","type-page","status-publish","hentry"],"acf":[],"yoast_head":"<!-- This site is optimized with the Yoast SEO plugin v26.9 - https:\/\/yoast.com\/product\/yoast-seo-wordpress\/ -->\n<title>Koordynacja usytuowania projektowanych sieci uzbrojenia terenu - Grodzki O\u015brodek Dokumentacji Geodezyjnej i Kartograficznej w Siemianowicach \u015al\u0105skich<\/title>\n<meta name=\"robots\" content=\"index, follow, max-snippet:-1, max-image-preview:large, max-video-preview:-1\" \/>\n<link rel=\"canonical\" href=\"https:\/\/siemianowice.pl\/geodezja\/koordynacja-usytuowania-projektowanych-sieci-uzbrojenia-terenu\/\" \/>\n<meta property=\"og:locale\" content=\"pl_PL\" \/>\n<meta property=\"og:type\" content=\"article\" \/>\n<meta property=\"og:title\" content=\"Koordynacja usytuowania projektowanych sieci uzbrojenia terenu - Grodzki O\u015brodek Dokumentacji Geodezyjnej i Kartograficznej w Siemianowicach \u015al\u0105skich\" \/>\n<meta property=\"og:description\" content=\"Sytuowanie projektowanych sieci uzbrojenia terenu na obszarach miast oraz w pasach drogowych na terenie istniej\u0105cej lub projektowanej zwartej zabudowy obszar\u00f3w wiejskich koordynuje si\u0119 na naradach koordynacyjnych organizowanych przez starost\u0119. Przepisu z pkt 1 nie stosuje si\u0119 do: przy\u0142\u0105czy; sieci uzbrojenia terenu sytuowanych wy\u0142\u0105cznie w granicach dzia\u0142ki budowlanej. Po otrzymaniu od inwestora lub projektanta wniosku o [&hellip;]\" \/>\n<meta property=\"og:url\" content=\"https:\/\/siemianowice.pl\/geodezja\/koordynacja-usytuowania-projektowanych-sieci-uzbrojenia-terenu\/\" \/>\n<meta property=\"og:site_name\" content=\"Grodzki O\u015brodek Dokumentacji Geodezyjnej i Kartograficznej w Siemianowicach \u015al\u0105skich\" \/>\n<meta property=\"article:modified_time\" content=\"2022-09-14T11:45:57+00:00\" \/>\n<meta name=\"twitter:card\" content=\"summary_large_image\" \/>\n<meta name=\"twitter:label1\" content=\"Szacowany czas czytania\" \/>\n\t<meta name=\"twitter:data1\" content=\"2 minuty\" \/>\n<script type=\"application\/ld+json\" class=\"yoast-schema-graph\">{\"@context\":\"https:\/\/schema.org\",\"@graph\":[{\"@type\":\"WebPage\",\"@id\":\"https:\/\/siemianowice.pl\/geodezja\/koordynacja-usytuowania-projektowanych-sieci-uzbrojenia-terenu\/\",\"url\":\"https:\/\/siemianowice.pl\/geodezja\/koordynacja-usytuowania-projektowanych-sieci-uzbrojenia-terenu\/\",\"name\":\"Koordynacja usytuowania projektowanych sieci uzbrojenia terenu - Grodzki O\u015brodek Dokumentacji Geodezyjnej i Kartograficznej w Siemianowicach \u015al\u0105skich\",\"isPartOf\":{\"@id\":\"https:\/\/siemianowice.pl\/geodezja\/#website\"},\"datePublished\":\"2022-09-14T11:41:05+00:00\",\"dateModified\":\"2022-09-14T11:45:57+00:00\",\"breadcrumb\":{\"@id\":\"https:\/\/siemianowice.pl\/geodezja\/koordynacja-usytuowania-projektowanych-sieci-uzbrojenia-terenu\/#breadcrumb\"},\"inLanguage\":\"pl-PL\",\"potentialAction\":[{\"@type\":\"ReadAction\",\"target\":[\"https:\/\/siemianowice.pl\/geodezja\/koordynacja-usytuowania-projektowanych-sieci-uzbrojenia-terenu\/\"]}]},{\"@type\":\"BreadcrumbList\",\"@id\":\"https:\/\/siemianowice.pl\/geodezja\/koordynacja-usytuowania-projektowanych-sieci-uzbrojenia-terenu\/#breadcrumb\",\"itemListElement\":[{\"@type\":\"ListItem\",\"position\":1,\"name\":\"Strona g\u0142\u00f3wna\",\"item\":\"https:\/\/siemianowice.pl\/geodezja\/\"},{\"@type\":\"ListItem\",\"position\":2,\"name\":\"Koordynacja usytuowania projektowanych sieci uzbrojenia terenu\"}]},{\"@type\":\"WebSite\",\"@id\":\"https:\/\/siemianowice.pl\/geodezja\/#website\",\"url\":\"https:\/\/siemianowice.pl\/geodezja\/\",\"name\":\"Grodzki O\u015brodek Dokumentacji Geodezyjnej i Kartograficznej w Siemianowicach \u015al\u0105skich\",\"description\":\"Kolejna witryna sieci &#8222;Urz\u0105d Miasta w Siemianowicach \u015al\u0105skich&#8221;\",\"potentialAction\":[{\"@type\":\"SearchAction\",\"target\":{\"@type\":\"EntryPoint\",\"urlTemplate\":\"https:\/\/siemianowice.pl\/geodezja\/?s={search_term_string}\"},\"query-input\":{\"@type\":\"PropertyValueSpecification\",\"valueRequired\":true,\"valueName\":\"search_term_string\"}}],\"inLanguage\":\"pl-PL\"}]}<\/script>\n<!-- \/ Yoast SEO plugin. -->","yoast_head_json":{"title":"Koordynacja usytuowania projektowanych sieci uzbrojenia terenu - Grodzki O\u015brodek Dokumentacji Geodezyjnej i Kartograficznej w Siemianowicach \u015al\u0105skich","robots":{"index":"index","follow":"follow","max-snippet":"max-snippet:-1","max-image-preview":"max-image-preview:large","max-video-preview":"max-video-preview:-1"},"canonical":"https:\/\/siemianowice.pl\/geodezja\/koordynacja-usytuowania-projektowanych-sieci-uzbrojenia-terenu\/","og_locale":"pl_PL","og_type":"article","og_title":"Koordynacja usytuowania projektowanych sieci uzbrojenia terenu - Grodzki O\u015brodek Dokumentacji Geodezyjnej i Kartograficznej w Siemianowicach \u015al\u0105skich","og_description":"Sytuowanie projektowanych sieci uzbrojenia terenu na obszarach miast oraz w pasach drogowych na terenie istniej\u0105cej lub projektowanej zwartej zabudowy obszar\u00f3w wiejskich koordynuje si\u0119 na naradach koordynacyjnych organizowanych przez starost\u0119. Przepisu z pkt 1 nie stosuje si\u0119 do: przy\u0142\u0105czy; sieci uzbrojenia terenu sytuowanych wy\u0142\u0105cznie w granicach dzia\u0142ki budowlanej. Po otrzymaniu od inwestora lub projektanta wniosku o [&hellip;]","og_url":"https:\/\/siemianowice.pl\/geodezja\/koordynacja-usytuowania-projektowanych-sieci-uzbrojenia-terenu\/","og_site_name":"Grodzki O\u015brodek Dokumentacji Geodezyjnej i Kartograficznej w Siemianowicach \u015al\u0105skich","article_modified_time":"2022-09-14T11:45:57+00:00","twitter_card":"summary_large_image","twitter_misc":{"Szacowany czas czytania":"2 minuty"},"schema":{"@context":"https:\/\/schema.org","@graph":[{"@type":"WebPage","@id":"https:\/\/siemianowice.pl\/geodezja\/koordynacja-usytuowania-projektowanych-sieci-uzbrojenia-terenu\/","url":"https:\/\/siemianowice.pl\/geodezja\/koordynacja-usytuowania-projektowanych-sieci-uzbrojenia-terenu\/","name":"Koordynacja usytuowania projektowanych sieci uzbrojenia terenu - Grodzki O\u015brodek Dokumentacji Geodezyjnej i Kartograficznej w Siemianowicach \u015al\u0105skich","isPartOf":{"@id":"https:\/\/siemianowice.pl\/geodezja\/#website"},"datePublished":"2022-09-14T11:41:05+00:00","dateModified":"2022-09-14T11:45:57+00:00","breadcrumb":{"@id":"https:\/\/siemianowice.pl\/geodezja\/koordynacja-usytuowania-projektowanych-sieci-uzbrojenia-terenu\/#breadcrumb"},"inLanguage":"pl-PL","potentialAction":[{"@type":"ReadAction","target":["https:\/\/siemianowice.pl\/geodezja\/koordynacja-usytuowania-projektowanych-sieci-uzbrojenia-terenu\/"]}]},{"@type":"BreadcrumbList","@id":"https:\/\/siemianowice.pl\/geodezja\/koordynacja-usytuowania-projektowanych-sieci-uzbrojenia-terenu\/#breadcrumb","itemListElement":[{"@type":"ListItem","position":1,"name":"Strona g\u0142\u00f3wna","item":"https:\/\/siemianowice.pl\/geodezja\/"},{"@type":"ListItem","position":2,"name":"Koordynacja usytuowania projektowanych sieci uzbrojenia terenu"}]},{"@type":"WebSite","@id":"https:\/\/siemianowice.pl\/geodezja\/#website","url":"https:\/\/siemianowice.pl\/geodezja\/","name":"Grodzki O\u015brodek Dokumentacji Geodezyjnej i Kartograficznej w Siemianowicach \u015al\u0105skich","description":"Kolejna witryna sieci &#8222;Urz\u0105d Miasta w Siemianowicach \u015al\u0105skich&#8221;","potentialAction":[{"@type":"SearchAction","target":{"@type":"EntryPoint","urlTemplate":"https:\/\/siemianowice.pl\/geodezja\/?s={search_term_string}"},"query-input":{"@type":"PropertyValueSpecification","valueRequired":true,"valueName":"search_term_string"}}],"inLanguage":"pl-PL"}]}},"_links":{"self":[{"href":"https:\/\/siemianowice.pl\/geodezja\/wp-json\/wp\/v2\/pages\/162","targetHints":{"allow":["GET"]}}],"collection":[{"href":"https:\/\/siemianowice.pl\/geodezja\/wp-json\/wp\/v2\/pages"}],"about":[{"href":"https:\/\/siemianowice.pl\/geodezja\/wp-json\/wp\/v2\/types\/page"}],"author":[{"embeddable":true,"href":"https:\/\/siemianowice.pl\/geodezja\/wp-json\/wp\/v2\/users\/40"}],"replies":[{"embeddable":true,"href":"https:\/\/siemianowice.pl\/geodezja\/wp-json\/wp\/v2\/comments?post=162"}],"version-history":[{"count":1,"href":"https:\/\/siemianowice.pl\/geodezja\/wp-json\/wp\/v2\/pages\/162\/revisions"}],"predecessor-version":[{"id":165,"href":"https:\/\/siemianowice.pl\/geodezja\/wp-json\/wp\/v2\/pages\/162\/revisions\/165"}],"wp:attachment":[{"href":"https:\/\/siemianowice.pl\/geodezja\/wp-json\/wp\/v2\/media?parent=162"}],"curies":[{"name":"wp","href":"https:\/\/api.w.org\/{rel}","templated":true}]}}