{"id":167,"date":"2022-09-14T13:46:17","date_gmt":"2022-09-14T11:46:17","guid":{"rendered":"https:\/\/siemianowice.pl\/geodezja\/?page_id=167"},"modified":"2022-09-14T13:46:18","modified_gmt":"2022-09-14T11:46:18","slug":"ustalenie-numeru-porzadkowego","status":"publish","type":"page","link":"https:\/\/siemianowice.pl\/geodezja\/ustalenie-numeru-porzadkowego\/","title":{"rendered":"Ustalenie numeru porz\u0105dkowego"},"content":{"rendered":"\n<p><strong>Og\u00f3lny opis<\/strong><\/p>\n\n\n\n<ol class=\"wp-block-list\"><li>W\u00f3jt (burmistrz, prezydent miasta) ustala numery porz\u0105dkowe, budynk\u00f3w mieszkalnych oraz innych budynk\u00f3w przeznaczonych do sta\u0142ego lub czasowego przebywania ludzi oraz obiekt\u00f3w, takich jak: parkingi, gara\u017ce, wjazdy i wej\u015bcia do park\u00f3w, ogrod\u00f3w oraz innych miejsc zorganizowanego wypoczynku lub dzia\u0142alno\u015bci gospodarczej, z urz\u0119du lub na wniosek zainteresowanych i zawiadamia o tych ustaleniach w\u0142a\u015bcicieli nieruchomo\u015bci lub inne podmioty uwidocznione w ewidencji grunt\u00f3w i budynk\u00f3w, kt\u00f3re tymi nieruchomo\u015bciami w\u0142adaj\u0105.<\/li><li>Numery porz\u0105dkowe dotycz\u0105ce budynk\u00f3w wybudowanych lub prognozowanych na nieruchomo\u015bciach przyleg\u0142ych do ulicy po\u0142o\u017conej na granicy gminy lub przyleg\u0142ej do tej granicy ustalaj\u0105, w drodze porozumienia, w\u0142a\u015bciwi miejscowo w\u00f3jtowie (burmistrzowie,prezydenci miast).<\/li><li>Numery porz\u0105dkowe nowo budowanych budynk\u00f3w, niewykazanych w ewidencji, budynk\u00f3w mieszkalnych oraz innych budynk\u00f3w przeznaczonych do sta\u0142ego lub czasowego przebywania ludzi, ustala si\u0119 przed rozpocz\u0119ciem ich u\u017cytkowania.<\/li><li>W\u0142a\u015bciciele nieruchomo\u015bci zabudowanych lub inne podmioty uwidocznione w ewidencji grunt\u00f3w i budynk\u00f3w, kt\u00f3re takimi nieruchomo\u015bciami w\u0142adaj\u0105, maj\u0105 obowi\u0105zek umieszczeniaw&nbsp; widocznym miejscu &nbsp; &nbsp; na \u015bcianie frontowej budynku tabliczki z numerem porz\u0105dkowym w terminie 30 dni od dnia otrzymania zawiadomienia o ustaleniu tego numeru.<\/li><li>Na ww. tabliczce opr\u00f3cz numeru porz\u0105dkowego zamieszcza si\u0119 r\u00f3wnie\u017c nazw\u0119 ulicy lub placu, a w miejscowo\u015bciach bez ulic lub plac\u00f3w albo posiadaj\u0105cych ulice lub place bez nazw\u2013 nazw\u0119 miejscowo\u015bci.<\/li><\/ol>\n\n\n\n<p><strong>Wymagane dokumenty<\/strong><\/p>\n\n\n\n<ol class=\"wp-block-list\"><li>Wype\u0142niony formularz wniosku okre\u015blonego w za\u0142\u0105czniku nr 2&nbsp;do rozporz\u0105dzeniem &nbsp;w sprawie ewidencji miejscowo\u015bci, ulic i adres\u00f3w.<\/li><li>Map\u0119 lub szkic z ich lokalizacj\u0105 je\u017celi wniosek dotyczy wi\u0119cej ni\u017c jednego budynku lub sytuacja w terenie nie wskazuje jednoznacznie, kt\u00f3remu budynkowi ma zosta\u0107 ustalony numer porz\u0105dkowy.<\/li><li>Pe\u0142nomocnictwo &#8211; w przypadku ustanowienia pe\u0142nomocnika (orygina\u0142 lub urz\u0119dowo po\u015bwiadczony odpis) wraz z dowodem uiszczenia stosownej op\u0142aty.<\/li><\/ol>\n\n\n\n<p><strong>Spos\u00f3b dostarczania dokument\u00f3w<\/strong><\/p>\n\n\n\n<ol class=\"wp-block-list\"><li>Formularz wniosku jest dost\u0119pny poni\u017cej.&nbsp;&nbsp;<\/li><li>Wymagane dokumenty nale\u017cy dostarczy\u0107 do urz\u0119du na jeden z poni\u017cszych sposob\u00f3w:<ol><li>Przes\u0142a\u0107 drog\u0105 elektroniczn\u0105 przy pomocy skrzynki kontaktowej PeUP &#8211; o ile Wnioskodawca posiada bezpieczny podpis elektroniczny weryfikowany kwalifikowanym certyfikatem lub podpis elektroniczny z\u0142o\u017cony z wykorzystaniem Profilu Zaufanego ePUAP.<\/li><li>Przes\u0142a\u0107 poczt\u0105 tradycyjn\u0105 (dla cel\u00f3w dowodowych zaleca si\u0119 przes\u0142anie listem poleconym).<\/li><li>Z\u0142o\u017cy\u0107 bezpo\u015brednio w urz\u0119dzie w godzinach jego pracy.<\/li><\/ol><\/li><li>Dokumenty, kt\u00f3re maj\u0105 by\u0107 dostarczone w orygina\u0142ach lub uwierzytelnionych kopiach nale\u017cy z\u0142o\u017cy\u0107 bezpo\u015brednio w urz\u0119dzie lub przes\u0142a\u0107 poczt\u0105 tradycyjn\u0105.<\/li><li>W przypadku brak\u00f3w formalnych w dostarczonych dokumentach Wnioskodawca zostanie pisemnie wezwany do ich uzupe\u0142nienia w terminie 7 dni.<\/li><\/ol>\n\n\n\n<p>Wiecej informacji&nbsp;<a href=\"https:\/\/peup.siemianowice.pl\/#!\/karta_uslugi\/25595\/ustalenie-numeru-porzadkowego\">tutaj<\/a><\/p>\n","protected":false},"excerpt":{"rendered":"<p>Og\u00f3lny opis W\u00f3jt (burmistrz, prezydent miasta) ustala numery porz\u0105dkowe, budynk\u00f3w mieszkalnych oraz innych budynk\u00f3w przeznaczonych do sta\u0142ego lub czasowego przebywania ludzi oraz obiekt\u00f3w, takich jak: parkingi, gara\u017ce, wjazdy i wej\u015bcia do park\u00f3w, ogrod\u00f3w oraz innych miejsc zorganizowanego wypoczynku lub dzia\u0142alno\u015bci gospodarczej, z urz\u0119du lub na wniosek zainteresowanych i zawiadamia o tych ustaleniach w\u0142a\u015bcicieli nieruchomo\u015bci lub [&hellip;]<\/p>\n","protected":false},"author":40,"featured_media":0,"parent":0,"menu_order":0,"comment_status":"closed","ping_status":"closed","template":"","meta":{"_acf_changed":false,"footnotes":""},"class_list":["post-167","page","type-page","status-publish","hentry"],"acf":[],"yoast_head":"<!-- This site is optimized with the Yoast SEO plugin v26.9 - https:\/\/yoast.com\/product\/yoast-seo-wordpress\/ -->\n<title>Ustalenie numeru porz\u0105dkowego - Grodzki O\u015brodek Dokumentacji Geodezyjnej i Kartograficznej w Siemianowicach \u015al\u0105skich<\/title>\n<meta name=\"robots\" content=\"index, follow, max-snippet:-1, max-image-preview:large, max-video-preview:-1\" \/>\n<link rel=\"canonical\" href=\"https:\/\/siemianowice.pl\/geodezja\/ustalenie-numeru-porzadkowego\/\" \/>\n<meta property=\"og:locale\" content=\"pl_PL\" \/>\n<meta property=\"og:type\" content=\"article\" \/>\n<meta property=\"og:title\" content=\"Ustalenie numeru porz\u0105dkowego - Grodzki O\u015brodek Dokumentacji Geodezyjnej i Kartograficznej w Siemianowicach \u015al\u0105skich\" \/>\n<meta property=\"og:description\" content=\"Og\u00f3lny opis W\u00f3jt (burmistrz, prezydent miasta) ustala numery porz\u0105dkowe, budynk\u00f3w mieszkalnych oraz innych budynk\u00f3w przeznaczonych do sta\u0142ego lub czasowego przebywania ludzi oraz obiekt\u00f3w, takich jak: parkingi, gara\u017ce, wjazdy i wej\u015bcia do park\u00f3w, ogrod\u00f3w oraz innych miejsc zorganizowanego wypoczynku lub dzia\u0142alno\u015bci gospodarczej, z urz\u0119du lub na wniosek zainteresowanych i zawiadamia o tych ustaleniach w\u0142a\u015bcicieli nieruchomo\u015bci lub [&hellip;]\" \/>\n<meta property=\"og:url\" content=\"https:\/\/siemianowice.pl\/geodezja\/ustalenie-numeru-porzadkowego\/\" \/>\n<meta property=\"og:site_name\" content=\"Grodzki O\u015brodek Dokumentacji Geodezyjnej i Kartograficznej w Siemianowicach \u015al\u0105skich\" \/>\n<meta property=\"article:modified_time\" content=\"2022-09-14T11:46:18+00:00\" \/>\n<meta name=\"twitter:card\" content=\"summary_large_image\" \/>\n<meta name=\"twitter:label1\" content=\"Szacowany czas czytania\" \/>\n\t<meta name=\"twitter:data1\" content=\"2 minuty\" \/>\n<script type=\"application\/ld+json\" class=\"yoast-schema-graph\">{\"@context\":\"https:\/\/schema.org\",\"@graph\":[{\"@type\":\"WebPage\",\"@id\":\"https:\/\/siemianowice.pl\/geodezja\/ustalenie-numeru-porzadkowego\/\",\"url\":\"https:\/\/siemianowice.pl\/geodezja\/ustalenie-numeru-porzadkowego\/\",\"name\":\"Ustalenie numeru porz\u0105dkowego - Grodzki O\u015brodek Dokumentacji Geodezyjnej i Kartograficznej w Siemianowicach \u015al\u0105skich\",\"isPartOf\":{\"@id\":\"https:\/\/siemianowice.pl\/geodezja\/#website\"},\"datePublished\":\"2022-09-14T11:46:17+00:00\",\"dateModified\":\"2022-09-14T11:46:18+00:00\",\"breadcrumb\":{\"@id\":\"https:\/\/siemianowice.pl\/geodezja\/ustalenie-numeru-porzadkowego\/#breadcrumb\"},\"inLanguage\":\"pl-PL\",\"potentialAction\":[{\"@type\":\"ReadAction\",\"target\":[\"https:\/\/siemianowice.pl\/geodezja\/ustalenie-numeru-porzadkowego\/\"]}]},{\"@type\":\"BreadcrumbList\",\"@id\":\"https:\/\/siemianowice.pl\/geodezja\/ustalenie-numeru-porzadkowego\/#breadcrumb\",\"itemListElement\":[{\"@type\":\"ListItem\",\"position\":1,\"name\":\"Strona g\u0142\u00f3wna\",\"item\":\"https:\/\/siemianowice.pl\/geodezja\/\"},{\"@type\":\"ListItem\",\"position\":2,\"name\":\"Ustalenie numeru porz\u0105dkowego\"}]},{\"@type\":\"WebSite\",\"@id\":\"https:\/\/siemianowice.pl\/geodezja\/#website\",\"url\":\"https:\/\/siemianowice.pl\/geodezja\/\",\"name\":\"Grodzki O\u015brodek Dokumentacji Geodezyjnej i Kartograficznej w Siemianowicach \u015al\u0105skich\",\"description\":\"Kolejna witryna sieci &#8222;Urz\u0105d Miasta w Siemianowicach \u015al\u0105skich&#8221;\",\"potentialAction\":[{\"@type\":\"SearchAction\",\"target\":{\"@type\":\"EntryPoint\",\"urlTemplate\":\"https:\/\/siemianowice.pl\/geodezja\/?s={search_term_string}\"},\"query-input\":{\"@type\":\"PropertyValueSpecification\",\"valueRequired\":true,\"valueName\":\"search_term_string\"}}],\"inLanguage\":\"pl-PL\"}]}<\/script>\n<!-- \/ Yoast SEO plugin. -->","yoast_head_json":{"title":"Ustalenie numeru porz\u0105dkowego - Grodzki O\u015brodek Dokumentacji Geodezyjnej i Kartograficznej w Siemianowicach \u015al\u0105skich","robots":{"index":"index","follow":"follow","max-snippet":"max-snippet:-1","max-image-preview":"max-image-preview:large","max-video-preview":"max-video-preview:-1"},"canonical":"https:\/\/siemianowice.pl\/geodezja\/ustalenie-numeru-porzadkowego\/","og_locale":"pl_PL","og_type":"article","og_title":"Ustalenie numeru porz\u0105dkowego - Grodzki O\u015brodek Dokumentacji Geodezyjnej i Kartograficznej w Siemianowicach \u015al\u0105skich","og_description":"Og\u00f3lny opis W\u00f3jt (burmistrz, prezydent miasta) ustala numery porz\u0105dkowe, budynk\u00f3w mieszkalnych oraz innych budynk\u00f3w przeznaczonych do sta\u0142ego lub czasowego przebywania ludzi oraz obiekt\u00f3w, takich jak: parkingi, gara\u017ce, wjazdy i wej\u015bcia do park\u00f3w, ogrod\u00f3w oraz innych miejsc zorganizowanego wypoczynku lub dzia\u0142alno\u015bci gospodarczej, z urz\u0119du lub na wniosek zainteresowanych i zawiadamia o tych ustaleniach w\u0142a\u015bcicieli nieruchomo\u015bci lub [&hellip;]","og_url":"https:\/\/siemianowice.pl\/geodezja\/ustalenie-numeru-porzadkowego\/","og_site_name":"Grodzki O\u015brodek Dokumentacji Geodezyjnej i Kartograficznej w Siemianowicach \u015al\u0105skich","article_modified_time":"2022-09-14T11:46:18+00:00","twitter_card":"summary_large_image","twitter_misc":{"Szacowany czas czytania":"2 minuty"},"schema":{"@context":"https:\/\/schema.org","@graph":[{"@type":"WebPage","@id":"https:\/\/siemianowice.pl\/geodezja\/ustalenie-numeru-porzadkowego\/","url":"https:\/\/siemianowice.pl\/geodezja\/ustalenie-numeru-porzadkowego\/","name":"Ustalenie numeru porz\u0105dkowego - Grodzki O\u015brodek Dokumentacji Geodezyjnej i Kartograficznej w Siemianowicach \u015al\u0105skich","isPartOf":{"@id":"https:\/\/siemianowice.pl\/geodezja\/#website"},"datePublished":"2022-09-14T11:46:17+00:00","dateModified":"2022-09-14T11:46:18+00:00","breadcrumb":{"@id":"https:\/\/siemianowice.pl\/geodezja\/ustalenie-numeru-porzadkowego\/#breadcrumb"},"inLanguage":"pl-PL","potentialAction":[{"@type":"ReadAction","target":["https:\/\/siemianowice.pl\/geodezja\/ustalenie-numeru-porzadkowego\/"]}]},{"@type":"BreadcrumbList","@id":"https:\/\/siemianowice.pl\/geodezja\/ustalenie-numeru-porzadkowego\/#breadcrumb","itemListElement":[{"@type":"ListItem","position":1,"name":"Strona g\u0142\u00f3wna","item":"https:\/\/siemianowice.pl\/geodezja\/"},{"@type":"ListItem","position":2,"name":"Ustalenie numeru porz\u0105dkowego"}]},{"@type":"WebSite","@id":"https:\/\/siemianowice.pl\/geodezja\/#website","url":"https:\/\/siemianowice.pl\/geodezja\/","name":"Grodzki O\u015brodek Dokumentacji Geodezyjnej i Kartograficznej w Siemianowicach \u015al\u0105skich","description":"Kolejna witryna sieci &#8222;Urz\u0105d Miasta w Siemianowicach \u015al\u0105skich&#8221;","potentialAction":[{"@type":"SearchAction","target":{"@type":"EntryPoint","urlTemplate":"https:\/\/siemianowice.pl\/geodezja\/?s={search_term_string}"},"query-input":{"@type":"PropertyValueSpecification","valueRequired":true,"valueName":"search_term_string"}}],"inLanguage":"pl-PL"}]}},"_links":{"self":[{"href":"https:\/\/siemianowice.pl\/geodezja\/wp-json\/wp\/v2\/pages\/167","targetHints":{"allow":["GET"]}}],"collection":[{"href":"https:\/\/siemianowice.pl\/geodezja\/wp-json\/wp\/v2\/pages"}],"about":[{"href":"https:\/\/siemianowice.pl\/geodezja\/wp-json\/wp\/v2\/types\/page"}],"author":[{"embeddable":true,"href":"https:\/\/siemianowice.pl\/geodezja\/wp-json\/wp\/v2\/users\/40"}],"replies":[{"embeddable":true,"href":"https:\/\/siemianowice.pl\/geodezja\/wp-json\/wp\/v2\/comments?post=167"}],"version-history":[{"count":1,"href":"https:\/\/siemianowice.pl\/geodezja\/wp-json\/wp\/v2\/pages\/167\/revisions"}],"predecessor-version":[{"id":168,"href":"https:\/\/siemianowice.pl\/geodezja\/wp-json\/wp\/v2\/pages\/167\/revisions\/168"}],"wp:attachment":[{"href":"https:\/\/siemianowice.pl\/geodezja\/wp-json\/wp\/v2\/media?parent=167"}],"curies":[{"name":"wp","href":"https:\/\/api.w.org\/{rel}","templated":true}]}}