{"id":170,"date":"2022-09-14T13:48:34","date_gmt":"2022-09-14T11:48:34","guid":{"rendered":"https:\/\/siemianowice.pl\/geodezja\/?page_id=170"},"modified":"2022-09-14T13:48:34","modified_gmt":"2022-09-14T11:48:34","slug":"rozgraniczenie-nieruchomosci","status":"publish","type":"page","link":"https:\/\/siemianowice.pl\/geodezja\/rozgraniczenie-nieruchomosci\/","title":{"rendered":"Rozgraniczenie nieruchomo\u015bci"},"content":{"rendered":"\n<p><strong>Og\u00f3lny opis<\/strong><\/p>\n\n\n\n<ol class=\"wp-block-list\"><li>Rozgraniczenie nieruchomo\u015bci ma na celu ustalenie przebiegu ich granic przez okre\u015blenie po\u0142o\u017cenia punkt\u00f3w i linii granicznych, utrwalenie tych punkt\u00f3w znakami granicznymi na gruncie oraz sporz\u0105dzenie odpowiednich dokument\u00f3w.<\/li><li>Rozgraniczeniu podlegaj\u0105, w miar\u0119 potrzeby, wszystkie albo niekt\u00f3re granice okre\u015blonej nieruchomo\u015bci z przyleg\u0142ymi nieruchomo\u015bciami lub innymi gruntami.<\/li><li>W\u00f3jtowie (burmistrzowie, prezydenci miast) przeprowadzaj\u0105 rozgraniczenie nieruchomo\u015bci z urz\u0119du lub na wniosek strony.<\/li><li>Koszty post\u0119powania ponosi Wnioskodawca lub w\u0142a\u015bciciele rozgraniczanych nieruchomo\u015bci.<\/li><li>Czynno\u015bci ustalania przebiegu granic wykonuje geodeta upowa\u017cniony przez w\u00f3jta (burmistrza, prezydenta miasta).<\/li><li>W razie sporu co do przebiegu linii granicznych, geodeta nak\u0142ania strony do zawarcia ugody. Ugoda zawarta przed geodet\u0105 posiada moc ugody s\u0105dowej.<\/li><li>W\u00f3jt (burmistrz, prezydent miasta) wydaje decyzj\u0119 o rozgraniczeniu nieruchomo\u015bci, je\u017celi zainteresowani w\u0142a\u015bciciele nieruchomo\u015bci nie zawarli ugody, a ustalenie przebiegu granicy nast\u0105pi\u0142o na podstawie zebranych dowod\u00f3w lub zgodnego o\u015bwiadczenia stron.<\/li><li>Je\u017celi w razie sporu co do przebiegu linii granicznych nie dojdzie do zawarcia ugody lub nie ma podstaw do wydania ww. decyzji, upowa\u017cniony geodeta tymczasowo utrwala punkty graniczne wed\u0142ug ostatniego stanu spokojnego posiadania, dokument\u00f3w i wskaza\u0144 stron, oznacza je na szkicu granicznym, sporz\u0105dza opini\u0119 i ca\u0142o\u015b\u0107 dokumentacji przekazuje w\u0142a\u015bciwemu w\u00f3jtowi (burmistrzowi, prezydentowi miasta).<\/li><li>W opisanej sytuacji w\u00f3jt (burmistrz, prezydent miasta) umarza post\u0119powanie administracyjne i przekazuje spraw\u0119 z urz\u0119du do rozpatrzenia s\u0105dowi.<\/li><li>S\u0105d rozpatruje sprawy o rozgraniczenie nieruchomo\u015bci w trybie post\u0119powania nieprocesowego.<\/li><li>W celu rozpocz\u0119cia procedury wszcz\u0119cia rozgraniczenia nieruchomo\u015bci nale\u017cy z\u0142o\u017cy\u0107 stosowny wniosek wraz z dowodem wniesienia (uiszczenia) op\u0142aty skarbowej.<\/li><\/ol>\n\n\n\n<p><strong>Wymagane dokumenty<\/strong><\/p>\n\n\n\n<ol class=\"wp-block-list\"><li>Wype\u0142niony formularz wniosku.<\/li><li>Dow\u00f3d wniesienia (uiszczenia) op\u0142aty.<\/li><li>Pe\u0142nomocnictwo &#8211; w przypadku ustanowienia pe\u0142nomocnika (orygina\u0142 lub urz\u0119dowo po\u015bwiadczony odpis) wraz z dowodem uiszczenia stosownej op\u0142aty.<\/li><\/ol>\n\n\n\n<p><strong>Spos\u00f3b dostarczania dokument\u00f3w<\/strong><\/p>\n\n\n\n<ol class=\"wp-block-list\"><li>Formularz wniosku jest dost\u0119pny poni\u017cej.<\/li><li>Wymagane dokumenty nale\u017cy dostarczy\u0107 do urz\u0119du na jeden z poni\u017cszych sposob\u00f3w:<ol><li>Przes\u0142a\u0107 drog\u0105 elektroniczn\u0105 przy pomocy skrzynki kontaktowej PeUP &#8211; o ile Wnioskodawca posiada bezpieczny podpis elektroniczny weryfikowany kwalifikowanym certyfikatem lub podpis elektroniczny z\u0142o\u017cony z wykorzystaniem Profilu Zaufanego ePUAP.<\/li><li>Przes\u0142a\u0107 poczt\u0105 tradycyjn\u0105 (dla cel\u00f3w dowodowych zaleca si\u0119 przes\u0142anie listem poleconym).<\/li><li>Z\u0142o\u017cy\u0107 bezpo\u015brednio w urz\u0119dzie w godzinach jego pracy.<\/li><\/ol><\/li><li>Dokumenty, kt\u00f3re maj\u0105 by\u0107 dostarczone w orygina\u0142ach lub uwierzytelnionych kopiach nale\u017cy z\u0142o\u017cy\u0107 bezpo\u015brednio w urz\u0119dzie lub przes\u0142a\u0107 poczt\u0105 tradycyjn\u0105.<\/li><li>W przypadku brak\u00f3w formalnych w dostarczonych dokumentach Wnioskodawca zostanie pisemnie wezwany do ich uzupe\u0142nienia w terminie 7 dni.<\/li><\/ol>\n\n\n\n<p>Wi\u0119cej informacji&nbsp;<a href=\"https:\/\/peup.siemianowice.pl\/#!\/karta_uslugi\/25645\/rozgraniczenie-nieruchomosci\">tutaj.<\/a><\/p>\n","protected":false},"excerpt":{"rendered":"<p>Og\u00f3lny opis Rozgraniczenie nieruchomo\u015bci ma na celu ustalenie przebiegu ich granic przez okre\u015blenie po\u0142o\u017cenia punkt\u00f3w i linii granicznych, utrwalenie tych punkt\u00f3w znakami granicznymi na gruncie oraz sporz\u0105dzenie odpowiednich dokument\u00f3w. Rozgraniczeniu podlegaj\u0105, w miar\u0119 potrzeby, wszystkie albo niekt\u00f3re granice okre\u015blonej nieruchomo\u015bci z przyleg\u0142ymi nieruchomo\u015bciami lub innymi gruntami. W\u00f3jtowie (burmistrzowie, prezydenci miast) przeprowadzaj\u0105 rozgraniczenie nieruchomo\u015bci z urz\u0119du [&hellip;]<\/p>\n","protected":false},"author":40,"featured_media":0,"parent":0,"menu_order":0,"comment_status":"closed","ping_status":"closed","template":"","meta":{"_acf_changed":false,"footnotes":""},"class_list":["post-170","page","type-page","status-publish","hentry"],"acf":[],"yoast_head":"<!-- This site is optimized with the Yoast SEO plugin v26.9 - https:\/\/yoast.com\/product\/yoast-seo-wordpress\/ -->\n<title>Rozgraniczenie nieruchomo\u015bci - Grodzki O\u015brodek Dokumentacji Geodezyjnej i Kartograficznej w Siemianowicach \u015al\u0105skich<\/title>\n<meta name=\"robots\" content=\"index, follow, max-snippet:-1, max-image-preview:large, max-video-preview:-1\" \/>\n<link rel=\"canonical\" href=\"https:\/\/siemianowice.pl\/geodezja\/rozgraniczenie-nieruchomosci\/\" \/>\n<meta property=\"og:locale\" content=\"pl_PL\" \/>\n<meta property=\"og:type\" content=\"article\" \/>\n<meta property=\"og:title\" content=\"Rozgraniczenie nieruchomo\u015bci - Grodzki O\u015brodek Dokumentacji Geodezyjnej i Kartograficznej w Siemianowicach \u015al\u0105skich\" \/>\n<meta property=\"og:description\" content=\"Og\u00f3lny opis Rozgraniczenie nieruchomo\u015bci ma na celu ustalenie przebiegu ich granic przez okre\u015blenie po\u0142o\u017cenia punkt\u00f3w i linii granicznych, utrwalenie tych punkt\u00f3w znakami granicznymi na gruncie oraz sporz\u0105dzenie odpowiednich dokument\u00f3w. Rozgraniczeniu podlegaj\u0105, w miar\u0119 potrzeby, wszystkie albo niekt\u00f3re granice okre\u015blonej nieruchomo\u015bci z przyleg\u0142ymi nieruchomo\u015bciami lub innymi gruntami. W\u00f3jtowie (burmistrzowie, prezydenci miast) przeprowadzaj\u0105 rozgraniczenie nieruchomo\u015bci z urz\u0119du [&hellip;]\" \/>\n<meta property=\"og:url\" content=\"https:\/\/siemianowice.pl\/geodezja\/rozgraniczenie-nieruchomosci\/\" \/>\n<meta property=\"og:site_name\" content=\"Grodzki O\u015brodek Dokumentacji Geodezyjnej i Kartograficznej w Siemianowicach \u015al\u0105skich\" \/>\n<meta name=\"twitter:card\" content=\"summary_large_image\" \/>\n<meta name=\"twitter:label1\" content=\"Szacowany czas czytania\" \/>\n\t<meta name=\"twitter:data1\" content=\"2 minuty\" \/>\n<script type=\"application\/ld+json\" class=\"yoast-schema-graph\">{\"@context\":\"https:\/\/schema.org\",\"@graph\":[{\"@type\":\"WebPage\",\"@id\":\"https:\/\/siemianowice.pl\/geodezja\/rozgraniczenie-nieruchomosci\/\",\"url\":\"https:\/\/siemianowice.pl\/geodezja\/rozgraniczenie-nieruchomosci\/\",\"name\":\"Rozgraniczenie nieruchomo\u015bci - Grodzki O\u015brodek Dokumentacji Geodezyjnej i Kartograficznej w Siemianowicach \u015al\u0105skich\",\"isPartOf\":{\"@id\":\"https:\/\/siemianowice.pl\/geodezja\/#website\"},\"datePublished\":\"2022-09-14T11:48:34+00:00\",\"breadcrumb\":{\"@id\":\"https:\/\/siemianowice.pl\/geodezja\/rozgraniczenie-nieruchomosci\/#breadcrumb\"},\"inLanguage\":\"pl-PL\",\"potentialAction\":[{\"@type\":\"ReadAction\",\"target\":[\"https:\/\/siemianowice.pl\/geodezja\/rozgraniczenie-nieruchomosci\/\"]}]},{\"@type\":\"BreadcrumbList\",\"@id\":\"https:\/\/siemianowice.pl\/geodezja\/rozgraniczenie-nieruchomosci\/#breadcrumb\",\"itemListElement\":[{\"@type\":\"ListItem\",\"position\":1,\"name\":\"Strona g\u0142\u00f3wna\",\"item\":\"https:\/\/siemianowice.pl\/geodezja\/\"},{\"@type\":\"ListItem\",\"position\":2,\"name\":\"Rozgraniczenie nieruchomo\u015bci\"}]},{\"@type\":\"WebSite\",\"@id\":\"https:\/\/siemianowice.pl\/geodezja\/#website\",\"url\":\"https:\/\/siemianowice.pl\/geodezja\/\",\"name\":\"Grodzki O\u015brodek Dokumentacji Geodezyjnej i Kartograficznej w Siemianowicach \u015al\u0105skich\",\"description\":\"Kolejna witryna sieci &#8222;Urz\u0105d Miasta w Siemianowicach \u015al\u0105skich&#8221;\",\"potentialAction\":[{\"@type\":\"SearchAction\",\"target\":{\"@type\":\"EntryPoint\",\"urlTemplate\":\"https:\/\/siemianowice.pl\/geodezja\/?s={search_term_string}\"},\"query-input\":{\"@type\":\"PropertyValueSpecification\",\"valueRequired\":true,\"valueName\":\"search_term_string\"}}],\"inLanguage\":\"pl-PL\"}]}<\/script>\n<!-- \/ Yoast SEO plugin. -->","yoast_head_json":{"title":"Rozgraniczenie nieruchomo\u015bci - Grodzki O\u015brodek Dokumentacji Geodezyjnej i Kartograficznej w Siemianowicach \u015al\u0105skich","robots":{"index":"index","follow":"follow","max-snippet":"max-snippet:-1","max-image-preview":"max-image-preview:large","max-video-preview":"max-video-preview:-1"},"canonical":"https:\/\/siemianowice.pl\/geodezja\/rozgraniczenie-nieruchomosci\/","og_locale":"pl_PL","og_type":"article","og_title":"Rozgraniczenie nieruchomo\u015bci - Grodzki O\u015brodek Dokumentacji Geodezyjnej i Kartograficznej w Siemianowicach \u015al\u0105skich","og_description":"Og\u00f3lny opis Rozgraniczenie nieruchomo\u015bci ma na celu ustalenie przebiegu ich granic przez okre\u015blenie po\u0142o\u017cenia punkt\u00f3w i linii granicznych, utrwalenie tych punkt\u00f3w znakami granicznymi na gruncie oraz sporz\u0105dzenie odpowiednich dokument\u00f3w. Rozgraniczeniu podlegaj\u0105, w miar\u0119 potrzeby, wszystkie albo niekt\u00f3re granice okre\u015blonej nieruchomo\u015bci z przyleg\u0142ymi nieruchomo\u015bciami lub innymi gruntami. W\u00f3jtowie (burmistrzowie, prezydenci miast) przeprowadzaj\u0105 rozgraniczenie nieruchomo\u015bci z urz\u0119du [&hellip;]","og_url":"https:\/\/siemianowice.pl\/geodezja\/rozgraniczenie-nieruchomosci\/","og_site_name":"Grodzki O\u015brodek Dokumentacji Geodezyjnej i Kartograficznej w Siemianowicach \u015al\u0105skich","twitter_card":"summary_large_image","twitter_misc":{"Szacowany czas czytania":"2 minuty"},"schema":{"@context":"https:\/\/schema.org","@graph":[{"@type":"WebPage","@id":"https:\/\/siemianowice.pl\/geodezja\/rozgraniczenie-nieruchomosci\/","url":"https:\/\/siemianowice.pl\/geodezja\/rozgraniczenie-nieruchomosci\/","name":"Rozgraniczenie nieruchomo\u015bci - Grodzki O\u015brodek Dokumentacji Geodezyjnej i Kartograficznej w Siemianowicach \u015al\u0105skich","isPartOf":{"@id":"https:\/\/siemianowice.pl\/geodezja\/#website"},"datePublished":"2022-09-14T11:48:34+00:00","breadcrumb":{"@id":"https:\/\/siemianowice.pl\/geodezja\/rozgraniczenie-nieruchomosci\/#breadcrumb"},"inLanguage":"pl-PL","potentialAction":[{"@type":"ReadAction","target":["https:\/\/siemianowice.pl\/geodezja\/rozgraniczenie-nieruchomosci\/"]}]},{"@type":"BreadcrumbList","@id":"https:\/\/siemianowice.pl\/geodezja\/rozgraniczenie-nieruchomosci\/#breadcrumb","itemListElement":[{"@type":"ListItem","position":1,"name":"Strona g\u0142\u00f3wna","item":"https:\/\/siemianowice.pl\/geodezja\/"},{"@type":"ListItem","position":2,"name":"Rozgraniczenie nieruchomo\u015bci"}]},{"@type":"WebSite","@id":"https:\/\/siemianowice.pl\/geodezja\/#website","url":"https:\/\/siemianowice.pl\/geodezja\/","name":"Grodzki O\u015brodek Dokumentacji Geodezyjnej i Kartograficznej w Siemianowicach \u015al\u0105skich","description":"Kolejna witryna sieci &#8222;Urz\u0105d Miasta w Siemianowicach \u015al\u0105skich&#8221;","potentialAction":[{"@type":"SearchAction","target":{"@type":"EntryPoint","urlTemplate":"https:\/\/siemianowice.pl\/geodezja\/?s={search_term_string}"},"query-input":{"@type":"PropertyValueSpecification","valueRequired":true,"valueName":"search_term_string"}}],"inLanguage":"pl-PL"}]}},"_links":{"self":[{"href":"https:\/\/siemianowice.pl\/geodezja\/wp-json\/wp\/v2\/pages\/170","targetHints":{"allow":["GET"]}}],"collection":[{"href":"https:\/\/siemianowice.pl\/geodezja\/wp-json\/wp\/v2\/pages"}],"about":[{"href":"https:\/\/siemianowice.pl\/geodezja\/wp-json\/wp\/v2\/types\/page"}],"author":[{"embeddable":true,"href":"https:\/\/siemianowice.pl\/geodezja\/wp-json\/wp\/v2\/users\/40"}],"replies":[{"embeddable":true,"href":"https:\/\/siemianowice.pl\/geodezja\/wp-json\/wp\/v2\/comments?post=170"}],"version-history":[{"count":1,"href":"https:\/\/siemianowice.pl\/geodezja\/wp-json\/wp\/v2\/pages\/170\/revisions"}],"predecessor-version":[{"id":171,"href":"https:\/\/siemianowice.pl\/geodezja\/wp-json\/wp\/v2\/pages\/170\/revisions\/171"}],"wp:attachment":[{"href":"https:\/\/siemianowice.pl\/geodezja\/wp-json\/wp\/v2\/media?parent=170"}],"curies":[{"name":"wp","href":"https:\/\/api.w.org\/{rel}","templated":true}]}}