{"id":178,"date":"2022-09-14T13:53:53","date_gmt":"2022-09-14T11:53:53","guid":{"rendered":"https:\/\/siemianowice.pl\/geodezja\/?page_id=178"},"modified":"2022-09-14T13:53:53","modified_gmt":"2022-09-14T11:53:53","slug":"wydanie-opinii-o-mozliwosci-podzialu-nieruchomosci","status":"publish","type":"page","link":"https:\/\/siemianowice.pl\/geodezja\/wydanie-opinii-o-mozliwosci-podzialu-nieruchomosci\/","title":{"rendered":"Wydanie opinii o mo\u017cliwo\u015bci podzia\u0142u nieruchomo\u015bci"},"content":{"rendered":"\n<p><strong>Og\u00f3lny opis<\/strong><\/p>\n\n\n\n<h4 class=\"wp-block-heading\"><strong>Us\u0142ug\u0119 realizuje WYDZIA\u0141 GEODEZJI&nbsp;<\/strong><\/h4>\n\n\n\n<p>W przypadku podzia\u0142\u00f3w zale\u017cnych od ustale\u0144 planu miejscowego, a w przypadku jego braku &#8211; zale\u017cnych od decyzji o warunkach zabudowy i zagospodarowania terenu oraz gdy nie jest on sprzeczny z przepisami odr\u0119bnymi, procedura podzia\u0142u nieruchomo\u015bci przebiega dwuetapowo.W pierwszym etapie wydawana jest opinia (w formie postanowienia) o mo\u017cliwo\u015bci podzia\u0142u nieruchomo\u015bci, a w drugim &#8211; decyzja zatwierdzaj\u0105ca podzia\u0142 nieruchomo\u015bci. Niniejsza karta opisuje uzyskanie opinii o mo\u017cliwo\u015bci podzia\u0142u nieruchomo\u015bci. W celu uzyskania opinii o mo\u017cliwo\u015bci podzia\u0142u nieruchomo\u015bci nale\u017cy z\u0142o\u017cy\u0107 stosowny wniosek wraz z wymaganymi za\u0142\u0105cznikami. Wst\u0119pne warunki uzyskania zgody od w\u0142a\u015bciwego zarz\u0105dcy drogi publicznej na utworzenie nowego zjazdu do nowo wydzielanych dzia\u0142ek.<\/p>\n\n\n\n<p><strong>Wymagane dokumenty<\/strong><\/p>\n\n\n\n<ol class=\"wp-block-list\"><li>Wype\u0142niony formularz wniosku.<\/li><li>Dokument stwierdzaj\u0105cy tytu\u0142 prawny do nieruchomo\u015bci (np.: odpis z Ksi\u0119gi Wieczystej, umowa w formie aktu notarialnego, postanowienie stwierdzaj\u0105ce nabycie spadku, o\u015bwiadczenie przedstawiaj\u0105ce aktualny stan wypis\u00f3w w ksi\u0119dze wieczystej za\u0142o\u017conej dla nieruchomo\u015bci obj\u0119tej wnioskiem wraz ze wskazaniem numeru ksi\u0119gi wieczystej, za\u015bwiadczenie o stanie prawnym, jaki wynika ze zbioru dokument\u00f3w).<\/li><li>Wypis z katastru nieruchomo\u015bci i kopia mapy katastralnej obejmuj\u0105ca nieruchomo\u015b\u0107 podlegaj\u0105c\u0105 podzia\u0142owi &#8211; w przypadku gdy dana jednostka administracyjna nie prowadzi rejestru ewidencji grunt\u00f3w i budynk\u00f3w.<\/li><li>Rzuty poszczeg\u00f3lnych kondygnacji budynk\u00f3w wraz z przedstawieniem przebiegu projektowanej granicy &#8211; w przypadku gdy przedmiotem podzia\u0142u jest nieruchomo\u015b\u0107 zabudowana a proponowany jej podzia\u0142 powoduje tak\u017ce podzia\u0142 budynku.<\/li><li>Wst\u0119pny projekt podzia\u0142u opracowany na kopii mapy zasadniczej, a w przypadku jej braku &#8211; na kopii mapy katastralnej (potwierdzonej przez organ j\u0105 wydaj\u0105cy &#8211; mapa do cel\u00f3w opiniodawczych) &#8211; uzupe\u0142nionych w razie potrzeby niezb\u0119dnymi dla projektu podzia\u0142u elementami zagospodarowania terenu.<\/li><li>Pozwolenie na podzia\u0142 nieruchomo\u015bci wydane przez wojew\u00f3dzkiego konserwatora zabytk\u00f3w &#8211; w przypadku nieruchomo\u015bci wpisanej do rejestru zabytk\u00f3w.<\/li><li>Pe\u0142nomocnictwo &#8211; w przypadku ustanowienia pe\u0142nomocnika (orygina\u0142 lub urz\u0119dowo po\u015bwiadczony odpis).<\/li><\/ol>\n\n\n\n<p><strong>Spos\u00f3b dostarczania dokument\u00f3w<\/strong><\/p>\n\n\n\n<ol class=\"wp-block-list\"><li>Formularz wniosku jest dost\u0119pny poni\u017cej.<\/li><li>Wymagane dokumenty nale\u017cy dostarczy\u0107 do urz\u0119du na jeden z poni\u017cszych sposob\u00f3w:<ol><li>Przes\u0142a\u0107 drog\u0105 elektroniczn\u0105 przy pomocy skrzynki kontaktowej PeUP &#8211; o ile Wnioskodawca posiada bezpieczny podpis elektroniczny weryfikowany kwalifikowanym certyfikatem lub podpis elektroniczny z\u0142o\u017cony z wykorzystaniem Profilu Zaufanego ePUAP.<\/li><li>Przes\u0142a\u0107 poczt\u0105 tradycyjn\u0105 (dla cel\u00f3w dowodowych zaleca si\u0119 przes\u0142anie listem poleconym).<\/li><li>Z\u0142o\u017cy\u0107 bezpo\u015brednio w urz\u0119dzie w godzinach jego pracy.<\/li><\/ol><\/li><li>Dokumenty do wgl\u0105du nale\u017cy przedstawi\u0107:<ol><li>W sytuacji bezpo\u015bredniego kontaktu z urz\u0119dem &#8211; przy sk\u0142adaniu wniosku.<\/li><li>W sytuacji korzystania ze skrzynki PeUP lub drogi pocztowej &#8211; dostarczy\u0107 bezpo\u015brednio do urz\u0119du, jako uzupe\u0142nienie wcze\u015bniej przes\u0142anego wniosku lub przes\u0142a\u0107 poczt\u0105, a urz\u0105d po dokonaniu odpowiednich czynno\u015bci dokumenty te ode\u015ble na wskazany adres.<\/li><\/ol><\/li><li>Dokumenty, kt\u00f3re maj\u0105 by\u0107 dostarczone w orygina\u0142ach lub uwierzytelnionych kopiach nale\u017cy z\u0142o\u017cy\u0107 bezpo\u015brednio w urz\u0119dzie lub przes\u0142a\u0107 poczt\u0105 tradycyjn\u0105.<\/li><li>W przypadku brak\u00f3w formalnych w dostarczonych dokumentach Wnioskodawca zostanie pisemnie wezwany do ich uzupe\u0142nienia w terminie 7 dni.<\/li><\/ol>\n\n\n\n<p>Wi\u0119cej informacji&nbsp;<a href=\"https:\/\/peup.siemianowice.pl\/#!\/karta_uslugi\/29963\/wydanie-opinii-o-mozliwosci-podzialu-nieruchomosci\">tutaj.<\/a><\/p>\n","protected":false},"excerpt":{"rendered":"<p>Og\u00f3lny opis Us\u0142ug\u0119 realizuje WYDZIA\u0141 GEODEZJI&nbsp; W przypadku podzia\u0142\u00f3w zale\u017cnych od ustale\u0144 planu miejscowego, a w przypadku jego braku &#8211; zale\u017cnych od decyzji o warunkach zabudowy i zagospodarowania terenu oraz gdy nie jest on sprzeczny z przepisami odr\u0119bnymi, procedura podzia\u0142u nieruchomo\u015bci przebiega dwuetapowo.W pierwszym etapie wydawana jest opinia (w formie postanowienia) o mo\u017cliwo\u015bci podzia\u0142u nieruchomo\u015bci, [&hellip;]<\/p>\n","protected":false},"author":40,"featured_media":0,"parent":0,"menu_order":0,"comment_status":"closed","ping_status":"closed","template":"","meta":{"_acf_changed":false,"footnotes":""},"class_list":["post-178","page","type-page","status-publish","hentry"],"acf":[],"yoast_head":"<!-- This site is optimized with the Yoast SEO plugin v26.9 - https:\/\/yoast.com\/product\/yoast-seo-wordpress\/ -->\n<title>Wydanie opinii o mo\u017cliwo\u015bci podzia\u0142u nieruchomo\u015bci - Grodzki O\u015brodek Dokumentacji Geodezyjnej i Kartograficznej w Siemianowicach \u015al\u0105skich<\/title>\n<meta name=\"robots\" content=\"index, follow, max-snippet:-1, max-image-preview:large, max-video-preview:-1\" \/>\n<link rel=\"canonical\" href=\"https:\/\/siemianowice.pl\/geodezja\/wydanie-opinii-o-mozliwosci-podzialu-nieruchomosci\/\" \/>\n<meta property=\"og:locale\" content=\"pl_PL\" \/>\n<meta property=\"og:type\" content=\"article\" \/>\n<meta property=\"og:title\" content=\"Wydanie opinii o mo\u017cliwo\u015bci podzia\u0142u nieruchomo\u015bci - Grodzki O\u015brodek Dokumentacji Geodezyjnej i Kartograficznej w Siemianowicach \u015al\u0105skich\" \/>\n<meta property=\"og:description\" content=\"Og\u00f3lny opis Us\u0142ug\u0119 realizuje WYDZIA\u0141 GEODEZJI&nbsp; W przypadku podzia\u0142\u00f3w zale\u017cnych od ustale\u0144 planu miejscowego, a w przypadku jego braku &#8211; zale\u017cnych od decyzji o warunkach zabudowy i zagospodarowania terenu oraz gdy nie jest on sprzeczny z przepisami odr\u0119bnymi, procedura podzia\u0142u nieruchomo\u015bci przebiega dwuetapowo.W pierwszym etapie wydawana jest opinia (w formie postanowienia) o mo\u017cliwo\u015bci podzia\u0142u nieruchomo\u015bci, [&hellip;]\" \/>\n<meta property=\"og:url\" content=\"https:\/\/siemianowice.pl\/geodezja\/wydanie-opinii-o-mozliwosci-podzialu-nieruchomosci\/\" \/>\n<meta property=\"og:site_name\" content=\"Grodzki O\u015brodek Dokumentacji Geodezyjnej i Kartograficznej w Siemianowicach \u015al\u0105skich\" \/>\n<meta name=\"twitter:card\" content=\"summary_large_image\" \/>\n<meta name=\"twitter:label1\" content=\"Szacowany czas czytania\" \/>\n\t<meta name=\"twitter:data1\" content=\"2 minuty\" \/>\n<script type=\"application\/ld+json\" class=\"yoast-schema-graph\">{\"@context\":\"https:\/\/schema.org\",\"@graph\":[{\"@type\":\"WebPage\",\"@id\":\"https:\/\/siemianowice.pl\/geodezja\/wydanie-opinii-o-mozliwosci-podzialu-nieruchomosci\/\",\"url\":\"https:\/\/siemianowice.pl\/geodezja\/wydanie-opinii-o-mozliwosci-podzialu-nieruchomosci\/\",\"name\":\"Wydanie opinii o mo\u017cliwo\u015bci podzia\u0142u nieruchomo\u015bci - Grodzki O\u015brodek Dokumentacji Geodezyjnej i Kartograficznej w Siemianowicach \u015al\u0105skich\",\"isPartOf\":{\"@id\":\"https:\/\/siemianowice.pl\/geodezja\/#website\"},\"datePublished\":\"2022-09-14T11:53:53+00:00\",\"breadcrumb\":{\"@id\":\"https:\/\/siemianowice.pl\/geodezja\/wydanie-opinii-o-mozliwosci-podzialu-nieruchomosci\/#breadcrumb\"},\"inLanguage\":\"pl-PL\",\"potentialAction\":[{\"@type\":\"ReadAction\",\"target\":[\"https:\/\/siemianowice.pl\/geodezja\/wydanie-opinii-o-mozliwosci-podzialu-nieruchomosci\/\"]}]},{\"@type\":\"BreadcrumbList\",\"@id\":\"https:\/\/siemianowice.pl\/geodezja\/wydanie-opinii-o-mozliwosci-podzialu-nieruchomosci\/#breadcrumb\",\"itemListElement\":[{\"@type\":\"ListItem\",\"position\":1,\"name\":\"Strona g\u0142\u00f3wna\",\"item\":\"https:\/\/siemianowice.pl\/geodezja\/\"},{\"@type\":\"ListItem\",\"position\":2,\"name\":\"Wydanie opinii o mo\u017cliwo\u015bci podzia\u0142u nieruchomo\u015bci\"}]},{\"@type\":\"WebSite\",\"@id\":\"https:\/\/siemianowice.pl\/geodezja\/#website\",\"url\":\"https:\/\/siemianowice.pl\/geodezja\/\",\"name\":\"Grodzki O\u015brodek Dokumentacji Geodezyjnej i Kartograficznej w Siemianowicach \u015al\u0105skich\",\"description\":\"Kolejna witryna sieci &#8222;Urz\u0105d Miasta w Siemianowicach \u015al\u0105skich&#8221;\",\"potentialAction\":[{\"@type\":\"SearchAction\",\"target\":{\"@type\":\"EntryPoint\",\"urlTemplate\":\"https:\/\/siemianowice.pl\/geodezja\/?s={search_term_string}\"},\"query-input\":{\"@type\":\"PropertyValueSpecification\",\"valueRequired\":true,\"valueName\":\"search_term_string\"}}],\"inLanguage\":\"pl-PL\"}]}<\/script>\n<!-- \/ Yoast SEO plugin. -->","yoast_head_json":{"title":"Wydanie opinii o mo\u017cliwo\u015bci podzia\u0142u nieruchomo\u015bci - Grodzki O\u015brodek Dokumentacji Geodezyjnej i Kartograficznej w Siemianowicach \u015al\u0105skich","robots":{"index":"index","follow":"follow","max-snippet":"max-snippet:-1","max-image-preview":"max-image-preview:large","max-video-preview":"max-video-preview:-1"},"canonical":"https:\/\/siemianowice.pl\/geodezja\/wydanie-opinii-o-mozliwosci-podzialu-nieruchomosci\/","og_locale":"pl_PL","og_type":"article","og_title":"Wydanie opinii o mo\u017cliwo\u015bci podzia\u0142u nieruchomo\u015bci - Grodzki O\u015brodek Dokumentacji Geodezyjnej i Kartograficznej w Siemianowicach \u015al\u0105skich","og_description":"Og\u00f3lny opis Us\u0142ug\u0119 realizuje WYDZIA\u0141 GEODEZJI&nbsp; W przypadku podzia\u0142\u00f3w zale\u017cnych od ustale\u0144 planu miejscowego, a w przypadku jego braku &#8211; zale\u017cnych od decyzji o warunkach zabudowy i zagospodarowania terenu oraz gdy nie jest on sprzeczny z przepisami odr\u0119bnymi, procedura podzia\u0142u nieruchomo\u015bci przebiega dwuetapowo.W pierwszym etapie wydawana jest opinia (w formie postanowienia) o mo\u017cliwo\u015bci podzia\u0142u nieruchomo\u015bci, [&hellip;]","og_url":"https:\/\/siemianowice.pl\/geodezja\/wydanie-opinii-o-mozliwosci-podzialu-nieruchomosci\/","og_site_name":"Grodzki O\u015brodek Dokumentacji Geodezyjnej i Kartograficznej w Siemianowicach \u015al\u0105skich","twitter_card":"summary_large_image","twitter_misc":{"Szacowany czas czytania":"2 minuty"},"schema":{"@context":"https:\/\/schema.org","@graph":[{"@type":"WebPage","@id":"https:\/\/siemianowice.pl\/geodezja\/wydanie-opinii-o-mozliwosci-podzialu-nieruchomosci\/","url":"https:\/\/siemianowice.pl\/geodezja\/wydanie-opinii-o-mozliwosci-podzialu-nieruchomosci\/","name":"Wydanie opinii o mo\u017cliwo\u015bci podzia\u0142u nieruchomo\u015bci - Grodzki O\u015brodek Dokumentacji Geodezyjnej i Kartograficznej w Siemianowicach \u015al\u0105skich","isPartOf":{"@id":"https:\/\/siemianowice.pl\/geodezja\/#website"},"datePublished":"2022-09-14T11:53:53+00:00","breadcrumb":{"@id":"https:\/\/siemianowice.pl\/geodezja\/wydanie-opinii-o-mozliwosci-podzialu-nieruchomosci\/#breadcrumb"},"inLanguage":"pl-PL","potentialAction":[{"@type":"ReadAction","target":["https:\/\/siemianowice.pl\/geodezja\/wydanie-opinii-o-mozliwosci-podzialu-nieruchomosci\/"]}]},{"@type":"BreadcrumbList","@id":"https:\/\/siemianowice.pl\/geodezja\/wydanie-opinii-o-mozliwosci-podzialu-nieruchomosci\/#breadcrumb","itemListElement":[{"@type":"ListItem","position":1,"name":"Strona g\u0142\u00f3wna","item":"https:\/\/siemianowice.pl\/geodezja\/"},{"@type":"ListItem","position":2,"name":"Wydanie opinii o mo\u017cliwo\u015bci podzia\u0142u nieruchomo\u015bci"}]},{"@type":"WebSite","@id":"https:\/\/siemianowice.pl\/geodezja\/#website","url":"https:\/\/siemianowice.pl\/geodezja\/","name":"Grodzki O\u015brodek Dokumentacji Geodezyjnej i Kartograficznej w Siemianowicach \u015al\u0105skich","description":"Kolejna witryna sieci &#8222;Urz\u0105d Miasta w Siemianowicach \u015al\u0105skich&#8221;","potentialAction":[{"@type":"SearchAction","target":{"@type":"EntryPoint","urlTemplate":"https:\/\/siemianowice.pl\/geodezja\/?s={search_term_string}"},"query-input":{"@type":"PropertyValueSpecification","valueRequired":true,"valueName":"search_term_string"}}],"inLanguage":"pl-PL"}]}},"_links":{"self":[{"href":"https:\/\/siemianowice.pl\/geodezja\/wp-json\/wp\/v2\/pages\/178","targetHints":{"allow":["GET"]}}],"collection":[{"href":"https:\/\/siemianowice.pl\/geodezja\/wp-json\/wp\/v2\/pages"}],"about":[{"href":"https:\/\/siemianowice.pl\/geodezja\/wp-json\/wp\/v2\/types\/page"}],"author":[{"embeddable":true,"href":"https:\/\/siemianowice.pl\/geodezja\/wp-json\/wp\/v2\/users\/40"}],"replies":[{"embeddable":true,"href":"https:\/\/siemianowice.pl\/geodezja\/wp-json\/wp\/v2\/comments?post=178"}],"version-history":[{"count":1,"href":"https:\/\/siemianowice.pl\/geodezja\/wp-json\/wp\/v2\/pages\/178\/revisions"}],"predecessor-version":[{"id":179,"href":"https:\/\/siemianowice.pl\/geodezja\/wp-json\/wp\/v2\/pages\/178\/revisions\/179"}],"wp:attachment":[{"href":"https:\/\/siemianowice.pl\/geodezja\/wp-json\/wp\/v2\/media?parent=178"}],"curies":[{"name":"wp","href":"https:\/\/api.w.org\/{rel}","templated":true}]}}