{"id":193,"date":"2022-09-14T14:05:24","date_gmt":"2022-09-14T12:05:24","guid":{"rendered":"https:\/\/siemianowice.pl\/geodezja\/?page_id=193"},"modified":"2022-09-14T14:05:24","modified_gmt":"2022-09-14T12:05:24","slug":"internetowe-narady-koordynacyjne-informacja-dla-inwestorow-i-projektantow","status":"publish","type":"page","link":"https:\/\/siemianowice.pl\/geodezja\/internetowe-narady-koordynacyjne-informacja-dla-inwestorow-i-projektantow\/","title":{"rendered":"Internetowe narady koordynacyjne &#8211; informacja dla inwestor\u00f3w i projektant\u00f3w"},"content":{"rendered":"\n<p>Wydzia\u0142 Geodezji informuje, \u017ce zosta\u0142 uruchomiony modu\u0142 internetowych narad koordynacyjnych, w zwi\u0105zku z czym zach\u0119camy inwestor\u00f3w i projektant\u00f3w do zarejestrowania si\u0119 przez link:<\/p>\n\n\n\n<p>&nbsp;<a href=\"http:\/\/siemianowice.geoportal2.pl\/\">http:\/\/siemianowice.geoportal2.pl\/<\/a><\/p>\n\n\n\n<p>ZAK\u0141ADKA: <em>\u201eUdost\u0119pnianie materia\u0142\u00f3w zasobu i wnioski ZUD\u201d<\/em><\/p>\n\n\n\n<p>Po za\u0142o\u017ceniu konta i zalogowaniu mo\u017cna sk\u0142ada\u0107 wnioski wraz z dokumentacja projektow\u0105 w postaci elektronicznej, wnosi\u0107 op\u0142aty, \u015bledzi\u0107 przebieg narady, a po jej zako\u0144czeniu pobra\u0107 protok\u00f3\u0142 oraz oklauzulowane mapy.<\/p>\n\n\n\n<p>Poni\u017cej link do instrukcji modu\u0142u&nbsp;<em>\u201eWnioski o koordynacj\u0119 projektowanych sieci uzbrojenia terenu\u201d:<\/em><\/p>\n\n\n\n<p><a href=\"https:\/\/www.geoportal2.pl\/pl\/instrukcje\/wnioskodawca-internetowe-narady\">https:\/\/www.geoportal2.pl\/pl\/instrukcje\/wnioskodawca-internetowe-narady<\/a><\/p>\n\n\n\n<p>Zapytania dotycz\u0105ce tej us\u0142ugi prosimy kierowa\u0107 pod nr telefonu \u2013&nbsp;32 76 05 413, 411 lub bezpo\u015brednio w pokoju 119 w siedzibie Urz\u0119du Miasta przy ul. Micha\u0142kowickej 105.<\/p>\n","protected":false},"excerpt":{"rendered":"<p>Wydzia\u0142 Geodezji informuje, \u017ce zosta\u0142 uruchomiony modu\u0142 internetowych narad koordynacyjnych, w zwi\u0105zku z czym zach\u0119camy inwestor\u00f3w i projektant\u00f3w do zarejestrowania si\u0119 przez link: &nbsp;http:\/\/siemianowice.geoportal2.pl\/ ZAK\u0141ADKA: \u201eUdost\u0119pnianie materia\u0142\u00f3w zasobu i wnioski ZUD\u201d Po za\u0142o\u017ceniu konta i zalogowaniu mo\u017cna sk\u0142ada\u0107 wnioski wraz z dokumentacja projektow\u0105 w postaci elektronicznej, wnosi\u0107 op\u0142aty, \u015bledzi\u0107 przebieg narady, a po jej zako\u0144czeniu [&hellip;]<\/p>\n","protected":false},"author":40,"featured_media":0,"parent":0,"menu_order":0,"comment_status":"closed","ping_status":"closed","template":"","meta":{"_acf_changed":false,"footnotes":""},"class_list":["post-193","page","type-page","status-publish","hentry"],"acf":[],"yoast_head":"<!-- This site is optimized with the Yoast SEO plugin v26.9 - https:\/\/yoast.com\/product\/yoast-seo-wordpress\/ -->\n<title>Internetowe narady koordynacyjne - informacja dla inwestor\u00f3w i projektant\u00f3w - Grodzki O\u015brodek Dokumentacji Geodezyjnej i Kartograficznej w Siemianowicach \u015al\u0105skich<\/title>\n<meta name=\"robots\" content=\"index, follow, max-snippet:-1, max-image-preview:large, max-video-preview:-1\" \/>\n<link rel=\"canonical\" href=\"https:\/\/siemianowice.pl\/geodezja\/internetowe-narady-koordynacyjne-informacja-dla-inwestorow-i-projektantow\/\" \/>\n<meta property=\"og:locale\" content=\"pl_PL\" \/>\n<meta property=\"og:type\" content=\"article\" \/>\n<meta property=\"og:title\" content=\"Internetowe narady koordynacyjne - informacja dla inwestor\u00f3w i projektant\u00f3w - Grodzki O\u015brodek Dokumentacji Geodezyjnej i Kartograficznej w Siemianowicach \u015al\u0105skich\" \/>\n<meta property=\"og:description\" content=\"Wydzia\u0142 Geodezji informuje, \u017ce zosta\u0142 uruchomiony modu\u0142 internetowych narad koordynacyjnych, w zwi\u0105zku z czym zach\u0119camy inwestor\u00f3w i projektant\u00f3w do zarejestrowania si\u0119 przez link: &nbsp;http:\/\/siemianowice.geoportal2.pl\/ ZAK\u0141ADKA: \u201eUdost\u0119pnianie materia\u0142\u00f3w zasobu i wnioski ZUD\u201d Po za\u0142o\u017ceniu konta i zalogowaniu mo\u017cna sk\u0142ada\u0107 wnioski wraz z dokumentacja projektow\u0105 w postaci elektronicznej, wnosi\u0107 op\u0142aty, \u015bledzi\u0107 przebieg narady, a po jej zako\u0144czeniu [&hellip;]\" \/>\n<meta property=\"og:url\" content=\"https:\/\/siemianowice.pl\/geodezja\/internetowe-narady-koordynacyjne-informacja-dla-inwestorow-i-projektantow\/\" \/>\n<meta property=\"og:site_name\" content=\"Grodzki O\u015brodek Dokumentacji Geodezyjnej i Kartograficznej w Siemianowicach \u015al\u0105skich\" \/>\n<meta name=\"twitter:card\" content=\"summary_large_image\" \/>\n<meta name=\"twitter:label1\" content=\"Szacowany czas czytania\" \/>\n\t<meta name=\"twitter:data1\" content=\"1 minuta\" \/>\n<script type=\"application\/ld+json\" class=\"yoast-schema-graph\">{\"@context\":\"https:\/\/schema.org\",\"@graph\":[{\"@type\":\"WebPage\",\"@id\":\"https:\/\/siemianowice.pl\/geodezja\/internetowe-narady-koordynacyjne-informacja-dla-inwestorow-i-projektantow\/\",\"url\":\"https:\/\/siemianowice.pl\/geodezja\/internetowe-narady-koordynacyjne-informacja-dla-inwestorow-i-projektantow\/\",\"name\":\"Internetowe narady koordynacyjne - informacja dla inwestor\u00f3w i projektant\u00f3w - Grodzki O\u015brodek Dokumentacji Geodezyjnej i Kartograficznej w Siemianowicach \u015al\u0105skich\",\"isPartOf\":{\"@id\":\"https:\/\/siemianowice.pl\/geodezja\/#website\"},\"datePublished\":\"2022-09-14T12:05:24+00:00\",\"breadcrumb\":{\"@id\":\"https:\/\/siemianowice.pl\/geodezja\/internetowe-narady-koordynacyjne-informacja-dla-inwestorow-i-projektantow\/#breadcrumb\"},\"inLanguage\":\"pl-PL\",\"potentialAction\":[{\"@type\":\"ReadAction\",\"target\":[\"https:\/\/siemianowice.pl\/geodezja\/internetowe-narady-koordynacyjne-informacja-dla-inwestorow-i-projektantow\/\"]}]},{\"@type\":\"BreadcrumbList\",\"@id\":\"https:\/\/siemianowice.pl\/geodezja\/internetowe-narady-koordynacyjne-informacja-dla-inwestorow-i-projektantow\/#breadcrumb\",\"itemListElement\":[{\"@type\":\"ListItem\",\"position\":1,\"name\":\"Strona g\u0142\u00f3wna\",\"item\":\"https:\/\/siemianowice.pl\/geodezja\/\"},{\"@type\":\"ListItem\",\"position\":2,\"name\":\"Internetowe narady koordynacyjne &#8211; informacja dla inwestor\u00f3w i projektant\u00f3w\"}]},{\"@type\":\"WebSite\",\"@id\":\"https:\/\/siemianowice.pl\/geodezja\/#website\",\"url\":\"https:\/\/siemianowice.pl\/geodezja\/\",\"name\":\"Grodzki O\u015brodek Dokumentacji Geodezyjnej i Kartograficznej w Siemianowicach \u015al\u0105skich\",\"description\":\"Kolejna witryna sieci &#8222;Urz\u0105d Miasta w Siemianowicach \u015al\u0105skich&#8221;\",\"potentialAction\":[{\"@type\":\"SearchAction\",\"target\":{\"@type\":\"EntryPoint\",\"urlTemplate\":\"https:\/\/siemianowice.pl\/geodezja\/?s={search_term_string}\"},\"query-input\":{\"@type\":\"PropertyValueSpecification\",\"valueRequired\":true,\"valueName\":\"search_term_string\"}}],\"inLanguage\":\"pl-PL\"}]}<\/script>\n<!-- \/ Yoast SEO plugin. -->","yoast_head_json":{"title":"Internetowe narady koordynacyjne - informacja dla inwestor\u00f3w i projektant\u00f3w - Grodzki O\u015brodek Dokumentacji Geodezyjnej i Kartograficznej w Siemianowicach \u015al\u0105skich","robots":{"index":"index","follow":"follow","max-snippet":"max-snippet:-1","max-image-preview":"max-image-preview:large","max-video-preview":"max-video-preview:-1"},"canonical":"https:\/\/siemianowice.pl\/geodezja\/internetowe-narady-koordynacyjne-informacja-dla-inwestorow-i-projektantow\/","og_locale":"pl_PL","og_type":"article","og_title":"Internetowe narady koordynacyjne - informacja dla inwestor\u00f3w i projektant\u00f3w - Grodzki O\u015brodek Dokumentacji Geodezyjnej i Kartograficznej w Siemianowicach \u015al\u0105skich","og_description":"Wydzia\u0142 Geodezji informuje, \u017ce zosta\u0142 uruchomiony modu\u0142 internetowych narad koordynacyjnych, w zwi\u0105zku z czym zach\u0119camy inwestor\u00f3w i projektant\u00f3w do zarejestrowania si\u0119 przez link: &nbsp;http:\/\/siemianowice.geoportal2.pl\/ ZAK\u0141ADKA: \u201eUdost\u0119pnianie materia\u0142\u00f3w zasobu i wnioski ZUD\u201d Po za\u0142o\u017ceniu konta i zalogowaniu mo\u017cna sk\u0142ada\u0107 wnioski wraz z dokumentacja projektow\u0105 w postaci elektronicznej, wnosi\u0107 op\u0142aty, \u015bledzi\u0107 przebieg narady, a po jej zako\u0144czeniu [&hellip;]","og_url":"https:\/\/siemianowice.pl\/geodezja\/internetowe-narady-koordynacyjne-informacja-dla-inwestorow-i-projektantow\/","og_site_name":"Grodzki O\u015brodek Dokumentacji Geodezyjnej i Kartograficznej w Siemianowicach \u015al\u0105skich","twitter_card":"summary_large_image","twitter_misc":{"Szacowany czas czytania":"1 minuta"},"schema":{"@context":"https:\/\/schema.org","@graph":[{"@type":"WebPage","@id":"https:\/\/siemianowice.pl\/geodezja\/internetowe-narady-koordynacyjne-informacja-dla-inwestorow-i-projektantow\/","url":"https:\/\/siemianowice.pl\/geodezja\/internetowe-narady-koordynacyjne-informacja-dla-inwestorow-i-projektantow\/","name":"Internetowe narady koordynacyjne - informacja dla inwestor\u00f3w i projektant\u00f3w - Grodzki O\u015brodek Dokumentacji Geodezyjnej i Kartograficznej w Siemianowicach \u015al\u0105skich","isPartOf":{"@id":"https:\/\/siemianowice.pl\/geodezja\/#website"},"datePublished":"2022-09-14T12:05:24+00:00","breadcrumb":{"@id":"https:\/\/siemianowice.pl\/geodezja\/internetowe-narady-koordynacyjne-informacja-dla-inwestorow-i-projektantow\/#breadcrumb"},"inLanguage":"pl-PL","potentialAction":[{"@type":"ReadAction","target":["https:\/\/siemianowice.pl\/geodezja\/internetowe-narady-koordynacyjne-informacja-dla-inwestorow-i-projektantow\/"]}]},{"@type":"BreadcrumbList","@id":"https:\/\/siemianowice.pl\/geodezja\/internetowe-narady-koordynacyjne-informacja-dla-inwestorow-i-projektantow\/#breadcrumb","itemListElement":[{"@type":"ListItem","position":1,"name":"Strona g\u0142\u00f3wna","item":"https:\/\/siemianowice.pl\/geodezja\/"},{"@type":"ListItem","position":2,"name":"Internetowe narady koordynacyjne &#8211; informacja dla inwestor\u00f3w i projektant\u00f3w"}]},{"@type":"WebSite","@id":"https:\/\/siemianowice.pl\/geodezja\/#website","url":"https:\/\/siemianowice.pl\/geodezja\/","name":"Grodzki O\u015brodek Dokumentacji Geodezyjnej i Kartograficznej w Siemianowicach \u015al\u0105skich","description":"Kolejna witryna sieci &#8222;Urz\u0105d Miasta w Siemianowicach \u015al\u0105skich&#8221;","potentialAction":[{"@type":"SearchAction","target":{"@type":"EntryPoint","urlTemplate":"https:\/\/siemianowice.pl\/geodezja\/?s={search_term_string}"},"query-input":{"@type":"PropertyValueSpecification","valueRequired":true,"valueName":"search_term_string"}}],"inLanguage":"pl-PL"}]}},"_links":{"self":[{"href":"https:\/\/siemianowice.pl\/geodezja\/wp-json\/wp\/v2\/pages\/193","targetHints":{"allow":["GET"]}}],"collection":[{"href":"https:\/\/siemianowice.pl\/geodezja\/wp-json\/wp\/v2\/pages"}],"about":[{"href":"https:\/\/siemianowice.pl\/geodezja\/wp-json\/wp\/v2\/types\/page"}],"author":[{"embeddable":true,"href":"https:\/\/siemianowice.pl\/geodezja\/wp-json\/wp\/v2\/users\/40"}],"replies":[{"embeddable":true,"href":"https:\/\/siemianowice.pl\/geodezja\/wp-json\/wp\/v2\/comments?post=193"}],"version-history":[{"count":1,"href":"https:\/\/siemianowice.pl\/geodezja\/wp-json\/wp\/v2\/pages\/193\/revisions"}],"predecessor-version":[{"id":194,"href":"https:\/\/siemianowice.pl\/geodezja\/wp-json\/wp\/v2\/pages\/193\/revisions\/194"}],"wp:attachment":[{"href":"https:\/\/siemianowice.pl\/geodezja\/wp-json\/wp\/v2\/media?parent=193"}],"curies":[{"name":"wp","href":"https:\/\/api.w.org\/{rel}","templated":true}]}}