{"id":246,"date":"2022-09-26T12:04:03","date_gmt":"2022-09-26T10:04:03","guid":{"rendered":"https:\/\/siemianowice.pl\/geodezja\/?page_id=246"},"modified":"2022-09-26T12:04:03","modified_gmt":"2022-09-26T10:04:03","slug":"informacje-dla-osob-z-niepelnosprawnosciami","status":"publish","type":"page","link":"https:\/\/siemianowice.pl\/geodezja\/informacje-dla-osob-z-niepelnosprawnosciami\/","title":{"rendered":"Informacje dla os\u00f3b z niepe\u0142nosprawno\u015bciami"},"content":{"rendered":"\n<figure class=\"wp-block-embed is-type-rich is-provider-obsluga-osadzania wp-block-embed-obsluga-osadzania wp-embed-aspect-16-9 wp-has-aspect-ratio\"><div class=\"wp-block-embed__wrapper\">\n<iframe title=\"Informacja o zakresie dzia\u0142alno\u015bci Urz\u0119du Miasta Siemianowice \u015al\u0105skie\" width=\"500\" height=\"281\" data-src=\"https:\/\/www.youtube.com\/embed\/2NHwJUtFeGc?feature=oembed\" frameborder=\"0\" allow=\"accelerometer; autoplay; clipboard-write; encrypted-media; gyroscope; picture-in-picture; web-share\" referrerpolicy=\"strict-origin-when-cross-origin\" allowfullscreen src=\"data:image\/svg+xml;base64,PHN2ZyB3aWR0aD0iMSIgaGVpZ2h0PSIxIiB4bWxucz0iaHR0cDovL3d3dy53My5vcmcvMjAwMC9zdmciPjwvc3ZnPg==\" class=\"lazyload\" data-load-mode=\"1\"><\/iframe>\n<\/div><\/figure>\n\n\n\n<h1 class=\"wp-block-heading\">Informacja o zakresie dzia\u0142alno\u015bci urz\u0119du<\/h1>\n\n\n\n<p>Urz\u0105d Miasta Siemianowice \u015al\u0105skie to urz\u0105d administracji samorz\u0105dowej, na czele kt\u00f3rego stoi Prezydent Miasta Siemianowice \u015al\u0105skie.<\/p>\n\n\n\n<p>Urz\u0105d Miasta Siemianowice \u015al\u0105skie zajmuje si\u0119 mi\u0119dzy innymi:<\/p>\n\n\n\n<ol class=\"wp-block-list\"><li>w dziedzinie komunikacji: rejestracj\u0105 pojazd\u00f3w, wydawaniem prawa jazdy,<\/li><li>w dziedzinie dr\u00f3g: budow\u0105, remontami, o\u015bwietleniem dr\u00f3g powiatowych, miejscami parkingowymi dla os\u00f3b niepe\u0142nosprawnych,<\/li><li>w dziedzinie edukacji: wyp\u0142at\u0105 stypendi\u00f3w, nadzorem nad plac\u00f3wkami o\u015bwiatowymi,<\/li><li>w dziedzinie budownictwa: rejestracj\u0105 dziennik\u00f3w budowy lub rozbi\u00f3rki, wydawaniem decyzji dla inwestor\u00f3w o pozwolenie na budow\u0119,<\/li><li>w dziedzinie spraw spo\u0142ecznych: wsp\u00f3\u0142prac\u0105 z organizacjami pozarz\u0105dowymi, poradnictwem dla os\u00f3b z niepe\u0142nosprawno\u015bciami, nieodp\u0142atn\u0105 pomoc\u0105 prawn\u0105, opiek\u0105 nad dzie\u0107mi w wieku do lat 3, wydawaniem Kart Du\u017cej Rodziny, Siemianowickiej Karty Rodzinnej 3 i wi\u0119cej oraz Karty Seniora 60 plus, wyp\u0142at\u0105 \u015bwiadcze\u0144,<\/li><li>w dziedzinie spraw obywatelskich: sprawami zwi\u0105zanymi z meldunkiem i wydaniem dowodu osobistego,<\/li><li>w dziedzinie spraw mieszkaniowych: przydzia\u0142em mieszka\u0144, wynajmem lokali u\u017cytkowych.<\/li><li>w dziedzinie spraw komunalnych: zezwoleniami na zbieranie\/przetwarzanie\/ wytwarzanie odpad\u00f3w, op\u0142atami za odbi\u00f3r i gospodarowanie odpadami komunalnymi.<\/li><li>w dziedzinie rejestracji stanu cywilnego: rejestracj\u0105 noworodk\u00f3w oraz zgon\u00f3w,<\/li><li>w dziedzinie ochrony \u015brodowiska: wydawaniem kart w\u0119dkarskich, dotacjami do zmiany ogrzewania oraz programem Czyste Powietrze.<\/li><\/ol>\n\n\n\n<p>Wi\u0119cej informacji o zakresie dzia\u0142alno\u015bci Urz\u0119du znajduje si\u0119 na stronie internetowej, w zak\u0142adce&nbsp;<strong>organizacja.<\/strong>&nbsp;Po klikni\u0119ciu na nazw\u0119&nbsp;<strong>wydzia\u0142u<\/strong>&nbsp;otworzy si\u0119 jego strona www, na kt\u00f3rej znajdziecie Pa\u0144stwo m.in. dane teleadresowe wydzia\u0142u, nazwiska pracownik\u00f3w i godziny obs\u0142ugi mieszka\u0144c\u00f3w.<\/p>\n\n\n\n<p><strong>Dzia\u0142alno\u015b\u0107 Urz\u0119du Miasta Siemianowice \u015al\u0105skie prowadzona jest w kilku budynkach rozmieszczonych na terenie Miasta pod nast\u0119puj\u0105cymi adresami:<\/strong><\/p>\n\n\n\n<p>1. ul. Jana Paw\u0142a II 10 \u2013 g\u0142\u00f3wna siedziba Urz\u0119du, gdzie swoje biuro ma Prezydent Miasta,<br>jego Zast\u0119pcy oraz Sekretarz i Skarbnik;<\/p>\n\n\n\n<p>2. ul. Micha\u0142kowicka 105 (sprawy gospodarcze, komunalne i techniczne);<\/p>\n\n\n\n<p>3. ul. Jana Paw\u0142a II 1 \u2013 Wydzia\u0142 Spraw Obywatelskich (wydawanie praw jazdy, dowod\u00f3w rejestracyjnych oraz rejestracja pojazd\u00f3w), Wydzia\u0142 Kultury i Sportu, Biuro ds. Senior\u00f3w;<\/p>\n\n\n\n<p>4. Al. Sportowc\u00f3w 1 \u2013 Urz\u0105d Stanu Cywilnego (sprawy rejestracji urodze\u0144, zgon\u00f3w) oraz Wydzia\u0142 Edukacji (stypendia, nadz\u00f3r nad plac\u00f3wkami edukacyjnymi);<\/p>\n\n\n\n<p>5. ul. Wyzwolenia 17 \u2013 Referat \u015awiadcze\u0144 (zasi\u0142ki rodzinne, piel\u0119gnacyjne i inne \u015bwiadczenia).<\/p>\n\n\n\n<p>6. ul. D\u0105browskiego 13 \u2013 Wydzia\u0142 Zarz\u0105dzania Kryzysowego.<\/p>\n\n\n\n<p><strong>Urz\u0105d jest otwarty od poniedzia\u0142ku do pi\u0105tku w godzinach:<\/strong><\/p>\n\n\n\n<p>\u2013 w poniedzia\u0142ek od 7.00 do 17.00,<\/p>\n\n\n\n<p>\u2013 we wtorek, \u015brod\u0119 i czwartek od 8.00 do 16.00,<\/p>\n\n\n\n<p>\u2013 w pi\u0105tek od 8:00 do 14.00.<\/p>\n\n\n\n<p>za wyj\u0105tkiem:<\/p>\n\n\n\n<p><strong>Referatu \u015awiadcze\u0144<\/strong>&nbsp;(ul. Wyzwolenia 17 \u2013 budynek Powiatowego Urz\u0119du Pracy):<\/p>\n\n\n\n<p>\u2013 w poniedzia\u0142ek od 7.00 do 16.00,<\/p>\n\n\n\n<p>\u2013 we wtorek, \u015brod\u0119 i czwartek od 7.00 do 14.00,<\/p>\n\n\n\n<p>\u2013 w pi\u0105tek od 7.00 do 13.00.<\/p>\n\n\n\n<h4 class=\"wp-block-heading\"><strong>Informacja dla os\u00f3b nies\u0142ysz\u0105cych lub s\u0142abos\u0142ysz\u0105cych<\/strong><\/h4>\n\n\n\n<p><strong>Aby skutecznie komunikowa\u0107 si\u0119 z naszym urz\u0119dem osoby&nbsp;<\/strong><strong>G\u0142uche<\/strong><strong>&nbsp;lub s\u0142abo s\u0142ysz\u0105ce mog\u0105:<\/strong><\/p>\n\n\n\n<ul class=\"wp-block-list\"><li>skorzysta\u0107 z us\u0142ugi t\u0142umacza j\u0119zyka migowego on-line.<br>Dost\u0119p do zdalnego t\u0142umacza j\u0119zyka migowego zapewniamy swym Klientom<br>we wszystkich siedzibach Urz\u0119du Miasta Siemianowice \u015al\u0105skie oraz poprzez stron\u0119 internetow\u0105 pod adresem:&nbsp;<a href=\"https:\/\/tlumacz.migam.org\/miasto_siemianowice_slaskie\">https:\/\/tlumacz.migam.org\/miasto_siemianowice_slaskie<\/a><\/li><li>skorzysta\u0107 z us\u0142ugi t\u0142umacza j\u0119zyka migowego dla os\u00f3b uprawnionych na wniosek;<\/li><li>skorzysta\u0107 z systemu p\u0119tli indukcyjnych dla os\u00f3b korzystaj\u0105cych z aparat\u00f3w s\u0142uchowych. P\u0119tle s\u0105 w miejscach oznaczonych odpowiednim piktogramem, np. w Kancelariach Podawczych.&nbsp;<strong>Lokalizacje p\u0119tli indukcyjnych w budynkach Urz\u0119du Miasta Siemianowice \u015al\u0105skie:<\/strong>&nbsp;1) Urz\u0105d Miasta Siemianowice \u015al\u0105skie, ul. Jana Paw\u0142a II 10, 2) Urz\u0105d Miasta Siemianowice \u015al\u0105skie, ul. Micha\u0142kowicka 105, 3) Urz\u0105d Miasta Siemianowice \u015al\u0105skie, ul. Jana Paw\u0142a II 1, 4) Urz\u0105d Miasta Siemianowice \u015al\u0105skie, Urz\u0105d Stanu Cywilnego, Wydzia\u0142 Edukacji Al. Sportowc\u00f3w 1, 5) Urz\u0105d Miasta Siemianowice \u015al\u0105skie, Referat \u015awiadcze\u0144, ul. Wyzwolenia 17. Dysponujemy r\u00f3wnie\u017c p\u0119tlami przeno\u015bnymi. Ka\u017cdy klient, kt\u00f3ry podczas za\u0142atwiania spraw urz\u0119dowych zg\u0142osi pracownikowi Urz\u0119du Miasta potrzeb\u0119 skorzystania z p\u0119tli indukcyjnej otrzyma takie wsparcie;<\/li><li>skontaktowa\u0107 si\u0119 osobi\u015bcie w godzinach pracy Urz\u0119du Miasta Siemianowice \u015al\u0105skie.<br>Wybrani pracownicy urz\u0119du, kt\u00f3rzy zostali przeszkoleni w zakresie podstawowym PJM, nawi\u0105\u017c\u0105 z Pa\u0144stwem kontakt i udziel\u0105 pomocy w rozeznaniu sprawy, z kt\u00f3r\u0105 Pa\u0144stwo przyszli\u015bcie. Wykaz os\u00f3b udzielaj\u0105cych wsparcia, w tym zakresie znajduje si\u0119 w Kancelariach Podawczych Urz\u0119du Miasta przy ul. Jana Paw\u0142a II 10 i Micha\u0142kowickiej 105;<\/li><li>dodatkowa pomoc \u2013 b\u0119d\u0105c osobi\u015bcie mo\u017cna te\u017c zwr\u00f3ci\u0107 si\u0119 pisemnie o pomoc do portiera, kt\u00f3ry poprosi pracownika Urz\u0119du pos\u0142uguj\u0105cego si\u0119 j\u0119zykiem migowym w zakresie PJM.<\/li><\/ul>\n\n\n\n<p>Portiernie znajduj\u0105 si\u0119 przy wej\u015bciach do ka\u017cdego budynku Urz\u0119du;<\/p>\n\n\n\n<ul class=\"wp-block-list\"><li>napisa\u0107 pismo\/z\u0142o\u017cy\u0107 wniosek i wys\u0142a\u0107 na adres: Urz\u0105d Miasta Siemianowice \u015al\u0105skie,<br>ul. Jana Paw\u0142a II 10, 41-100 Siemianowice \u015al\u0105skie;<\/li><li>wys\u0142a\u0107 e-maila na adres:&nbsp;<a href=\"mailto:ratusz@um.siemianowice.pl\">ratusz@um.siemianowice.pl<\/a>;<\/li><li>skontaktowa\u0107 si\u0119 telefonicznie przy pomocy osoby trzeciej dzwoni\u0105c na numer telefonu:&nbsp;<strong>+48 32 760 52 00<\/strong><\/li><\/ul>\n\n\n\n<p><strong>Informacja dla os\u00f3b z niepe\u0142nosprawno\u015bci\u0105 ruchow\u0105 i os\u00f3b starszych:<\/strong><\/p>\n\n\n\n<ul class=\"wp-block-list\"><li>przy ka\u017cdym wej\u015bciu do budynku Urz\u0119du Miasta zapewnione s\u0105 miejsca parkingowe przeznaczone dla os\u00f3b niepe\u0142nosprawnych,<\/li><li>w budynkach urz\u0119du korytarze umo\u017cliwiaj\u0105 swobodne poruszanie si\u0119 os\u00f3b na w\u00f3zkach inwalidzkich.<\/li><\/ul>\n\n\n\n<p>Szczeg\u00f3\u0142owe informacje dotycz\u0105ce dost\u0119pno\u015bci architektonicznej budynk\u00f3w Urz\u0119du Miasta znajd\u0105 Pa\u0144stwo w Deklaracji dost\u0119pno\u015bci.<\/p>\n\n\n\n<p><strong>Informacja dla os\u00f3b niewidz\u0105cych lub s\u0142abowidz\u0105cych:<\/strong><\/p>\n\n\n\n<ul class=\"wp-block-list\"><li>w budynkach urz\u0119du korytarze s\u0105 szerokie, oznaczone kontrastowymi kolorami i w miar\u0119 mo\u017cliwo\u015bci pozbawione s\u0105 wi\u0119kszych przeszk\u00f3d.<\/li><\/ul>\n\n\n\n<div data-wp-interactive=\"core\/file\" class=\"wp-block-file\"><a href=\"https:\/\/siemianowice.pl\/geodezja\/wp-content\/uploads\/sites\/13\/2022\/09\/Informacja-o-zakresie-dzialalnosci-Urzedu-\u2013-tekst-latwy-do-czytania-i-zrozumienia-ETR.pdf\">Informacja-o-zakresie-dzialalnosci-Urzedu-\u2013-tekst-latwy-do-czytania-i-zrozumienia-ETR<\/a><a href=\"https:\/\/siemianowice.pl\/geodezja\/wp-content\/uploads\/sites\/13\/2022\/09\/Informacja-o-zakresie-dzialalnosci-Urzedu-\u2013-tekst-latwy-do-czytania-i-zrozumienia-ETR.pdf\" class=\"wp-block-file__button\" download>Pobierz<\/a><\/div>\n\n\n\n<div class=\"wp-block-file\"><a href=\"https:\/\/siemianowice.pl\/geodezja\/wp-content\/uploads\/sites\/13\/2022\/09\/informacja-o-zakresie-dzialalnosci_tekst-odczytywalny-maszynowo.docx\">informacja-o-zakresie-dzialalnosci_tekst-odczytywalny-maszynowo<\/a><a href=\"https:\/\/siemianowice.pl\/geodezja\/wp-content\/uploads\/sites\/13\/2022\/09\/informacja-o-zakresie-dzialalnosci_tekst-odczytywalny-maszynowo.docx\" class=\"wp-block-file__button\" download>Pobierz<\/a><\/div>\n","protected":false},"excerpt":{"rendered":"<p>Informacja o zakresie dzia\u0142alno\u015bci urz\u0119du Urz\u0105d Miasta Siemianowice \u015al\u0105skie to urz\u0105d administracji samorz\u0105dowej, na czele kt\u00f3rego stoi Prezydent Miasta Siemianowice \u015al\u0105skie. Urz\u0105d Miasta Siemianowice \u015al\u0105skie zajmuje si\u0119 mi\u0119dzy innymi: w dziedzinie komunikacji: rejestracj\u0105 pojazd\u00f3w, wydawaniem prawa jazdy, w dziedzinie dr\u00f3g: budow\u0105, remontami, o\u015bwietleniem dr\u00f3g powiatowych, miejscami parkingowymi dla os\u00f3b niepe\u0142nosprawnych, w dziedzinie edukacji: wyp\u0142at\u0105 stypendi\u00f3w, [&hellip;]<\/p>\n","protected":false},"author":40,"featured_media":0,"parent":0,"menu_order":0,"comment_status":"closed","ping_status":"closed","template":"","meta":{"_acf_changed":false,"footnotes":""},"class_list":["post-246","page","type-page","status-publish","hentry"],"acf":[],"yoast_head":"<!-- This site is optimized with the Yoast SEO plugin v26.9 - https:\/\/yoast.com\/product\/yoast-seo-wordpress\/ -->\n<title>Informacje dla os\u00f3b z niepe\u0142nosprawno\u015bciami - Grodzki O\u015brodek Dokumentacji Geodezyjnej i Kartograficznej w Siemianowicach \u015al\u0105skich<\/title>\n<meta name=\"robots\" content=\"index, follow, max-snippet:-1, max-image-preview:large, max-video-preview:-1\" \/>\n<link rel=\"canonical\" href=\"https:\/\/siemianowice.pl\/geodezja\/informacje-dla-osob-z-niepelnosprawnosciami\/\" \/>\n<meta property=\"og:locale\" content=\"pl_PL\" \/>\n<meta property=\"og:type\" content=\"article\" \/>\n<meta property=\"og:title\" content=\"Informacje dla os\u00f3b z niepe\u0142nosprawno\u015bciami - Grodzki O\u015brodek Dokumentacji Geodezyjnej i Kartograficznej w Siemianowicach \u015al\u0105skich\" \/>\n<meta property=\"og:description\" content=\"Informacja o zakresie dzia\u0142alno\u015bci urz\u0119du Urz\u0105d Miasta Siemianowice \u015al\u0105skie to urz\u0105d administracji samorz\u0105dowej, na czele kt\u00f3rego stoi Prezydent Miasta Siemianowice \u015al\u0105skie. Urz\u0105d Miasta Siemianowice \u015al\u0105skie zajmuje si\u0119 mi\u0119dzy innymi: w dziedzinie komunikacji: rejestracj\u0105 pojazd\u00f3w, wydawaniem prawa jazdy, w dziedzinie dr\u00f3g: budow\u0105, remontami, o\u015bwietleniem dr\u00f3g powiatowych, miejscami parkingowymi dla os\u00f3b niepe\u0142nosprawnych, w dziedzinie edukacji: wyp\u0142at\u0105 stypendi\u00f3w, [&hellip;]\" \/>\n<meta property=\"og:url\" content=\"https:\/\/siemianowice.pl\/geodezja\/informacje-dla-osob-z-niepelnosprawnosciami\/\" \/>\n<meta property=\"og:site_name\" content=\"Grodzki O\u015brodek Dokumentacji Geodezyjnej i Kartograficznej w Siemianowicach \u015al\u0105skich\" \/>\n<meta name=\"twitter:card\" content=\"summary_large_image\" \/>\n<meta name=\"twitter:label1\" content=\"Szacowany czas czytania\" \/>\n\t<meta name=\"twitter:data1\" content=\"4 minuty\" \/>\n<script type=\"application\/ld+json\" class=\"yoast-schema-graph\">{\"@context\":\"https:\/\/schema.org\",\"@graph\":[{\"@type\":\"WebPage\",\"@id\":\"https:\/\/siemianowice.pl\/geodezja\/informacje-dla-osob-z-niepelnosprawnosciami\/\",\"url\":\"https:\/\/siemianowice.pl\/geodezja\/informacje-dla-osob-z-niepelnosprawnosciami\/\",\"name\":\"Informacje dla os\u00f3b z niepe\u0142nosprawno\u015bciami - Grodzki O\u015brodek Dokumentacji Geodezyjnej i Kartograficznej w Siemianowicach \u015al\u0105skich\",\"isPartOf\":{\"@id\":\"https:\/\/siemianowice.pl\/geodezja\/#website\"},\"datePublished\":\"2022-09-26T10:04:03+00:00\",\"breadcrumb\":{\"@id\":\"https:\/\/siemianowice.pl\/geodezja\/informacje-dla-osob-z-niepelnosprawnosciami\/#breadcrumb\"},\"inLanguage\":\"pl-PL\",\"potentialAction\":[{\"@type\":\"ReadAction\",\"target\":[\"https:\/\/siemianowice.pl\/geodezja\/informacje-dla-osob-z-niepelnosprawnosciami\/\"]}]},{\"@type\":\"BreadcrumbList\",\"@id\":\"https:\/\/siemianowice.pl\/geodezja\/informacje-dla-osob-z-niepelnosprawnosciami\/#breadcrumb\",\"itemListElement\":[{\"@type\":\"ListItem\",\"position\":1,\"name\":\"Strona g\u0142\u00f3wna\",\"item\":\"https:\/\/siemianowice.pl\/geodezja\/\"},{\"@type\":\"ListItem\",\"position\":2,\"name\":\"Informacje dla os\u00f3b z niepe\u0142nosprawno\u015bciami\"}]},{\"@type\":\"WebSite\",\"@id\":\"https:\/\/siemianowice.pl\/geodezja\/#website\",\"url\":\"https:\/\/siemianowice.pl\/geodezja\/\",\"name\":\"Grodzki O\u015brodek Dokumentacji Geodezyjnej i Kartograficznej w Siemianowicach \u015al\u0105skich\",\"description\":\"Kolejna witryna sieci &#8222;Urz\u0105d Miasta w Siemianowicach \u015al\u0105skich&#8221;\",\"potentialAction\":[{\"@type\":\"SearchAction\",\"target\":{\"@type\":\"EntryPoint\",\"urlTemplate\":\"https:\/\/siemianowice.pl\/geodezja\/?s={search_term_string}\"},\"query-input\":{\"@type\":\"PropertyValueSpecification\",\"valueRequired\":true,\"valueName\":\"search_term_string\"}}],\"inLanguage\":\"pl-PL\"}]}<\/script>\n<!-- \/ Yoast SEO plugin. -->","yoast_head_json":{"title":"Informacje dla os\u00f3b z niepe\u0142nosprawno\u015bciami - Grodzki O\u015brodek Dokumentacji Geodezyjnej i Kartograficznej w Siemianowicach \u015al\u0105skich","robots":{"index":"index","follow":"follow","max-snippet":"max-snippet:-1","max-image-preview":"max-image-preview:large","max-video-preview":"max-video-preview:-1"},"canonical":"https:\/\/siemianowice.pl\/geodezja\/informacje-dla-osob-z-niepelnosprawnosciami\/","og_locale":"pl_PL","og_type":"article","og_title":"Informacje dla os\u00f3b z niepe\u0142nosprawno\u015bciami - Grodzki O\u015brodek Dokumentacji Geodezyjnej i Kartograficznej w Siemianowicach \u015al\u0105skich","og_description":"Informacja o zakresie dzia\u0142alno\u015bci urz\u0119du Urz\u0105d Miasta Siemianowice \u015al\u0105skie to urz\u0105d administracji samorz\u0105dowej, na czele kt\u00f3rego stoi Prezydent Miasta Siemianowice \u015al\u0105skie. Urz\u0105d Miasta Siemianowice \u015al\u0105skie zajmuje si\u0119 mi\u0119dzy innymi: w dziedzinie komunikacji: rejestracj\u0105 pojazd\u00f3w, wydawaniem prawa jazdy, w dziedzinie dr\u00f3g: budow\u0105, remontami, o\u015bwietleniem dr\u00f3g powiatowych, miejscami parkingowymi dla os\u00f3b niepe\u0142nosprawnych, w dziedzinie edukacji: wyp\u0142at\u0105 stypendi\u00f3w, [&hellip;]","og_url":"https:\/\/siemianowice.pl\/geodezja\/informacje-dla-osob-z-niepelnosprawnosciami\/","og_site_name":"Grodzki O\u015brodek Dokumentacji Geodezyjnej i Kartograficznej w Siemianowicach \u015al\u0105skich","twitter_card":"summary_large_image","twitter_misc":{"Szacowany czas czytania":"4 minuty"},"schema":{"@context":"https:\/\/schema.org","@graph":[{"@type":"WebPage","@id":"https:\/\/siemianowice.pl\/geodezja\/informacje-dla-osob-z-niepelnosprawnosciami\/","url":"https:\/\/siemianowice.pl\/geodezja\/informacje-dla-osob-z-niepelnosprawnosciami\/","name":"Informacje dla os\u00f3b z niepe\u0142nosprawno\u015bciami - Grodzki O\u015brodek Dokumentacji Geodezyjnej i Kartograficznej w Siemianowicach \u015al\u0105skich","isPartOf":{"@id":"https:\/\/siemianowice.pl\/geodezja\/#website"},"datePublished":"2022-09-26T10:04:03+00:00","breadcrumb":{"@id":"https:\/\/siemianowice.pl\/geodezja\/informacje-dla-osob-z-niepelnosprawnosciami\/#breadcrumb"},"inLanguage":"pl-PL","potentialAction":[{"@type":"ReadAction","target":["https:\/\/siemianowice.pl\/geodezja\/informacje-dla-osob-z-niepelnosprawnosciami\/"]}]},{"@type":"BreadcrumbList","@id":"https:\/\/siemianowice.pl\/geodezja\/informacje-dla-osob-z-niepelnosprawnosciami\/#breadcrumb","itemListElement":[{"@type":"ListItem","position":1,"name":"Strona g\u0142\u00f3wna","item":"https:\/\/siemianowice.pl\/geodezja\/"},{"@type":"ListItem","position":2,"name":"Informacje dla os\u00f3b z niepe\u0142nosprawno\u015bciami"}]},{"@type":"WebSite","@id":"https:\/\/siemianowice.pl\/geodezja\/#website","url":"https:\/\/siemianowice.pl\/geodezja\/","name":"Grodzki O\u015brodek Dokumentacji Geodezyjnej i Kartograficznej w Siemianowicach \u015al\u0105skich","description":"Kolejna witryna sieci &#8222;Urz\u0105d Miasta w Siemianowicach \u015al\u0105skich&#8221;","potentialAction":[{"@type":"SearchAction","target":{"@type":"EntryPoint","urlTemplate":"https:\/\/siemianowice.pl\/geodezja\/?s={search_term_string}"},"query-input":{"@type":"PropertyValueSpecification","valueRequired":true,"valueName":"search_term_string"}}],"inLanguage":"pl-PL"}]}},"_links":{"self":[{"href":"https:\/\/siemianowice.pl\/geodezja\/wp-json\/wp\/v2\/pages\/246","targetHints":{"allow":["GET"]}}],"collection":[{"href":"https:\/\/siemianowice.pl\/geodezja\/wp-json\/wp\/v2\/pages"}],"about":[{"href":"https:\/\/siemianowice.pl\/geodezja\/wp-json\/wp\/v2\/types\/page"}],"author":[{"embeddable":true,"href":"https:\/\/siemianowice.pl\/geodezja\/wp-json\/wp\/v2\/users\/40"}],"replies":[{"embeddable":true,"href":"https:\/\/siemianowice.pl\/geodezja\/wp-json\/wp\/v2\/comments?post=246"}],"version-history":[{"count":1,"href":"https:\/\/siemianowice.pl\/geodezja\/wp-json\/wp\/v2\/pages\/246\/revisions"}],"predecessor-version":[{"id":250,"href":"https:\/\/siemianowice.pl\/geodezja\/wp-json\/wp\/v2\/pages\/246\/revisions\/250"}],"wp:attachment":[{"href":"https:\/\/siemianowice.pl\/geodezja\/wp-json\/wp\/v2\/media?parent=246"}],"curies":[{"name":"wp","href":"https:\/\/api.w.org\/{rel}","templated":true}]}}