{"id":25,"date":"2022-09-13T13:04:29","date_gmt":"2022-09-13T11:04:29","guid":{"rendered":"https:\/\/siemianowice.pl\/geodezja\/?page_id=25"},"modified":"2023-01-31T09:45:01","modified_gmt":"2023-01-31T08:45:01","slug":"o-zasobie","status":"publish","type":"page","link":"https:\/\/siemianowice.pl\/geodezja\/o-zasobie\/","title":{"rendered":"O zasobie"},"content":{"rendered":"\n<h2 class=\"wp-block-heading\">Dane analogowe<\/h2>\n\n\n\n<p>Dane analogowe w wi\u0119kszo\u015bci obecnie posiadaj\u0105 warto\u015b\u0107 archiwaln\u0105, poniewa\u017c s\u0105 to wszelkie dokumenty w zasobie \u2013 najcz\u0119\u015bciej papierowe, kt\u00f3re nie s\u0105 aktualizowane.<\/p>\n\n\n\n<p>Mo\u017cemy do nich zaliczy\u0107 m.in.:<\/p>\n\n\n\n<ul class=\"wp-block-list\"><li>map\u0119 zasadnicz\u0105 \u2013 pierworysy i matryce z nak\u0142adkami w skalach: 1:500 i 1:1000<\/li><li>map\u0119 ewidencyjn\u0105 w skalach 1:2000, 1:2500, 1:5000<\/li><li>map\u0119 glebowo-rolnicz\u0105<\/li><li>mapy uzupe\u0142niaj\u0105ce<\/li><li>zarysy pomiarowe<\/li><li>szkice polowe oraz wykazy wsp\u00f3\u0142rz\u0119dnych<\/li><li>karty informacyjne osn\u00f3w geodezyjnych poziomych i wysoko\u015bciowych<\/li><li>karty studzienek kanalizacyjnych<\/li><li>inne dokumenty<\/li><\/ul>\n\n\n\n<p>Wszystkie dokumenty analogowe zosta\u0142y zinformatyzowane i w postaci rastrowej funkcjonuj\u0105 w systemie informatycznym obs\u0142uguj\u0105cym obecnie zas\u00f3b. Wykorzystuje si\u0119 je czasami do weryfikacji baz danych numerycznych.<\/p>\n\n\n\n<h2 class=\"wp-block-heading\">Dane numeryczne<\/h2>\n\n\n\n<p>Dane numeryczne w GODGiK w Siemianowicach \u015al\u0105skich maj\u0105 posta\u0107 wektorow\u0105, obiektow\u0105 lub rastrow\u0105. Historia powstawania numerycznych baz danych zasobu geodezyjnego i kartograficznego si\u0119ga roku 2000, kiedy to rozpocz\u0119li\u015bmy prace nad utworzeniem numerycznej mapy ewidencyjnej. Dokonali\u015bmy wyboru oprogramowania do prowadzenia baz danych w postaci numerycznej:<\/p>\n\n\n\n<ul class=\"wp-block-list\"><li>EWMAPA \u2013 cz\u0119\u015b\u0107 kartograficzna<\/li><li>EWOPIS \u2013 cz\u0119\u015b\u0107 opisowa<\/li><li>ADRES \u2013 nazwy ulic i numery porz\u0105dkowe nieruchomo\u015bci<\/li><li>REJCEN \u2013 rejestr cen i warto\u015bci nieruchomo\u015bci<\/li><li>O\u015aRODEK \u2013 obs\u0142uga GODGiK<\/li><li>BANK OSN\u00d3W \u2013 zarz\u0105dzanie osnowami geodezyjnymi<\/li><\/ul>\n\n\n\n<p>W kolejnych latach wykonali\u015bmy skanowanie analogowych map ewidencyjnych oraz ich wektoryzacj\u0119. Tak utworzona numeryczna mapa ewidencyjna nie by\u0142a pozbawiona wad, bowiem na jej jako\u015b\u0107 wp\u0142yw mia\u0142y:<\/p>\n\n\n\n<ul class=\"wp-block-list\"><li>b\u0142\u0119dy kartowania na analogowych mapach<\/li><li>b\u0142\u0119dy skanowania<\/li><li>b\u0142\u0119dy wpasowania rastra<\/li><li>b\u0142\u0119dy samej wektoryzacji<\/li><\/ul>\n\n\n\n<p>Maj\u0105c \u015bwiadomo\u015b\u0107 tego stanu dok\u0142adali\u015bmy wszelkich stara\u0144 aby wykryte b\u0142\u0119dy eliminowa\u0107, przez co z biegiem czasu jako\u015b\u0107 tej mapy stawa\u0142a si\u0119 coraz lepsza.<\/p>\n\n\n\n<p>W 2004 roku rozpocz\u0119li\u015bmy modernizacj\u0119 ewidencji grunt\u00f3w i za\u0142o\u017cenie ewidencji budynk\u00f3w. Niemal r\u00f3wnolegle trwa\u0142y prace nad utworzeniem numerycznej mapy zasadniczej pe\u0142nej tre\u015bci, przy zastosowaniu podobnej technologii jak w przypadku mapy ewidencyjnej. Przez jaki\u015b czas prowadzili\u015bmy numeryczn\u0105 map\u0119 zasadnicz\u0105 r\u00f3wnolegle z map\u0105 zasadnicz\u0105 w postaci analogowej, tj. do 2 listopada 2006 roku, kiedy to mapa analogowa \u201ezosta\u0142a zamkni\u0119ta\u201d i procesowi aktualizacji podlega\u0142y jedynie numeryczne bazy danych zar\u00f3wno mapy ewidencyjnej jak i zasadniczej.<\/p>\n\n\n\n<p>Przez wszystkie te lata jednocze\u015bnie bieg\u0142 proces przekszta\u0142cania wszystkich dokument\u00f3w zasobu do postaci informatycznej \u2013 skanowanie i umieszczanie ich pod odpowiednim oprogramowaniem, tak aby tworzone zbiory danych wsp\u00f3\u0142pracowa\u0142y ze sob\u0105, czyli spe\u0142nia\u0142y warunek interoperacyjno\u015bci, jednocze\u015bnie wykluczaj\u0105c efekt redundancji (powtarzania). Obecnie skanowanie dokumentacji przyjmowanej do zasobu odbywa si\u0119 na bie\u017c\u0105co i tym samym cyfrowy zbi\u00f3r dokument\u00f3w \u017ar\u00f3d\u0142owych jest aktualny.<br>Z ko\u0144cem 2009 roku, zgodnie z liter\u0105 prawa, wszystkie kartograficzne zbiory danych zosta\u0142y przeliczone z uk\u0142adu PUG 1965 na uk\u0142ad 2000 i w tym uk\u0142adzie s\u0105 obecnie prowadzone. W 2019 r. na obszarze miasta Siemianowice \u015al\u0105skie zosta\u0142a przeprowadzona modernizacja szczeg\u00f3lowej osnowy wysoko\u015bciowej z wdro\u017ceniem uk\u0142adu wysoko\u015bciowego PL-EVRF2007-NH.<\/p>\n\n\n\n<p>W latach 2018-2019 zosta\u0142y utworzone bazy danych:<\/p>\n\n\n\n<p>\u2013 Geodezyjnej Ewidencji Sieci Uzbrojenia Terenu (GESUT),<\/p>\n\n\n\n<p>\u2013 BDOT 500.<\/p>\n\n\n\n<p>&nbsp;Zastosowanie technologii informatycznej w GODGiK w Siemianowicach \u015al\u0105skich wymusi\u0142o niejako wykorzystywanie coraz lepszego sprz\u0119tu do reprodukcji (plotowania) map.<\/p>\n\n\n\n<p>W chwili obecnej nasz GODGiK dysponuje:<\/p>\n\n\n\n<ul class=\"wp-block-list\"><li>ploterem kolorowym wielkoformatowym<\/li><li>skanerem wielkoformatowym<\/li><li>drukark\u0105 kolorow\u0105 A2<\/li><li>2 skanerami A3 i A4&nbsp;<\/li><li>cyfrow\u0105 kserokopiark\u0105<\/li><li>drukarkami kolorowymi A3<\/li><\/ul>\n\n\n\n<p>Nale\u017cy stwierdzi\u0107, \u017ce zbudowany przez nas system \u017cyje, ca\u0142y czas si\u0119 rozwija i sukcesywnie wzbogacany jest o nowe sk\u0142adniki.<\/p>\n\n\n\n<h2 class=\"wp-block-heading\">Metadane<\/h2>\n\n\n\n<p>Metadane z zakresu Ewidencji Grunt\u00f3w i Budynk\u00f3w:<br> <strong>OBR\u0118B EWIDENCYJNY<\/strong> <\/p>\n\n\n\n<figure class=\"wp-block-table\"><table><tbody><tr><td>BA\u0143G\u00d3W<\/td><td>BYTK\u00d3W<\/td><td>MICHA\u0141KOWICE<\/td><td>PRZE\u0141AJKA<\/td><td>SIEMIANOWICE<\/td><\/tr><tr><td><\/td><\/tr><tr><td><a href=\"http:\/\/metadane.odgik.pl\/geonetwork\/srv\/pl\/iso19139.xml?id=675\">11<\/a><\/td><td><a href=\"http:\/\/metadane.odgik.pl\/geonetwork\/srv\/pl\/iso19139.xml?id=682\">21<\/a><\/td><td><a href=\"http:\/\/metadane.odgik.pl\/geonetwork\/srv\/pl\/iso19139.xml?id=689\">32<\/a><\/td><td><a href=\"http:\/\/metadane.odgik.pl\/geonetwork\/srv\/pl\/iso19139.xml?id=678\">40<\/a><\/td><td><a href=\"http:\/\/metadane.odgik.pl\/geonetwork\/srv\/pl\/iso19139.xml?id=676\">51<\/a><\/td><\/tr><tr><td>&nbsp;<\/td><td><a href=\"http:\/\/metadane.odgik.pl\/geonetwork\/srv\/pl\/iso19139.xml?id=694\">24<\/a><\/td><td><a href=\"http:\/\/metadane.odgik.pl\/geonetwork\/srv\/pl\/iso19139.xml?id=687\">33<\/a><\/td><td><a href=\"http:\/\/metadane.odgik.pl\/geonetwork\/srv\/pl\/iso19139.xml?id=695\">41<\/a><\/td><td><a href=\"http:\/\/metadane.odgik.pl\/geonetwork\/srv\/pl\/iso19139.xml?id=680\">52<\/a><\/td><\/tr><tr><td>&nbsp;<\/td><td>&nbsp;<\/td><td><a href=\"http:\/\/metadane.odgik.pl\/geonetwork\/srv\/pl\/iso19139.xml?id=685\">34<\/a><\/td><td><a href=\"http:\/\/metadane.odgik.pl\/geonetwork\/srv\/pl\/iso19139.xml?id=683\">42<\/a><\/td><td><a href=\"http:\/\/metadane.odgik.pl\/geonetwork\/srv\/pl\/iso19139.xml?id=672\">53<\/a><\/td><\/tr><tr><td>&nbsp;<\/td><td>&nbsp;<\/td><td><a href=\"http:\/\/metadane.odgik.pl\/geonetwork\/srv\/pl\/iso19139.xml?id=677\">35<\/a><\/td><td><a href=\"http:\/\/metadane.odgik.pl\/geonetwork\/srv\/pl\/iso19139.xml?id=688\">43<\/a><\/td><td><a href=\"http:\/\/metadane.odgik.pl\/geonetwork\/srv\/pl\/iso19139.xml?id=679\">54<\/a><\/td><\/tr><tr><td>&nbsp;<\/td><td>&nbsp;<\/td><td>&nbsp;<\/td><td><a href=\"http:\/\/metadane.odgik.pl\/geonetwork\/srv\/pl\/iso19139.xml?id=688\">44<\/a><\/td><td><a href=\"http:\/\/metadane.odgik.pl\/geonetwork\/srv\/pl\/iso19139.xml?id=692\">55<\/a><\/td><\/tr><tr><td>&nbsp;<\/td><td>&nbsp;<\/td><td>&nbsp;<\/td><td><a href=\"http:\/\/metadane.odgik.pl\/geonetwork\/srv\/pl\/iso19139.xml?id=684\">45<\/a><\/td><td><a href=\"http:\/\/metadane.odgik.pl\/geonetwork\/srv\/pl\/iso19139.xml?id=686\">56<\/a><\/td><\/tr><tr><td>&nbsp;<\/td><td>&nbsp;<\/td><td>&nbsp;<\/td><td><a href=\"http:\/\/metadane.odgik.pl\/geonetwork\/srv\/pl\/iso19139.xml?id=673\">46<\/a><\/td><td><a href=\"http:\/\/metadane.odgik.pl\/geonetwork\/srv\/pl\/iso19139.xml?id=674\">57<\/a><\/td><\/tr><tr><td>&nbsp;<\/td><td>&nbsp;<\/td><td>&nbsp;<\/td><td><a href=\"http:\/\/metadane.odgik.pl\/geonetwork\/srv\/pl\/iso19139.xml?id=691\">47<\/a><\/td><td>&nbsp;<\/td><\/tr><tr><td>&nbsp;<\/td><td>&nbsp;<\/td><td>&nbsp;<\/td><td><a href=\"http:\/\/metadane.odgik.pl\/geonetwork\/srv\/pl\/iso19139.xml?id=690\">48<\/a><\/td><td>&nbsp;<\/td><\/tr><tr><td>&nbsp;<\/td><td>&nbsp;<\/td><td>&nbsp;<\/td><td><a href=\"http:\/\/metadane.odgik.pl\/geonetwork\/srv\/pl\/iso19139.xml?id=693\">49<\/a><\/td><td>&nbsp;<\/td><\/tr><\/tbody><\/table><\/figure>\n\n\n\n<p>Metadane mo\u017cna przegl\u0105da\u0107 r\u00f3wnie\u017c&nbsp;<a href=\"http:\/\/metadane.odgik.pl\/srv\/pl\/main.home\">tutaj<\/a><\/p>\n\n\n\n<h2 class=\"wp-block-heading\">Ortfotomapa<\/h2>\n\n\n\n<p>Ortfotomapa<\/p>\n\n\n\n<p>O\u015brodek Dokumentacji Geodezyjnej i Kartograficznej dysponuje ortofotomap\u0105 z lat 1996, 2008, 2009, 2012, 2015, 2018, 2020.<\/p>\n\n\n\n<p>Materia\u0142y te s\u0105 dost\u0119pne:<\/p>\n\n\n\n<p>\u2013&nbsp;<a href=\"http:\/\/siemianowice.retromapy.pl\/\">retromapy&nbsp;<\/a><\/p>\n\n\n\n<p>\u2013&nbsp;<a href=\"http:\/\/siemianowice.geoportal2.pl\/map\/www\/mapa.php?CFGF=wms&amp;mylayers=+granice+\">geoportal2<\/a><\/p>\n","protected":false},"excerpt":{"rendered":"<p>Dane analogowe Dane analogowe w wi\u0119kszo\u015bci obecnie posiadaj\u0105 warto\u015b\u0107 archiwaln\u0105, poniewa\u017c s\u0105 to wszelkie dokumenty w zasobie \u2013 najcz\u0119\u015bciej papierowe, kt\u00f3re nie s\u0105 aktualizowane. Mo\u017cemy do nich zaliczy\u0107 m.in.: map\u0119 zasadnicz\u0105 \u2013 pierworysy i matryce z nak\u0142adkami w skalach: 1:500 i 1:1000 map\u0119 ewidencyjn\u0105 w skalach 1:2000, 1:2500, 1:5000 map\u0119 glebowo-rolnicz\u0105 mapy uzupe\u0142niaj\u0105ce zarysy pomiarowe [&hellip;]<\/p>\n","protected":false},"author":40,"featured_media":0,"parent":0,"menu_order":0,"comment_status":"closed","ping_status":"closed","template":"","meta":{"_acf_changed":false,"footnotes":""},"class_list":["post-25","page","type-page","status-publish","hentry"],"acf":[],"yoast_head":"<!-- This site is optimized with the Yoast SEO plugin v26.9 - https:\/\/yoast.com\/product\/yoast-seo-wordpress\/ -->\n<title>O zasobie - Grodzki O\u015brodek Dokumentacji Geodezyjnej i Kartograficznej w Siemianowicach \u015al\u0105skich<\/title>\n<meta name=\"robots\" content=\"index, follow, max-snippet:-1, max-image-preview:large, max-video-preview:-1\" \/>\n<link rel=\"canonical\" href=\"https:\/\/siemianowice.pl\/geodezja\/o-zasobie\/\" \/>\n<meta property=\"og:locale\" content=\"pl_PL\" \/>\n<meta property=\"og:type\" content=\"article\" \/>\n<meta property=\"og:title\" content=\"O zasobie - Grodzki O\u015brodek Dokumentacji Geodezyjnej i Kartograficznej w Siemianowicach \u015al\u0105skich\" \/>\n<meta property=\"og:description\" content=\"Dane analogowe Dane analogowe w wi\u0119kszo\u015bci obecnie posiadaj\u0105 warto\u015b\u0107 archiwaln\u0105, poniewa\u017c s\u0105 to wszelkie dokumenty w zasobie \u2013 najcz\u0119\u015bciej papierowe, kt\u00f3re nie s\u0105 aktualizowane. Mo\u017cemy do nich zaliczy\u0107 m.in.: map\u0119 zasadnicz\u0105 \u2013 pierworysy i matryce z nak\u0142adkami w skalach: 1:500 i 1:1000 map\u0119 ewidencyjn\u0105 w skalach 1:2000, 1:2500, 1:5000 map\u0119 glebowo-rolnicz\u0105 mapy uzupe\u0142niaj\u0105ce zarysy pomiarowe [&hellip;]\" \/>\n<meta property=\"og:url\" content=\"https:\/\/siemianowice.pl\/geodezja\/o-zasobie\/\" \/>\n<meta property=\"og:site_name\" content=\"Grodzki O\u015brodek Dokumentacji Geodezyjnej i Kartograficznej w Siemianowicach \u015al\u0105skich\" \/>\n<meta property=\"article:modified_time\" content=\"2023-01-31T08:45:01+00:00\" \/>\n<meta name=\"twitter:card\" content=\"summary_large_image\" \/>\n<meta name=\"twitter:label1\" content=\"Szacowany czas czytania\" \/>\n\t<meta name=\"twitter:data1\" content=\"3 minuty\" \/>\n<script type=\"application\/ld+json\" class=\"yoast-schema-graph\">{\"@context\":\"https:\/\/schema.org\",\"@graph\":[{\"@type\":\"WebPage\",\"@id\":\"https:\/\/siemianowice.pl\/geodezja\/o-zasobie\/\",\"url\":\"https:\/\/siemianowice.pl\/geodezja\/o-zasobie\/\",\"name\":\"O zasobie - Grodzki O\u015brodek Dokumentacji Geodezyjnej i Kartograficznej w Siemianowicach \u015al\u0105skich\",\"isPartOf\":{\"@id\":\"https:\/\/siemianowice.pl\/geodezja\/#website\"},\"datePublished\":\"2022-09-13T11:04:29+00:00\",\"dateModified\":\"2023-01-31T08:45:01+00:00\",\"breadcrumb\":{\"@id\":\"https:\/\/siemianowice.pl\/geodezja\/o-zasobie\/#breadcrumb\"},\"inLanguage\":\"pl-PL\",\"potentialAction\":[{\"@type\":\"ReadAction\",\"target\":[\"https:\/\/siemianowice.pl\/geodezja\/o-zasobie\/\"]}]},{\"@type\":\"BreadcrumbList\",\"@id\":\"https:\/\/siemianowice.pl\/geodezja\/o-zasobie\/#breadcrumb\",\"itemListElement\":[{\"@type\":\"ListItem\",\"position\":1,\"name\":\"Strona g\u0142\u00f3wna\",\"item\":\"https:\/\/siemianowice.pl\/geodezja\/\"},{\"@type\":\"ListItem\",\"position\":2,\"name\":\"O zasobie\"}]},{\"@type\":\"WebSite\",\"@id\":\"https:\/\/siemianowice.pl\/geodezja\/#website\",\"url\":\"https:\/\/siemianowice.pl\/geodezja\/\",\"name\":\"Grodzki O\u015brodek Dokumentacji Geodezyjnej i Kartograficznej w Siemianowicach \u015al\u0105skich\",\"description\":\"Kolejna witryna sieci &#8222;Urz\u0105d Miasta w Siemianowicach \u015al\u0105skich&#8221;\",\"potentialAction\":[{\"@type\":\"SearchAction\",\"target\":{\"@type\":\"EntryPoint\",\"urlTemplate\":\"https:\/\/siemianowice.pl\/geodezja\/?s={search_term_string}\"},\"query-input\":{\"@type\":\"PropertyValueSpecification\",\"valueRequired\":true,\"valueName\":\"search_term_string\"}}],\"inLanguage\":\"pl-PL\"}]}<\/script>\n<!-- \/ Yoast SEO plugin. -->","yoast_head_json":{"title":"O zasobie - Grodzki O\u015brodek Dokumentacji Geodezyjnej i Kartograficznej w Siemianowicach \u015al\u0105skich","robots":{"index":"index","follow":"follow","max-snippet":"max-snippet:-1","max-image-preview":"max-image-preview:large","max-video-preview":"max-video-preview:-1"},"canonical":"https:\/\/siemianowice.pl\/geodezja\/o-zasobie\/","og_locale":"pl_PL","og_type":"article","og_title":"O zasobie - Grodzki O\u015brodek Dokumentacji Geodezyjnej i Kartograficznej w Siemianowicach \u015al\u0105skich","og_description":"Dane analogowe Dane analogowe w wi\u0119kszo\u015bci obecnie posiadaj\u0105 warto\u015b\u0107 archiwaln\u0105, poniewa\u017c s\u0105 to wszelkie dokumenty w zasobie \u2013 najcz\u0119\u015bciej papierowe, kt\u00f3re nie s\u0105 aktualizowane. Mo\u017cemy do nich zaliczy\u0107 m.in.: map\u0119 zasadnicz\u0105 \u2013 pierworysy i matryce z nak\u0142adkami w skalach: 1:500 i 1:1000 map\u0119 ewidencyjn\u0105 w skalach 1:2000, 1:2500, 1:5000 map\u0119 glebowo-rolnicz\u0105 mapy uzupe\u0142niaj\u0105ce zarysy pomiarowe [&hellip;]","og_url":"https:\/\/siemianowice.pl\/geodezja\/o-zasobie\/","og_site_name":"Grodzki O\u015brodek Dokumentacji Geodezyjnej i Kartograficznej w Siemianowicach \u015al\u0105skich","article_modified_time":"2023-01-31T08:45:01+00:00","twitter_card":"summary_large_image","twitter_misc":{"Szacowany czas czytania":"3 minuty"},"schema":{"@context":"https:\/\/schema.org","@graph":[{"@type":"WebPage","@id":"https:\/\/siemianowice.pl\/geodezja\/o-zasobie\/","url":"https:\/\/siemianowice.pl\/geodezja\/o-zasobie\/","name":"O zasobie - Grodzki O\u015brodek Dokumentacji Geodezyjnej i Kartograficznej w Siemianowicach \u015al\u0105skich","isPartOf":{"@id":"https:\/\/siemianowice.pl\/geodezja\/#website"},"datePublished":"2022-09-13T11:04:29+00:00","dateModified":"2023-01-31T08:45:01+00:00","breadcrumb":{"@id":"https:\/\/siemianowice.pl\/geodezja\/o-zasobie\/#breadcrumb"},"inLanguage":"pl-PL","potentialAction":[{"@type":"ReadAction","target":["https:\/\/siemianowice.pl\/geodezja\/o-zasobie\/"]}]},{"@type":"BreadcrumbList","@id":"https:\/\/siemianowice.pl\/geodezja\/o-zasobie\/#breadcrumb","itemListElement":[{"@type":"ListItem","position":1,"name":"Strona g\u0142\u00f3wna","item":"https:\/\/siemianowice.pl\/geodezja\/"},{"@type":"ListItem","position":2,"name":"O zasobie"}]},{"@type":"WebSite","@id":"https:\/\/siemianowice.pl\/geodezja\/#website","url":"https:\/\/siemianowice.pl\/geodezja\/","name":"Grodzki O\u015brodek Dokumentacji Geodezyjnej i Kartograficznej w Siemianowicach \u015al\u0105skich","description":"Kolejna witryna sieci &#8222;Urz\u0105d Miasta w Siemianowicach \u015al\u0105skich&#8221;","potentialAction":[{"@type":"SearchAction","target":{"@type":"EntryPoint","urlTemplate":"https:\/\/siemianowice.pl\/geodezja\/?s={search_term_string}"},"query-input":{"@type":"PropertyValueSpecification","valueRequired":true,"valueName":"search_term_string"}}],"inLanguage":"pl-PL"}]}},"_links":{"self":[{"href":"https:\/\/siemianowice.pl\/geodezja\/wp-json\/wp\/v2\/pages\/25","targetHints":{"allow":["GET"]}}],"collection":[{"href":"https:\/\/siemianowice.pl\/geodezja\/wp-json\/wp\/v2\/pages"}],"about":[{"href":"https:\/\/siemianowice.pl\/geodezja\/wp-json\/wp\/v2\/types\/page"}],"author":[{"embeddable":true,"href":"https:\/\/siemianowice.pl\/geodezja\/wp-json\/wp\/v2\/users\/40"}],"replies":[{"embeddable":true,"href":"https:\/\/siemianowice.pl\/geodezja\/wp-json\/wp\/v2\/comments?post=25"}],"version-history":[{"count":8,"href":"https:\/\/siemianowice.pl\/geodezja\/wp-json\/wp\/v2\/pages\/25\/revisions"}],"predecessor-version":[{"id":289,"href":"https:\/\/siemianowice.pl\/geodezja\/wp-json\/wp\/v2\/pages\/25\/revisions\/289"}],"wp:attachment":[{"href":"https:\/\/siemianowice.pl\/geodezja\/wp-json\/wp\/v2\/media?parent=25"}],"curies":[{"name":"wp","href":"https:\/\/api.w.org\/{rel}","templated":true}]}}