{"id":26,"date":"2022-09-13T13:04:29","date_gmt":"2022-09-13T11:04:29","guid":{"rendered":"https:\/\/siemianowice.pl\/geodezja\/?page_id=26"},"modified":"2022-10-20T10:27:27","modified_gmt":"2022-10-20T08:27:27","slug":"poradnik-geodety","status":"publish","type":"page","link":"https:\/\/siemianowice.pl\/geodezja\/poradnik-geodety\/","title":{"rendered":"Poradnik Geodety"},"content":{"rendered":"\n<h3 class=\"wp-block-heading\"><a href=\"https:\/\/siemianowice.pl\/geodezja\/przyjmowanie-do-zasobu-dokumentacji-pomiarowej\/\">Przyjmowanie do zasobu dokumentacji pomiarowej<\/a><\/h3>\n\n\n\n<h3 class=\"wp-block-heading\"><a href=\"https:\/\/siemianowice.pl\/geodezja\/aktualizacja-powiatowej-bazy-geodezyjnej-ewidencji-sieci-uzbrojenia-terenu\/\">Aktualizacja powiatowej bazy Geodezyjnej Ewidencji Sieci Uzbrojenia Terenu<\/a><\/h3>\n\n\n\n<h3 class=\"wp-block-heading\"><a href=\"https:\/\/siemianowice.pl\/geodezja\/aktualizacja-ewidencji-gruntow-i-budynkow-w-zakresie-budynkow\/\">Aktualizacja ewidencji grunt\u00f3w i budynk\u00f3w w zakresie budynk\u00f3w<\/a><\/h3>\n\n\n\n<h3 class=\"wp-block-heading\"><a href=\"https:\/\/siemianowice.pl\/geodezja\/zgloszenie-lub-uzupelnienie-zgloszenia-pracy-geodezyjnej\/\">Zg\u0142oszenie lub uzupe\u0142nienie zg\u0142oszenia pracy geodezyjnej<\/a><\/h3>\n\n\n\n<p><\/p>\n","protected":false},"excerpt":{"rendered":"<p>Przyjmowanie do zasobu dokumentacji pomiarowej Aktualizacja powiatowej bazy Geodezyjnej Ewidencji Sieci Uzbrojenia Terenu Aktualizacja ewidencji grunt\u00f3w i budynk\u00f3w w zakresie budynk\u00f3w Zg\u0142oszenie lub uzupe\u0142nienie zg\u0142oszenia pracy geodezyjnej<\/p>\n","protected":false},"author":41,"featured_media":0,"parent":0,"menu_order":0,"comment_status":"closed","ping_status":"closed","template":"","meta":{"_acf_changed":false,"footnotes":""},"class_list":["post-26","page","type-page","status-publish","hentry"],"acf":[],"yoast_head":"<!-- This site is optimized with the Yoast SEO plugin v26.9 - https:\/\/yoast.com\/product\/yoast-seo-wordpress\/ -->\n<title>Poradnik Geodety - Grodzki O\u015brodek Dokumentacji Geodezyjnej i Kartograficznej w Siemianowicach \u015al\u0105skich<\/title>\n<meta name=\"robots\" content=\"index, follow, max-snippet:-1, max-image-preview:large, max-video-preview:-1\" \/>\n<link rel=\"canonical\" href=\"https:\/\/siemianowice.pl\/geodezja\/poradnik-geodety\/\" \/>\n<meta property=\"og:locale\" content=\"pl_PL\" \/>\n<meta property=\"og:type\" content=\"article\" \/>\n<meta property=\"og:title\" content=\"Poradnik Geodety - Grodzki O\u015brodek Dokumentacji Geodezyjnej i Kartograficznej w Siemianowicach \u015al\u0105skich\" \/>\n<meta property=\"og:description\" content=\"Przyjmowanie do zasobu dokumentacji pomiarowej Aktualizacja powiatowej bazy Geodezyjnej Ewidencji Sieci Uzbrojenia Terenu Aktualizacja ewidencji grunt\u00f3w i budynk\u00f3w w zakresie budynk\u00f3w Zg\u0142oszenie lub uzupe\u0142nienie zg\u0142oszenia pracy geodezyjnej\" \/>\n<meta property=\"og:url\" content=\"https:\/\/siemianowice.pl\/geodezja\/poradnik-geodety\/\" \/>\n<meta property=\"og:site_name\" content=\"Grodzki O\u015brodek Dokumentacji Geodezyjnej i Kartograficznej w Siemianowicach \u015al\u0105skich\" \/>\n<meta property=\"article:modified_time\" content=\"2022-10-20T08:27:27+00:00\" \/>\n<meta name=\"twitter:card\" content=\"summary_large_image\" \/>\n<meta name=\"twitter:label1\" content=\"Szacowany czas czytania\" \/>\n\t<meta name=\"twitter:data1\" content=\"1 minuta\" \/>\n<script type=\"application\/ld+json\" class=\"yoast-schema-graph\">{\"@context\":\"https:\/\/schema.org\",\"@graph\":[{\"@type\":\"WebPage\",\"@id\":\"https:\/\/siemianowice.pl\/geodezja\/poradnik-geodety\/\",\"url\":\"https:\/\/siemianowice.pl\/geodezja\/poradnik-geodety\/\",\"name\":\"Poradnik Geodety - Grodzki O\u015brodek Dokumentacji Geodezyjnej i Kartograficznej w Siemianowicach \u015al\u0105skich\",\"isPartOf\":{\"@id\":\"https:\/\/siemianowice.pl\/geodezja\/#website\"},\"datePublished\":\"2022-09-13T11:04:29+00:00\",\"dateModified\":\"2022-10-20T08:27:27+00:00\",\"breadcrumb\":{\"@id\":\"https:\/\/siemianowice.pl\/geodezja\/poradnik-geodety\/#breadcrumb\"},\"inLanguage\":\"pl-PL\",\"potentialAction\":[{\"@type\":\"ReadAction\",\"target\":[\"https:\/\/siemianowice.pl\/geodezja\/poradnik-geodety\/\"]}]},{\"@type\":\"BreadcrumbList\",\"@id\":\"https:\/\/siemianowice.pl\/geodezja\/poradnik-geodety\/#breadcrumb\",\"itemListElement\":[{\"@type\":\"ListItem\",\"position\":1,\"name\":\"Strona g\u0142\u00f3wna\",\"item\":\"https:\/\/siemianowice.pl\/geodezja\/\"},{\"@type\":\"ListItem\",\"position\":2,\"name\":\"Poradnik Geodety\"}]},{\"@type\":\"WebSite\",\"@id\":\"https:\/\/siemianowice.pl\/geodezja\/#website\",\"url\":\"https:\/\/siemianowice.pl\/geodezja\/\",\"name\":\"Grodzki O\u015brodek Dokumentacji Geodezyjnej i Kartograficznej w Siemianowicach \u015al\u0105skich\",\"description\":\"Kolejna witryna sieci &#8222;Urz\u0105d Miasta w Siemianowicach \u015al\u0105skich&#8221;\",\"potentialAction\":[{\"@type\":\"SearchAction\",\"target\":{\"@type\":\"EntryPoint\",\"urlTemplate\":\"https:\/\/siemianowice.pl\/geodezja\/?s={search_term_string}\"},\"query-input\":{\"@type\":\"PropertyValueSpecification\",\"valueRequired\":true,\"valueName\":\"search_term_string\"}}],\"inLanguage\":\"pl-PL\"}]}<\/script>\n<!-- \/ Yoast SEO plugin. -->","yoast_head_json":{"title":"Poradnik Geodety - Grodzki O\u015brodek Dokumentacji Geodezyjnej i Kartograficznej w Siemianowicach \u015al\u0105skich","robots":{"index":"index","follow":"follow","max-snippet":"max-snippet:-1","max-image-preview":"max-image-preview:large","max-video-preview":"max-video-preview:-1"},"canonical":"https:\/\/siemianowice.pl\/geodezja\/poradnik-geodety\/","og_locale":"pl_PL","og_type":"article","og_title":"Poradnik Geodety - Grodzki O\u015brodek Dokumentacji Geodezyjnej i Kartograficznej w Siemianowicach \u015al\u0105skich","og_description":"Przyjmowanie do zasobu dokumentacji pomiarowej Aktualizacja powiatowej bazy Geodezyjnej Ewidencji Sieci Uzbrojenia Terenu Aktualizacja ewidencji grunt\u00f3w i budynk\u00f3w w zakresie budynk\u00f3w Zg\u0142oszenie lub uzupe\u0142nienie zg\u0142oszenia pracy geodezyjnej","og_url":"https:\/\/siemianowice.pl\/geodezja\/poradnik-geodety\/","og_site_name":"Grodzki O\u015brodek Dokumentacji Geodezyjnej i Kartograficznej w Siemianowicach \u015al\u0105skich","article_modified_time":"2022-10-20T08:27:27+00:00","twitter_card":"summary_large_image","twitter_misc":{"Szacowany czas czytania":"1 minuta"},"schema":{"@context":"https:\/\/schema.org","@graph":[{"@type":"WebPage","@id":"https:\/\/siemianowice.pl\/geodezja\/poradnik-geodety\/","url":"https:\/\/siemianowice.pl\/geodezja\/poradnik-geodety\/","name":"Poradnik Geodety - Grodzki O\u015brodek Dokumentacji Geodezyjnej i Kartograficznej w Siemianowicach \u015al\u0105skich","isPartOf":{"@id":"https:\/\/siemianowice.pl\/geodezja\/#website"},"datePublished":"2022-09-13T11:04:29+00:00","dateModified":"2022-10-20T08:27:27+00:00","breadcrumb":{"@id":"https:\/\/siemianowice.pl\/geodezja\/poradnik-geodety\/#breadcrumb"},"inLanguage":"pl-PL","potentialAction":[{"@type":"ReadAction","target":["https:\/\/siemianowice.pl\/geodezja\/poradnik-geodety\/"]}]},{"@type":"BreadcrumbList","@id":"https:\/\/siemianowice.pl\/geodezja\/poradnik-geodety\/#breadcrumb","itemListElement":[{"@type":"ListItem","position":1,"name":"Strona g\u0142\u00f3wna","item":"https:\/\/siemianowice.pl\/geodezja\/"},{"@type":"ListItem","position":2,"name":"Poradnik Geodety"}]},{"@type":"WebSite","@id":"https:\/\/siemianowice.pl\/geodezja\/#website","url":"https:\/\/siemianowice.pl\/geodezja\/","name":"Grodzki O\u015brodek Dokumentacji Geodezyjnej i Kartograficznej w Siemianowicach \u015al\u0105skich","description":"Kolejna witryna sieci &#8222;Urz\u0105d Miasta w Siemianowicach \u015al\u0105skich&#8221;","potentialAction":[{"@type":"SearchAction","target":{"@type":"EntryPoint","urlTemplate":"https:\/\/siemianowice.pl\/geodezja\/?s={search_term_string}"},"query-input":{"@type":"PropertyValueSpecification","valueRequired":true,"valueName":"search_term_string"}}],"inLanguage":"pl-PL"}]}},"_links":{"self":[{"href":"https:\/\/siemianowice.pl\/geodezja\/wp-json\/wp\/v2\/pages\/26","targetHints":{"allow":["GET"]}}],"collection":[{"href":"https:\/\/siemianowice.pl\/geodezja\/wp-json\/wp\/v2\/pages"}],"about":[{"href":"https:\/\/siemianowice.pl\/geodezja\/wp-json\/wp\/v2\/types\/page"}],"author":[{"embeddable":true,"href":"https:\/\/siemianowice.pl\/geodezja\/wp-json\/wp\/v2\/users\/41"}],"replies":[{"embeddable":true,"href":"https:\/\/siemianowice.pl\/geodezja\/wp-json\/wp\/v2\/comments?post=26"}],"version-history":[{"count":10,"href":"https:\/\/siemianowice.pl\/geodezja\/wp-json\/wp\/v2\/pages\/26\/revisions"}],"predecessor-version":[{"id":267,"href":"https:\/\/siemianowice.pl\/geodezja\/wp-json\/wp\/v2\/pages\/26\/revisions\/267"}],"wp:attachment":[{"href":"https:\/\/siemianowice.pl\/geodezja\/wp-json\/wp\/v2\/media?parent=26"}],"curies":[{"name":"wp","href":"https:\/\/api.w.org\/{rel}","templated":true}]}}