{"id":83,"date":"2022-09-13T14:43:39","date_gmt":"2022-09-13T12:43:39","guid":{"rendered":"https:\/\/siemianowice.pl\/geodezja\/?page_id=83"},"modified":"2023-01-31T10:00:35","modified_gmt":"2023-01-31T09:00:35","slug":"przydatne-adresy","status":"publish","type":"page","link":"https:\/\/siemianowice.pl\/geodezja\/przydatne-adresy\/","title":{"rendered":"Przydatne adresy"},"content":{"rendered":"\n<p>Strona G\u0142\u00f3wna Siemianowic \u015al\u0105skich <a href=\"http:\/\/www.siemianowice.pl\/\">(zobacz)<\/a><\/p>\n\n\n\n<p>Geoportal Mista Siemianowice \u015al\u0105skie&nbsp;<a href=\"http:\/\/siemianowice.geoportal2.pl\/map\/www\/mapa.php?CFGF=wms&amp;mylayers=+granice+\">(zobacz)<\/a><\/p>\n\n\n\n<p>Ministerstwo Spraw Wewn\u0119trznych i Administracji&nbsp;<a href=\"http:\/\/mswia.gov.pl\/\">(zobacz)<\/a><\/p>\n\n\n\n<p>G\u0142\u00f3wny Urz\u0105d Geodezji i Kartografii&nbsp;<a href=\"http:\/\/gugik.gov.pl\/\">(zobacz)<\/a><\/p>\n\n\n\n<p>Urz\u0105d Marsza\u0142kowski w Katowicach&nbsp;<a href=\"http:\/\/www.silesia-region.pl\/\">(zobacz)<\/a><\/p>\n\n\n\n<p>Urz\u0105d Wojew\u00f3dzki w Katowicach&nbsp;<a href=\"http:\/\/www.katowice.uw.gov.pl\/\">(zobacz)<\/a><\/p>\n\n\n\n<p>Centralna Baza Danych Ksi\u0105g Wieczystych&nbsp;<a href=\"http:\/\/ekw.ms.gov.pl\/\">(zobacz)<\/a><\/p>\n\n\n\n<p>&#8222;Geodeta&#8221; Miesi\u0119cznik&nbsp;<a href=\"http:\/\/www.geoforum.pl\/\">(zobacz)<\/a><\/p>\n\n\n\n<p>Geoportal Krajowy&nbsp;<a href=\"https:\/\/mapy.geoportal.gov.pl\/imap\/Imgp_2.html?gpmap=gp0\">(zobacz)<\/a><\/p>\n\n\n\n<p>!!!!!! DO POPRAWY &#8211; NIE DZIA\u0141A !!!!!!      Elektroniczne Ksi\u0119gi Wieczyste&nbsp;<a href=\"https:\/\/przegladarka-ekw.ms.gov.pl\/eukw_prz\/KsiegiWieczyste\/wyszukiwanieKW?komunikaty=true&amp;kontakt=true&amp;okienkoSerwisowe=false\">(zobacz)<\/a><\/p>\n","protected":false},"excerpt":{"rendered":"<p>Strona G\u0142\u00f3wna Siemianowic \u015al\u0105skich (zobacz) Geoportal Mista Siemianowice \u015al\u0105skie&nbsp;(zobacz) Ministerstwo Spraw Wewn\u0119trznych i Administracji&nbsp;(zobacz) G\u0142\u00f3wny Urz\u0105d Geodezji i Kartografii&nbsp;(zobacz) Urz\u0105d Marsza\u0142kowski w Katowicach&nbsp;(zobacz) Urz\u0105d Wojew\u00f3dzki w Katowicach&nbsp;(zobacz) Centralna Baza Danych Ksi\u0105g Wieczystych&nbsp;(zobacz) &#8222;Geodeta&#8221; Miesi\u0119cznik&nbsp;(zobacz) Geoportal Krajowy&nbsp;(zobacz) !!!!!! DO POPRAWY &#8211; NIE DZIA\u0141A !!!!!! Elektroniczne Ksi\u0119gi Wieczyste&nbsp;(zobacz)<\/p>\n","protected":false},"author":40,"featured_media":0,"parent":0,"menu_order":0,"comment_status":"closed","ping_status":"closed","template":"","meta":{"_acf_changed":false,"footnotes":""},"class_list":["post-83","page","type-page","status-publish","hentry"],"acf":[],"yoast_head":"<!-- This site is optimized with the Yoast SEO plugin v26.9 - https:\/\/yoast.com\/product\/yoast-seo-wordpress\/ -->\n<title>Przydatne adresy - Grodzki O\u015brodek Dokumentacji Geodezyjnej i Kartograficznej w Siemianowicach \u015al\u0105skich<\/title>\n<meta name=\"robots\" content=\"index, follow, max-snippet:-1, max-image-preview:large, max-video-preview:-1\" \/>\n<link rel=\"canonical\" href=\"https:\/\/siemianowice.pl\/geodezja\/przydatne-adresy\/\" \/>\n<meta property=\"og:locale\" content=\"pl_PL\" \/>\n<meta property=\"og:type\" content=\"article\" \/>\n<meta property=\"og:title\" content=\"Przydatne adresy - Grodzki O\u015brodek Dokumentacji Geodezyjnej i Kartograficznej w Siemianowicach \u015al\u0105skich\" \/>\n<meta property=\"og:description\" content=\"Strona G\u0142\u00f3wna Siemianowic \u015al\u0105skich (zobacz) Geoportal Mista Siemianowice \u015al\u0105skie&nbsp;(zobacz) Ministerstwo Spraw Wewn\u0119trznych i Administracji&nbsp;(zobacz) G\u0142\u00f3wny Urz\u0105d Geodezji i Kartografii&nbsp;(zobacz) Urz\u0105d Marsza\u0142kowski w Katowicach&nbsp;(zobacz) Urz\u0105d Wojew\u00f3dzki w Katowicach&nbsp;(zobacz) Centralna Baza Danych Ksi\u0105g Wieczystych&nbsp;(zobacz) &#8222;Geodeta&#8221; Miesi\u0119cznik&nbsp;(zobacz) Geoportal Krajowy&nbsp;(zobacz) !!!!!! DO POPRAWY &#8211; NIE DZIA\u0141A !!!!!! Elektroniczne Ksi\u0119gi Wieczyste&nbsp;(zobacz)\" \/>\n<meta property=\"og:url\" content=\"https:\/\/siemianowice.pl\/geodezja\/przydatne-adresy\/\" \/>\n<meta property=\"og:site_name\" content=\"Grodzki O\u015brodek Dokumentacji Geodezyjnej i Kartograficznej w Siemianowicach \u015al\u0105skich\" \/>\n<meta property=\"article:modified_time\" content=\"2023-01-31T09:00:35+00:00\" \/>\n<meta name=\"twitter:card\" content=\"summary_large_image\" \/>\n<meta name=\"twitter:label1\" content=\"Szacowany czas czytania\" \/>\n\t<meta name=\"twitter:data1\" content=\"1 minuta\" \/>\n<script type=\"application\/ld+json\" class=\"yoast-schema-graph\">{\"@context\":\"https:\/\/schema.org\",\"@graph\":[{\"@type\":\"WebPage\",\"@id\":\"https:\/\/siemianowice.pl\/geodezja\/przydatne-adresy\/\",\"url\":\"https:\/\/siemianowice.pl\/geodezja\/przydatne-adresy\/\",\"name\":\"Przydatne adresy - Grodzki O\u015brodek Dokumentacji Geodezyjnej i Kartograficznej w Siemianowicach \u015al\u0105skich\",\"isPartOf\":{\"@id\":\"https:\/\/siemianowice.pl\/geodezja\/#website\"},\"datePublished\":\"2022-09-13T12:43:39+00:00\",\"dateModified\":\"2023-01-31T09:00:35+00:00\",\"breadcrumb\":{\"@id\":\"https:\/\/siemianowice.pl\/geodezja\/przydatne-adresy\/#breadcrumb\"},\"inLanguage\":\"pl-PL\",\"potentialAction\":[{\"@type\":\"ReadAction\",\"target\":[\"https:\/\/siemianowice.pl\/geodezja\/przydatne-adresy\/\"]}]},{\"@type\":\"BreadcrumbList\",\"@id\":\"https:\/\/siemianowice.pl\/geodezja\/przydatne-adresy\/#breadcrumb\",\"itemListElement\":[{\"@type\":\"ListItem\",\"position\":1,\"name\":\"Strona g\u0142\u00f3wna\",\"item\":\"https:\/\/siemianowice.pl\/geodezja\/\"},{\"@type\":\"ListItem\",\"position\":2,\"name\":\"Przydatne adresy\"}]},{\"@type\":\"WebSite\",\"@id\":\"https:\/\/siemianowice.pl\/geodezja\/#website\",\"url\":\"https:\/\/siemianowice.pl\/geodezja\/\",\"name\":\"Grodzki O\u015brodek Dokumentacji Geodezyjnej i Kartograficznej w Siemianowicach \u015al\u0105skich\",\"description\":\"Kolejna witryna sieci &#8222;Urz\u0105d Miasta w Siemianowicach \u015al\u0105skich&#8221;\",\"potentialAction\":[{\"@type\":\"SearchAction\",\"target\":{\"@type\":\"EntryPoint\",\"urlTemplate\":\"https:\/\/siemianowice.pl\/geodezja\/?s={search_term_string}\"},\"query-input\":{\"@type\":\"PropertyValueSpecification\",\"valueRequired\":true,\"valueName\":\"search_term_string\"}}],\"inLanguage\":\"pl-PL\"}]}<\/script>\n<!-- \/ Yoast SEO plugin. -->","yoast_head_json":{"title":"Przydatne adresy - Grodzki O\u015brodek Dokumentacji Geodezyjnej i Kartograficznej w Siemianowicach \u015al\u0105skich","robots":{"index":"index","follow":"follow","max-snippet":"max-snippet:-1","max-image-preview":"max-image-preview:large","max-video-preview":"max-video-preview:-1"},"canonical":"https:\/\/siemianowice.pl\/geodezja\/przydatne-adresy\/","og_locale":"pl_PL","og_type":"article","og_title":"Przydatne adresy - Grodzki O\u015brodek Dokumentacji Geodezyjnej i Kartograficznej w Siemianowicach \u015al\u0105skich","og_description":"Strona G\u0142\u00f3wna Siemianowic \u015al\u0105skich (zobacz) Geoportal Mista Siemianowice \u015al\u0105skie&nbsp;(zobacz) Ministerstwo Spraw Wewn\u0119trznych i Administracji&nbsp;(zobacz) G\u0142\u00f3wny Urz\u0105d Geodezji i Kartografii&nbsp;(zobacz) Urz\u0105d Marsza\u0142kowski w Katowicach&nbsp;(zobacz) Urz\u0105d Wojew\u00f3dzki w Katowicach&nbsp;(zobacz) Centralna Baza Danych Ksi\u0105g Wieczystych&nbsp;(zobacz) &#8222;Geodeta&#8221; Miesi\u0119cznik&nbsp;(zobacz) Geoportal Krajowy&nbsp;(zobacz) !!!!!! DO POPRAWY &#8211; NIE DZIA\u0141A !!!!!! Elektroniczne Ksi\u0119gi Wieczyste&nbsp;(zobacz)","og_url":"https:\/\/siemianowice.pl\/geodezja\/przydatne-adresy\/","og_site_name":"Grodzki O\u015brodek Dokumentacji Geodezyjnej i Kartograficznej w Siemianowicach \u015al\u0105skich","article_modified_time":"2023-01-31T09:00:35+00:00","twitter_card":"summary_large_image","twitter_misc":{"Szacowany czas czytania":"1 minuta"},"schema":{"@context":"https:\/\/schema.org","@graph":[{"@type":"WebPage","@id":"https:\/\/siemianowice.pl\/geodezja\/przydatne-adresy\/","url":"https:\/\/siemianowice.pl\/geodezja\/przydatne-adresy\/","name":"Przydatne adresy - Grodzki O\u015brodek Dokumentacji Geodezyjnej i Kartograficznej w Siemianowicach \u015al\u0105skich","isPartOf":{"@id":"https:\/\/siemianowice.pl\/geodezja\/#website"},"datePublished":"2022-09-13T12:43:39+00:00","dateModified":"2023-01-31T09:00:35+00:00","breadcrumb":{"@id":"https:\/\/siemianowice.pl\/geodezja\/przydatne-adresy\/#breadcrumb"},"inLanguage":"pl-PL","potentialAction":[{"@type":"ReadAction","target":["https:\/\/siemianowice.pl\/geodezja\/przydatne-adresy\/"]}]},{"@type":"BreadcrumbList","@id":"https:\/\/siemianowice.pl\/geodezja\/przydatne-adresy\/#breadcrumb","itemListElement":[{"@type":"ListItem","position":1,"name":"Strona g\u0142\u00f3wna","item":"https:\/\/siemianowice.pl\/geodezja\/"},{"@type":"ListItem","position":2,"name":"Przydatne adresy"}]},{"@type":"WebSite","@id":"https:\/\/siemianowice.pl\/geodezja\/#website","url":"https:\/\/siemianowice.pl\/geodezja\/","name":"Grodzki O\u015brodek Dokumentacji Geodezyjnej i Kartograficznej w Siemianowicach \u015al\u0105skich","description":"Kolejna witryna sieci &#8222;Urz\u0105d Miasta w Siemianowicach \u015al\u0105skich&#8221;","potentialAction":[{"@type":"SearchAction","target":{"@type":"EntryPoint","urlTemplate":"https:\/\/siemianowice.pl\/geodezja\/?s={search_term_string}"},"query-input":{"@type":"PropertyValueSpecification","valueRequired":true,"valueName":"search_term_string"}}],"inLanguage":"pl-PL"}]}},"_links":{"self":[{"href":"https:\/\/siemianowice.pl\/geodezja\/wp-json\/wp\/v2\/pages\/83","targetHints":{"allow":["GET"]}}],"collection":[{"href":"https:\/\/siemianowice.pl\/geodezja\/wp-json\/wp\/v2\/pages"}],"about":[{"href":"https:\/\/siemianowice.pl\/geodezja\/wp-json\/wp\/v2\/types\/page"}],"author":[{"embeddable":true,"href":"https:\/\/siemianowice.pl\/geodezja\/wp-json\/wp\/v2\/users\/40"}],"replies":[{"embeddable":true,"href":"https:\/\/siemianowice.pl\/geodezja\/wp-json\/wp\/v2\/comments?post=83"}],"version-history":[{"count":4,"href":"https:\/\/siemianowice.pl\/geodezja\/wp-json\/wp\/v2\/pages\/83\/revisions"}],"predecessor-version":[{"id":301,"href":"https:\/\/siemianowice.pl\/geodezja\/wp-json\/wp\/v2\/pages\/83\/revisions\/301"}],"wp:attachment":[{"href":"https:\/\/siemianowice.pl\/geodezja\/wp-json\/wp\/v2\/media?parent=83"}],"curies":[{"name":"wp","href":"https:\/\/api.w.org\/{rel}","templated":true}]}}