{"id":91,"date":"2022-09-14T09:36:17","date_gmt":"2022-09-14T07:36:17","guid":{"rendered":"https:\/\/siemianowice.pl\/geodezja\/?page_id=91"},"modified":"2022-09-14T09:40:18","modified_gmt":"2022-09-14T07:40:18","slug":"przyjmowanie-do-zasobu-dokumentacji-pomiarowej","status":"publish","type":"page","link":"https:\/\/siemianowice.pl\/geodezja\/przyjmowanie-do-zasobu-dokumentacji-pomiarowej\/","title":{"rendered":"Przyjmowanie do zasobu dokumentacji pomiarowej"},"content":{"rendered":"\n<p><strong>Og\u00f3lny opis<\/strong><\/p>\n\n\n\n<ol class=\"wp-block-list\"><li>Wykonawca prac geodezyjnych i kartograficznych jest obowi\u0105zany &#8211; po wykonaniu prac &#8211; przekaza\u0107 powsta\u0142e materia\u0142y lub informacje o tych materia\u0142ach do pa\u0144stwowego zasobu geodezyjnego i kartograficznego.<\/li><li>Dokumentacja przekazywana jest do powiatowego o\u015brodka dokumentacji geodezyjnej i kartograficznej, kt\u00f3ry przyj\u0105\u0142 zg\u0142oszenie o wykonaniu pracy geodezyjnej i kartograficznej.<\/li><li>Organ S\u0142u\u017cby Geodezyjnej i Kartograficznej, do kt\u00f3rego przekazane zosta\u0142y zbiory danych lub inne materia\u0142y stanowi\u0105ce wyniki prac geodezyjnych lub prac kartograficznych, niezw\u0142ocznie weryfikuje je pod wzgl\u0119dem zgodno\u015bci z przepisami prawa obowi\u0105zuj\u0105cymi w geodezji i kartografii, w szczeg\u00f3lno\u015bci dotycz\u0105cymi:<ol><li>wykonywania pomiar\u00f3w geodezyjnych, grawimetrycznych, magnetycznych oraz astronomicznych, w zwi\u0105zku z:<ul><li>realizacj\u0105 zada\u0144 okre\u015blonych w ustawie,<\/li><li>opracowaniem dokumentacji geodezyjnej dotycz\u0105cej nieruchomo\u015bci na potrzeby post\u0119powa\u0144,<\/li><li>wykonywaniem opracowa\u0144 geodezyjno-kartograficznych oraz czynno\u015bci geodezyjnych na potrzeby budownictwa,<\/li><\/ul>oraz opracowywania wynik\u00f3w tych pomiar\u00f3w;<\/li><li>kompletno\u015bci przekazywanych wynik\u00f3w wykonanych prac geodezyjnych lub prac kartograficznych,<\/li><li>&nbsp;sp\u00f3jno\u015bci przekazywanych zbir\u00f3w danych, z prowadzonymi przez organ bazami danych.<\/li><\/ol><\/li><\/ol>\n\n\n\n<p><br><strong>Wymagane dokumenty<\/strong><\/p>\n\n\n\n<ol class=\"wp-block-list\"><li>Wype\u0142niony formularz zawiadomienia.<\/li><li>Dokumentacja pomiarowa (orygina\u0142).<\/li><li>Kopie protoko\u0142u odbioru pracy przez zlecaj\u0105cego, je\u017celi zlecaj\u0105cym jest organ s\u0142u\u017cby geodezyjnej i kartograficznej.<\/li><\/ol>\n\n\n\n<p><strong>Spos\u00f3b dostarczania dokument\u00f3w<\/strong><\/p>\n\n\n\n<ol class=\"wp-block-list\"><li><strong>Formularz zawiadomienia o wykonaniu prac geodezyjnych jest zamieszczony poni\u017cej.<\/strong><\/li><li>Wymagane dokumenty nale\u017cy dostarczy\u0107 do urz\u0119du na jeden z poni\u017cszych sposob\u00f3w:<ol><li>Przes\u0142a\u0107 drog\u0105 elektroniczn\u0105 przy pomocy skrzynki kontaktowej PeUP, na adres email: ratusz@um.siemianowice.pl&nbsp;&nbsp;&#8211; o ile Wnioskodawca posiada bezpieczny podpis elektroniczny weryfikowany kwalifikowanym certyfikatem lub podpis elektroniczny z\u0142o\u017cony z wykorzystaniem Profilu Zaufanego ePUAP.<\/li><li>Przes\u0142a\u0107 poczt\u0105 tradycyjn\u0105 (dla cel\u00f3w dowodowych zaleca si\u0119 przes\u0142anie listem poleconym).<\/li><li>Z\u0142o\u017cy\u0107 bezpo\u015brednio w urz\u0119dzie w godzinach jego pracy.<\/li><li>Z\u0142o\u017cy\u0107 za po\u015brednictwem GEOPORTALU: siemianowice.geoportal2.pl,&nbsp;szczeg\u00f3\u0142y: http:\/\/siemianowice.geoportal2.pl\/map\/osrodek\/umowa.htm&nbsp;<\/li><\/ol><\/li><li>Dokumenty, kt\u00f3re maj\u0105 by\u0107 dostarczone w orygina\u0142ach lub uwierzytelnionych kopiach nale\u017cy z\u0142o\u017cy\u0107 bezpo\u015brednio w urz\u0119dzie lub przes\u0142a\u0107 poczt\u0105 tradycyjn\u0105.<\/li><\/ol>\n\n\n\n<div data-wp-interactive=\"core\/file\" class=\"wp-block-file\"><a href=\"https:\/\/siemianowice.pl\/geodezja\/wp-content\/uploads\/sites\/13\/2022\/09\/zawiadomienie-o-wykonaniu-prac-2.pdf\">zawiadomienie-o-wykonaniu-prac-2<\/a><a href=\"https:\/\/siemianowice.pl\/geodezja\/wp-content\/uploads\/sites\/13\/2022\/09\/zawiadomienie-o-wykonaniu-prac-2.pdf\" class=\"wp-block-file__button\" download>Pobierz<\/a><\/div>\n\n\n\n<div class=\"wp-block-file\"><a href=\"https:\/\/siemianowice.pl\/geodezja\/wp-content\/uploads\/sites\/13\/2022\/09\/zawiadomienie-o-wykonaniu-prac.doc\">zawiadomienie-o-wykonaniu-prac<\/a><a href=\"https:\/\/siemianowice.pl\/geodezja\/wp-content\/uploads\/sites\/13\/2022\/09\/zawiadomienie-o-wykonaniu-prac.doc\" class=\"wp-block-file__button\" download>Pobierz<\/a><\/div>\n\n\n\n<p>Wi\u0119cej informacji&nbsp;<a href=\"https:\/\/peup.siemianowice.pl\/#!\/karta_uslugi\/29935\/przyjmowanie-do-zasobu-dokumentacji-pomiarowej\">tutaj.<\/a><br><br><br><\/p>\n","protected":false},"excerpt":{"rendered":"<p>Og\u00f3lny opis Wykonawca prac geodezyjnych i kartograficznych jest obowi\u0105zany &#8211; po wykonaniu prac &#8211; przekaza\u0107 powsta\u0142e materia\u0142y lub informacje o tych materia\u0142ach do pa\u0144stwowego zasobu geodezyjnego i kartograficznego. Dokumentacja przekazywana jest do powiatowego o\u015brodka dokumentacji geodezyjnej i kartograficznej, kt\u00f3ry przyj\u0105\u0142 zg\u0142oszenie o wykonaniu pracy geodezyjnej i kartograficznej. Organ S\u0142u\u017cby Geodezyjnej i Kartograficznej, do kt\u00f3rego przekazane [&hellip;]<\/p>\n","protected":false},"author":40,"featured_media":0,"parent":0,"menu_order":0,"comment_status":"closed","ping_status":"closed","template":"","meta":{"_acf_changed":false,"footnotes":""},"class_list":["post-91","page","type-page","status-publish","hentry"],"acf":[],"yoast_head":"<!-- This site is optimized with the Yoast SEO plugin v26.9 - https:\/\/yoast.com\/product\/yoast-seo-wordpress\/ -->\n<title>Przyjmowanie do zasobu dokumentacji pomiarowej - Grodzki O\u015brodek Dokumentacji Geodezyjnej i Kartograficznej w Siemianowicach \u015al\u0105skich<\/title>\n<meta name=\"robots\" content=\"index, follow, max-snippet:-1, max-image-preview:large, max-video-preview:-1\" \/>\n<link rel=\"canonical\" href=\"https:\/\/siemianowice.pl\/geodezja\/przyjmowanie-do-zasobu-dokumentacji-pomiarowej\/\" \/>\n<meta property=\"og:locale\" content=\"pl_PL\" \/>\n<meta property=\"og:type\" content=\"article\" \/>\n<meta property=\"og:title\" content=\"Przyjmowanie do zasobu dokumentacji pomiarowej - Grodzki O\u015brodek Dokumentacji Geodezyjnej i Kartograficznej w Siemianowicach \u015al\u0105skich\" \/>\n<meta property=\"og:description\" content=\"Og\u00f3lny opis Wykonawca prac geodezyjnych i kartograficznych jest obowi\u0105zany &#8211; po wykonaniu prac &#8211; przekaza\u0107 powsta\u0142e materia\u0142y lub informacje o tych materia\u0142ach do pa\u0144stwowego zasobu geodezyjnego i kartograficznego. Dokumentacja przekazywana jest do powiatowego o\u015brodka dokumentacji geodezyjnej i kartograficznej, kt\u00f3ry przyj\u0105\u0142 zg\u0142oszenie o wykonaniu pracy geodezyjnej i kartograficznej. Organ S\u0142u\u017cby Geodezyjnej i Kartograficznej, do kt\u00f3rego przekazane [&hellip;]\" \/>\n<meta property=\"og:url\" content=\"https:\/\/siemianowice.pl\/geodezja\/przyjmowanie-do-zasobu-dokumentacji-pomiarowej\/\" \/>\n<meta property=\"og:site_name\" content=\"Grodzki O\u015brodek Dokumentacji Geodezyjnej i Kartograficznej w Siemianowicach \u015al\u0105skich\" \/>\n<meta property=\"article:modified_time\" content=\"2022-09-14T07:40:18+00:00\" \/>\n<meta name=\"twitter:card\" content=\"summary_large_image\" \/>\n<meta name=\"twitter:label1\" content=\"Szacowany czas czytania\" \/>\n\t<meta name=\"twitter:data1\" content=\"2 minuty\" \/>\n<script type=\"application\/ld+json\" class=\"yoast-schema-graph\">{\"@context\":\"https:\/\/schema.org\",\"@graph\":[{\"@type\":\"WebPage\",\"@id\":\"https:\/\/siemianowice.pl\/geodezja\/przyjmowanie-do-zasobu-dokumentacji-pomiarowej\/\",\"url\":\"https:\/\/siemianowice.pl\/geodezja\/przyjmowanie-do-zasobu-dokumentacji-pomiarowej\/\",\"name\":\"Przyjmowanie do zasobu dokumentacji pomiarowej - Grodzki O\u015brodek Dokumentacji Geodezyjnej i Kartograficznej w Siemianowicach \u015al\u0105skich\",\"isPartOf\":{\"@id\":\"https:\/\/siemianowice.pl\/geodezja\/#website\"},\"datePublished\":\"2022-09-14T07:36:17+00:00\",\"dateModified\":\"2022-09-14T07:40:18+00:00\",\"breadcrumb\":{\"@id\":\"https:\/\/siemianowice.pl\/geodezja\/przyjmowanie-do-zasobu-dokumentacji-pomiarowej\/#breadcrumb\"},\"inLanguage\":\"pl-PL\",\"potentialAction\":[{\"@type\":\"ReadAction\",\"target\":[\"https:\/\/siemianowice.pl\/geodezja\/przyjmowanie-do-zasobu-dokumentacji-pomiarowej\/\"]}]},{\"@type\":\"BreadcrumbList\",\"@id\":\"https:\/\/siemianowice.pl\/geodezja\/przyjmowanie-do-zasobu-dokumentacji-pomiarowej\/#breadcrumb\",\"itemListElement\":[{\"@type\":\"ListItem\",\"position\":1,\"name\":\"Strona g\u0142\u00f3wna\",\"item\":\"https:\/\/siemianowice.pl\/geodezja\/\"},{\"@type\":\"ListItem\",\"position\":2,\"name\":\"Przyjmowanie do zasobu dokumentacji pomiarowej\"}]},{\"@type\":\"WebSite\",\"@id\":\"https:\/\/siemianowice.pl\/geodezja\/#website\",\"url\":\"https:\/\/siemianowice.pl\/geodezja\/\",\"name\":\"Grodzki O\u015brodek Dokumentacji Geodezyjnej i Kartograficznej w Siemianowicach \u015al\u0105skich\",\"description\":\"Kolejna witryna sieci &#8222;Urz\u0105d Miasta w Siemianowicach \u015al\u0105skich&#8221;\",\"potentialAction\":[{\"@type\":\"SearchAction\",\"target\":{\"@type\":\"EntryPoint\",\"urlTemplate\":\"https:\/\/siemianowice.pl\/geodezja\/?s={search_term_string}\"},\"query-input\":{\"@type\":\"PropertyValueSpecification\",\"valueRequired\":true,\"valueName\":\"search_term_string\"}}],\"inLanguage\":\"pl-PL\"}]}<\/script>\n<!-- \/ Yoast SEO plugin. -->","yoast_head_json":{"title":"Przyjmowanie do zasobu dokumentacji pomiarowej - Grodzki O\u015brodek Dokumentacji Geodezyjnej i Kartograficznej w Siemianowicach \u015al\u0105skich","robots":{"index":"index","follow":"follow","max-snippet":"max-snippet:-1","max-image-preview":"max-image-preview:large","max-video-preview":"max-video-preview:-1"},"canonical":"https:\/\/siemianowice.pl\/geodezja\/przyjmowanie-do-zasobu-dokumentacji-pomiarowej\/","og_locale":"pl_PL","og_type":"article","og_title":"Przyjmowanie do zasobu dokumentacji pomiarowej - Grodzki O\u015brodek Dokumentacji Geodezyjnej i Kartograficznej w Siemianowicach \u015al\u0105skich","og_description":"Og\u00f3lny opis Wykonawca prac geodezyjnych i kartograficznych jest obowi\u0105zany &#8211; po wykonaniu prac &#8211; przekaza\u0107 powsta\u0142e materia\u0142y lub informacje o tych materia\u0142ach do pa\u0144stwowego zasobu geodezyjnego i kartograficznego. Dokumentacja przekazywana jest do powiatowego o\u015brodka dokumentacji geodezyjnej i kartograficznej, kt\u00f3ry przyj\u0105\u0142 zg\u0142oszenie o wykonaniu pracy geodezyjnej i kartograficznej. Organ S\u0142u\u017cby Geodezyjnej i Kartograficznej, do kt\u00f3rego przekazane [&hellip;]","og_url":"https:\/\/siemianowice.pl\/geodezja\/przyjmowanie-do-zasobu-dokumentacji-pomiarowej\/","og_site_name":"Grodzki O\u015brodek Dokumentacji Geodezyjnej i Kartograficznej w Siemianowicach \u015al\u0105skich","article_modified_time":"2022-09-14T07:40:18+00:00","twitter_card":"summary_large_image","twitter_misc":{"Szacowany czas czytania":"2 minuty"},"schema":{"@context":"https:\/\/schema.org","@graph":[{"@type":"WebPage","@id":"https:\/\/siemianowice.pl\/geodezja\/przyjmowanie-do-zasobu-dokumentacji-pomiarowej\/","url":"https:\/\/siemianowice.pl\/geodezja\/przyjmowanie-do-zasobu-dokumentacji-pomiarowej\/","name":"Przyjmowanie do zasobu dokumentacji pomiarowej - Grodzki O\u015brodek Dokumentacji Geodezyjnej i Kartograficznej w Siemianowicach \u015al\u0105skich","isPartOf":{"@id":"https:\/\/siemianowice.pl\/geodezja\/#website"},"datePublished":"2022-09-14T07:36:17+00:00","dateModified":"2022-09-14T07:40:18+00:00","breadcrumb":{"@id":"https:\/\/siemianowice.pl\/geodezja\/przyjmowanie-do-zasobu-dokumentacji-pomiarowej\/#breadcrumb"},"inLanguage":"pl-PL","potentialAction":[{"@type":"ReadAction","target":["https:\/\/siemianowice.pl\/geodezja\/przyjmowanie-do-zasobu-dokumentacji-pomiarowej\/"]}]},{"@type":"BreadcrumbList","@id":"https:\/\/siemianowice.pl\/geodezja\/przyjmowanie-do-zasobu-dokumentacji-pomiarowej\/#breadcrumb","itemListElement":[{"@type":"ListItem","position":1,"name":"Strona g\u0142\u00f3wna","item":"https:\/\/siemianowice.pl\/geodezja\/"},{"@type":"ListItem","position":2,"name":"Przyjmowanie do zasobu dokumentacji pomiarowej"}]},{"@type":"WebSite","@id":"https:\/\/siemianowice.pl\/geodezja\/#website","url":"https:\/\/siemianowice.pl\/geodezja\/","name":"Grodzki O\u015brodek Dokumentacji Geodezyjnej i Kartograficznej w Siemianowicach \u015al\u0105skich","description":"Kolejna witryna sieci &#8222;Urz\u0105d Miasta w Siemianowicach \u015al\u0105skich&#8221;","potentialAction":[{"@type":"SearchAction","target":{"@type":"EntryPoint","urlTemplate":"https:\/\/siemianowice.pl\/geodezja\/?s={search_term_string}"},"query-input":{"@type":"PropertyValueSpecification","valueRequired":true,"valueName":"search_term_string"}}],"inLanguage":"pl-PL"}]}},"_links":{"self":[{"href":"https:\/\/siemianowice.pl\/geodezja\/wp-json\/wp\/v2\/pages\/91","targetHints":{"allow":["GET"]}}],"collection":[{"href":"https:\/\/siemianowice.pl\/geodezja\/wp-json\/wp\/v2\/pages"}],"about":[{"href":"https:\/\/siemianowice.pl\/geodezja\/wp-json\/wp\/v2\/types\/page"}],"author":[{"embeddable":true,"href":"https:\/\/siemianowice.pl\/geodezja\/wp-json\/wp\/v2\/users\/40"}],"replies":[{"embeddable":true,"href":"https:\/\/siemianowice.pl\/geodezja\/wp-json\/wp\/v2\/comments?post=91"}],"version-history":[{"count":2,"href":"https:\/\/siemianowice.pl\/geodezja\/wp-json\/wp\/v2\/pages\/91\/revisions"}],"predecessor-version":[{"id":100,"href":"https:\/\/siemianowice.pl\/geodezja\/wp-json\/wp\/v2\/pages\/91\/revisions\/100"}],"wp:attachment":[{"href":"https:\/\/siemianowice.pl\/geodezja\/wp-json\/wp\/v2\/media?parent=91"}],"curies":[{"name":"wp","href":"https:\/\/api.w.org\/{rel}","templated":true}]}}