{"id":17,"date":"2022-02-09T12:04:01","date_gmt":"2022-02-09T11:04:01","guid":{"rendered":"https:\/\/new.siemianowice.pl\/invest\/?page_id=17"},"modified":"2022-02-09T12:05:43","modified_gmt":"2022-02-09T11:05:43","slug":"dzialki-mieszkaniowe","status":"publish","type":"page","link":"https:\/\/siemianowice.pl\/invest\/dzialki-mieszkaniowe\/","title":{"rendered":"Dzia\u0142ki Mieszkaniowe"},"content":{"rendered":"\n<p>Z my\u015bl\u0105 o inwestorach i osobach chc\u0105cych \u015bledzi\u0107 lokalny rynek Biuro Obs\u0142ugi Inwestora UM Siemianowice \u015al\u0105skie przygotowa\u0142o serwis, w kt\u00f3rym znajdziecie Pa\u0144stwo szereg materia\u0142\u00f3w promocyjnych, a tak\u017ce informacji przydatnych dla przedsi\u0119biorc\u00f3w oraz inwestor\u00f3w.<\/p>\n","protected":false},"excerpt":{"rendered":"<p>Z my\u015bl\u0105 o inwestorach i osobach chc\u0105cych \u015bledzi\u0107 lokalny rynek Biuro Obs\u0142ugi Inwestora UM Siemianowice \u015al\u0105skie przygotowa\u0142o serwis, w kt\u00f3rym znajdziecie Pa\u0144stwo szereg materia\u0142\u00f3w promocyjnych, a tak\u017ce informacji przydatnych dla przedsi\u0119biorc\u00f3w oraz inwestor\u00f3w.<\/p>\n","protected":false},"author":35,"featured_media":7,"parent":0,"menu_order":0,"comment_status":"closed","ping_status":"closed","template":"","meta":{"_acf_changed":false,"footnotes":""},"class_list":["post-17","page","type-page","status-publish","has-post-thumbnail","hentry"],"acf":[],"yoast_head":"<!-- This site is optimized with the Yoast SEO plugin v26.9 - https:\/\/yoast.com\/product\/yoast-seo-wordpress\/ -->\n<title>Dzia\u0142ki Mieszkaniowe - Invest in Siemianowice \u015al\u0105skie<\/title>\n<meta name=\"robots\" content=\"index, follow, max-snippet:-1, max-image-preview:large, max-video-preview:-1\" \/>\n<link rel=\"canonical\" href=\"https:\/\/siemianowice.pl\/invest\/dzialki-mieszkaniowe\/\" \/>\n<meta property=\"og:locale\" content=\"pl_PL\" \/>\n<meta property=\"og:type\" content=\"article\" \/>\n<meta property=\"og:title\" content=\"Dzia\u0142ki Mieszkaniowe - Invest in Siemianowice \u015al\u0105skie\" \/>\n<meta property=\"og:description\" content=\"Z my\u015bl\u0105 o inwestorach i osobach chc\u0105cych \u015bledzi\u0107 lokalny rynek Biuro Obs\u0142ugi Inwestora UM Siemianowice \u015al\u0105skie przygotowa\u0142o serwis, w kt\u00f3rym znajdziecie Pa\u0144stwo szereg materia\u0142\u00f3w promocyjnych, a tak\u017ce informacji przydatnych dla przedsi\u0119biorc\u00f3w oraz inwestor\u00f3w.\" \/>\n<meta property=\"og:url\" content=\"https:\/\/siemianowice.pl\/invest\/dzialki-mieszkaniowe\/\" \/>\n<meta property=\"og:site_name\" content=\"Invest in Siemianowice \u015al\u0105skie\" \/>\n<meta property=\"article:modified_time\" content=\"2022-02-09T11:05:43+00:00\" \/>\n<meta property=\"og:image\" content=\"https:\/\/siemianowice.pl\/invest\/wp-content\/uploads\/sites\/10\/2022\/02\/philips-medisize_1-1.jpg\" \/>\n\t<meta property=\"og:image:width\" content=\"1200\" \/>\n\t<meta property=\"og:image:height\" content=\"669\" \/>\n\t<meta property=\"og:image:type\" content=\"image\/jpeg\" \/>\n<meta name=\"twitter:card\" content=\"summary_large_image\" \/>\n<meta name=\"twitter:label1\" content=\"Szacowany czas czytania\" \/>\n\t<meta name=\"twitter:data1\" content=\"1 minuta\" \/>\n<script type=\"application\/ld+json\" class=\"yoast-schema-graph\">{\"@context\":\"https:\/\/schema.org\",\"@graph\":[{\"@type\":\"WebPage\",\"@id\":\"https:\/\/siemianowice.pl\/invest\/dzialki-mieszkaniowe\/\",\"url\":\"https:\/\/siemianowice.pl\/invest\/dzialki-mieszkaniowe\/\",\"name\":\"Dzia\u0142ki Mieszkaniowe - Invest in Siemianowice \u015al\u0105skie\",\"isPartOf\":{\"@id\":\"https:\/\/siemianowice.pl\/invest\/#website\"},\"primaryImageOfPage\":{\"@id\":\"https:\/\/siemianowice.pl\/invest\/dzialki-mieszkaniowe\/#primaryimage\"},\"image\":{\"@id\":\"https:\/\/siemianowice.pl\/invest\/dzialki-mieszkaniowe\/#primaryimage\"},\"thumbnailUrl\":\"https:\/\/siemianowice.pl\/invest\/wp-content\/uploads\/sites\/10\/2022\/02\/philips-medisize_1-1.jpg\",\"datePublished\":\"2022-02-09T11:04:01+00:00\",\"dateModified\":\"2022-02-09T11:05:43+00:00\",\"breadcrumb\":{\"@id\":\"https:\/\/siemianowice.pl\/invest\/dzialki-mieszkaniowe\/#breadcrumb\"},\"inLanguage\":\"pl-PL\",\"potentialAction\":[{\"@type\":\"ReadAction\",\"target\":[\"https:\/\/siemianowice.pl\/invest\/dzialki-mieszkaniowe\/\"]}]},{\"@type\":\"ImageObject\",\"inLanguage\":\"pl-PL\",\"@id\":\"https:\/\/siemianowice.pl\/invest\/dzialki-mieszkaniowe\/#primaryimage\",\"url\":\"https:\/\/siemianowice.pl\/invest\/wp-content\/uploads\/sites\/10\/2022\/02\/philips-medisize_1-1.jpg\",\"contentUrl\":\"https:\/\/siemianowice.pl\/invest\/wp-content\/uploads\/sites\/10\/2022\/02\/philips-medisize_1-1.jpg\",\"width\":1200,\"height\":669,\"caption\":\"Wizualizacja nowej fabryki Phillips Medisize, kt\u00f3ra powstanie w Siemianowicach \u015al\u0105skich, render komputerowy przedstawiaj\u0105cy budynek g\u0142\u00f3wny w kolorze szarym\"},{\"@type\":\"BreadcrumbList\",\"@id\":\"https:\/\/siemianowice.pl\/invest\/dzialki-mieszkaniowe\/#breadcrumb\",\"itemListElement\":[{\"@type\":\"ListItem\",\"position\":1,\"name\":\"Strona g\u0142\u00f3wna\",\"item\":\"https:\/\/siemianowice.pl\/invest\/\"},{\"@type\":\"ListItem\",\"position\":2,\"name\":\"Dzia\u0142ki Mieszkaniowe\"}]},{\"@type\":\"WebSite\",\"@id\":\"https:\/\/siemianowice.pl\/invest\/#website\",\"url\":\"https:\/\/siemianowice.pl\/invest\/\",\"name\":\"Invest in Siemianowice \u015al\u0105skie\",\"description\":\"Kolejna witryna sieci &#8222;Urz\u0105d Miasta w Siemianowicach \u015al\u0105skich&#8221;\",\"potentialAction\":[{\"@type\":\"SearchAction\",\"target\":{\"@type\":\"EntryPoint\",\"urlTemplate\":\"https:\/\/siemianowice.pl\/invest\/?s={search_term_string}\"},\"query-input\":{\"@type\":\"PropertyValueSpecification\",\"valueRequired\":true,\"valueName\":\"search_term_string\"}}],\"inLanguage\":\"pl-PL\"}]}<\/script>\n<!-- \/ Yoast SEO plugin. -->","yoast_head_json":{"title":"Dzia\u0142ki Mieszkaniowe - Invest in Siemianowice \u015al\u0105skie","robots":{"index":"index","follow":"follow","max-snippet":"max-snippet:-1","max-image-preview":"max-image-preview:large","max-video-preview":"max-video-preview:-1"},"canonical":"https:\/\/siemianowice.pl\/invest\/dzialki-mieszkaniowe\/","og_locale":"pl_PL","og_type":"article","og_title":"Dzia\u0142ki Mieszkaniowe - Invest in Siemianowice \u015al\u0105skie","og_description":"Z my\u015bl\u0105 o inwestorach i osobach chc\u0105cych \u015bledzi\u0107 lokalny rynek Biuro Obs\u0142ugi Inwestora UM Siemianowice \u015al\u0105skie przygotowa\u0142o serwis, w kt\u00f3rym znajdziecie Pa\u0144stwo szereg materia\u0142\u00f3w promocyjnych, a tak\u017ce informacji przydatnych dla przedsi\u0119biorc\u00f3w oraz inwestor\u00f3w.","og_url":"https:\/\/siemianowice.pl\/invest\/dzialki-mieszkaniowe\/","og_site_name":"Invest in Siemianowice \u015al\u0105skie","article_modified_time":"2022-02-09T11:05:43+00:00","og_image":[{"width":1200,"height":669,"url":"https:\/\/siemianowice.pl\/invest\/wp-content\/uploads\/sites\/10\/2022\/02\/philips-medisize_1-1.jpg","type":"image\/jpeg"}],"twitter_card":"summary_large_image","twitter_misc":{"Szacowany czas czytania":"1 minuta"},"schema":{"@context":"https:\/\/schema.org","@graph":[{"@type":"WebPage","@id":"https:\/\/siemianowice.pl\/invest\/dzialki-mieszkaniowe\/","url":"https:\/\/siemianowice.pl\/invest\/dzialki-mieszkaniowe\/","name":"Dzia\u0142ki Mieszkaniowe - Invest in Siemianowice \u015al\u0105skie","isPartOf":{"@id":"https:\/\/siemianowice.pl\/invest\/#website"},"primaryImageOfPage":{"@id":"https:\/\/siemianowice.pl\/invest\/dzialki-mieszkaniowe\/#primaryimage"},"image":{"@id":"https:\/\/siemianowice.pl\/invest\/dzialki-mieszkaniowe\/#primaryimage"},"thumbnailUrl":"https:\/\/siemianowice.pl\/invest\/wp-content\/uploads\/sites\/10\/2022\/02\/philips-medisize_1-1.jpg","datePublished":"2022-02-09T11:04:01+00:00","dateModified":"2022-02-09T11:05:43+00:00","breadcrumb":{"@id":"https:\/\/siemianowice.pl\/invest\/dzialki-mieszkaniowe\/#breadcrumb"},"inLanguage":"pl-PL","potentialAction":[{"@type":"ReadAction","target":["https:\/\/siemianowice.pl\/invest\/dzialki-mieszkaniowe\/"]}]},{"@type":"ImageObject","inLanguage":"pl-PL","@id":"https:\/\/siemianowice.pl\/invest\/dzialki-mieszkaniowe\/#primaryimage","url":"https:\/\/siemianowice.pl\/invest\/wp-content\/uploads\/sites\/10\/2022\/02\/philips-medisize_1-1.jpg","contentUrl":"https:\/\/siemianowice.pl\/invest\/wp-content\/uploads\/sites\/10\/2022\/02\/philips-medisize_1-1.jpg","width":1200,"height":669,"caption":"Wizualizacja nowej fabryki Phillips Medisize, kt\u00f3ra powstanie w Siemianowicach \u015al\u0105skich, render komputerowy przedstawiaj\u0105cy budynek g\u0142\u00f3wny w kolorze szarym"},{"@type":"BreadcrumbList","@id":"https:\/\/siemianowice.pl\/invest\/dzialki-mieszkaniowe\/#breadcrumb","itemListElement":[{"@type":"ListItem","position":1,"name":"Strona g\u0142\u00f3wna","item":"https:\/\/siemianowice.pl\/invest\/"},{"@type":"ListItem","position":2,"name":"Dzia\u0142ki Mieszkaniowe"}]},{"@type":"WebSite","@id":"https:\/\/siemianowice.pl\/invest\/#website","url":"https:\/\/siemianowice.pl\/invest\/","name":"Invest in Siemianowice \u015al\u0105skie","description":"Kolejna witryna sieci &#8222;Urz\u0105d Miasta w Siemianowicach \u015al\u0105skich&#8221;","potentialAction":[{"@type":"SearchAction","target":{"@type":"EntryPoint","urlTemplate":"https:\/\/siemianowice.pl\/invest\/?s={search_term_string}"},"query-input":{"@type":"PropertyValueSpecification","valueRequired":true,"valueName":"search_term_string"}}],"inLanguage":"pl-PL"}]}},"_links":{"self":[{"href":"https:\/\/siemianowice.pl\/invest\/wp-json\/wp\/v2\/pages\/17","targetHints":{"allow":["GET"]}}],"collection":[{"href":"https:\/\/siemianowice.pl\/invest\/wp-json\/wp\/v2\/pages"}],"about":[{"href":"https:\/\/siemianowice.pl\/invest\/wp-json\/wp\/v2\/types\/page"}],"author":[{"embeddable":true,"href":"https:\/\/siemianowice.pl\/invest\/wp-json\/wp\/v2\/users\/35"}],"replies":[{"embeddable":true,"href":"https:\/\/siemianowice.pl\/invest\/wp-json\/wp\/v2\/comments?post=17"}],"version-history":[{"count":3,"href":"https:\/\/siemianowice.pl\/invest\/wp-json\/wp\/v2\/pages\/17\/revisions"}],"predecessor-version":[{"id":21,"href":"https:\/\/siemianowice.pl\/invest\/wp-json\/wp\/v2\/pages\/17\/revisions\/21"}],"wp:featuredmedia":[{"embeddable":true,"href":"https:\/\/siemianowice.pl\/invest\/wp-json\/wp\/v2\/media\/7"}],"wp:attachment":[{"href":"https:\/\/siemianowice.pl\/invest\/wp-json\/wp\/v2\/media?parent=17"}],"curies":[{"name":"wp","href":"https:\/\/api.w.org\/{rel}","templated":true}]}}