{"id":32,"date":"2022-02-09T12:28:47","date_gmt":"2022-02-09T11:28:47","guid":{"rendered":"https:\/\/new.siemianowice.pl\/invest\/?page_id=32"},"modified":"2022-02-09T12:30:06","modified_gmt":"2022-02-09T11:30:06","slug":"dzialki-przemyslowe","status":"publish","type":"page","link":"https:\/\/siemianowice.pl\/invest\/dzialki-przemyslowe\/","title":{"rendered":"Dzia\u0142ki przemys\u0142owe"},"content":{"rendered":"\n<p>Z my\u015bl\u0105 o inwestorach i osobach chc\u0105cych \u015bledzi\u0107 lokalny rynek Biuro Obs\u0142ugi Inwestora UM Siemianowice \u015al\u0105skie przygotowa\u0142o serwis, w kt\u00f3rym znajdziecie Pa\u0144stwo szereg materia\u0142\u00f3w promocyjnych, a tak\u017ce informacji przydatnych dla przedsi\u0119biorc\u00f3w oraz inwestor\u00f3w.<\/p>\n\n\n\n<figure class=\"wp-block-gallery columns-2 is-cropped wp-block-gallery-1 is-layout-flex wp-block-gallery-is-layout-flex\"><ul class=\"blocks-gallery-grid\"><li class=\"blocks-gallery-item\"><figure><a href=\"https:\/\/siemianowice.pl\/invest\/wp-content\/uploads\/sites\/10\/2022\/02\/logo-Ognisko-Muzyczne.jpg\" data-rel=\"lightbox-image-0\" data-rl_title=\"\" data-rl_caption=\"\" title=\"\"><img decoding=\"async\" width=\"319\" height=\"158\" data-src=\"https:\/\/siemianowice.pl\/invest\/wp-content\/uploads\/sites\/10\/2022\/02\/logo-Ognisko-Muzyczne.jpg\" alt=\"\" data-id=\"33\" data-link=\"https:\/\/siemianowice.pl\/invest\/?attachment_id=33\" class=\"wp-image-33 lazyload\" data-srcset=\"https:\/\/siemianowice.pl\/invest\/wp-content\/uploads\/sites\/10\/2022\/02\/logo-Ognisko-Muzyczne.jpg 319w, https:\/\/siemianowice.pl\/invest\/wp-content\/uploads\/sites\/10\/2022\/02\/logo-Ognisko-Muzyczne-300x149.jpg 300w\" data-sizes=\"(max-width: 319px) 100vw, 319px\" src=\"data:image\/svg+xml;base64,PHN2ZyB3aWR0aD0iMSIgaGVpZ2h0PSIxIiB4bWxucz0iaHR0cDovL3d3dy53My5vcmcvMjAwMC9zdmciPjwvc3ZnPg==\" style=\"--smush-placeholder-width: 319px; --smush-placeholder-aspect-ratio: 319\/158;\" \/><\/a><figcaption class=\"blocks-gallery-item__caption\">logo<br><\/figcaption><\/figure><\/li><li class=\"blocks-gallery-item\"><figure><a href=\"https:\/\/siemianowice.pl\/invest\/wp-content\/uploads\/sites\/10\/2022\/02\/ul.-Kapicy-3.jpg\" data-rel=\"lightbox-image-1\" data-rl_title=\"\" data-rl_caption=\"\" title=\"\"><img decoding=\"async\" width=\"150\" height=\"150\" data-src=\"https:\/\/siemianowice.pl\/invest\/wp-content\/uploads\/sites\/10\/2022\/02\/ul.-Kapicy-3.jpg\" alt=\"\" data-id=\"34\" data-full-url=\"https:\/\/siemianowice.pl\/invest\/wp-content\/uploads\/sites\/10\/2022\/02\/ul.-Kapicy-3.jpg\" data-link=\"https:\/\/siemianowice.pl\/invest\/?attachment_id=34\" class=\"wp-image-34 lazyload\" src=\"data:image\/svg+xml;base64,PHN2ZyB3aWR0aD0iMSIgaGVpZ2h0PSIxIiB4bWxucz0iaHR0cDovL3d3dy53My5vcmcvMjAwMC9zdmciPjwvc3ZnPg==\" style=\"--smush-placeholder-width: 150px; --smush-placeholder-aspect-ratio: 150\/150;\" \/><\/a><\/figure><\/li><\/ul><\/figure>\n","protected":false},"excerpt":{"rendered":"<p>Z my\u015bl\u0105 o inwestorach i osobach chc\u0105cych \u015bledzi\u0107 lokalny rynek Biuro Obs\u0142ugi Inwestora UM Siemianowice \u015al\u0105skie przygotowa\u0142o serwis, w kt\u00f3rym znajdziecie Pa\u0144stwo szereg materia\u0142\u00f3w promocyjnych, a tak\u017ce informacji przydatnych dla przedsi\u0119biorc\u00f3w oraz inwestor\u00f3w.<\/p>\n","protected":false},"author":35,"featured_media":0,"parent":0,"menu_order":0,"comment_status":"closed","ping_status":"closed","template":"","meta":{"_acf_changed":false,"footnotes":""},"class_list":["post-32","page","type-page","status-publish","hentry"],"acf":[],"yoast_head":"<!-- This site is optimized with the Yoast SEO plugin v26.9 - https:\/\/yoast.com\/product\/yoast-seo-wordpress\/ -->\n<title>Dzia\u0142ki przemys\u0142owe - Invest in Siemianowice \u015al\u0105skie<\/title>\n<meta name=\"robots\" content=\"index, follow, max-snippet:-1, max-image-preview:large, max-video-preview:-1\" \/>\n<link rel=\"canonical\" href=\"https:\/\/siemianowice.pl\/invest\/dzialki-przemyslowe\/\" \/>\n<meta property=\"og:locale\" content=\"pl_PL\" \/>\n<meta property=\"og:type\" content=\"article\" \/>\n<meta property=\"og:title\" content=\"Dzia\u0142ki przemys\u0142owe - Invest in Siemianowice \u015al\u0105skie\" \/>\n<meta property=\"og:description\" content=\"Z my\u015bl\u0105 o inwestorach i osobach chc\u0105cych \u015bledzi\u0107 lokalny rynek Biuro Obs\u0142ugi Inwestora UM Siemianowice \u015al\u0105skie przygotowa\u0142o serwis, w kt\u00f3rym znajdziecie Pa\u0144stwo szereg materia\u0142\u00f3w promocyjnych, a tak\u017ce informacji przydatnych dla przedsi\u0119biorc\u00f3w oraz inwestor\u00f3w.\" \/>\n<meta property=\"og:url\" content=\"https:\/\/siemianowice.pl\/invest\/dzialki-przemyslowe\/\" \/>\n<meta property=\"og:site_name\" content=\"Invest in Siemianowice \u015al\u0105skie\" \/>\n<meta property=\"article:modified_time\" content=\"2022-02-09T11:30:06+00:00\" \/>\n<meta property=\"og:image\" content=\"https:\/\/siemianowice.pl\/invest\/wp-content\/uploads\/sites\/10\/2022\/02\/logo-Ognisko-Muzyczne.jpg\" \/>\n<meta name=\"twitter:card\" content=\"summary_large_image\" \/>\n<meta name=\"twitter:label1\" content=\"Szacowany czas czytania\" \/>\n\t<meta name=\"twitter:data1\" content=\"1 minuta\" \/>\n<script type=\"application\/ld+json\" class=\"yoast-schema-graph\">{\"@context\":\"https:\/\/schema.org\",\"@graph\":[{\"@type\":\"WebPage\",\"@id\":\"https:\/\/siemianowice.pl\/invest\/dzialki-przemyslowe\/\",\"url\":\"https:\/\/siemianowice.pl\/invest\/dzialki-przemyslowe\/\",\"name\":\"Dzia\u0142ki przemys\u0142owe - Invest in Siemianowice \u015al\u0105skie\",\"isPartOf\":{\"@id\":\"https:\/\/siemianowice.pl\/invest\/#website\"},\"primaryImageOfPage\":{\"@id\":\"https:\/\/siemianowice.pl\/invest\/dzialki-przemyslowe\/#primaryimage\"},\"image\":{\"@id\":\"https:\/\/siemianowice.pl\/invest\/dzialki-przemyslowe\/#primaryimage\"},\"thumbnailUrl\":\"https:\/\/siemianowice.pl\/invest\/wp-content\/uploads\/sites\/10\/2022\/02\/logo-Ognisko-Muzyczne.jpg\",\"datePublished\":\"2022-02-09T11:28:47+00:00\",\"dateModified\":\"2022-02-09T11:30:06+00:00\",\"breadcrumb\":{\"@id\":\"https:\/\/siemianowice.pl\/invest\/dzialki-przemyslowe\/#breadcrumb\"},\"inLanguage\":\"pl-PL\",\"potentialAction\":[{\"@type\":\"ReadAction\",\"target\":[\"https:\/\/siemianowice.pl\/invest\/dzialki-przemyslowe\/\"]}]},{\"@type\":\"ImageObject\",\"inLanguage\":\"pl-PL\",\"@id\":\"https:\/\/siemianowice.pl\/invest\/dzialki-przemyslowe\/#primaryimage\",\"url\":\"https:\/\/siemianowice.pl\/invest\/wp-content\/uploads\/sites\/10\/2022\/02\/logo-Ognisko-Muzyczne.jpg\",\"contentUrl\":\"https:\/\/siemianowice.pl\/invest\/wp-content\/uploads\/sites\/10\/2022\/02\/logo-Ognisko-Muzyczne.jpg\",\"width\":319,\"height\":158},{\"@type\":\"BreadcrumbList\",\"@id\":\"https:\/\/siemianowice.pl\/invest\/dzialki-przemyslowe\/#breadcrumb\",\"itemListElement\":[{\"@type\":\"ListItem\",\"position\":1,\"name\":\"Strona g\u0142\u00f3wna\",\"item\":\"https:\/\/siemianowice.pl\/invest\/\"},{\"@type\":\"ListItem\",\"position\":2,\"name\":\"Dzia\u0142ki przemys\u0142owe\"}]},{\"@type\":\"WebSite\",\"@id\":\"https:\/\/siemianowice.pl\/invest\/#website\",\"url\":\"https:\/\/siemianowice.pl\/invest\/\",\"name\":\"Invest in Siemianowice \u015al\u0105skie\",\"description\":\"Kolejna witryna sieci &#8222;Urz\u0105d Miasta w Siemianowicach \u015al\u0105skich&#8221;\",\"potentialAction\":[{\"@type\":\"SearchAction\",\"target\":{\"@type\":\"EntryPoint\",\"urlTemplate\":\"https:\/\/siemianowice.pl\/invest\/?s={search_term_string}\"},\"query-input\":{\"@type\":\"PropertyValueSpecification\",\"valueRequired\":true,\"valueName\":\"search_term_string\"}}],\"inLanguage\":\"pl-PL\"}]}<\/script>\n<!-- \/ Yoast SEO plugin. -->","yoast_head_json":{"title":"Dzia\u0142ki przemys\u0142owe - Invest in Siemianowice \u015al\u0105skie","robots":{"index":"index","follow":"follow","max-snippet":"max-snippet:-1","max-image-preview":"max-image-preview:large","max-video-preview":"max-video-preview:-1"},"canonical":"https:\/\/siemianowice.pl\/invest\/dzialki-przemyslowe\/","og_locale":"pl_PL","og_type":"article","og_title":"Dzia\u0142ki przemys\u0142owe - Invest in Siemianowice \u015al\u0105skie","og_description":"Z my\u015bl\u0105 o inwestorach i osobach chc\u0105cych \u015bledzi\u0107 lokalny rynek Biuro Obs\u0142ugi Inwestora UM Siemianowice \u015al\u0105skie przygotowa\u0142o serwis, w kt\u00f3rym znajdziecie Pa\u0144stwo szereg materia\u0142\u00f3w promocyjnych, a tak\u017ce informacji przydatnych dla przedsi\u0119biorc\u00f3w oraz inwestor\u00f3w.","og_url":"https:\/\/siemianowice.pl\/invest\/dzialki-przemyslowe\/","og_site_name":"Invest in Siemianowice \u015al\u0105skie","article_modified_time":"2022-02-09T11:30:06+00:00","og_image":[{"url":"https:\/\/siemianowice.pl\/invest\/wp-content\/uploads\/sites\/10\/2022\/02\/logo-Ognisko-Muzyczne.jpg","type":"","width":"","height":""}],"twitter_card":"summary_large_image","twitter_misc":{"Szacowany czas czytania":"1 minuta"},"schema":{"@context":"https:\/\/schema.org","@graph":[{"@type":"WebPage","@id":"https:\/\/siemianowice.pl\/invest\/dzialki-przemyslowe\/","url":"https:\/\/siemianowice.pl\/invest\/dzialki-przemyslowe\/","name":"Dzia\u0142ki przemys\u0142owe - Invest in Siemianowice \u015al\u0105skie","isPartOf":{"@id":"https:\/\/siemianowice.pl\/invest\/#website"},"primaryImageOfPage":{"@id":"https:\/\/siemianowice.pl\/invest\/dzialki-przemyslowe\/#primaryimage"},"image":{"@id":"https:\/\/siemianowice.pl\/invest\/dzialki-przemyslowe\/#primaryimage"},"thumbnailUrl":"https:\/\/siemianowice.pl\/invest\/wp-content\/uploads\/sites\/10\/2022\/02\/logo-Ognisko-Muzyczne.jpg","datePublished":"2022-02-09T11:28:47+00:00","dateModified":"2022-02-09T11:30:06+00:00","breadcrumb":{"@id":"https:\/\/siemianowice.pl\/invest\/dzialki-przemyslowe\/#breadcrumb"},"inLanguage":"pl-PL","potentialAction":[{"@type":"ReadAction","target":["https:\/\/siemianowice.pl\/invest\/dzialki-przemyslowe\/"]}]},{"@type":"ImageObject","inLanguage":"pl-PL","@id":"https:\/\/siemianowice.pl\/invest\/dzialki-przemyslowe\/#primaryimage","url":"https:\/\/siemianowice.pl\/invest\/wp-content\/uploads\/sites\/10\/2022\/02\/logo-Ognisko-Muzyczne.jpg","contentUrl":"https:\/\/siemianowice.pl\/invest\/wp-content\/uploads\/sites\/10\/2022\/02\/logo-Ognisko-Muzyczne.jpg","width":319,"height":158},{"@type":"BreadcrumbList","@id":"https:\/\/siemianowice.pl\/invest\/dzialki-przemyslowe\/#breadcrumb","itemListElement":[{"@type":"ListItem","position":1,"name":"Strona g\u0142\u00f3wna","item":"https:\/\/siemianowice.pl\/invest\/"},{"@type":"ListItem","position":2,"name":"Dzia\u0142ki przemys\u0142owe"}]},{"@type":"WebSite","@id":"https:\/\/siemianowice.pl\/invest\/#website","url":"https:\/\/siemianowice.pl\/invest\/","name":"Invest in Siemianowice \u015al\u0105skie","description":"Kolejna witryna sieci &#8222;Urz\u0105d Miasta w Siemianowicach \u015al\u0105skich&#8221;","potentialAction":[{"@type":"SearchAction","target":{"@type":"EntryPoint","urlTemplate":"https:\/\/siemianowice.pl\/invest\/?s={search_term_string}"},"query-input":{"@type":"PropertyValueSpecification","valueRequired":true,"valueName":"search_term_string"}}],"inLanguage":"pl-PL"}]}},"_links":{"self":[{"href":"https:\/\/siemianowice.pl\/invest\/wp-json\/wp\/v2\/pages\/32","targetHints":{"allow":["GET"]}}],"collection":[{"href":"https:\/\/siemianowice.pl\/invest\/wp-json\/wp\/v2\/pages"}],"about":[{"href":"https:\/\/siemianowice.pl\/invest\/wp-json\/wp\/v2\/types\/page"}],"author":[{"embeddable":true,"href":"https:\/\/siemianowice.pl\/invest\/wp-json\/wp\/v2\/users\/35"}],"replies":[{"embeddable":true,"href":"https:\/\/siemianowice.pl\/invest\/wp-json\/wp\/v2\/comments?post=32"}],"version-history":[{"count":4,"href":"https:\/\/siemianowice.pl\/invest\/wp-json\/wp\/v2\/pages\/32\/revisions"}],"predecessor-version":[{"id":38,"href":"https:\/\/siemianowice.pl\/invest\/wp-json\/wp\/v2\/pages\/32\/revisions\/38"}],"wp:attachment":[{"href":"https:\/\/siemianowice.pl\/invest\/wp-json\/wp\/v2\/media?parent=32"}],"curies":[{"name":"wp","href":"https:\/\/api.w.org\/{rel}","templated":true}]}}