{"id":11,"date":"2022-09-29T11:13:54","date_gmt":"2022-09-29T09:13:54","guid":{"rendered":"https:\/\/siemianowice.pl\/mczk\/?page_id=11"},"modified":"2023-02-02T15:17:49","modified_gmt":"2023-02-02T14:17:49","slug":"podstawowe-informacje","status":"publish","type":"page","link":"https:\/\/siemianowice.pl\/mczk\/podstawowe-informacje\/","title":{"rendered":"Podstawowe Informacje Dotycz\u0105ce MCZK Siemianowice \u015al\u0105skie"},"content":{"rendered":"\n<h2 class=\"has-text-align-center wp-block-heading\"><br><strong>SIEDZIBA MIEJSKIEGO CENTRUM ZARZ\u0104DZANIA KRYZYSOWEGO<\/strong><br><strong>Miejskie Centrum Zarz\u0105dzania Kryzysowego ul. Pu\u0142askiego 2 41 &#8211; 100 Siemianowice \u015al\u0105skie tel. (32) 220 &#8211; 01 &#8211; 80 (tel. ca\u0142odobowy &#8211; 7 dni w tygodniu) fax. (32) 220 &#8211; 43 &#8211; 59 e-mail: <a href=\"mailto:mczk@um.siemianowice.pl\">mczk@um.siemianowice.pl<\/a><\/strong><br><\/h2>\n\n\n\n<p><\/p>\n\n\n\n<p class=\"has-text-align-center has-medium-font-size\"><strong>ZADANIA MIEJSKIEGO CENTRUM ZARZ\u0104DZANIA KRYZYSOWEGO:<\/strong><\/p>\n\n\n\n<ol class=\"wp-block-list\"><li>pe\u0142nienie ca\u0142odobowego dy\u017curu w celu zapewnienia przep\u0142ywu informacji na potrzeby zarz\u0105dzania kryzysowego;<\/li><li>wsp\u00f3\u0142dzia\u0142anie z Wojew\u00f3dzkim Centrum Zarz\u0105dzania Kryzysowego oraz centrami zarz\u0105dzania kryzysowego miast s\u0105siednich;<\/li><li>nadz\u00f3r nad funkcjonowaniem systemu wykrywania i alarmowania oraz systemu wczesnego ostrzegania ludno\u015bci;<\/li><li>wsp\u00f3\u0142praca z podmiotami realizuj\u0105cymi monitoring \u015brodowiska;<\/li><li>wsp\u00f3\u0142dzia\u0142anie z podmiotami prowadz\u0105cymi akcje ratownicze, poszukiwawcze i humanitarne;<\/li><li>dokumentowanie dzia\u0142a\u0144 podejmowanych przez MCZK;<\/li><li>realizacja zada\u0144 sta\u0142ego dy\u017curu na potrzeby podwy\u017cszania gotowo\u015bci obronnej pa\u0144stwa;<\/li><li>okre\u015blanie zagro\u017ce\u0144 zwi\u0105zanych z rozwojem cywilizacyjnym lub si\u0142ami natury oraz udzia\u0142 w planowaniu zapobiegania tym zagro\u017ceniom na obszarze miasta;<\/li><li>opracowywanie program\u00f3w i plan\u00f3w w zakresie zarz\u0105dzania kryzysowego, w tym opracowanie i aktualizacja procedur post\u0119powania;<\/li><li>realizowanie zada\u0144 z zakresu planowania cywilnego i ochrony infrastruktury krytycznej;<\/li><li>realizowanie strategii wojew\u00f3dzkiej zgodnie z przyj\u0119tymi zadaniami reagowania kryzysowego i planami ratowniczymi;<\/li><li>prowadzenie dzia\u0142a\u0144 organ\u00f3w i si\u0142 OC miasta podczas prowadzenia akcji ratunkowych w obliczu nadzwyczajnych zagro\u017ce\u0144 \u015brodowiska i kl\u0119sk \u017cywio\u0142owych;<\/li><li>wsp\u00f3\u0142dzia\u0142anie z Policj\u0105, Pa\u0144stwow\u0105 Stra\u017c\u0105 Po\u017carn\u0105, Stra\u017c\u0105 Miejsk\u0105 oraz innymi podmiotami w realizacji zada\u0144 na rzecz ochrony ludno\u015bci;<\/li><li>sporz\u0105dzanie rocznych ocen na temat stanu bezpiecze\u0144stwa w mie\u015bcie;<\/li><li>zorganizowanie i utrzymywanie systemu \u0142\u0105czno\u015bci na potrzeby zarz\u0105dzania kryzysowego;<\/li><li>wsp\u00f3\u0142udzia\u0142 w akcjach o charakterze spo\u0142ecznym organizowanych na terenie miasta;<\/li><li>przyjmowanie zawiadomie\u0144 o organizacji zgromadze\u0144.<\/li><\/ol>\n\n\n\n<p class=\"has-text-align-center has-medium-font-size\"><strong>DO ZADA\u0143 MIEJSKIEGO CENTRUM ZARZ\u0104DZANIA KRYZYSOWEGO NALE\u017bY PONADTO:<\/strong><\/p>\n\n\n\n<ol class=\"wp-block-list\"><li>zbieranie informacji i sk\u0142adanie codziennych raport\u00f3w Prezydentowi Miasta oraz do Wojew\u00f3dzkiego Centrum Zarz\u0105dzania Kryzysowego o :<ul><li><strong>stanie porz\u0105dku publicznego,<\/strong><\/li><li><strong>sytuacji po\u017carowej,<\/strong><\/li><li><strong>sytuacji w sieciach gazowych,<\/strong><\/li><li><strong>sytuacji w sieciach ciep\u0142owniczych,<\/strong><\/li><li><strong>sytuacji w sieciach wodno &#8211; kanalizacyjnych,<\/strong><\/li><li><strong>sytuacji w sieciach telekomunikacyjnych,<\/strong><\/li><li><strong>sytuacji w energetyce,<\/strong><\/li><li><strong>sytuacji w s\u0142u\u017cbie zdrowia,<\/strong><\/li><li><strong>sytuacji w zasobach komunalnych.<\/strong><\/li><\/ul><\/li><li>utrzymywanie sta\u0142ej \u0142\u0105czno\u015bci radiowej z Wojew\u00f3dzkim Centrum Zarz\u0105dzania Kryzysowego;<\/li><li>koordynowanie prac zwi\u0105zanych z &#8222;Akcj\u0105 Zima&#8221;oraz utrzymaniem czysto\u015bci w mie\u015bcie i osiedlach;<\/li><li>przekazywanie uzyskanych informacji o awariach, niedoci\u0105gni\u0119ciach i nieprzewidywalnych wydarzeniach odpowiednim s\u0142u\u017cbom ratowniczym i komunalnym;<\/li><li>przyjmowanie meldunk\u00f3w o sposobie realizacji przekazanych do rozpoznania i wykonania spraw wymagaj\u0105cych interwencji oraz ich ewidencjonowanie;<\/li><li>powiadamianie Prezydenta Miasta o szczeg\u00f3lnie niebezpiecznych zdarzeniach i wykonywanie jego polece\u0144 w zakresie alarmowania kierowniczej kadry Urz\u0119du Miasta i ludno\u015bci;<\/li><li>powiadamianie w trybie alarmowym wskazanych przez Prezydenta Miasta pracownik\u00f3w Urz\u0119du Miasta o konieczno\u015bci stawienia si\u0119 w miejscu pracy;<\/li><li>gromadzenie, przetwarzanie oraz aktualizacja bazy danych na potrzeby zarz\u0105dzania kryzysowego oraz MCZK;<\/li><li>w przypadku wprowadzenia stanu kl\u0119ski \u017cywio\u0142owej lub wy\u017cszych stan\u00f3w gotowo\u015bci obronnej rozwijanie centrum dla Powiatowego Zespo\u0142u Zarz\u0105dzania Kryzysowego.<\/li><\/ol>\n","protected":false},"excerpt":{"rendered":"<p>SIEDZIBA MIEJSKIEGO CENTRUM ZARZ\u0104DZANIA KRYZYSOWEGOMiejskie Centrum Zarz\u0105dzania Kryzysowego ul. Pu\u0142askiego 2 41 &#8211; 100 Siemianowice \u015al\u0105skie tel. (32) 220 &#8211; 01 &#8211; 80 (tel. ca\u0142odobowy &#8211; 7 dni w tygodniu) fax. (32) 220 &#8211; 43 &#8211; 59 e-mail: mczk@um.siemianowice.pl ZADANIA MIEJSKIEGO CENTRUM ZARZ\u0104DZANIA KRYZYSOWEGO: pe\u0142nienie ca\u0142odobowego dy\u017curu w celu zapewnienia przep\u0142ywu informacji na potrzeby zarz\u0105dzania [&hellip;]<\/p>\n","protected":false},"author":41,"featured_media":0,"parent":0,"menu_order":0,"comment_status":"closed","ping_status":"closed","template":"","meta":{"_acf_changed":false,"footnotes":""},"class_list":["post-11","page","type-page","status-publish","hentry"],"acf":[],"yoast_head":"<!-- This site is optimized with the Yoast SEO plugin v26.9 - https:\/\/yoast.com\/product\/yoast-seo-wordpress\/ -->\n<title>Podstawowe Informacje Dotycz\u0105ce MCZK Siemianowice \u015al\u0105skie - Miejskie Centrum Zarz\u0105dzania Kryzysowego<\/title>\n<meta name=\"robots\" content=\"index, follow, max-snippet:-1, max-image-preview:large, max-video-preview:-1\" \/>\n<link rel=\"canonical\" href=\"https:\/\/siemianowice.pl\/mczk\/podstawowe-informacje\/\" \/>\n<meta property=\"og:locale\" content=\"pl_PL\" \/>\n<meta property=\"og:type\" content=\"article\" \/>\n<meta property=\"og:title\" content=\"Podstawowe Informacje Dotycz\u0105ce MCZK Siemianowice \u015al\u0105skie - Miejskie Centrum Zarz\u0105dzania Kryzysowego\" \/>\n<meta property=\"og:description\" content=\"SIEDZIBA MIEJSKIEGO CENTRUM ZARZ\u0104DZANIA KRYZYSOWEGOMiejskie Centrum Zarz\u0105dzania Kryzysowego ul. Pu\u0142askiego 2 41 &#8211; 100 Siemianowice \u015al\u0105skie tel. (32) 220 &#8211; 01 &#8211; 80 (tel. ca\u0142odobowy &#8211; 7 dni w tygodniu) fax. (32) 220 &#8211; 43 &#8211; 59 e-mail: mczk@um.siemianowice.pl ZADANIA MIEJSKIEGO CENTRUM ZARZ\u0104DZANIA KRYZYSOWEGO: pe\u0142nienie ca\u0142odobowego dy\u017curu w celu zapewnienia przep\u0142ywu informacji na potrzeby zarz\u0105dzania [&hellip;]\" \/>\n<meta property=\"og:url\" content=\"https:\/\/siemianowice.pl\/mczk\/podstawowe-informacje\/\" \/>\n<meta property=\"og:site_name\" content=\"Miejskie Centrum Zarz\u0105dzania Kryzysowego\" \/>\n<meta property=\"article:modified_time\" content=\"2023-02-02T14:17:49+00:00\" \/>\n<meta name=\"twitter:card\" content=\"summary_large_image\" \/>\n<meta name=\"twitter:label1\" content=\"Szacowany czas czytania\" \/>\n\t<meta name=\"twitter:data1\" content=\"2 minuty\" \/>\n<script type=\"application\/ld+json\" class=\"yoast-schema-graph\">{\"@context\":\"https:\/\/schema.org\",\"@graph\":[{\"@type\":\"WebPage\",\"@id\":\"https:\/\/siemianowice.pl\/mczk\/podstawowe-informacje\/\",\"url\":\"https:\/\/siemianowice.pl\/mczk\/podstawowe-informacje\/\",\"name\":\"Podstawowe Informacje Dotycz\u0105ce MCZK Siemianowice \u015al\u0105skie - Miejskie Centrum Zarz\u0105dzania Kryzysowego\",\"isPartOf\":{\"@id\":\"https:\/\/siemianowice.pl\/mczk\/#website\"},\"datePublished\":\"2022-09-29T09:13:54+00:00\",\"dateModified\":\"2023-02-02T14:17:49+00:00\",\"breadcrumb\":{\"@id\":\"https:\/\/siemianowice.pl\/mczk\/podstawowe-informacje\/#breadcrumb\"},\"inLanguage\":\"pl-PL\",\"potentialAction\":[{\"@type\":\"ReadAction\",\"target\":[\"https:\/\/siemianowice.pl\/mczk\/podstawowe-informacje\/\"]}]},{\"@type\":\"BreadcrumbList\",\"@id\":\"https:\/\/siemianowice.pl\/mczk\/podstawowe-informacje\/#breadcrumb\",\"itemListElement\":[{\"@type\":\"ListItem\",\"position\":1,\"name\":\"Strona g\u0142\u00f3wna\",\"item\":\"https:\/\/siemianowice.pl\/mczk\/\"},{\"@type\":\"ListItem\",\"position\":2,\"name\":\"Podstawowe Informacje Dotycz\u0105ce MCZK Siemianowice \u015al\u0105skie\"}]},{\"@type\":\"WebSite\",\"@id\":\"https:\/\/siemianowice.pl\/mczk\/#website\",\"url\":\"https:\/\/siemianowice.pl\/mczk\/\",\"name\":\"Miejskie Centrum Zarz\u0105dzania Kryzysowego\",\"description\":\"BEZPIECZNE SIEMIANOWICE\",\"potentialAction\":[{\"@type\":\"SearchAction\",\"target\":{\"@type\":\"EntryPoint\",\"urlTemplate\":\"https:\/\/siemianowice.pl\/mczk\/?s={search_term_string}\"},\"query-input\":{\"@type\":\"PropertyValueSpecification\",\"valueRequired\":true,\"valueName\":\"search_term_string\"}}],\"inLanguage\":\"pl-PL\"}]}<\/script>\n<!-- \/ Yoast SEO plugin. -->","yoast_head_json":{"title":"Podstawowe Informacje Dotycz\u0105ce MCZK Siemianowice \u015al\u0105skie - Miejskie Centrum Zarz\u0105dzania Kryzysowego","robots":{"index":"index","follow":"follow","max-snippet":"max-snippet:-1","max-image-preview":"max-image-preview:large","max-video-preview":"max-video-preview:-1"},"canonical":"https:\/\/siemianowice.pl\/mczk\/podstawowe-informacje\/","og_locale":"pl_PL","og_type":"article","og_title":"Podstawowe Informacje Dotycz\u0105ce MCZK Siemianowice \u015al\u0105skie - Miejskie Centrum Zarz\u0105dzania Kryzysowego","og_description":"SIEDZIBA MIEJSKIEGO CENTRUM ZARZ\u0104DZANIA KRYZYSOWEGOMiejskie Centrum Zarz\u0105dzania Kryzysowego ul. Pu\u0142askiego 2 41 &#8211; 100 Siemianowice \u015al\u0105skie tel. (32) 220 &#8211; 01 &#8211; 80 (tel. ca\u0142odobowy &#8211; 7 dni w tygodniu) fax. (32) 220 &#8211; 43 &#8211; 59 e-mail: mczk@um.siemianowice.pl ZADANIA MIEJSKIEGO CENTRUM ZARZ\u0104DZANIA KRYZYSOWEGO: pe\u0142nienie ca\u0142odobowego dy\u017curu w celu zapewnienia przep\u0142ywu informacji na potrzeby zarz\u0105dzania [&hellip;]","og_url":"https:\/\/siemianowice.pl\/mczk\/podstawowe-informacje\/","og_site_name":"Miejskie Centrum Zarz\u0105dzania Kryzysowego","article_modified_time":"2023-02-02T14:17:49+00:00","twitter_card":"summary_large_image","twitter_misc":{"Szacowany czas czytania":"2 minuty"},"schema":{"@context":"https:\/\/schema.org","@graph":[{"@type":"WebPage","@id":"https:\/\/siemianowice.pl\/mczk\/podstawowe-informacje\/","url":"https:\/\/siemianowice.pl\/mczk\/podstawowe-informacje\/","name":"Podstawowe Informacje Dotycz\u0105ce MCZK Siemianowice \u015al\u0105skie - Miejskie Centrum Zarz\u0105dzania Kryzysowego","isPartOf":{"@id":"https:\/\/siemianowice.pl\/mczk\/#website"},"datePublished":"2022-09-29T09:13:54+00:00","dateModified":"2023-02-02T14:17:49+00:00","breadcrumb":{"@id":"https:\/\/siemianowice.pl\/mczk\/podstawowe-informacje\/#breadcrumb"},"inLanguage":"pl-PL","potentialAction":[{"@type":"ReadAction","target":["https:\/\/siemianowice.pl\/mczk\/podstawowe-informacje\/"]}]},{"@type":"BreadcrumbList","@id":"https:\/\/siemianowice.pl\/mczk\/podstawowe-informacje\/#breadcrumb","itemListElement":[{"@type":"ListItem","position":1,"name":"Strona g\u0142\u00f3wna","item":"https:\/\/siemianowice.pl\/mczk\/"},{"@type":"ListItem","position":2,"name":"Podstawowe Informacje Dotycz\u0105ce MCZK Siemianowice \u015al\u0105skie"}]},{"@type":"WebSite","@id":"https:\/\/siemianowice.pl\/mczk\/#website","url":"https:\/\/siemianowice.pl\/mczk\/","name":"Miejskie Centrum Zarz\u0105dzania Kryzysowego","description":"BEZPIECZNE SIEMIANOWICE","potentialAction":[{"@type":"SearchAction","target":{"@type":"EntryPoint","urlTemplate":"https:\/\/siemianowice.pl\/mczk\/?s={search_term_string}"},"query-input":{"@type":"PropertyValueSpecification","valueRequired":true,"valueName":"search_term_string"}}],"inLanguage":"pl-PL"}]}},"_links":{"self":[{"href":"https:\/\/siemianowice.pl\/mczk\/wp-json\/wp\/v2\/pages\/11","targetHints":{"allow":["GET"]}}],"collection":[{"href":"https:\/\/siemianowice.pl\/mczk\/wp-json\/wp\/v2\/pages"}],"about":[{"href":"https:\/\/siemianowice.pl\/mczk\/wp-json\/wp\/v2\/types\/page"}],"author":[{"embeddable":true,"href":"https:\/\/siemianowice.pl\/mczk\/wp-json\/wp\/v2\/users\/41"}],"replies":[{"embeddable":true,"href":"https:\/\/siemianowice.pl\/mczk\/wp-json\/wp\/v2\/comments?post=11"}],"version-history":[{"count":6,"href":"https:\/\/siemianowice.pl\/mczk\/wp-json\/wp\/v2\/pages\/11\/revisions"}],"predecessor-version":[{"id":121,"href":"https:\/\/siemianowice.pl\/mczk\/wp-json\/wp\/v2\/pages\/11\/revisions\/121"}],"wp:attachment":[{"href":"https:\/\/siemianowice.pl\/mczk\/wp-json\/wp\/v2\/media?parent=11"}],"curies":[{"name":"wp","href":"https:\/\/api.w.org\/{rel}","templated":true}]}}