{"id":12,"date":"2022-09-29T11:13:54","date_gmt":"2022-09-29T09:13:54","guid":{"rendered":"https:\/\/siemianowice.pl\/mczk\/?page_id=12"},"modified":"2023-03-22T11:19:26","modified_gmt":"2023-03-22T10:19:26","slug":"mozliwe-zagrozenia","status":"publish","type":"page","link":"https:\/\/siemianowice.pl\/mczk\/mozliwe-zagrozenia\/","title":{"rendered":"Zagro\u017cenia"},"content":{"rendered":"\n<p class=\"has-medium-font-size\"><strong><span class=\"has-inline-color has-vivid-red-color\">Zagro\u017ceniem jest stan wywo\u0142any si\u0142ami natury albo dzia\u0142aniem cz\u0142owieka. Powoduje on, \u017ce tracimy cz\u0119\u015bciowo lub zupe\u0142nie poczucie bezpiecze\u0144stwa. <\/span><\/strong><\/p>\n\n\n\n<p><\/p>\n\n\n\n<p class=\"has-medium-font-size\"><strong>Zagro\u017cenia <em>naturalne:<\/em><\/strong> <\/p>\n\n\n\n<p>&#8211; <a href=\"https:\/\/siemianowice.pl\/mczk\/pozary\/\">po\u017cary<\/a><\/p>\n\n\n\n<p>&#8211; <a href=\"https:\/\/siemianowice.pl\/mczk\/wichury\/\">wichury<\/a><\/p>\n\n\n\n<p>&#8211; <a href=\"https:\/\/siemianowice.pl\/mczk\/upaly\/\">upa\u0142y<\/a><\/p>\n\n\n\n<p>&#8211;<a href=\"https:\/\/siemianowice.pl\/mczk\/burze\/\"> burze<\/a><\/p>\n\n\n\n<p>&#8211; <a href=\"https:\/\/siemianowice.pl\/mczk\/mrozy-i-zamiecie-sniezne\/\">mrozy i zamiecie \u015bnie\u017cne<\/a><\/p>\n\n\n\n<p class=\"has-medium-font-size\"><strong>Zagro\u017cenia zwi\u0105zane z dzia\u0142alno\u015bci\u0105 cz\u0142owieka:<\/strong> <\/p>\n\n\n\n<p>&#8211; <a href=\"https:\/\/siemianowice.pl\/mczk\/?page_id=193\">katastrofy drogowe i kolejowe<\/a><\/p>\n\n\n\n<p>&#8211; <a href=\"https:\/\/siemianowice.pl\/mczk\/toksyczne-srodki-przemyslowe\/\">toksyczne \u015brodki przemys\u0142owe<\/a><\/p>\n\n\n\n<p>&#8211; <a href=\"https:\/\/siemianowice.pl\/mczk\/katastrofy-budowlane\/\">katastrofy budowlane<\/a><\/p>\n\n\n\n<p class=\"has-medium-font-size\"><strong>Inne:<\/strong> <\/p>\n\n\n\n<p>&#8211; <a href=\"https:\/\/siemianowice.pl\/mczk\/zagrozenie-terroryzmem\/\">terroryzm<\/a><\/p>\n","protected":false},"excerpt":{"rendered":"<p>Zagro\u017ceniem jest stan wywo\u0142any si\u0142ami natury albo dzia\u0142aniem cz\u0142owieka. Powoduje on, \u017ce tracimy cz\u0119\u015bciowo lub zupe\u0142nie poczucie bezpiecze\u0144stwa. Zagro\u017cenia naturalne: &#8211; po\u017cary &#8211; wichury &#8211; upa\u0142y &#8211; burze &#8211; mrozy i zamiecie \u015bnie\u017cne Zagro\u017cenia zwi\u0105zane z dzia\u0142alno\u015bci\u0105 cz\u0142owieka: &#8211; katastrofy drogowe i kolejowe &#8211; toksyczne \u015brodki przemys\u0142owe &#8211; katastrofy budowlane Inne: &#8211; terroryzm<\/p>\n","protected":false},"author":41,"featured_media":0,"parent":0,"menu_order":0,"comment_status":"closed","ping_status":"closed","template":"","meta":{"_acf_changed":false,"footnotes":""},"class_list":["post-12","page","type-page","status-publish","hentry"],"acf":[],"yoast_head":"<!-- This site is optimized with the Yoast SEO plugin v26.9 - https:\/\/yoast.com\/product\/yoast-seo-wordpress\/ -->\n<title>Zagro\u017cenia - Miejskie Centrum Zarz\u0105dzania Kryzysowego<\/title>\n<meta name=\"robots\" content=\"index, follow, max-snippet:-1, max-image-preview:large, max-video-preview:-1\" \/>\n<link rel=\"canonical\" href=\"https:\/\/siemianowice.pl\/mczk\/mozliwe-zagrozenia\/\" \/>\n<meta property=\"og:locale\" content=\"pl_PL\" \/>\n<meta property=\"og:type\" content=\"article\" \/>\n<meta property=\"og:title\" content=\"Zagro\u017cenia - Miejskie Centrum Zarz\u0105dzania Kryzysowego\" \/>\n<meta property=\"og:description\" content=\"Zagro\u017ceniem jest stan wywo\u0142any si\u0142ami natury albo dzia\u0142aniem cz\u0142owieka. Powoduje on, \u017ce tracimy cz\u0119\u015bciowo lub zupe\u0142nie poczucie bezpiecze\u0144stwa. Zagro\u017cenia naturalne: &#8211; po\u017cary &#8211; wichury &#8211; upa\u0142y &#8211; burze &#8211; mrozy i zamiecie \u015bnie\u017cne Zagro\u017cenia zwi\u0105zane z dzia\u0142alno\u015bci\u0105 cz\u0142owieka: &#8211; katastrofy drogowe i kolejowe &#8211; toksyczne \u015brodki przemys\u0142owe &#8211; katastrofy budowlane Inne: &#8211; terroryzm\" \/>\n<meta property=\"og:url\" content=\"https:\/\/siemianowice.pl\/mczk\/mozliwe-zagrozenia\/\" \/>\n<meta property=\"og:site_name\" content=\"Miejskie Centrum Zarz\u0105dzania Kryzysowego\" \/>\n<meta property=\"article:modified_time\" content=\"2023-03-22T10:19:26+00:00\" \/>\n<meta name=\"twitter:card\" content=\"summary_large_image\" \/>\n<meta name=\"twitter:label1\" content=\"Szacowany czas czytania\" \/>\n\t<meta name=\"twitter:data1\" content=\"1 minuta\" \/>\n<script type=\"application\/ld+json\" class=\"yoast-schema-graph\">{\"@context\":\"https:\/\/schema.org\",\"@graph\":[{\"@type\":\"WebPage\",\"@id\":\"https:\/\/siemianowice.pl\/mczk\/mozliwe-zagrozenia\/\",\"url\":\"https:\/\/siemianowice.pl\/mczk\/mozliwe-zagrozenia\/\",\"name\":\"Zagro\u017cenia - Miejskie Centrum Zarz\u0105dzania Kryzysowego\",\"isPartOf\":{\"@id\":\"https:\/\/siemianowice.pl\/mczk\/#website\"},\"datePublished\":\"2022-09-29T09:13:54+00:00\",\"dateModified\":\"2023-03-22T10:19:26+00:00\",\"breadcrumb\":{\"@id\":\"https:\/\/siemianowice.pl\/mczk\/mozliwe-zagrozenia\/#breadcrumb\"},\"inLanguage\":\"pl-PL\",\"potentialAction\":[{\"@type\":\"ReadAction\",\"target\":[\"https:\/\/siemianowice.pl\/mczk\/mozliwe-zagrozenia\/\"]}]},{\"@type\":\"BreadcrumbList\",\"@id\":\"https:\/\/siemianowice.pl\/mczk\/mozliwe-zagrozenia\/#breadcrumb\",\"itemListElement\":[{\"@type\":\"ListItem\",\"position\":1,\"name\":\"Strona g\u0142\u00f3wna\",\"item\":\"https:\/\/siemianowice.pl\/mczk\/\"},{\"@type\":\"ListItem\",\"position\":2,\"name\":\"Zagro\u017cenia\"}]},{\"@type\":\"WebSite\",\"@id\":\"https:\/\/siemianowice.pl\/mczk\/#website\",\"url\":\"https:\/\/siemianowice.pl\/mczk\/\",\"name\":\"Miejskie Centrum Zarz\u0105dzania Kryzysowego\",\"description\":\"BEZPIECZNE SIEMIANOWICE\",\"potentialAction\":[{\"@type\":\"SearchAction\",\"target\":{\"@type\":\"EntryPoint\",\"urlTemplate\":\"https:\/\/siemianowice.pl\/mczk\/?s={search_term_string}\"},\"query-input\":{\"@type\":\"PropertyValueSpecification\",\"valueRequired\":true,\"valueName\":\"search_term_string\"}}],\"inLanguage\":\"pl-PL\"}]}<\/script>\n<!-- \/ Yoast SEO plugin. -->","yoast_head_json":{"title":"Zagro\u017cenia - Miejskie Centrum Zarz\u0105dzania Kryzysowego","robots":{"index":"index","follow":"follow","max-snippet":"max-snippet:-1","max-image-preview":"max-image-preview:large","max-video-preview":"max-video-preview:-1"},"canonical":"https:\/\/siemianowice.pl\/mczk\/mozliwe-zagrozenia\/","og_locale":"pl_PL","og_type":"article","og_title":"Zagro\u017cenia - Miejskie Centrum Zarz\u0105dzania Kryzysowego","og_description":"Zagro\u017ceniem jest stan wywo\u0142any si\u0142ami natury albo dzia\u0142aniem cz\u0142owieka. Powoduje on, \u017ce tracimy cz\u0119\u015bciowo lub zupe\u0142nie poczucie bezpiecze\u0144stwa. Zagro\u017cenia naturalne: &#8211; po\u017cary &#8211; wichury &#8211; upa\u0142y &#8211; burze &#8211; mrozy i zamiecie \u015bnie\u017cne Zagro\u017cenia zwi\u0105zane z dzia\u0142alno\u015bci\u0105 cz\u0142owieka: &#8211; katastrofy drogowe i kolejowe &#8211; toksyczne \u015brodki przemys\u0142owe &#8211; katastrofy budowlane Inne: &#8211; terroryzm","og_url":"https:\/\/siemianowice.pl\/mczk\/mozliwe-zagrozenia\/","og_site_name":"Miejskie Centrum Zarz\u0105dzania Kryzysowego","article_modified_time":"2023-03-22T10:19:26+00:00","twitter_card":"summary_large_image","twitter_misc":{"Szacowany czas czytania":"1 minuta"},"schema":{"@context":"https:\/\/schema.org","@graph":[{"@type":"WebPage","@id":"https:\/\/siemianowice.pl\/mczk\/mozliwe-zagrozenia\/","url":"https:\/\/siemianowice.pl\/mczk\/mozliwe-zagrozenia\/","name":"Zagro\u017cenia - Miejskie Centrum Zarz\u0105dzania Kryzysowego","isPartOf":{"@id":"https:\/\/siemianowice.pl\/mczk\/#website"},"datePublished":"2022-09-29T09:13:54+00:00","dateModified":"2023-03-22T10:19:26+00:00","breadcrumb":{"@id":"https:\/\/siemianowice.pl\/mczk\/mozliwe-zagrozenia\/#breadcrumb"},"inLanguage":"pl-PL","potentialAction":[{"@type":"ReadAction","target":["https:\/\/siemianowice.pl\/mczk\/mozliwe-zagrozenia\/"]}]},{"@type":"BreadcrumbList","@id":"https:\/\/siemianowice.pl\/mczk\/mozliwe-zagrozenia\/#breadcrumb","itemListElement":[{"@type":"ListItem","position":1,"name":"Strona g\u0142\u00f3wna","item":"https:\/\/siemianowice.pl\/mczk\/"},{"@type":"ListItem","position":2,"name":"Zagro\u017cenia"}]},{"@type":"WebSite","@id":"https:\/\/siemianowice.pl\/mczk\/#website","url":"https:\/\/siemianowice.pl\/mczk\/","name":"Miejskie Centrum Zarz\u0105dzania Kryzysowego","description":"BEZPIECZNE SIEMIANOWICE","potentialAction":[{"@type":"SearchAction","target":{"@type":"EntryPoint","urlTemplate":"https:\/\/siemianowice.pl\/mczk\/?s={search_term_string}"},"query-input":{"@type":"PropertyValueSpecification","valueRequired":true,"valueName":"search_term_string"}}],"inLanguage":"pl-PL"}]}},"_links":{"self":[{"href":"https:\/\/siemianowice.pl\/mczk\/wp-json\/wp\/v2\/pages\/12","targetHints":{"allow":["GET"]}}],"collection":[{"href":"https:\/\/siemianowice.pl\/mczk\/wp-json\/wp\/v2\/pages"}],"about":[{"href":"https:\/\/siemianowice.pl\/mczk\/wp-json\/wp\/v2\/types\/page"}],"author":[{"embeddable":true,"href":"https:\/\/siemianowice.pl\/mczk\/wp-json\/wp\/v2\/users\/41"}],"replies":[{"embeddable":true,"href":"https:\/\/siemianowice.pl\/mczk\/wp-json\/wp\/v2\/comments?post=12"}],"version-history":[{"count":19,"href":"https:\/\/siemianowice.pl\/mczk\/wp-json\/wp\/v2\/pages\/12\/revisions"}],"predecessor-version":[{"id":217,"href":"https:\/\/siemianowice.pl\/mczk\/wp-json\/wp\/v2\/pages\/12\/revisions\/217"}],"wp:attachment":[{"href":"https:\/\/siemianowice.pl\/mczk\/wp-json\/wp\/v2\/media?parent=12"}],"curies":[{"name":"wp","href":"https:\/\/api.w.org\/{rel}","templated":true}]}}