{"id":13,"date":"2022-09-29T11:13:54","date_gmt":"2022-09-29T09:13:54","guid":{"rendered":"https:\/\/siemianowice.pl\/mczk\/?page_id=13"},"modified":"2023-02-02T15:15:59","modified_gmt":"2023-02-02T14:15:59","slug":"sygnaly-alarmowe","status":"publish","type":"page","link":"https:\/\/siemianowice.pl\/mczk\/sygnaly-alarmowe\/","title":{"rendered":"SYGNA\u0141Y ALARMOWE"},"content":{"rendered":"\n<p><\/p>\n\n\n\n<h2 class=\"has-text-align-center wp-block-heading\"><strong>ZAGRO\u017bENIA O DU\u017bEJ SKALI SYGNALIZOWANE S\u0104 D\u0179WI\u0118KIEM SYREN ALARMOWYCH <\/strong><strong><\/strong><\/h2>\n\n\n\n<p class=\"has-medium-font-size\"><strong>Gdy us\u0142yszysz d\u017awi\u0119k ci\u0105g\u0142y wielu syren alarmowych trwaj\u0105cy trzy minuty:<\/strong><\/p>\n\n\n\n<p>&#8211; w\u0142\u0105cz radio na stacj\u0119 lokaln\u0105,<\/p>\n\n\n\n<p>&#8211; stosuj si\u0119 do polece\u0144 przekazywanych przez radio i s\u0142u\u017cby ratownicze.<\/p>\n\n\n\n<p>Poniewa\u017c wi\u0119kszo\u015b\u0107 zagro\u017ce\u0144 w czasie pokoju i wojny jest taka sama trzeba je pozna\u0107 ju\u017c dzisiaj i umie\u0107 im przeciwdzia\u0142a\u0107. Sygna\u0142y alarmowe i komunikaty powszechnie obowi\u0105zuj\u0105ce na terytorium Rzeczypospolitej wprowadzone Rozporz\u0105dzeniem Rady Ministr\u00f3w z dnia 7 stycznia 2013 roku w sprawie system\u00f3w wykrywania ska\u017ce\u0144 i powiadamiania o ich wyst\u0105pieniu oraz w\u0142a\u015bciwo\u015bci organ\u00f3w w tych sprawach (Dz. U. z 2013r. poz. 96).<br><br><br><\/p>\n\n\n\n<p class=\"has-medium-font-size\"><strong>Zasady post\u0119powania po og\u0142oszeniu alarmu:<\/strong><\/p>\n\n\n\n<ol class=\"wp-block-list\"><li>w\u0142\u0105cz radioodbiornik na cz\u0119stotliwo\u015b\u0107 radiostacji lokalnych;<\/li><li>post\u0119puj zgodnie z zaleceniami podanymi w komunikatach;<\/li><li>wykonuj polecenia organ\u00f3w kieruj\u0105cych akcj\u0105 ratownicz\u0105;<\/li><li>przed opuszczeniem mieszkania:<ol type=\"a\"><li>zamkn\u0105\u0107 zaw\u00f3r gazu w mieszkaniu,<\/li><li>wy\u0142\u0105cz bezpieczniki elektryczne,<\/li><li>odci\u0105\u0107 dop\u0142yw wody,<\/li><li>zabra\u0107 ze sob\u0105 dokumenty to\u017csamo\u015bci,<\/li><li>pozamyka\u0107 okna i drzwi.<\/li><\/ol><\/li><li>je\u015bli nie zd\u0105\u017cy\u0142e\u015b opu\u015bci\u0107 mieszkania:<ol type=\"a\"><li>uszczelnij okna w pomieszczeniu, w kt\u00f3rym si\u0119 znajdujesz, wy\u0142\u0105cz klimatyzacj\u0119 i wentylacj\u0119,<\/li><li>przygotuj wilgotne chustki, tampony na nos i usta.<\/li><\/ol><\/li><\/ol>\n","protected":false},"excerpt":{"rendered":"<p>ZAGRO\u017bENIA O DU\u017bEJ SKALI SYGNALIZOWANE S\u0104 D\u0179WI\u0118KIEM SYREN ALARMOWYCH Gdy us\u0142yszysz d\u017awi\u0119k ci\u0105g\u0142y wielu syren alarmowych trwaj\u0105cy trzy minuty: &#8211; w\u0142\u0105cz radio na stacj\u0119 lokaln\u0105, &#8211; stosuj si\u0119 do polece\u0144 przekazywanych przez radio i s\u0142u\u017cby ratownicze. Poniewa\u017c wi\u0119kszo\u015b\u0107 zagro\u017ce\u0144 w czasie pokoju i wojny jest taka sama trzeba je pozna\u0107 ju\u017c dzisiaj i umie\u0107 im [&hellip;]<\/p>\n","protected":false},"author":41,"featured_media":0,"parent":0,"menu_order":0,"comment_status":"closed","ping_status":"closed","template":"","meta":{"_acf_changed":false,"footnotes":""},"class_list":["post-13","page","type-page","status-publish","hentry"],"acf":[],"yoast_head":"<!-- This site is optimized with the Yoast SEO plugin v26.9 - https:\/\/yoast.com\/product\/yoast-seo-wordpress\/ -->\n<title>SYGNA\u0141Y ALARMOWE - Miejskie Centrum Zarz\u0105dzania Kryzysowego<\/title>\n<meta name=\"robots\" content=\"index, follow, max-snippet:-1, max-image-preview:large, max-video-preview:-1\" \/>\n<link rel=\"canonical\" href=\"https:\/\/siemianowice.pl\/mczk\/sygnaly-alarmowe\/\" \/>\n<meta property=\"og:locale\" content=\"pl_PL\" \/>\n<meta property=\"og:type\" content=\"article\" \/>\n<meta property=\"og:title\" content=\"SYGNA\u0141Y ALARMOWE - Miejskie Centrum Zarz\u0105dzania Kryzysowego\" \/>\n<meta property=\"og:description\" content=\"ZAGRO\u017bENIA O DU\u017bEJ SKALI SYGNALIZOWANE S\u0104 D\u0179WI\u0118KIEM SYREN ALARMOWYCH Gdy us\u0142yszysz d\u017awi\u0119k ci\u0105g\u0142y wielu syren alarmowych trwaj\u0105cy trzy minuty: &#8211; w\u0142\u0105cz radio na stacj\u0119 lokaln\u0105, &#8211; stosuj si\u0119 do polece\u0144 przekazywanych przez radio i s\u0142u\u017cby ratownicze. Poniewa\u017c wi\u0119kszo\u015b\u0107 zagro\u017ce\u0144 w czasie pokoju i wojny jest taka sama trzeba je pozna\u0107 ju\u017c dzisiaj i umie\u0107 im [&hellip;]\" \/>\n<meta property=\"og:url\" content=\"https:\/\/siemianowice.pl\/mczk\/sygnaly-alarmowe\/\" \/>\n<meta property=\"og:site_name\" content=\"Miejskie Centrum Zarz\u0105dzania Kryzysowego\" \/>\n<meta property=\"article:modified_time\" content=\"2023-02-02T14:15:59+00:00\" \/>\n<meta name=\"twitter:card\" content=\"summary_large_image\" \/>\n<meta name=\"twitter:label1\" content=\"Szacowany czas czytania\" \/>\n\t<meta name=\"twitter:data1\" content=\"1 minuta\" \/>\n<script type=\"application\/ld+json\" class=\"yoast-schema-graph\">{\"@context\":\"https:\/\/schema.org\",\"@graph\":[{\"@type\":\"WebPage\",\"@id\":\"https:\/\/siemianowice.pl\/mczk\/sygnaly-alarmowe\/\",\"url\":\"https:\/\/siemianowice.pl\/mczk\/sygnaly-alarmowe\/\",\"name\":\"SYGNA\u0141Y ALARMOWE - Miejskie Centrum Zarz\u0105dzania Kryzysowego\",\"isPartOf\":{\"@id\":\"https:\/\/siemianowice.pl\/mczk\/#website\"},\"datePublished\":\"2022-09-29T09:13:54+00:00\",\"dateModified\":\"2023-02-02T14:15:59+00:00\",\"breadcrumb\":{\"@id\":\"https:\/\/siemianowice.pl\/mczk\/sygnaly-alarmowe\/#breadcrumb\"},\"inLanguage\":\"pl-PL\",\"potentialAction\":[{\"@type\":\"ReadAction\",\"target\":[\"https:\/\/siemianowice.pl\/mczk\/sygnaly-alarmowe\/\"]}]},{\"@type\":\"BreadcrumbList\",\"@id\":\"https:\/\/siemianowice.pl\/mczk\/sygnaly-alarmowe\/#breadcrumb\",\"itemListElement\":[{\"@type\":\"ListItem\",\"position\":1,\"name\":\"Strona g\u0142\u00f3wna\",\"item\":\"https:\/\/siemianowice.pl\/mczk\/\"},{\"@type\":\"ListItem\",\"position\":2,\"name\":\"SYGNA\u0141Y ALARMOWE\"}]},{\"@type\":\"WebSite\",\"@id\":\"https:\/\/siemianowice.pl\/mczk\/#website\",\"url\":\"https:\/\/siemianowice.pl\/mczk\/\",\"name\":\"Miejskie Centrum Zarz\u0105dzania Kryzysowego\",\"description\":\"BEZPIECZNE SIEMIANOWICE\",\"potentialAction\":[{\"@type\":\"SearchAction\",\"target\":{\"@type\":\"EntryPoint\",\"urlTemplate\":\"https:\/\/siemianowice.pl\/mczk\/?s={search_term_string}\"},\"query-input\":{\"@type\":\"PropertyValueSpecification\",\"valueRequired\":true,\"valueName\":\"search_term_string\"}}],\"inLanguage\":\"pl-PL\"}]}<\/script>\n<!-- \/ Yoast SEO plugin. -->","yoast_head_json":{"title":"SYGNA\u0141Y ALARMOWE - Miejskie Centrum Zarz\u0105dzania Kryzysowego","robots":{"index":"index","follow":"follow","max-snippet":"max-snippet:-1","max-image-preview":"max-image-preview:large","max-video-preview":"max-video-preview:-1"},"canonical":"https:\/\/siemianowice.pl\/mczk\/sygnaly-alarmowe\/","og_locale":"pl_PL","og_type":"article","og_title":"SYGNA\u0141Y ALARMOWE - Miejskie Centrum Zarz\u0105dzania Kryzysowego","og_description":"ZAGRO\u017bENIA O DU\u017bEJ SKALI SYGNALIZOWANE S\u0104 D\u0179WI\u0118KIEM SYREN ALARMOWYCH Gdy us\u0142yszysz d\u017awi\u0119k ci\u0105g\u0142y wielu syren alarmowych trwaj\u0105cy trzy minuty: &#8211; w\u0142\u0105cz radio na stacj\u0119 lokaln\u0105, &#8211; stosuj si\u0119 do polece\u0144 przekazywanych przez radio i s\u0142u\u017cby ratownicze. Poniewa\u017c wi\u0119kszo\u015b\u0107 zagro\u017ce\u0144 w czasie pokoju i wojny jest taka sama trzeba je pozna\u0107 ju\u017c dzisiaj i umie\u0107 im [&hellip;]","og_url":"https:\/\/siemianowice.pl\/mczk\/sygnaly-alarmowe\/","og_site_name":"Miejskie Centrum Zarz\u0105dzania Kryzysowego","article_modified_time":"2023-02-02T14:15:59+00:00","twitter_card":"summary_large_image","twitter_misc":{"Szacowany czas czytania":"1 minuta"},"schema":{"@context":"https:\/\/schema.org","@graph":[{"@type":"WebPage","@id":"https:\/\/siemianowice.pl\/mczk\/sygnaly-alarmowe\/","url":"https:\/\/siemianowice.pl\/mczk\/sygnaly-alarmowe\/","name":"SYGNA\u0141Y ALARMOWE - Miejskie Centrum Zarz\u0105dzania Kryzysowego","isPartOf":{"@id":"https:\/\/siemianowice.pl\/mczk\/#website"},"datePublished":"2022-09-29T09:13:54+00:00","dateModified":"2023-02-02T14:15:59+00:00","breadcrumb":{"@id":"https:\/\/siemianowice.pl\/mczk\/sygnaly-alarmowe\/#breadcrumb"},"inLanguage":"pl-PL","potentialAction":[{"@type":"ReadAction","target":["https:\/\/siemianowice.pl\/mczk\/sygnaly-alarmowe\/"]}]},{"@type":"BreadcrumbList","@id":"https:\/\/siemianowice.pl\/mczk\/sygnaly-alarmowe\/#breadcrumb","itemListElement":[{"@type":"ListItem","position":1,"name":"Strona g\u0142\u00f3wna","item":"https:\/\/siemianowice.pl\/mczk\/"},{"@type":"ListItem","position":2,"name":"SYGNA\u0141Y ALARMOWE"}]},{"@type":"WebSite","@id":"https:\/\/siemianowice.pl\/mczk\/#website","url":"https:\/\/siemianowice.pl\/mczk\/","name":"Miejskie Centrum Zarz\u0105dzania Kryzysowego","description":"BEZPIECZNE SIEMIANOWICE","potentialAction":[{"@type":"SearchAction","target":{"@type":"EntryPoint","urlTemplate":"https:\/\/siemianowice.pl\/mczk\/?s={search_term_string}"},"query-input":{"@type":"PropertyValueSpecification","valueRequired":true,"valueName":"search_term_string"}}],"inLanguage":"pl-PL"}]}},"_links":{"self":[{"href":"https:\/\/siemianowice.pl\/mczk\/wp-json\/wp\/v2\/pages\/13","targetHints":{"allow":["GET"]}}],"collection":[{"href":"https:\/\/siemianowice.pl\/mczk\/wp-json\/wp\/v2\/pages"}],"about":[{"href":"https:\/\/siemianowice.pl\/mczk\/wp-json\/wp\/v2\/types\/page"}],"author":[{"embeddable":true,"href":"https:\/\/siemianowice.pl\/mczk\/wp-json\/wp\/v2\/users\/41"}],"replies":[{"embeddable":true,"href":"https:\/\/siemianowice.pl\/mczk\/wp-json\/wp\/v2\/comments?post=13"}],"version-history":[{"count":3,"href":"https:\/\/siemianowice.pl\/mczk\/wp-json\/wp\/v2\/pages\/13\/revisions"}],"predecessor-version":[{"id":118,"href":"https:\/\/siemianowice.pl\/mczk\/wp-json\/wp\/v2\/pages\/13\/revisions\/118"}],"wp:attachment":[{"href":"https:\/\/siemianowice.pl\/mczk\/wp-json\/wp\/v2\/media?parent=13"}],"curies":[{"name":"wp","href":"https:\/\/api.w.org\/{rel}","templated":true}]}}