{"id":151,"date":"2023-03-08T13:35:40","date_gmt":"2023-03-08T12:35:40","guid":{"rendered":"https:\/\/siemianowice.pl\/mczk\/?page_id=151"},"modified":"2023-03-08T14:07:20","modified_gmt":"2023-03-08T13:07:20","slug":"pozary","status":"publish","type":"page","link":"https:\/\/siemianowice.pl\/mczk\/pozary\/","title":{"rendered":"Po\u017cary"},"content":{"rendered":"\n<p><strong>OGIE\u0143 &#8211;<\/strong><\/p>\n\n\n\n<p><strong><span class=\"has-inline-color has-vivid-red-color\">rozprzestrzenia si\u0119 szybko i najcz\u0119\u015bciej nie ma czasu na zabieranie kosztownych rzeczy czy telefonowanie. Po 2 minutach ogie\u0144 mo\u017ce sta\u0107 si\u0119 gro\u017any dla \u017cycia. W ci\u0105gu 5 minut ca\u0142y dom mo\u017ce stan\u0105\u0107 w p\u0142omieniach. Wysoka temperatura i dym s\u0105 tak samo niebezpieczne jak p\u0142omienie. Zach\u0142y\u015bni\u0119cie si\u0119 bardzo gor\u0105cym powietrzem mo\u017ce spowodowa\u0107 poparzenie p\u0142uc. Po\u017car wytwarza truj\u0105ce gazy, kt\u00f3re mog\u0105 zak\u0142\u00f3ci\u0107 orientacj\u0119 cz\u0142owieka i spowodowa\u0107 os\u0142abienie czynno\u015bci ruchowych oraz ospa\u0142o\u015b\u0107.<\/span><\/strong><\/p>\n\n\n\n<p><strong><span style=\"text-decoration: underline\">Co zrobi\u0107, \u017ceby zminimalizowa\u0107 ryzyko powstania po\u017caru:<\/span><\/strong><\/p>\n\n\n\n<ul class=\"wp-block-list\"><li>ostro\u017cnie u\u017cywaj zast\u0119pcze \u017ar\u00f3d\u0142a grzewcze (np. przeno\u015bne grzejniki elektryczne, gazowe, piecyki na drewno i w\u0119giel) &#8211; nie u\u017cywaj niesprawnych urz\u0105dze\u0144,<\/li><li>utrzymuj w sta\u0142ej technicznej sprawno\u015bci instalacj\u0119 elektryczn\u0105, przed\u0142u\u017cacze, przewody, gniazdka, instalacj\u0119 gazow\u0105, przewody kominowe i wentylacyjne,<\/li><li>nie przeci\u0105\u017caj sieci elektrycznej &#8211; nie pod\u0142\u0105czaj do jednego gniazdka kilku urz\u0105dze\u0144 o du\u017cej mocy i nie stosuj bezpiecznik\u00f3w o wi\u0119kszej mocy ni\u017c wskazane (nie &#8222;watuj&#8221; bezpiecznik\u00f3w),<\/li><li>nie umieszczaj grzejnik\u00f3w elektrycznych, kuchenek mikrofalowych i innych urz\u0105dze\u0144 elektrycznych pobieraj\u0105cych du\u017c\u0105 moc w pobli\u017cu firan i innych \u0142atwopalnych materia\u0142\u00f3w,<\/li><li>nie u\u017cywaj otwartego ognia (zapalniczek, \u015bwiec, papieros\u00f3w) w pobli\u017cu \u0142atwopalnych materia\u0142\u00f3w,<\/li><li>nie przechowuj i nie u\u017cywaj wewn\u0105trz budynku benzyn, paliw, nafty itp. Mo\u017cna je przechowywa\u0107 tylko w odpowiednich pojemnikach w dobrze wentylowanych pomieszczeniach, nie zas\u0142aniaj kratek wentylacyjnych, a przynajmniej raz w roku kontroluj stan przewod\u00f3w wentylacyjnych,<\/li><li>zaopatrz mieszkanie, dom i obej\u015bcie w podr\u0119czny sprz\u0119t ga\u015bniczy i nauczy\u0107 rodzin\u0119 pos\u0142ugiwa\u0107 si\u0119 nim (np. w ga\u015bnic\u0119 proszkow\u0105, kt\u00f3ra jest bardzo praktyczna, mo\u017cna ni\u0105 gasi\u0107 urz\u0105dzenia elektryczne pod napi\u0119ciem),<\/li><li>wyposa\u017c mieszkanie, dom w wykrywacze dymu, tlenku w\u0119gla kt\u00f3re znacznie zwi\u0119kszaj\u0105 szans\u0119 prze\u017cycia w sytuacji zagro\u017cenia,<\/li><li>ogranicz montowanie na sufitach kaseton\u00f3w z tworzyw sztucznych, paneli lub boazerii.<br>W czasie po\u017caru pod sufitem jest najwy\u017csza temperatura i t\u0105 drog\u0105 najszybciej rozprzestrzenia si\u0119 po\u017car,<\/li><li>nie zastawiaj korytarzy i klatek schodowych sprz\u0119tem, nie montuj sta\u0142ych krat w korytarzach klatek schodowych (chroni\u0105 przed z\u0142odziejem &#8211; ale mog\u0105 odci\u0105\u0107 drog\u0119 ucieczki przed ogniem), nie montuj sta\u0142ych krat w oknach \u2013 to wszystko spowalnia ratownik\u00f3w,<\/li><li>naucz dzieci jak informowa\u0107 o po\u017carze przez telefon,<\/li><li>zapami\u0119taj po\u0142o\u017cenie zawor\u00f3w instalacji gazowej, wy\u0142\u0105cznik\u00f3w energii elektrycznej, bezpiecznik\u00f3w oraz zawor\u00f3w wody. Powiniene\u015b wiedzie\u0107 jak je wy\u0142\u0105czy\u0107 w razie zagro\u017cenia &#8211; w tym r\u00f3wnie\u017c po ciemku,<\/li><li>do naprawy instalacji i urz\u0105dze\u0144 gazowych oraz instalacji elektrycznych wzywaj tylko wykwalifikowanych fachowc\u00f3w, kt\u00f3rzy maj\u0105 uprawnienia,<\/li><li>utrzymuj w czysto\u015bci i porz\u0105dku pomieszczenia magazynowe (piwnice, gara\u017ce, strychy itp.) &#8211; nie przechowuj materia\u0142\u00f3w \u0142atwopalnych, a tym bardziej paliw p\u0142ynnych,<\/li><li>nie zastawiaj swoim samochodem dojazdu do klatek schodowych w budynkach mieszkalnych &#8211; bo utrudni to i op\u00f3\u017ani dotarcie ratownik\u00f3w,<\/li><li>zadbaj o to, by drzewa rosn\u0105ce tu\u017c przy budynku nie utrudnia\u0142y dost\u0119pu do okien &#8211; ratownicy b\u0119d\u0105 mieli u\u0142atwione zadanie,<\/li><li>zapami\u0119taj miejsca, gdzie w Twoim domu\/mieszkaniu znajduj\u0105 si\u0119 zawory wody, gazu ziemnego, tablica z bezpiecznikami, naucz si\u0119 jak z nich korzysta\u0107.<\/li><\/ul>\n\n\n\n<p><strong><span style=\"text-decoration: underline\">W czasie powstania po\u017caru :<\/span><\/strong><\/p>\n\n\n\n<ul class=\"wp-block-list\"><li>zaalarmuj niezw\u0142ocznie, przy u\u017cyciu wszystkich dost\u0119pnych \u015brodk\u00f3w osoby b\u0119d\u0105ce w strefie zagro\u017cenia,<\/li><li>wezwij stra\u017c po\u017carn\u0105 tel. 112,<\/li><li>wy\u0142\u0105cz media je\u017celi jeste\u015b w stanie to zrobi\u0107,<\/li><li>je\u017celi to tylko mo\u017cliwe, przyst\u0105p niezw\u0142ocznie, przy u\u017cyciu dost\u0119pnych \u015brodk\u00f3w ga\u015bniczych do gaszenia po\u017caru i niesienia pomocy osobom zagro\u017conym,<\/li><li>przyst\u0105p do ewakuacji ludzi i mienia w taki spos\u00f3b aby nie dosz\u0142o do powstania paniki jaka mo\u017ce ogarn\u0105\u0107 ludzi b\u0119d\u0105cych w zagro\u017ceniu, kt\u00f3re wywo\u0142uje u ludzi ogie\u0144 i dym. Panika mo\u017ce by\u0107 przyczyn\u0105 niepotrzebnych i tragicznych w skutkach wypadk\u00f3w w trakcie prowadzenia dzia\u0142a\u0144 ratowniczo &#8211; ga\u015bniczych. Dlatego prowadz\u0105c jakiekolwiek dzia\u0142ania w przypadku powstania po\u017caru kieruj si\u0119 rozwag\u0105 w podejmowaniu decyzji,<\/li><li>je\u015bli ubranie pali si\u0119 na Tobie zatrzymaj si\u0119, po\u0142\u00f3\u017c na ziemi i obracaj do chwili zduszenia ognia, ucieczka spowoduje tylko zwi\u0119kszenie p\u0142omienia,<\/li><li>nie ga\u015b urz\u0105dze\u0144 elektrycznych wod\u0105 &#8211; mog\u0105 by\u0107 pod napi\u0119ciem, postaraj si\u0119 od\u0142\u0105czy\u0107 zasilanie elektryczne,<\/li><li>nie pr\u00f3buj gasi\u0107 ognia, kt\u00f3rego nie jeste\u015b w stanie opanowa\u0107,<\/li><li>wyprowad\u017a wszystkie osoby zagro\u017cone w bezpieczne miejsce i w razie potrzeby udziel pierwszej pomocy,<\/li><li>je\u015bli obudzisz si\u0119 w trakcie po\u017caru, zbadaj d\u00f3\u0142 drzwi, zanim je otworzysz. Je\u015bli drzwi s\u0105 zimne, wychod\u017a natychmiast czo\u0142gaj\u0105c si\u0119 lub na czworakach. Dym i gor\u0105ce powietrze unosz\u0105 si\u0119 do g\u00f3ry. Je\u017celi drzwi s\u0105 gor\u0105ce, uciekaj &#8211; je\u015bli mo\u017cesz przez okno, je\u015bli nie &#8211; to trzymaj w oknie bia\u0142e prze\u015bcierad\u0142o &#8211; wzywaj\u0105c w ten spos\u00f3b pomocy,<\/li><li>nie zamykaj si\u0119 w \u0142azience, w blokach rzadko maj\u0105 one okno, a wentylacja nie poradzi sobie z dymem. Mo\u017cesz tam zgin\u0105\u0107 zanim nadejdzie pomoc,<\/li><li>je\u015bli nie mo\u017cesz wyj\u015b\u0107 z pomieszczenia, uszczelnij drzwi, kana\u0142y wentylacyjne by nie przedosta\u0142 si\u0119 przez nie dym, otw\u00f3rz okno i wzywaj pomoc,<\/li><li>je\u015bli musisz wyj\u015b\u0107 przez zadymione pomieszczenia, zakryj usta i nos r\u0119cznikiem, okryj si\u0119 czym\u015b niepalnym lub mokrym kocem i przemieszczaj si\u0119 tu\u017c przy pod\u0142odze, dym i gor\u0105ce powietrze unosi si\u0119 do g\u00f3ry, a do\u0142em powietrze jest bardziej czyste i ch\u0142odniejsze,<\/li><li>opuszczaj\u0105c mieszkanie, zabierz ze sob\u0105 wszystkich domownik\u00f3w. Dzieci potrafi\u0105 chowa\u0107 si\u0119 przed ogniem w miejscach, z kt\u00f3rych ich nie wida\u0107: w szafie, pod \u0142\u00f3\u017ckiem, pod po\u015bciel\u0105 itp.,<\/li><li>nie wracaj po pozostawione rzeczy,<\/li><li>uciekaj\u0105c przed po\u017carem je\u017celi to tylko mo\u017cliwe zamykaj za sob\u0105 wszystkie drzwi. Zamkni\u0119te drzwi spowolni\u0105 rozprzestrzenianie si\u0119 ognia przynajmniej na kilka minut &#8211; a Ty zyskasz bezcenny czas. Nie r\u00f3b przeci\u0105gu \u2013 to wzmaga po\u017car &#8211; nie otwieraj niepotrzebnie okien i drzwi,<\/li><li>ucieczk\u0119 na balkon, szczeg\u00f3lnie na wysokim pi\u0119trze traktuj jako ostateczno\u015b\u0107. Tam mo\u017cesz jedynie bezradnie czeka\u0107 na pomoc. &nbsp;Ale je\u017celi \u017cywio\u0142 ju\u017c tam Ci\u0119 zap\u0119dzi\u0142, zamknij za sob\u0105 okno balkonowe i po\u0142\u00f3\u017c si\u0119 na posadzce za murkiem podokiennym. Je\u017celi mo\u017cesz nakryj si\u0119 czym\u015b mokrym trudnopalnym. &nbsp;<\/li><\/ul>\n\n\n\n<p class=\"has-medium-font-size\"><strong><span class=\"has-inline-color has-vivid-red-color\">PAMI\u0118TAJ, \u017bE STRA\u017b PO\u017bARNA NA PEWNO PRZYB\u0118DZIE Z POMOC\u0104<\/span><\/strong><\/p>\n\n\n\n<p><strong><span style=\"text-decoration: underline\">Po po\u017carze :<\/span><\/strong><\/p>\n\n\n\n<ul class=\"wp-block-list\"><li>nie wchod\u017a do zniszczonego przez ogie\u0144 budynku zanim s\u0142u\u017cby ratownicze nie stwierdz\u0105, \u017ce jest bezpieczny,<\/li><li>gdy potrzebujesz mieszkania, \u017cywno\u015bci lub straci\u0142e\u015b w po\u017carze osobiste przedmioty, zwr\u00f3\u0107 si\u0119 do dy\u017curnego Miejskiego Centrum Zarz\u0105dzania Kryzysowego. Je\u015bli jest to mo\u017cliwe &#8211; zabierz ze sob\u0105 dokumenty i rzeczy osobiste, je\u015bli je straci\u0142e\u015b dy\u017curny MCZK poinformuje Ci\u0119, w jaki spos\u00f3b wyrobi\u0107 dow\u00f3d osobisty, prawo jazdy oraz uzyska\u0107 pomoc socjaln\u0105,<\/li><li>poinformuj s\u0105siad\u00f3w, krewnych i niezb\u0119dne instytucje (np. plac\u00f3wk\u0119 pocztow\u0105) o miejscu swojego tymczasowego zakwaterowania,<\/li><li>wezwij agenta ubezpieczeniowego przed wyrzuceniem zniszczonych przedmiot\u00f3w,<\/li><li>wyrzu\u0107 \u017cywno\u015b\u0107, napoje, lekarstwa, kt\u00f3re nara\u017cone by\u0142y na wysok\u0105 temperatur\u0119 i dym. Nie zamra\u017caj ponownie rozmro\u017conej \u017cywno\u015bci,<\/li><li>je\u015bli posiadasz sejf lub masywn\u0105 metalow\u0105 skrzyni\u0119 nie pr\u00f3buj jej otwiera\u0107, metal mo\u017ce utrzymywa\u0107 wysok\u0105 temperatur\u0119 przez wiele godzin. Je\u015bli otworzysz drzwi przed wych\u0142odzeniem, powietrze z zewn\u0105trz w po\u0142\u0105czeniu z wysok\u0105 temperatur\u0105 wewn\u0105trz sejfu mo\u017ce spowodowa\u0107 zapalenie si\u0119 zawarto\u015bci,<\/li><li>je\u015bli inspektor budowlany stwierdzi, \u017ce budynek jest niebezpieczny i musisz opu\u015bci\u0107 dom:<ul><li>popro\u015b s\u0142u\u017cby o dozorowanie Twojego domu podczas nieobecno\u015bci,<\/li><\/ul><ul><li>zabierz ze sob\u0105 dokumenty to\u017csamo\u015bci, rzeczy osobiste, polis\u0119 ubezpieczeniow\u0105.<\/li><\/ul><\/li><\/ul>\n\n\n\n<p class=\"has-large-font-size\"><strong>przestrzegaj przepis\u00f3w przeciwpo\u017carowych.<\/strong><\/p>\n","protected":false},"excerpt":{"rendered":"<p>OGIE\u0143 &#8211; rozprzestrzenia si\u0119 szybko i najcz\u0119\u015bciej nie ma czasu na zabieranie kosztownych rzeczy czy telefonowanie. Po 2 minutach ogie\u0144 mo\u017ce sta\u0107 si\u0119 gro\u017any dla \u017cycia. W ci\u0105gu 5 minut ca\u0142y dom mo\u017ce stan\u0105\u0107 w p\u0142omieniach. Wysoka temperatura i dym s\u0105 tak samo niebezpieczne jak p\u0142omienie. Zach\u0142y\u015bni\u0119cie si\u0119 bardzo gor\u0105cym powietrzem mo\u017ce spowodowa\u0107 poparzenie p\u0142uc. [&hellip;]<\/p>\n","protected":false},"author":45,"featured_media":0,"parent":0,"menu_order":0,"comment_status":"closed","ping_status":"closed","template":"","meta":{"_acf_changed":false,"footnotes":""},"class_list":["post-151","page","type-page","status-publish","hentry"],"acf":[],"yoast_head":"<!-- This site is optimized with the Yoast SEO plugin v26.9 - https:\/\/yoast.com\/product\/yoast-seo-wordpress\/ -->\n<title>Po\u017cary - Miejskie Centrum Zarz\u0105dzania Kryzysowego<\/title>\n<meta name=\"robots\" content=\"index, follow, max-snippet:-1, max-image-preview:large, max-video-preview:-1\" \/>\n<link rel=\"canonical\" href=\"https:\/\/siemianowice.pl\/mczk\/pozary\/\" \/>\n<meta property=\"og:locale\" content=\"pl_PL\" \/>\n<meta property=\"og:type\" content=\"article\" \/>\n<meta property=\"og:title\" content=\"Po\u017cary - Miejskie Centrum Zarz\u0105dzania Kryzysowego\" \/>\n<meta property=\"og:description\" content=\"OGIE\u0143 &#8211; rozprzestrzenia si\u0119 szybko i najcz\u0119\u015bciej nie ma czasu na zabieranie kosztownych rzeczy czy telefonowanie. Po 2 minutach ogie\u0144 mo\u017ce sta\u0107 si\u0119 gro\u017any dla \u017cycia. W ci\u0105gu 5 minut ca\u0142y dom mo\u017ce stan\u0105\u0107 w p\u0142omieniach. Wysoka temperatura i dym s\u0105 tak samo niebezpieczne jak p\u0142omienie. Zach\u0142y\u015bni\u0119cie si\u0119 bardzo gor\u0105cym powietrzem mo\u017ce spowodowa\u0107 poparzenie p\u0142uc. [&hellip;]\" \/>\n<meta property=\"og:url\" content=\"https:\/\/siemianowice.pl\/mczk\/pozary\/\" \/>\n<meta property=\"og:site_name\" content=\"Miejskie Centrum Zarz\u0105dzania Kryzysowego\" \/>\n<meta property=\"article:modified_time\" content=\"2023-03-08T13:07:20+00:00\" \/>\n<meta name=\"twitter:card\" content=\"summary_large_image\" \/>\n<meta name=\"twitter:label1\" content=\"Szacowany czas czytania\" \/>\n\t<meta name=\"twitter:data1\" content=\"5 minut\" \/>\n<script type=\"application\/ld+json\" class=\"yoast-schema-graph\">{\"@context\":\"https:\/\/schema.org\",\"@graph\":[{\"@type\":\"WebPage\",\"@id\":\"https:\/\/siemianowice.pl\/mczk\/pozary\/\",\"url\":\"https:\/\/siemianowice.pl\/mczk\/pozary\/\",\"name\":\"Po\u017cary - Miejskie Centrum Zarz\u0105dzania Kryzysowego\",\"isPartOf\":{\"@id\":\"https:\/\/siemianowice.pl\/mczk\/#website\"},\"datePublished\":\"2023-03-08T12:35:40+00:00\",\"dateModified\":\"2023-03-08T13:07:20+00:00\",\"breadcrumb\":{\"@id\":\"https:\/\/siemianowice.pl\/mczk\/pozary\/#breadcrumb\"},\"inLanguage\":\"pl-PL\",\"potentialAction\":[{\"@type\":\"ReadAction\",\"target\":[\"https:\/\/siemianowice.pl\/mczk\/pozary\/\"]}]},{\"@type\":\"BreadcrumbList\",\"@id\":\"https:\/\/siemianowice.pl\/mczk\/pozary\/#breadcrumb\",\"itemListElement\":[{\"@type\":\"ListItem\",\"position\":1,\"name\":\"Strona g\u0142\u00f3wna\",\"item\":\"https:\/\/siemianowice.pl\/mczk\/\"},{\"@type\":\"ListItem\",\"position\":2,\"name\":\"Po\u017cary\"}]},{\"@type\":\"WebSite\",\"@id\":\"https:\/\/siemianowice.pl\/mczk\/#website\",\"url\":\"https:\/\/siemianowice.pl\/mczk\/\",\"name\":\"Miejskie Centrum Zarz\u0105dzania Kryzysowego\",\"description\":\"BEZPIECZNE SIEMIANOWICE\",\"potentialAction\":[{\"@type\":\"SearchAction\",\"target\":{\"@type\":\"EntryPoint\",\"urlTemplate\":\"https:\/\/siemianowice.pl\/mczk\/?s={search_term_string}\"},\"query-input\":{\"@type\":\"PropertyValueSpecification\",\"valueRequired\":true,\"valueName\":\"search_term_string\"}}],\"inLanguage\":\"pl-PL\"}]}<\/script>\n<!-- \/ Yoast SEO plugin. -->","yoast_head_json":{"title":"Po\u017cary - Miejskie Centrum Zarz\u0105dzania Kryzysowego","robots":{"index":"index","follow":"follow","max-snippet":"max-snippet:-1","max-image-preview":"max-image-preview:large","max-video-preview":"max-video-preview:-1"},"canonical":"https:\/\/siemianowice.pl\/mczk\/pozary\/","og_locale":"pl_PL","og_type":"article","og_title":"Po\u017cary - Miejskie Centrum Zarz\u0105dzania Kryzysowego","og_description":"OGIE\u0143 &#8211; rozprzestrzenia si\u0119 szybko i najcz\u0119\u015bciej nie ma czasu na zabieranie kosztownych rzeczy czy telefonowanie. Po 2 minutach ogie\u0144 mo\u017ce sta\u0107 si\u0119 gro\u017any dla \u017cycia. W ci\u0105gu 5 minut ca\u0142y dom mo\u017ce stan\u0105\u0107 w p\u0142omieniach. Wysoka temperatura i dym s\u0105 tak samo niebezpieczne jak p\u0142omienie. Zach\u0142y\u015bni\u0119cie si\u0119 bardzo gor\u0105cym powietrzem mo\u017ce spowodowa\u0107 poparzenie p\u0142uc. [&hellip;]","og_url":"https:\/\/siemianowice.pl\/mczk\/pozary\/","og_site_name":"Miejskie Centrum Zarz\u0105dzania Kryzysowego","article_modified_time":"2023-03-08T13:07:20+00:00","twitter_card":"summary_large_image","twitter_misc":{"Szacowany czas czytania":"5 minut"},"schema":{"@context":"https:\/\/schema.org","@graph":[{"@type":"WebPage","@id":"https:\/\/siemianowice.pl\/mczk\/pozary\/","url":"https:\/\/siemianowice.pl\/mczk\/pozary\/","name":"Po\u017cary - Miejskie Centrum Zarz\u0105dzania Kryzysowego","isPartOf":{"@id":"https:\/\/siemianowice.pl\/mczk\/#website"},"datePublished":"2023-03-08T12:35:40+00:00","dateModified":"2023-03-08T13:07:20+00:00","breadcrumb":{"@id":"https:\/\/siemianowice.pl\/mczk\/pozary\/#breadcrumb"},"inLanguage":"pl-PL","potentialAction":[{"@type":"ReadAction","target":["https:\/\/siemianowice.pl\/mczk\/pozary\/"]}]},{"@type":"BreadcrumbList","@id":"https:\/\/siemianowice.pl\/mczk\/pozary\/#breadcrumb","itemListElement":[{"@type":"ListItem","position":1,"name":"Strona g\u0142\u00f3wna","item":"https:\/\/siemianowice.pl\/mczk\/"},{"@type":"ListItem","position":2,"name":"Po\u017cary"}]},{"@type":"WebSite","@id":"https:\/\/siemianowice.pl\/mczk\/#website","url":"https:\/\/siemianowice.pl\/mczk\/","name":"Miejskie Centrum Zarz\u0105dzania Kryzysowego","description":"BEZPIECZNE SIEMIANOWICE","potentialAction":[{"@type":"SearchAction","target":{"@type":"EntryPoint","urlTemplate":"https:\/\/siemianowice.pl\/mczk\/?s={search_term_string}"},"query-input":{"@type":"PropertyValueSpecification","valueRequired":true,"valueName":"search_term_string"}}],"inLanguage":"pl-PL"}]}},"_links":{"self":[{"href":"https:\/\/siemianowice.pl\/mczk\/wp-json\/wp\/v2\/pages\/151","targetHints":{"allow":["GET"]}}],"collection":[{"href":"https:\/\/siemianowice.pl\/mczk\/wp-json\/wp\/v2\/pages"}],"about":[{"href":"https:\/\/siemianowice.pl\/mczk\/wp-json\/wp\/v2\/types\/page"}],"author":[{"embeddable":true,"href":"https:\/\/siemianowice.pl\/mczk\/wp-json\/wp\/v2\/users\/45"}],"replies":[{"embeddable":true,"href":"https:\/\/siemianowice.pl\/mczk\/wp-json\/wp\/v2\/comments?post=151"}],"version-history":[{"count":7,"href":"https:\/\/siemianowice.pl\/mczk\/wp-json\/wp\/v2\/pages\/151\/revisions"}],"predecessor-version":[{"id":162,"href":"https:\/\/siemianowice.pl\/mczk\/wp-json\/wp\/v2\/pages\/151\/revisions\/162"}],"wp:attachment":[{"href":"https:\/\/siemianowice.pl\/mczk\/wp-json\/wp\/v2\/media?parent=151"}],"curies":[{"name":"wp","href":"https:\/\/api.w.org\/{rel}","templated":true}]}}