{"id":164,"date":"2023-03-08T14:12:44","date_gmt":"2023-03-08T13:12:44","guid":{"rendered":"https:\/\/siemianowice.pl\/mczk\/?page_id=164"},"modified":"2023-03-08T14:15:34","modified_gmt":"2023-03-08T13:15:34","slug":"wichury","status":"publish","type":"page","link":"https:\/\/siemianowice.pl\/mczk\/wichury\/","title":{"rendered":"Wichury"},"content":{"rendered":"\n<p><strong><span class=\"has-inline-color has-vivid-red-color\">to wiatry wiej\u0105ce z pr\u0119dko\u015bci\u0105 powy\u017cej 75 km\/h. W Polsce wyst\u0119puj\u0105ce coraz cz\u0119\u015bciej. Mog\u0105 powodowa\u0107 uszkodzenie budynk\u00f3w, \u0142ama\u0107 i wyrywa\u0107 drzewa z korzeniami oraz parali\u017cowa\u0107 transport. Wyst\u0119puj\u0105 powodowane najcz\u0119\u015bciej szybko przemieszczaj\u0105cymi si\u0119 aktywnymi ni\u017cami. Najgro\u017aniejsz\u0105 form\u0119 przyjmuj\u0105 one w okresie wiosennym i jesiennym.<\/span><\/strong><\/p>\n\n\n\n<p>Jak zachowa\u0107 si\u0119 po zapowiadanych silnych, huraganowych wiatrach? Komunikaty ostrzegawcze dotycz\u0105ce niebezpiecznych zjawisk atmosferycznych podaj\u0105 media. S\u0142u\u017cby przekazuj\u0105 te\u017c wiadomo\u015bci o zagro\u017ceniu poprzez komunikaty SMS. R\u00f3wnie\u017c Miejskie Centrum Zarz\u0105dzania Kryzysowego, przekazuje otrzymane ostrze\u017cenia mieszka\u0144com.<\/p>\n\n\n\n<p><strong><span style=\"text-decoration: underline\">Mo\u017cesz zmniejszy\u0107 skutki takich niekorzystnych zjawisk atmosferycznych poprzez w\u0142a\u015bciwe post\u0119powanie:<\/span><\/strong><\/p>\n\n\n\n<ul class=\"wp-block-list\"><li>nie parkuj samochodu, nie przebywaj w czasie silnych wiatr\u00f3w w pobli\u017cu drzew, s\u0142up\u00f3w i trakcji elektrycznych,<\/li><li>pozamykaj okna i drzwi &#8211; r\u00f3wnie\u017c na klatkach schodowych,<\/li><li>umocuj wszelkie przedmioty, kt\u00f3re porwane przez wiatr mog\u0105 zagra\u017ca\u0107 przechodniom,<\/li><li>wzmocnij zamocowanie szyld\u00f3w, reklam, anten, itp.,<\/li><li>w mieszkaniu nie przebywaj w pobli\u017cu okien i oszklonych drzwi o du\u017cych powierzchniach,<\/li><li>pami\u0119taj, \u017ce silny wiatr zag\u0142usza &#8222;prac\u0119&#8221; z\u0142odziei.<\/li><\/ul>\n\n\n\n<p>Mo\u017cesz w prosty spos\u00f3b zmniejszy\u0107 niszczycielskie skutki wichury:<\/p>\n\n\n\n<ul class=\"wp-block-list\"><li>zdejmij z balkonu, parapetu wszystko to, co mo\u017ce by\u0107 porwane przez wiatr i zrzucone na g\u0142owy przechodni\u00f3w. Sprawd\u017a zamocowanie anten telewizyjnych, satelitarnych je\u017celi s\u0105 w Twoim zasi\u0119gu. Inne elementy wystroju \u2013 np. ogrodu \u2013 kt\u00f3re maj\u0105 du\u017ce powierzchnie i stwarzaj\u0105 op\u00f3r wiatrowi musz\u0105 by\u0107 solidnie przymocowane do sta\u0142ych element\u00f3w konstrukcyjnych \u2013 to zapewni wi\u0119ksze prawdopodobie\u0144stwo, \u017ce przetrwaj\u0105 silny wiatr,<\/li><li>dobrze zamknij okna,<\/li><li>ogranicz wyj\u015bcia z domu. Je\u017celi ju\u017c musisz wyj\u015b\u0107 &nbsp;Przebywaj\u0105c na powietrzu nie nale\u017cy przechodzi\u0107 blisko budynk\u00f3w &#8211; bo w\u0142a\u015bnie tam mo\u017ce nam spa\u015b\u0107 na g\u0142ow\u0119 jaki\u015b przedmiot np. dach\u00f3wka lub kawa\u0142ek opierzenia z blachy,<\/li><li>Jad\u0105c samochodem zachowaj szczeg\u00f3ln\u0105 ostro\u017cno\u015b\u0107 przy wyje\u017adzie z szosy os\u0142oni\u0119tej \u015bcian\u0105 lasu na otwart\u0105 przestrze\u0144, poniewa\u017c podmuch wiatru mo\u017ce zepchn\u0105\u0107 samoch\u00f3d z jezdni,<\/li><li>nie zatrzymuj si\u0119 ani nie parkuj pod drzewami,<\/li><li>szczeg\u00f3ln\u0105 uwag\u0119 i ostro\u017cno\u015b\u0107 zachowaj w okolicach przebiegu naziemnych sieci energetycznych. Je\u017celi zauwa\u017cysz zerwany przew\u00f3d &#8211; nie zbli\u017caj si\u0119, powiadom pogotowie energetyczne lub Miejskie Centrum Zarz\u0105dzania Kryzysowego,<\/li><li>je\u017celi masz wiedz\u0119 o drzewach, kt\u00f3re w czasie silnego wiatru mog\u0105 stanowi\u0107 zagro\u017cenie &#8211; nale\u017cy powiadomi\u0107 administratora obiektu.<\/li><\/ul>\n\n\n\n<p><strong><span style=\"text-decoration: underline\">Przed nadej\u015bciem wichury:<\/span><\/strong><\/p>\n\n\n\n<ul class=\"wp-block-list\"><li>ubezpiecz swoje mieszkanie, dom, samoch\u00f3d,<\/li><li>s\u0142uchaj prognozy pogody oraz komunikat\u00f3w podawanych przez rozg\u0142o\u015bnie radiowe i telewizyjne,<\/li><li>sprawd\u017a stan okien, dachu, uprz\u0105tnij z balkonu (obej\u015bcia) przedmioty, kt\u00f3re mog\u0142yby narobi\u0107 szk\u00f3d w przypadku porwania ich przez wiatr,<\/li><li>zabezpiecz pojazdy znajduj\u0105ce si\u0119 w pobli\u017cu domu &#8211; nie stawiaj ich pod drzewami, s\u0142upami itp.,<\/li><li>upewnij si\u0119, czy twoje radio, latarka dzia\u0142aj\u0105 jak nale\u017cy. Miej zapas na\u0142adowanych baterii,<\/li><li>sprawd\u017a stan apteczki pierwszej pomocy. Zaopatrz si\u0119 w niezb\u0119dne materia\u0142y i leki.<\/li><\/ul>\n\n\n\n<p><strong><span style=\"text-decoration: underline\">W czasie silnych wiatr\u00f3w:<\/span><\/strong><\/p>\n\n\n\n<ul class=\"wp-block-list\"><li>zachowaj spok\u00f3j. Nie wychod\u017a na zewn\u0105trz, je\u015bli nie jest to absolutnie konieczne,<\/li><li>je\u015bli znajdziesz si\u0119 z dala od domu, pozosta\u0144 tam, gdzie jeste\u015b, dop\u00f3ki wichura nie przejdzie,<\/li><li>nie zatrzymuj si\u0119 pod trakcjami elektrycznymi, planszami reklamowymi i drzewami,<\/li><li>nie spaceruj te\u017c pod balkonami &#8211; spadaj\u0105ce doniczki, kwietniki lub szyby okienne mog\u0105 Ci\u0119 dotkliwie porani\u0107,<\/li><li>s\u0142uchaj komunikat\u00f3w radiowych i telewizyjnych oraz przestrzegaj w nich przekazywanych zasad zachowania si\u0119.<\/li><\/ul>\n\n\n\n<p><strong>Po przej\u015bciu silnych wiatr\u00f3w:<\/strong><\/p>\n\n\n\n<ul class=\"wp-block-list\"><li>zorganizuj pomoc, w tym medyczn\u0105, dla poszkodowanych,<\/li><li>uprz\u0105tnij zniszczony sprz\u0119t i dokonaj niezb\u0119dnych napraw w swoim domu,<\/li><li>sprawd\u017a instalacj\u0119 (gazow\u0105, elektryczn\u0105, wodoci\u0105gow\u0105 i \u015bciekow\u0105 ) w zniszczonym domu i wezwij odpowiednie s\u0142u\u017cby do przywr\u00f3cenia dostaw wody, gazu i energii elektrycznej.<\/li><\/ul>\n","protected":false},"excerpt":{"rendered":"<p>to wiatry wiej\u0105ce z pr\u0119dko\u015bci\u0105 powy\u017cej 75 km\/h. W Polsce wyst\u0119puj\u0105ce coraz cz\u0119\u015bciej. Mog\u0105 powodowa\u0107 uszkodzenie budynk\u00f3w, \u0142ama\u0107 i wyrywa\u0107 drzewa z korzeniami oraz parali\u017cowa\u0107 transport. Wyst\u0119puj\u0105 powodowane najcz\u0119\u015bciej szybko przemieszczaj\u0105cymi si\u0119 aktywnymi ni\u017cami. Najgro\u017aniejsz\u0105 form\u0119 przyjmuj\u0105 one w okresie wiosennym i jesiennym. Jak zachowa\u0107 si\u0119 po zapowiadanych silnych, huraganowych wiatrach? Komunikaty ostrzegawcze dotycz\u0105ce niebezpiecznych [&hellip;]<\/p>\n","protected":false},"author":45,"featured_media":0,"parent":0,"menu_order":0,"comment_status":"closed","ping_status":"closed","template":"","meta":{"_acf_changed":false,"footnotes":""},"class_list":["post-164","page","type-page","status-publish","hentry"],"acf":[],"yoast_head":"<!-- This site is optimized with the Yoast SEO plugin v26.9 - https:\/\/yoast.com\/product\/yoast-seo-wordpress\/ -->\n<title>Wichury - Miejskie Centrum Zarz\u0105dzania Kryzysowego<\/title>\n<meta name=\"robots\" content=\"index, follow, max-snippet:-1, max-image-preview:large, max-video-preview:-1\" \/>\n<link rel=\"canonical\" href=\"https:\/\/siemianowice.pl\/mczk\/wichury\/\" \/>\n<meta property=\"og:locale\" content=\"pl_PL\" \/>\n<meta property=\"og:type\" content=\"article\" \/>\n<meta property=\"og:title\" content=\"Wichury - Miejskie Centrum Zarz\u0105dzania Kryzysowego\" \/>\n<meta property=\"og:description\" content=\"to wiatry wiej\u0105ce z pr\u0119dko\u015bci\u0105 powy\u017cej 75 km\/h. W Polsce wyst\u0119puj\u0105ce coraz cz\u0119\u015bciej. Mog\u0105 powodowa\u0107 uszkodzenie budynk\u00f3w, \u0142ama\u0107 i wyrywa\u0107 drzewa z korzeniami oraz parali\u017cowa\u0107 transport. Wyst\u0119puj\u0105 powodowane najcz\u0119\u015bciej szybko przemieszczaj\u0105cymi si\u0119 aktywnymi ni\u017cami. Najgro\u017aniejsz\u0105 form\u0119 przyjmuj\u0105 one w okresie wiosennym i jesiennym. Jak zachowa\u0107 si\u0119 po zapowiadanych silnych, huraganowych wiatrach? Komunikaty ostrzegawcze dotycz\u0105ce niebezpiecznych [&hellip;]\" \/>\n<meta property=\"og:url\" content=\"https:\/\/siemianowice.pl\/mczk\/wichury\/\" \/>\n<meta property=\"og:site_name\" content=\"Miejskie Centrum Zarz\u0105dzania Kryzysowego\" \/>\n<meta property=\"article:modified_time\" content=\"2023-03-08T13:15:34+00:00\" \/>\n<meta name=\"twitter:card\" content=\"summary_large_image\" \/>\n<meta name=\"twitter:label1\" content=\"Szacowany czas czytania\" \/>\n\t<meta name=\"twitter:data1\" content=\"3 minuty\" \/>\n<script type=\"application\/ld+json\" class=\"yoast-schema-graph\">{\"@context\":\"https:\/\/schema.org\",\"@graph\":[{\"@type\":\"WebPage\",\"@id\":\"https:\/\/siemianowice.pl\/mczk\/wichury\/\",\"url\":\"https:\/\/siemianowice.pl\/mczk\/wichury\/\",\"name\":\"Wichury - Miejskie Centrum Zarz\u0105dzania Kryzysowego\",\"isPartOf\":{\"@id\":\"https:\/\/siemianowice.pl\/mczk\/#website\"},\"datePublished\":\"2023-03-08T13:12:44+00:00\",\"dateModified\":\"2023-03-08T13:15:34+00:00\",\"breadcrumb\":{\"@id\":\"https:\/\/siemianowice.pl\/mczk\/wichury\/#breadcrumb\"},\"inLanguage\":\"pl-PL\",\"potentialAction\":[{\"@type\":\"ReadAction\",\"target\":[\"https:\/\/siemianowice.pl\/mczk\/wichury\/\"]}]},{\"@type\":\"BreadcrumbList\",\"@id\":\"https:\/\/siemianowice.pl\/mczk\/wichury\/#breadcrumb\",\"itemListElement\":[{\"@type\":\"ListItem\",\"position\":1,\"name\":\"Strona g\u0142\u00f3wna\",\"item\":\"https:\/\/siemianowice.pl\/mczk\/\"},{\"@type\":\"ListItem\",\"position\":2,\"name\":\"Wichury\"}]},{\"@type\":\"WebSite\",\"@id\":\"https:\/\/siemianowice.pl\/mczk\/#website\",\"url\":\"https:\/\/siemianowice.pl\/mczk\/\",\"name\":\"Miejskie Centrum Zarz\u0105dzania Kryzysowego\",\"description\":\"BEZPIECZNE SIEMIANOWICE\",\"potentialAction\":[{\"@type\":\"SearchAction\",\"target\":{\"@type\":\"EntryPoint\",\"urlTemplate\":\"https:\/\/siemianowice.pl\/mczk\/?s={search_term_string}\"},\"query-input\":{\"@type\":\"PropertyValueSpecification\",\"valueRequired\":true,\"valueName\":\"search_term_string\"}}],\"inLanguage\":\"pl-PL\"}]}<\/script>\n<!-- \/ Yoast SEO plugin. -->","yoast_head_json":{"title":"Wichury - Miejskie Centrum Zarz\u0105dzania Kryzysowego","robots":{"index":"index","follow":"follow","max-snippet":"max-snippet:-1","max-image-preview":"max-image-preview:large","max-video-preview":"max-video-preview:-1"},"canonical":"https:\/\/siemianowice.pl\/mczk\/wichury\/","og_locale":"pl_PL","og_type":"article","og_title":"Wichury - Miejskie Centrum Zarz\u0105dzania Kryzysowego","og_description":"to wiatry wiej\u0105ce z pr\u0119dko\u015bci\u0105 powy\u017cej 75 km\/h. W Polsce wyst\u0119puj\u0105ce coraz cz\u0119\u015bciej. Mog\u0105 powodowa\u0107 uszkodzenie budynk\u00f3w, \u0142ama\u0107 i wyrywa\u0107 drzewa z korzeniami oraz parali\u017cowa\u0107 transport. Wyst\u0119puj\u0105 powodowane najcz\u0119\u015bciej szybko przemieszczaj\u0105cymi si\u0119 aktywnymi ni\u017cami. Najgro\u017aniejsz\u0105 form\u0119 przyjmuj\u0105 one w okresie wiosennym i jesiennym. Jak zachowa\u0107 si\u0119 po zapowiadanych silnych, huraganowych wiatrach? Komunikaty ostrzegawcze dotycz\u0105ce niebezpiecznych [&hellip;]","og_url":"https:\/\/siemianowice.pl\/mczk\/wichury\/","og_site_name":"Miejskie Centrum Zarz\u0105dzania Kryzysowego","article_modified_time":"2023-03-08T13:15:34+00:00","twitter_card":"summary_large_image","twitter_misc":{"Szacowany czas czytania":"3 minuty"},"schema":{"@context":"https:\/\/schema.org","@graph":[{"@type":"WebPage","@id":"https:\/\/siemianowice.pl\/mczk\/wichury\/","url":"https:\/\/siemianowice.pl\/mczk\/wichury\/","name":"Wichury - Miejskie Centrum Zarz\u0105dzania Kryzysowego","isPartOf":{"@id":"https:\/\/siemianowice.pl\/mczk\/#website"},"datePublished":"2023-03-08T13:12:44+00:00","dateModified":"2023-03-08T13:15:34+00:00","breadcrumb":{"@id":"https:\/\/siemianowice.pl\/mczk\/wichury\/#breadcrumb"},"inLanguage":"pl-PL","potentialAction":[{"@type":"ReadAction","target":["https:\/\/siemianowice.pl\/mczk\/wichury\/"]}]},{"@type":"BreadcrumbList","@id":"https:\/\/siemianowice.pl\/mczk\/wichury\/#breadcrumb","itemListElement":[{"@type":"ListItem","position":1,"name":"Strona g\u0142\u00f3wna","item":"https:\/\/siemianowice.pl\/mczk\/"},{"@type":"ListItem","position":2,"name":"Wichury"}]},{"@type":"WebSite","@id":"https:\/\/siemianowice.pl\/mczk\/#website","url":"https:\/\/siemianowice.pl\/mczk\/","name":"Miejskie Centrum Zarz\u0105dzania Kryzysowego","description":"BEZPIECZNE SIEMIANOWICE","potentialAction":[{"@type":"SearchAction","target":{"@type":"EntryPoint","urlTemplate":"https:\/\/siemianowice.pl\/mczk\/?s={search_term_string}"},"query-input":{"@type":"PropertyValueSpecification","valueRequired":true,"valueName":"search_term_string"}}],"inLanguage":"pl-PL"}]}},"_links":{"self":[{"href":"https:\/\/siemianowice.pl\/mczk\/wp-json\/wp\/v2\/pages\/164","targetHints":{"allow":["GET"]}}],"collection":[{"href":"https:\/\/siemianowice.pl\/mczk\/wp-json\/wp\/v2\/pages"}],"about":[{"href":"https:\/\/siemianowice.pl\/mczk\/wp-json\/wp\/v2\/types\/page"}],"author":[{"embeddable":true,"href":"https:\/\/siemianowice.pl\/mczk\/wp-json\/wp\/v2\/users\/45"}],"replies":[{"embeddable":true,"href":"https:\/\/siemianowice.pl\/mczk\/wp-json\/wp\/v2\/comments?post=164"}],"version-history":[{"count":2,"href":"https:\/\/siemianowice.pl\/mczk\/wp-json\/wp\/v2\/pages\/164\/revisions"}],"predecessor-version":[{"id":167,"href":"https:\/\/siemianowice.pl\/mczk\/wp-json\/wp\/v2\/pages\/164\/revisions\/167"}],"wp:attachment":[{"href":"https:\/\/siemianowice.pl\/mczk\/wp-json\/wp\/v2\/media?parent=164"}],"curies":[{"name":"wp","href":"https:\/\/api.w.org\/{rel}","templated":true}]}}