{"id":196,"date":"2023-03-15T11:19:10","date_gmt":"2023-03-15T10:19:10","guid":{"rendered":"https:\/\/siemianowice.pl\/mczk\/?page_id=196"},"modified":"2023-03-15T11:23:59","modified_gmt":"2023-03-15T10:23:59","slug":"toksyczne-srodki-przemyslowe","status":"publish","type":"page","link":"https:\/\/siemianowice.pl\/mczk\/toksyczne-srodki-przemyslowe\/","title":{"rendered":"Toksyczne \u015brodki przemys\u0142owe"},"content":{"rendered":"\n<p><strong><span class=\"has-inline-color has-vivid-red-color\">Niebezpieczne materia\u0142y to substancje, kt\u00f3re ze wzgl\u0119du na swoje chemiczne, fizyczne czy biologiczne w\u0142a\u015bciwo\u015bci stanowi\u0105 potencjalne niebezpiecze\u0144stwo dla \u017cycia i zdrowia. Zagro\u017cenia mog\u0105 powstawa\u0107 w czasie produkcji, przechowywania, transportu, wykorzystania i sk\u0142adowania tych materia\u0142\u00f3w.<\/span><\/strong><\/p>\n\n\n\n<p><strong><span class=\"has-inline-color has-vivid-red-color\">ZAPAMI\u0118TAJ!!!<\/span><\/strong><\/p>\n\n\n\n<p><strong><span class=\"has-inline-color has-vivid-red-color\">Pojazdy samochodowe przewo\u017c\u0105ce substancje niebezpieczne s\u0105 oznakowane pomara\u0144czowymi prostok\u0105tnymi tablicami z czarnymi napisami cyfrowymi okre\u015blaj\u0105cymi rodzaj niebezpiecznej substancji wed\u0142ug mi\u0119dzynarodowych oznacze\u0144, umieszczonymi z ty\u0142u i przodu pojazdu.<\/span><\/strong><\/p>\n\n\n\n<figure class=\"wp-block-image size-full\"><a href=\"https:\/\/siemianowice.pl\/mczk\/wp-content\/uploads\/sites\/14\/2023\/03\/tablica-adr-2.jpg\" data-rel=\"lightbox-image-0\" data-rl_title=\"\" data-rl_caption=\"\" title=\"\"><img decoding=\"async\" width=\"633\" height=\"407\" data-src=\"https:\/\/siemianowice.pl\/mczk\/wp-content\/uploads\/sites\/14\/2023\/03\/tablica-adr-2.jpg\" alt=\"\" class=\"wp-image-201 lazyload\" data-srcset=\"https:\/\/siemianowice.pl\/mczk\/wp-content\/uploads\/sites\/14\/2023\/03\/tablica-adr-2.jpg 633w, https:\/\/siemianowice.pl\/mczk\/wp-content\/uploads\/sites\/14\/2023\/03\/tablica-adr-2-300x193.jpg 300w\" data-sizes=\"(max-width: 633px) 100vw, 633px\" src=\"data:image\/svg+xml;base64,PHN2ZyB3aWR0aD0iMSIgaGVpZ2h0PSIxIiB4bWxucz0iaHR0cDovL3d3dy53My5vcmcvMjAwMC9zdmciPjwvc3ZnPg==\" style=\"--smush-placeholder-width: 633px; --smush-placeholder-aspect-ratio: 633\/407;\" \/><\/a><\/figure>\n\n\n\n<p><strong>Co robi\u0107 podczas wypadku z udzia\u0142em Toksycznych \u015arodk\u00f3w Przemys\u0142owych?<\/strong><\/p>\n\n\n\n<ul class=\"wp-block-list\"><li>je\u017celi jeste\u015b \u015bwiadkiem wypadku z udzia\u0142em T\u015aP, dzwo\u0144 natychmiast na numer alarmowy 112 w miar\u0119 mo\u017cliwo\u015bci podaj\u0105c oznaczenie cyfrowe T\u015aP, &nbsp;<\/li><li>je\u017celi us\u0142yszysz d\u017awi\u0119k syreny alarmowej, w\u0142\u0105cz radio na lokaln\u0105 stacj\u0119 radiow\u0105, wys\u0142uchaj komunikatu o powsta\u0142ym zagro\u017ceniu i wykonuj dok\u0142adnie przekazywane polecenia,<\/li><li>je\u017celi jeste\u015b blisko miejsca zdarzenia z wyciekiem T\u015aP, oddal si\u0119 od tego miejsca &#8211; zawsze prostopadle do kierunku przemieszczaj\u0105cych si\u0119 dym\u00f3w i opar\u00f3w. Do ochrony dr\u00f3g oddechowych u\u017cyj chusteczki, szalika lub innej cz\u0119\u015bci odzie\u017cy,<\/li><li>je\u017celi znajdujesz si\u0119 w samochodzie, zamknij okna i wy\u0142\u0105cz wentylacj\u0119,<\/li><li>je\u017celi schroni\u0142e\u015b si\u0119 w domu lub innym pomieszczeniu je\u017celi to tylko mo\u017cliwe uszczelnij zmoczonymi szmatami, r\u0119cznikami, prze\u015bcierad\u0142ami okna, drzwi i otwory wentylacyjne. Oddychaj przez filtr wykonany np. z r\u0119cznika, tamponu, szalika itp. &#8211; zmoczonych w wodzie &#8211; a jeszcze lepiej w wodnym roztworze sody oczyszczonej. Wykorzystaj zast\u0119pcze \u015brodki ochrony dr\u00f3g oddechowych i sk\u00f3ry, &nbsp;<\/li><li>b\u0119d\u0105c w domu udaj si\u0119 na parter lub do piwnicy &#8211; przy uwolnieniu si\u0119 AMONIAKU, albo na wy\u017csze kondygnacje w przypadku CHLORU i KWAS\u00d3W, &nbsp;<\/li><li>unikaj wszelkiego kontaktu z rozlanymi substancjami chemicznymi, gazami, parami, &nbsp;<\/li><li>w przypadku awarii z T\u015aP za\u0142\u00f3\u017c ubranie szczelnie okrywaj\u0105ce cia\u0142o. Nie zapomnij za\u0142o\u017cy\u0107 r\u0119kawic, &nbsp;<\/li><li>nie jedz i nie pij p\u0142yn\u00f3w, kt\u00f3re mog\u0105 by\u0107 ska\u017cone. W taki sam spos\u00f3b post\u0119puj ze zwierz\u0119tami hodowlanymi, bowiem chroni\u0105c je &#8211; chronisz r\u00f3wnie\u017c i siebie, &nbsp;<\/li><li>udziel pierwszej pomocy osobie poszkodowanej w nast\u0119puj\u0105cy spos\u00f3b:<ul><li>wynie\u015b &#8211; w miar\u0119 mo\u017cliwo\u015bci zatrutego z rejonu ska\u017cenia,<\/li><li>zdejmij ska\u017con\u0105 odzie\u017c, cia\u0142o zmyj du\u017c\u0105 ilo\u015bci\u0105 czystej wody (nie wycieraj),<\/li><li>zapewnij poszkodowanemu dop\u0142yw \u015bwie\u017cego powietrza,<\/li><li>w przypadku braku oddechu &#8211; zastosuj resuscytacj\u0119 kr\u0105\u017ceniowo oddechow\u0105, a w przypadku zatrucia pokarmowego &#8211; wywo\u0142aj wymioty (tylko u przytomnych),<\/li><li>oczy op\u0142ucz bie\u017c\u0105c\u0105 wod\u0105 przy odwini\u0119tych powiekach,<\/li><li>zapewnij ochron\u0119 przed ozi\u0119bieniem lub przegrzaniem,<\/li><li>nieprzytomnemu nie podawaj p\u0142yn\u00f3w ani pokarm\u00f3w,<\/li><li>wezwij pomoc medyczn\u0105.<\/li><\/ul><\/li><\/ul>\n\n\n\n<p><strong>Co robi\u0107 po wypadku ?<\/strong><\/p>\n\n\n\n<ul class=\"wp-block-list\"><li>je\u017celi by\u0142e\u015b ewakuowany, nie wracaj do domu &#8211; zanim odpowiednie s\u0142u\u017cby nie stwierdz\u0105, \u017ce jeste\u015b bezpieczny,<\/li><li>po powrocie do mieszkania otw\u00f3rz wszystkie okna i gruntownie wywietrz mieszkanie &#8211; nie zapomnij ods\u0142oni\u0107 otwor\u00f3w wentylacyjnych, &nbsp;<\/li><li>umyj si\u0119 w czystej, nie ska\u017conej wodzie i zmie\u0144 ubranie na czyste,<\/li><li>ska\u017cone ubranie, \u015brodki ochrony indywidualnej, szczelnie odizoluj (w zale\u017cno\u015bci od wielko\u015bci ska\u017cenia upierz lub zniszcz &#8211; przez spalenie lub zakopanie),<\/li><li>obserwuj nietypowe objawy zdrowotne, kt\u00f3re mog\u0105 by\u0107 spowodowane oddzia\u0142ywaniem niebezpiecznych substancji i udaj si\u0119 do lekarza pierwszego kontaktu.<\/li><\/ul>\n","protected":false},"excerpt":{"rendered":"<p>Niebezpieczne materia\u0142y to substancje, kt\u00f3re ze wzgl\u0119du na swoje chemiczne, fizyczne czy biologiczne w\u0142a\u015bciwo\u015bci stanowi\u0105 potencjalne niebezpiecze\u0144stwo dla \u017cycia i zdrowia. Zagro\u017cenia mog\u0105 powstawa\u0107 w czasie produkcji, przechowywania, transportu, wykorzystania i sk\u0142adowania tych materia\u0142\u00f3w. ZAPAMI\u0118TAJ!!! Pojazdy samochodowe przewo\u017c\u0105ce substancje niebezpieczne s\u0105 oznakowane pomara\u0144czowymi prostok\u0105tnymi tablicami z czarnymi napisami cyfrowymi okre\u015blaj\u0105cymi rodzaj niebezpiecznej substancji wed\u0142ug mi\u0119dzynarodowych [&hellip;]<\/p>\n","protected":false},"author":45,"featured_media":0,"parent":0,"menu_order":0,"comment_status":"closed","ping_status":"closed","template":"","meta":{"_acf_changed":false,"footnotes":""},"class_list":["post-196","page","type-page","status-publish","hentry"],"acf":[],"yoast_head":"<!-- This site is optimized with the Yoast SEO plugin v26.9 - https:\/\/yoast.com\/product\/yoast-seo-wordpress\/ -->\n<title>Toksyczne \u015brodki przemys\u0142owe - Miejskie Centrum Zarz\u0105dzania Kryzysowego<\/title>\n<meta name=\"robots\" content=\"index, follow, max-snippet:-1, max-image-preview:large, max-video-preview:-1\" \/>\n<link rel=\"canonical\" href=\"https:\/\/siemianowice.pl\/mczk\/toksyczne-srodki-przemyslowe\/\" \/>\n<meta property=\"og:locale\" content=\"pl_PL\" \/>\n<meta property=\"og:type\" content=\"article\" \/>\n<meta property=\"og:title\" content=\"Toksyczne \u015brodki przemys\u0142owe - Miejskie Centrum Zarz\u0105dzania Kryzysowego\" \/>\n<meta property=\"og:description\" content=\"Niebezpieczne materia\u0142y to substancje, kt\u00f3re ze wzgl\u0119du na swoje chemiczne, fizyczne czy biologiczne w\u0142a\u015bciwo\u015bci stanowi\u0105 potencjalne niebezpiecze\u0144stwo dla \u017cycia i zdrowia. Zagro\u017cenia mog\u0105 powstawa\u0107 w czasie produkcji, przechowywania, transportu, wykorzystania i sk\u0142adowania tych materia\u0142\u00f3w. ZAPAMI\u0118TAJ!!! Pojazdy samochodowe przewo\u017c\u0105ce substancje niebezpieczne s\u0105 oznakowane pomara\u0144czowymi prostok\u0105tnymi tablicami z czarnymi napisami cyfrowymi okre\u015blaj\u0105cymi rodzaj niebezpiecznej substancji wed\u0142ug mi\u0119dzynarodowych [&hellip;]\" \/>\n<meta property=\"og:url\" content=\"https:\/\/siemianowice.pl\/mczk\/toksyczne-srodki-przemyslowe\/\" \/>\n<meta property=\"og:site_name\" content=\"Miejskie Centrum Zarz\u0105dzania Kryzysowego\" \/>\n<meta property=\"article:modified_time\" content=\"2023-03-15T10:23:59+00:00\" \/>\n<meta property=\"og:image\" content=\"https:\/\/siemianowice.pl\/mczk\/wp-content\/uploads\/sites\/14\/2023\/03\/tablica-adr-2.jpg\" \/>\n<meta name=\"twitter:card\" content=\"summary_large_image\" \/>\n<meta name=\"twitter:label1\" content=\"Szacowany czas czytania\" \/>\n\t<meta name=\"twitter:data1\" content=\"3 minuty\" \/>\n<script type=\"application\/ld+json\" class=\"yoast-schema-graph\">{\"@context\":\"https:\/\/schema.org\",\"@graph\":[{\"@type\":\"WebPage\",\"@id\":\"https:\/\/siemianowice.pl\/mczk\/toksyczne-srodki-przemyslowe\/\",\"url\":\"https:\/\/siemianowice.pl\/mczk\/toksyczne-srodki-przemyslowe\/\",\"name\":\"Toksyczne \u015brodki przemys\u0142owe - Miejskie Centrum Zarz\u0105dzania Kryzysowego\",\"isPartOf\":{\"@id\":\"https:\/\/siemianowice.pl\/mczk\/#website\"},\"primaryImageOfPage\":{\"@id\":\"https:\/\/siemianowice.pl\/mczk\/toksyczne-srodki-przemyslowe\/#primaryimage\"},\"image\":{\"@id\":\"https:\/\/siemianowice.pl\/mczk\/toksyczne-srodki-przemyslowe\/#primaryimage\"},\"thumbnailUrl\":\"https:\/\/siemianowice.pl\/mczk\/wp-content\/uploads\/sites\/14\/2023\/03\/tablica-adr-2.jpg\",\"datePublished\":\"2023-03-15T10:19:10+00:00\",\"dateModified\":\"2023-03-15T10:23:59+00:00\",\"breadcrumb\":{\"@id\":\"https:\/\/siemianowice.pl\/mczk\/toksyczne-srodki-przemyslowe\/#breadcrumb\"},\"inLanguage\":\"pl-PL\",\"potentialAction\":[{\"@type\":\"ReadAction\",\"target\":[\"https:\/\/siemianowice.pl\/mczk\/toksyczne-srodki-przemyslowe\/\"]}]},{\"@type\":\"ImageObject\",\"inLanguage\":\"pl-PL\",\"@id\":\"https:\/\/siemianowice.pl\/mczk\/toksyczne-srodki-przemyslowe\/#primaryimage\",\"url\":\"https:\/\/siemianowice.pl\/mczk\/wp-content\/uploads\/sites\/14\/2023\/03\/tablica-adr-2.jpg\",\"contentUrl\":\"https:\/\/siemianowice.pl\/mczk\/wp-content\/uploads\/sites\/14\/2023\/03\/tablica-adr-2.jpg\",\"width\":633,\"height\":407},{\"@type\":\"BreadcrumbList\",\"@id\":\"https:\/\/siemianowice.pl\/mczk\/toksyczne-srodki-przemyslowe\/#breadcrumb\",\"itemListElement\":[{\"@type\":\"ListItem\",\"position\":1,\"name\":\"Strona g\u0142\u00f3wna\",\"item\":\"https:\/\/siemianowice.pl\/mczk\/\"},{\"@type\":\"ListItem\",\"position\":2,\"name\":\"Toksyczne \u015brodki przemys\u0142owe\"}]},{\"@type\":\"WebSite\",\"@id\":\"https:\/\/siemianowice.pl\/mczk\/#website\",\"url\":\"https:\/\/siemianowice.pl\/mczk\/\",\"name\":\"Miejskie Centrum Zarz\u0105dzania Kryzysowego\",\"description\":\"BEZPIECZNE SIEMIANOWICE\",\"potentialAction\":[{\"@type\":\"SearchAction\",\"target\":{\"@type\":\"EntryPoint\",\"urlTemplate\":\"https:\/\/siemianowice.pl\/mczk\/?s={search_term_string}\"},\"query-input\":{\"@type\":\"PropertyValueSpecification\",\"valueRequired\":true,\"valueName\":\"search_term_string\"}}],\"inLanguage\":\"pl-PL\"}]}<\/script>\n<!-- \/ Yoast SEO plugin. -->","yoast_head_json":{"title":"Toksyczne \u015brodki przemys\u0142owe - Miejskie Centrum Zarz\u0105dzania Kryzysowego","robots":{"index":"index","follow":"follow","max-snippet":"max-snippet:-1","max-image-preview":"max-image-preview:large","max-video-preview":"max-video-preview:-1"},"canonical":"https:\/\/siemianowice.pl\/mczk\/toksyczne-srodki-przemyslowe\/","og_locale":"pl_PL","og_type":"article","og_title":"Toksyczne \u015brodki przemys\u0142owe - Miejskie Centrum Zarz\u0105dzania Kryzysowego","og_description":"Niebezpieczne materia\u0142y to substancje, kt\u00f3re ze wzgl\u0119du na swoje chemiczne, fizyczne czy biologiczne w\u0142a\u015bciwo\u015bci stanowi\u0105 potencjalne niebezpiecze\u0144stwo dla \u017cycia i zdrowia. Zagro\u017cenia mog\u0105 powstawa\u0107 w czasie produkcji, przechowywania, transportu, wykorzystania i sk\u0142adowania tych materia\u0142\u00f3w. ZAPAMI\u0118TAJ!!! Pojazdy samochodowe przewo\u017c\u0105ce substancje niebezpieczne s\u0105 oznakowane pomara\u0144czowymi prostok\u0105tnymi tablicami z czarnymi napisami cyfrowymi okre\u015blaj\u0105cymi rodzaj niebezpiecznej substancji wed\u0142ug mi\u0119dzynarodowych [&hellip;]","og_url":"https:\/\/siemianowice.pl\/mczk\/toksyczne-srodki-przemyslowe\/","og_site_name":"Miejskie Centrum Zarz\u0105dzania Kryzysowego","article_modified_time":"2023-03-15T10:23:59+00:00","og_image":[{"url":"https:\/\/siemianowice.pl\/mczk\/wp-content\/uploads\/sites\/14\/2023\/03\/tablica-adr-2.jpg","type":"","width":"","height":""}],"twitter_card":"summary_large_image","twitter_misc":{"Szacowany czas czytania":"3 minuty"},"schema":{"@context":"https:\/\/schema.org","@graph":[{"@type":"WebPage","@id":"https:\/\/siemianowice.pl\/mczk\/toksyczne-srodki-przemyslowe\/","url":"https:\/\/siemianowice.pl\/mczk\/toksyczne-srodki-przemyslowe\/","name":"Toksyczne \u015brodki przemys\u0142owe - Miejskie Centrum Zarz\u0105dzania Kryzysowego","isPartOf":{"@id":"https:\/\/siemianowice.pl\/mczk\/#website"},"primaryImageOfPage":{"@id":"https:\/\/siemianowice.pl\/mczk\/toksyczne-srodki-przemyslowe\/#primaryimage"},"image":{"@id":"https:\/\/siemianowice.pl\/mczk\/toksyczne-srodki-przemyslowe\/#primaryimage"},"thumbnailUrl":"https:\/\/siemianowice.pl\/mczk\/wp-content\/uploads\/sites\/14\/2023\/03\/tablica-adr-2.jpg","datePublished":"2023-03-15T10:19:10+00:00","dateModified":"2023-03-15T10:23:59+00:00","breadcrumb":{"@id":"https:\/\/siemianowice.pl\/mczk\/toksyczne-srodki-przemyslowe\/#breadcrumb"},"inLanguage":"pl-PL","potentialAction":[{"@type":"ReadAction","target":["https:\/\/siemianowice.pl\/mczk\/toksyczne-srodki-przemyslowe\/"]}]},{"@type":"ImageObject","inLanguage":"pl-PL","@id":"https:\/\/siemianowice.pl\/mczk\/toksyczne-srodki-przemyslowe\/#primaryimage","url":"https:\/\/siemianowice.pl\/mczk\/wp-content\/uploads\/sites\/14\/2023\/03\/tablica-adr-2.jpg","contentUrl":"https:\/\/siemianowice.pl\/mczk\/wp-content\/uploads\/sites\/14\/2023\/03\/tablica-adr-2.jpg","width":633,"height":407},{"@type":"BreadcrumbList","@id":"https:\/\/siemianowice.pl\/mczk\/toksyczne-srodki-przemyslowe\/#breadcrumb","itemListElement":[{"@type":"ListItem","position":1,"name":"Strona g\u0142\u00f3wna","item":"https:\/\/siemianowice.pl\/mczk\/"},{"@type":"ListItem","position":2,"name":"Toksyczne \u015brodki przemys\u0142owe"}]},{"@type":"WebSite","@id":"https:\/\/siemianowice.pl\/mczk\/#website","url":"https:\/\/siemianowice.pl\/mczk\/","name":"Miejskie Centrum Zarz\u0105dzania Kryzysowego","description":"BEZPIECZNE SIEMIANOWICE","potentialAction":[{"@type":"SearchAction","target":{"@type":"EntryPoint","urlTemplate":"https:\/\/siemianowice.pl\/mczk\/?s={search_term_string}"},"query-input":{"@type":"PropertyValueSpecification","valueRequired":true,"valueName":"search_term_string"}}],"inLanguage":"pl-PL"}]}},"_links":{"self":[{"href":"https:\/\/siemianowice.pl\/mczk\/wp-json\/wp\/v2\/pages\/196","targetHints":{"allow":["GET"]}}],"collection":[{"href":"https:\/\/siemianowice.pl\/mczk\/wp-json\/wp\/v2\/pages"}],"about":[{"href":"https:\/\/siemianowice.pl\/mczk\/wp-json\/wp\/v2\/types\/page"}],"author":[{"embeddable":true,"href":"https:\/\/siemianowice.pl\/mczk\/wp-json\/wp\/v2\/users\/45"}],"replies":[{"embeddable":true,"href":"https:\/\/siemianowice.pl\/mczk\/wp-json\/wp\/v2\/comments?post=196"}],"version-history":[{"count":2,"href":"https:\/\/siemianowice.pl\/mczk\/wp-json\/wp\/v2\/pages\/196\/revisions"}],"predecessor-version":[{"id":202,"href":"https:\/\/siemianowice.pl\/mczk\/wp-json\/wp\/v2\/pages\/196\/revisions\/202"}],"wp:attachment":[{"href":"https:\/\/siemianowice.pl\/mczk\/wp-json\/wp\/v2\/media?parent=196"}],"curies":[{"name":"wp","href":"https:\/\/api.w.org\/{rel}","templated":true}]}}