{"id":203,"date":"2023-03-15T11:27:25","date_gmt":"2023-03-15T10:27:25","guid":{"rendered":"https:\/\/siemianowice.pl\/mczk\/?page_id=203"},"modified":"2023-03-15T11:27:26","modified_gmt":"2023-03-15T10:27:26","slug":"katastrofy-budowlane","status":"publish","type":"page","link":"https:\/\/siemianowice.pl\/mczk\/katastrofy-budowlane\/","title":{"rendered":"Katastrofy budowlane"},"content":{"rendered":"\n<p><strong>Katastrofy budowlane najcz\u0119\u015bciej powodowane s\u0105:<\/strong><\/p>\n\n\n\n<ul class=\"wp-block-list\"><li><strong>wadami konstrukcyjnymi i technologicznymi,<\/strong><\/li><li><strong>wybuchami gazu,<\/strong><\/li><li><strong>szkodami g\u00f3rniczymi,<\/strong><\/li><li><strong>terroryzmem.<\/strong><\/li><\/ul>\n\n\n\n<p><strong>Do podstawowych zasad nale\u017cy:<\/strong><\/p>\n\n\n\n<ul class=\"wp-block-list\"><li>powiadomienie s\u0142u\u017cb ratowniczych \u2013 poprzez numer alarmowy 112, &nbsp;<\/li><li>udzielenie pomocy l\u017cej poszkodowanym, gdy nie grozi to po\u017carem, wybuchem i gdy nie ma innych zagro\u017ce\u0144, &nbsp;<\/li><li>stosowanie si\u0119 do polece\u0144 s\u0142u\u017cb ratowniczych,<\/li><li>oddali\u0107 si\u0119 jak najszybciej, gdy jest podejrzenie wycieku niebezpiecznej substancji lub wybuchu,<\/li><li>ostrzeganie innych przypadkowych \u015bwiadk\u00f3w zdarzenia,<\/li><li>je\u015bli by\u0142e\u015b uczestnikiem katastrofy nie opuszczaj miejsca zdarzenia bez przebadania przez s\u0142u\u017cby medyczne, poniewa\u017c skutki mog\u0105 si\u0119 ujawni\u0107 dopiero po kilku godzinach, &nbsp;<\/li><li>o ile nie mo\u017cesz opu\u015bci\u0107 budynku (mieszkania) drzwiami wyj\u015bciowymi, przez klatk\u0119 schodow\u0105 z powodu zagro\u017cenia lub innych przeszk\u00f3d &#8211; uciekaj przez okno je\u015bli jest to mo\u017cliwe.<\/li><\/ul>\n\n\n\n<p><strong>Gdy nie masz mo\u017cliwo\u015bci opuszczenia domu:<\/strong><\/p>\n\n\n\n<p>&#8211; wywie\u015b w oknie bia\u0142e prze\u015bcierad\u0142o lub obrus &#8211; jako znak dla ratownik\u00f3w, \u017ce potrzebujesz pomocy.<\/p>\n\n\n\n<p><strong>Gdy jeste\u015b unieruchomiony (przysypany):<\/strong><\/p>\n\n\n\n<p>&#8211; nawo\u0142uj pomocy, stukaj w lekkie elementy metalowe, postaraj si\u0119 nie panikowa\u0107, oszcz\u0119dza\u0107 si\u0142y &#8211; u\u0142atwisz ratownikom Twoj\u0105 lokalizacj\u0119.<\/p>\n\n\n\n<p><strong>Gdy opu\u015bci\u0142e\u015b dom (mieszkanie):<\/strong><\/p>\n\n\n\n<ul class=\"wp-block-list\"><li>powiadom kieruj\u0105cego akcj\u0105 ratownicz\u0105 o osobach z rodziny i s\u0105siadach, kt\u00f3rzy zostali jeszcze w pomieszczeniach budynku oraz o osobach, kt\u00f3re aktualnie i na pewno przebywaj\u0105 poza domem (w pracy, szkole itp.),<\/li><li>je\u015bli posiadasz informacje pomocne w akcji ratowniczej, przeka\u017c je niezw\u0142ocznie s\u0142u\u017cbie ratowniczej,<\/li><li>nie przeszkadzaj w pracy ratownikom,<\/li><li>nie wracaj na miejsce katastrofy, ani nie wchod\u017a do uszkodzonego wypadkiem budynku bez zezwolenia s\u0142u\u017cb budowlanych, kt\u00f3re okre\u015blaj\u0105, czy takie wej\u015bcie jest bezpieczne,<\/li><li>o ile dozna\u0142e\u015b obra\u017ce\u0144 (jeste\u015b ranny), zg\u0142o\u015b si\u0119 do punktu pomocy medycznej,<\/li><li>zg\u0142o\u015b swoje potrzeby do punktu pomocy spo\u0142ecznej lub w\u0142adz miasta, gminy.<\/li><\/ul>\n\n\n\n<p><strong><span class=\"has-inline-color has-vivid-red-color\">Kiedy jeste\u015b \u015bwiadkiem katastrofy budowlanej, niezw\u0142ocznie powiadom s\u0142u\u017cby ratownicze \u2013 poprzez numer alarmowy 112. \u00a0<\/span><\/strong><\/p>\n","protected":false},"excerpt":{"rendered":"<p>Katastrofy budowlane najcz\u0119\u015bciej powodowane s\u0105: wadami konstrukcyjnymi i technologicznymi, wybuchami gazu, szkodami g\u00f3rniczymi, terroryzmem. Do podstawowych zasad nale\u017cy: powiadomienie s\u0142u\u017cb ratowniczych \u2013 poprzez numer alarmowy 112, &nbsp; udzielenie pomocy l\u017cej poszkodowanym, gdy nie grozi to po\u017carem, wybuchem i gdy nie ma innych zagro\u017ce\u0144, &nbsp; stosowanie si\u0119 do polece\u0144 s\u0142u\u017cb ratowniczych, oddali\u0107 si\u0119 jak najszybciej, gdy [&hellip;]<\/p>\n","protected":false},"author":45,"featured_media":0,"parent":0,"menu_order":0,"comment_status":"closed","ping_status":"closed","template":"","meta":{"_acf_changed":false,"footnotes":""},"class_list":["post-203","page","type-page","status-publish","hentry"],"acf":[],"yoast_head":"<!-- This site is optimized with the Yoast SEO plugin v26.9 - https:\/\/yoast.com\/product\/yoast-seo-wordpress\/ -->\n<title>Katastrofy budowlane - Miejskie Centrum Zarz\u0105dzania Kryzysowego<\/title>\n<meta name=\"robots\" content=\"index, follow, max-snippet:-1, max-image-preview:large, max-video-preview:-1\" \/>\n<link rel=\"canonical\" href=\"https:\/\/siemianowice.pl\/mczk\/katastrofy-budowlane\/\" \/>\n<meta property=\"og:locale\" content=\"pl_PL\" \/>\n<meta property=\"og:type\" content=\"article\" \/>\n<meta property=\"og:title\" content=\"Katastrofy budowlane - Miejskie Centrum Zarz\u0105dzania Kryzysowego\" \/>\n<meta property=\"og:description\" content=\"Katastrofy budowlane najcz\u0119\u015bciej powodowane s\u0105: wadami konstrukcyjnymi i technologicznymi, wybuchami gazu, szkodami g\u00f3rniczymi, terroryzmem. Do podstawowych zasad nale\u017cy: powiadomienie s\u0142u\u017cb ratowniczych \u2013 poprzez numer alarmowy 112, &nbsp; udzielenie pomocy l\u017cej poszkodowanym, gdy nie grozi to po\u017carem, wybuchem i gdy nie ma innych zagro\u017ce\u0144, &nbsp; stosowanie si\u0119 do polece\u0144 s\u0142u\u017cb ratowniczych, oddali\u0107 si\u0119 jak najszybciej, gdy [&hellip;]\" \/>\n<meta property=\"og:url\" content=\"https:\/\/siemianowice.pl\/mczk\/katastrofy-budowlane\/\" \/>\n<meta property=\"og:site_name\" content=\"Miejskie Centrum Zarz\u0105dzania Kryzysowego\" \/>\n<meta property=\"article:modified_time\" content=\"2023-03-15T10:27:26+00:00\" \/>\n<meta name=\"twitter:card\" content=\"summary_large_image\" \/>\n<meta name=\"twitter:label1\" content=\"Szacowany czas czytania\" \/>\n\t<meta name=\"twitter:data1\" content=\"2 minuty\" \/>\n<script type=\"application\/ld+json\" class=\"yoast-schema-graph\">{\"@context\":\"https:\/\/schema.org\",\"@graph\":[{\"@type\":\"WebPage\",\"@id\":\"https:\/\/siemianowice.pl\/mczk\/katastrofy-budowlane\/\",\"url\":\"https:\/\/siemianowice.pl\/mczk\/katastrofy-budowlane\/\",\"name\":\"Katastrofy budowlane - Miejskie Centrum Zarz\u0105dzania Kryzysowego\",\"isPartOf\":{\"@id\":\"https:\/\/siemianowice.pl\/mczk\/#website\"},\"datePublished\":\"2023-03-15T10:27:25+00:00\",\"dateModified\":\"2023-03-15T10:27:26+00:00\",\"breadcrumb\":{\"@id\":\"https:\/\/siemianowice.pl\/mczk\/katastrofy-budowlane\/#breadcrumb\"},\"inLanguage\":\"pl-PL\",\"potentialAction\":[{\"@type\":\"ReadAction\",\"target\":[\"https:\/\/siemianowice.pl\/mczk\/katastrofy-budowlane\/\"]}]},{\"@type\":\"BreadcrumbList\",\"@id\":\"https:\/\/siemianowice.pl\/mczk\/katastrofy-budowlane\/#breadcrumb\",\"itemListElement\":[{\"@type\":\"ListItem\",\"position\":1,\"name\":\"Strona g\u0142\u00f3wna\",\"item\":\"https:\/\/siemianowice.pl\/mczk\/\"},{\"@type\":\"ListItem\",\"position\":2,\"name\":\"Katastrofy budowlane\"}]},{\"@type\":\"WebSite\",\"@id\":\"https:\/\/siemianowice.pl\/mczk\/#website\",\"url\":\"https:\/\/siemianowice.pl\/mczk\/\",\"name\":\"Miejskie Centrum Zarz\u0105dzania Kryzysowego\",\"description\":\"BEZPIECZNE SIEMIANOWICE\",\"potentialAction\":[{\"@type\":\"SearchAction\",\"target\":{\"@type\":\"EntryPoint\",\"urlTemplate\":\"https:\/\/siemianowice.pl\/mczk\/?s={search_term_string}\"},\"query-input\":{\"@type\":\"PropertyValueSpecification\",\"valueRequired\":true,\"valueName\":\"search_term_string\"}}],\"inLanguage\":\"pl-PL\"}]}<\/script>\n<!-- \/ Yoast SEO plugin. -->","yoast_head_json":{"title":"Katastrofy budowlane - Miejskie Centrum Zarz\u0105dzania Kryzysowego","robots":{"index":"index","follow":"follow","max-snippet":"max-snippet:-1","max-image-preview":"max-image-preview:large","max-video-preview":"max-video-preview:-1"},"canonical":"https:\/\/siemianowice.pl\/mczk\/katastrofy-budowlane\/","og_locale":"pl_PL","og_type":"article","og_title":"Katastrofy budowlane - Miejskie Centrum Zarz\u0105dzania Kryzysowego","og_description":"Katastrofy budowlane najcz\u0119\u015bciej powodowane s\u0105: wadami konstrukcyjnymi i technologicznymi, wybuchami gazu, szkodami g\u00f3rniczymi, terroryzmem. Do podstawowych zasad nale\u017cy: powiadomienie s\u0142u\u017cb ratowniczych \u2013 poprzez numer alarmowy 112, &nbsp; udzielenie pomocy l\u017cej poszkodowanym, gdy nie grozi to po\u017carem, wybuchem i gdy nie ma innych zagro\u017ce\u0144, &nbsp; stosowanie si\u0119 do polece\u0144 s\u0142u\u017cb ratowniczych, oddali\u0107 si\u0119 jak najszybciej, gdy [&hellip;]","og_url":"https:\/\/siemianowice.pl\/mczk\/katastrofy-budowlane\/","og_site_name":"Miejskie Centrum Zarz\u0105dzania Kryzysowego","article_modified_time":"2023-03-15T10:27:26+00:00","twitter_card":"summary_large_image","twitter_misc":{"Szacowany czas czytania":"2 minuty"},"schema":{"@context":"https:\/\/schema.org","@graph":[{"@type":"WebPage","@id":"https:\/\/siemianowice.pl\/mczk\/katastrofy-budowlane\/","url":"https:\/\/siemianowice.pl\/mczk\/katastrofy-budowlane\/","name":"Katastrofy budowlane - Miejskie Centrum Zarz\u0105dzania Kryzysowego","isPartOf":{"@id":"https:\/\/siemianowice.pl\/mczk\/#website"},"datePublished":"2023-03-15T10:27:25+00:00","dateModified":"2023-03-15T10:27:26+00:00","breadcrumb":{"@id":"https:\/\/siemianowice.pl\/mczk\/katastrofy-budowlane\/#breadcrumb"},"inLanguage":"pl-PL","potentialAction":[{"@type":"ReadAction","target":["https:\/\/siemianowice.pl\/mczk\/katastrofy-budowlane\/"]}]},{"@type":"BreadcrumbList","@id":"https:\/\/siemianowice.pl\/mczk\/katastrofy-budowlane\/#breadcrumb","itemListElement":[{"@type":"ListItem","position":1,"name":"Strona g\u0142\u00f3wna","item":"https:\/\/siemianowice.pl\/mczk\/"},{"@type":"ListItem","position":2,"name":"Katastrofy budowlane"}]},{"@type":"WebSite","@id":"https:\/\/siemianowice.pl\/mczk\/#website","url":"https:\/\/siemianowice.pl\/mczk\/","name":"Miejskie Centrum Zarz\u0105dzania Kryzysowego","description":"BEZPIECZNE SIEMIANOWICE","potentialAction":[{"@type":"SearchAction","target":{"@type":"EntryPoint","urlTemplate":"https:\/\/siemianowice.pl\/mczk\/?s={search_term_string}"},"query-input":{"@type":"PropertyValueSpecification","valueRequired":true,"valueName":"search_term_string"}}],"inLanguage":"pl-PL"}]}},"_links":{"self":[{"href":"https:\/\/siemianowice.pl\/mczk\/wp-json\/wp\/v2\/pages\/203","targetHints":{"allow":["GET"]}}],"collection":[{"href":"https:\/\/siemianowice.pl\/mczk\/wp-json\/wp\/v2\/pages"}],"about":[{"href":"https:\/\/siemianowice.pl\/mczk\/wp-json\/wp\/v2\/types\/page"}],"author":[{"embeddable":true,"href":"https:\/\/siemianowice.pl\/mczk\/wp-json\/wp\/v2\/users\/45"}],"replies":[{"embeddable":true,"href":"https:\/\/siemianowice.pl\/mczk\/wp-json\/wp\/v2\/comments?post=203"}],"version-history":[{"count":1,"href":"https:\/\/siemianowice.pl\/mczk\/wp-json\/wp\/v2\/pages\/203\/revisions"}],"predecessor-version":[{"id":204,"href":"https:\/\/siemianowice.pl\/mczk\/wp-json\/wp\/v2\/pages\/203\/revisions\/204"}],"wp:attachment":[{"href":"https:\/\/siemianowice.pl\/mczk\/wp-json\/wp\/v2\/media?parent=203"}],"curies":[{"name":"wp","href":"https:\/\/api.w.org\/{rel}","templated":true}]}}