{"id":206,"date":"2023-03-15T13:47:34","date_gmt":"2023-03-15T12:47:34","guid":{"rendered":"https:\/\/siemianowice.pl\/mczk\/?page_id=206"},"modified":"2023-03-15T13:47:35","modified_gmt":"2023-03-15T12:47:35","slug":"zagrozenie-terroryzmem","status":"publish","type":"page","link":"https:\/\/siemianowice.pl\/mczk\/zagrozenie-terroryzmem\/","title":{"rendered":"Zagro\u017cenie terroryzmem"},"content":{"rendered":"\n<p><strong><span class=\"has-inline-color has-vivid-red-color\">Terroryzm jest to zjawisko przemy\u015blnego u\u017cycia przemocy lub zagro\u017cenia w celu wywo\u0142ania strachu, przemy\u015blnego wymuszenia lub zastraszenia rz\u0105d\u00f3w lub spo\u0142ecze\u0144stwa w celu wywarcia nacisku politycznego, religijnego lub ideologicznego. Terroryzm ma pod\u0142o\u017ce o charakterze spo\u0142ecznym, ekonomicznym i kulturowym.<\/span><\/strong><\/p>\n\n\n\n<p>Podstawow\u0105 cech\u0105 terroryzmu jest to, \u017ce nie ma wyra\u017anych znak\u00f3w ostrzegawczych o mo\u017cliwo\u015bci wyst\u0105pienia zamachu lub s\u0105 one trudno dostrzegalne. Dlatego zwracaj uwag\u0119 na to, co dzieje si\u0119 w najbli\u017cszym otoczeniu, np. podczas zakup\u00f3w, w podr\u00f3\u017cy, podczas uczestnictwa w imprezach masowych, uroczysto\u015bciach religijnych i innych miejscach publicznych, gdzie przebywa du\u017ca liczba ludzi.<\/p>\n\n\n\n<p><strong><span class=\"has-inline-color has-vivid-red-color\">Zainteresowania i uwagi wymagaj\u0105:<\/span><\/strong><\/p>\n\n\n\n<ul class=\"wp-block-list\"><li>rzucaj\u0105ce si\u0119 w oczy nietypowe zachowania os\u00f3b,<\/li><li>pozostawione bez opieki przedmioty typu: teczki, paczki, pakunki itp.,<\/li><li>osoby ubrane nietypowo do wyst\u0119puj\u0105cej pory roku,<\/li><li>samochody, a w szczeg\u00f3lno\u015bci furgonetki pozostawione w nietypowych miejscach tj. w pobli\u017cu ko\u015bcio\u0142\u00f3w, synagog, meczet\u00f3w lub miejsc organizowania imprez masowych, zawod\u00f3w sportowych i zgromadze\u0144.<\/li><\/ul>\n\n\n\n<p>Nale\u017cy jednak pami\u0119ta\u0107, \u017ce terrorysta nie zawsze musi wyr\u00f3\u017cnia\u0107 si\u0119 z t\u0142umu szczeg\u00f3lnym wygl\u0105dem. O swoich spostrze\u017ceniach poinformuj: s\u0142u\u017cby odpowiedzialne za bezpiecze\u0144stwo obiektu lub Policj\u0119.<\/p>\n\n\n\n<p><strong><span class=\"has-inline-color has-vivid-red-color\">JAK POST\u0118POWA\u0106 W SYTUACJACH ZAGRO\u017bENIA INCYDENTEM BOMBOWYM<\/span><\/strong><\/p>\n\n\n\n<p><strong>Mo\u017cesz przygotowa\u0107 si\u0119 na wypadek powstania tego typu zagro\u017cenia w miejscach u\u017cyteczno\u015bci publicznej:<\/strong><\/p>\n\n\n\n<ul class=\"wp-block-list\"><li>pomy\u015bl, kt\u00f3r\u0119dy w po\u015bpiechu mo\u017cna si\u0119 ewakuowa\u0107 z budynku, metra, sklepu lub innych zat\u0142oczonych miejsc. Zapami\u0119taj, gdzie znajduj\u0105 si\u0119 klatki schodowe i wyj\u015bcia ewakuacyjne, a przede wszystkim drogi ewakuacyjne,<\/li><li>zwr\u00f3\u0107 uwag\u0119 na ci\u0119\u017ckie lub \u0142atwo t\u0142uk\u0105ce si\u0119 przedmioty, kt\u00f3re mog\u0105 by\u0107 przesuni\u0119te, zrzucone lub zniszczone podczas wybuchu. Zapami\u0119taj elementy z najbli\u017cszego otoczenia.<\/li><\/ul>\n\n\n\n<p><strong>Je\u017celi jeste\u015b osob\u0105, kt\u00f3ra dowiedzia\u0142a si\u0119 o pod\u0142o\u017ceniu \u0142adunku wybuchowego lub ujawni\u0142a przedmiot niewiadomego pochodzenia, co do kt\u00f3rego istnieje podejrzenie, \u017ce mo\u017ce on stanowi\u0107 zagro\u017cenie dla os\u00f3b i mienia, powiniene\u015b natychmiast ten fakt zg\u0142osi\u0107 s\u0142u\u017cbom odpowiedzialnym za bezpiecze\u0144stwo na tym terenie. &nbsp;<\/strong><\/p>\n\n\n\n<p>Informacji takiej nie nale\u017cy rozpowszechnia\u0107, gdy\u017c jej przekazanie osobom trzecim, mo\u017ce doprowadzi\u0107 do paniki i w konsekwencji utrudni\u0107 przeprowadzenie sprawnej ewakuacji os\u00f3b z zagro\u017conego miejsca.<\/p>\n\n\n\n<p><strong><span class=\"has-inline-color has-vivid-red-color\">PODSUMOWUJ\u0104C &#8211; PAMI\u0118TAJ<\/span><\/strong><\/p>\n\n\n\n<ul class=\"wp-block-list\"><li><span class=\"has-inline-color has-vivid-red-color\"><strong>zachowaj spok\u00f3j i zorientuj si\u0119 jak bezpiecznie opu\u015bci\u0107 niebezpieczn\u0105 stref\u0119,<\/strong><\/span><\/li><li><span class=\"has-inline-color has-vivid-red-color\"><strong>zawsze stosuj si\u0119 do polece\u0144 os\u00f3b kieruj\u0105cych akcj\u0105 ewakuacyjn\u0105 lub ratownicz\u0105,<\/strong><\/span><\/li><li><span class=\"has-inline-color has-vivid-red-color\"><strong>je\u017celi nie podj\u0119to dzia\u0142a\u0144 zapobiegawczych powiadom stosowne s\u0142u\u017cby,<\/strong><\/span><\/li><li><span class=\"has-inline-color has-vivid-red-color\"><strong>nigdy nie dotykaj podejrzanych przedmiot\u00f3w niewiadomego pochodzenia poz<\/strong><\/span><strong><span class=\"has-inline-color has-vivid-red-color\">ostawionych bez opieki.<\/span><\/strong><\/li><\/ul>\n\n\n\n<p><\/p>\n","protected":false},"excerpt":{"rendered":"<p>Terroryzm jest to zjawisko przemy\u015blnego u\u017cycia przemocy lub zagro\u017cenia w celu wywo\u0142ania strachu, przemy\u015blnego wymuszenia lub zastraszenia rz\u0105d\u00f3w lub spo\u0142ecze\u0144stwa w celu wywarcia nacisku politycznego, religijnego lub ideologicznego. Terroryzm ma pod\u0142o\u017ce o charakterze spo\u0142ecznym, ekonomicznym i kulturowym. Podstawow\u0105 cech\u0105 terroryzmu jest to, \u017ce nie ma wyra\u017anych znak\u00f3w ostrzegawczych o mo\u017cliwo\u015bci wyst\u0105pienia zamachu lub s\u0105 one [&hellip;]<\/p>\n","protected":false},"author":45,"featured_media":0,"parent":0,"menu_order":0,"comment_status":"closed","ping_status":"closed","template":"","meta":{"_acf_changed":false,"footnotes":""},"class_list":["post-206","page","type-page","status-publish","hentry"],"acf":[],"yoast_head":"<!-- This site is optimized with the Yoast SEO plugin v26.9 - https:\/\/yoast.com\/product\/yoast-seo-wordpress\/ -->\n<title>Zagro\u017cenie terroryzmem - Miejskie Centrum Zarz\u0105dzania Kryzysowego<\/title>\n<meta name=\"robots\" content=\"index, follow, max-snippet:-1, max-image-preview:large, max-video-preview:-1\" \/>\n<link rel=\"canonical\" href=\"https:\/\/siemianowice.pl\/mczk\/zagrozenie-terroryzmem\/\" \/>\n<meta property=\"og:locale\" content=\"pl_PL\" \/>\n<meta property=\"og:type\" content=\"article\" \/>\n<meta property=\"og:title\" content=\"Zagro\u017cenie terroryzmem - Miejskie Centrum Zarz\u0105dzania Kryzysowego\" \/>\n<meta property=\"og:description\" content=\"Terroryzm jest to zjawisko przemy\u015blnego u\u017cycia przemocy lub zagro\u017cenia w celu wywo\u0142ania strachu, przemy\u015blnego wymuszenia lub zastraszenia rz\u0105d\u00f3w lub spo\u0142ecze\u0144stwa w celu wywarcia nacisku politycznego, religijnego lub ideologicznego. Terroryzm ma pod\u0142o\u017ce o charakterze spo\u0142ecznym, ekonomicznym i kulturowym. Podstawow\u0105 cech\u0105 terroryzmu jest to, \u017ce nie ma wyra\u017anych znak\u00f3w ostrzegawczych o mo\u017cliwo\u015bci wyst\u0105pienia zamachu lub s\u0105 one [&hellip;]\" \/>\n<meta property=\"og:url\" content=\"https:\/\/siemianowice.pl\/mczk\/zagrozenie-terroryzmem\/\" \/>\n<meta property=\"og:site_name\" content=\"Miejskie Centrum Zarz\u0105dzania Kryzysowego\" \/>\n<meta property=\"article:modified_time\" content=\"2023-03-15T12:47:35+00:00\" \/>\n<meta name=\"twitter:card\" content=\"summary_large_image\" \/>\n<meta name=\"twitter:label1\" content=\"Szacowany czas czytania\" \/>\n\t<meta name=\"twitter:data1\" content=\"2 minuty\" \/>\n<script type=\"application\/ld+json\" class=\"yoast-schema-graph\">{\"@context\":\"https:\/\/schema.org\",\"@graph\":[{\"@type\":\"WebPage\",\"@id\":\"https:\/\/siemianowice.pl\/mczk\/zagrozenie-terroryzmem\/\",\"url\":\"https:\/\/siemianowice.pl\/mczk\/zagrozenie-terroryzmem\/\",\"name\":\"Zagro\u017cenie terroryzmem - Miejskie Centrum Zarz\u0105dzania Kryzysowego\",\"isPartOf\":{\"@id\":\"https:\/\/siemianowice.pl\/mczk\/#website\"},\"datePublished\":\"2023-03-15T12:47:34+00:00\",\"dateModified\":\"2023-03-15T12:47:35+00:00\",\"breadcrumb\":{\"@id\":\"https:\/\/siemianowice.pl\/mczk\/zagrozenie-terroryzmem\/#breadcrumb\"},\"inLanguage\":\"pl-PL\",\"potentialAction\":[{\"@type\":\"ReadAction\",\"target\":[\"https:\/\/siemianowice.pl\/mczk\/zagrozenie-terroryzmem\/\"]}]},{\"@type\":\"BreadcrumbList\",\"@id\":\"https:\/\/siemianowice.pl\/mczk\/zagrozenie-terroryzmem\/#breadcrumb\",\"itemListElement\":[{\"@type\":\"ListItem\",\"position\":1,\"name\":\"Strona g\u0142\u00f3wna\",\"item\":\"https:\/\/siemianowice.pl\/mczk\/\"},{\"@type\":\"ListItem\",\"position\":2,\"name\":\"Zagro\u017cenie terroryzmem\"}]},{\"@type\":\"WebSite\",\"@id\":\"https:\/\/siemianowice.pl\/mczk\/#website\",\"url\":\"https:\/\/siemianowice.pl\/mczk\/\",\"name\":\"Miejskie Centrum Zarz\u0105dzania Kryzysowego\",\"description\":\"BEZPIECZNE SIEMIANOWICE\",\"potentialAction\":[{\"@type\":\"SearchAction\",\"target\":{\"@type\":\"EntryPoint\",\"urlTemplate\":\"https:\/\/siemianowice.pl\/mczk\/?s={search_term_string}\"},\"query-input\":{\"@type\":\"PropertyValueSpecification\",\"valueRequired\":true,\"valueName\":\"search_term_string\"}}],\"inLanguage\":\"pl-PL\"}]}<\/script>\n<!-- \/ Yoast SEO plugin. -->","yoast_head_json":{"title":"Zagro\u017cenie terroryzmem - Miejskie Centrum Zarz\u0105dzania Kryzysowego","robots":{"index":"index","follow":"follow","max-snippet":"max-snippet:-1","max-image-preview":"max-image-preview:large","max-video-preview":"max-video-preview:-1"},"canonical":"https:\/\/siemianowice.pl\/mczk\/zagrozenie-terroryzmem\/","og_locale":"pl_PL","og_type":"article","og_title":"Zagro\u017cenie terroryzmem - Miejskie Centrum Zarz\u0105dzania Kryzysowego","og_description":"Terroryzm jest to zjawisko przemy\u015blnego u\u017cycia przemocy lub zagro\u017cenia w celu wywo\u0142ania strachu, przemy\u015blnego wymuszenia lub zastraszenia rz\u0105d\u00f3w lub spo\u0142ecze\u0144stwa w celu wywarcia nacisku politycznego, religijnego lub ideologicznego. Terroryzm ma pod\u0142o\u017ce o charakterze spo\u0142ecznym, ekonomicznym i kulturowym. Podstawow\u0105 cech\u0105 terroryzmu jest to, \u017ce nie ma wyra\u017anych znak\u00f3w ostrzegawczych o mo\u017cliwo\u015bci wyst\u0105pienia zamachu lub s\u0105 one [&hellip;]","og_url":"https:\/\/siemianowice.pl\/mczk\/zagrozenie-terroryzmem\/","og_site_name":"Miejskie Centrum Zarz\u0105dzania Kryzysowego","article_modified_time":"2023-03-15T12:47:35+00:00","twitter_card":"summary_large_image","twitter_misc":{"Szacowany czas czytania":"2 minuty"},"schema":{"@context":"https:\/\/schema.org","@graph":[{"@type":"WebPage","@id":"https:\/\/siemianowice.pl\/mczk\/zagrozenie-terroryzmem\/","url":"https:\/\/siemianowice.pl\/mczk\/zagrozenie-terroryzmem\/","name":"Zagro\u017cenie terroryzmem - Miejskie Centrum Zarz\u0105dzania Kryzysowego","isPartOf":{"@id":"https:\/\/siemianowice.pl\/mczk\/#website"},"datePublished":"2023-03-15T12:47:34+00:00","dateModified":"2023-03-15T12:47:35+00:00","breadcrumb":{"@id":"https:\/\/siemianowice.pl\/mczk\/zagrozenie-terroryzmem\/#breadcrumb"},"inLanguage":"pl-PL","potentialAction":[{"@type":"ReadAction","target":["https:\/\/siemianowice.pl\/mczk\/zagrozenie-terroryzmem\/"]}]},{"@type":"BreadcrumbList","@id":"https:\/\/siemianowice.pl\/mczk\/zagrozenie-terroryzmem\/#breadcrumb","itemListElement":[{"@type":"ListItem","position":1,"name":"Strona g\u0142\u00f3wna","item":"https:\/\/siemianowice.pl\/mczk\/"},{"@type":"ListItem","position":2,"name":"Zagro\u017cenie terroryzmem"}]},{"@type":"WebSite","@id":"https:\/\/siemianowice.pl\/mczk\/#website","url":"https:\/\/siemianowice.pl\/mczk\/","name":"Miejskie Centrum Zarz\u0105dzania Kryzysowego","description":"BEZPIECZNE SIEMIANOWICE","potentialAction":[{"@type":"SearchAction","target":{"@type":"EntryPoint","urlTemplate":"https:\/\/siemianowice.pl\/mczk\/?s={search_term_string}"},"query-input":{"@type":"PropertyValueSpecification","valueRequired":true,"valueName":"search_term_string"}}],"inLanguage":"pl-PL"}]}},"_links":{"self":[{"href":"https:\/\/siemianowice.pl\/mczk\/wp-json\/wp\/v2\/pages\/206","targetHints":{"allow":["GET"]}}],"collection":[{"href":"https:\/\/siemianowice.pl\/mczk\/wp-json\/wp\/v2\/pages"}],"about":[{"href":"https:\/\/siemianowice.pl\/mczk\/wp-json\/wp\/v2\/types\/page"}],"author":[{"embeddable":true,"href":"https:\/\/siemianowice.pl\/mczk\/wp-json\/wp\/v2\/users\/45"}],"replies":[{"embeddable":true,"href":"https:\/\/siemianowice.pl\/mczk\/wp-json\/wp\/v2\/comments?post=206"}],"version-history":[{"count":1,"href":"https:\/\/siemianowice.pl\/mczk\/wp-json\/wp\/v2\/pages\/206\/revisions"}],"predecessor-version":[{"id":207,"href":"https:\/\/siemianowice.pl\/mczk\/wp-json\/wp\/v2\/pages\/206\/revisions\/207"}],"wp:attachment":[{"href":"https:\/\/siemianowice.pl\/mczk\/wp-json\/wp\/v2\/media?parent=206"}],"curies":[{"name":"wp","href":"https:\/\/api.w.org\/{rel}","templated":true}]}}