{"id":49,"date":"2023-01-31T13:49:46","date_gmt":"2023-01-31T12:49:46","guid":{"rendered":"https:\/\/siemianowice.pl\/mczk\/?page_id=49"},"modified":"2023-04-05T12:30:32","modified_gmt":"2023-04-05T10:30:32","slug":"gdzie-uzyskac-pomoc","status":"publish","type":"page","link":"https:\/\/siemianowice.pl\/mczk\/gdzie-uzyskac-pomoc\/","title":{"rendered":"Gdzie uzyska\u0107 pomoc?"},"content":{"rendered":"\n<p class=\"has-medium-font-size\"><a href=\"http:\/\/www.wpr.pl\/\" target=\"_blank\" rel=\"noreferrer noopener\"><strong>POGOTOWIE RATUNK<\/strong><\/a><strong><a href=\"http:\/\/www.wpr.pl\/\" target=\"_blank\" rel=\"noreferrer noopener\">OWE <\/a><a href=\"http:\/\/www.wpr.pl\/\" target=\"_blank\" rel=\"noreferrer noopener\"><\/a><\/strong><\/p>\n\n\n\n<figure class=\"wp-block-image\"><img decoding=\"async\" data-src=\"https:\/\/www.mczk.siemianowice.pl\/zdjecia\/pogotowie.jpg\" alt=\"\" src=\"data:image\/svg+xml;base64,PHN2ZyB3aWR0aD0iMSIgaGVpZ2h0PSIxIiB4bWxucz0iaHR0cDovL3d3dy53My5vcmcvMjAwMC9zdmciPjwvc3ZnPg==\" class=\"lazyload\" \/><\/figure>\n\n\n\n<p class=\"has-medium-font-size\"><a href=\"http:\/\/bip.siemianowice.katowice.kwpsp.gov.pl\/\" target=\"_blank\" rel=\"noreferrer noopener\"><\/a><a href=\"http:\/\/bip.siemianowice.katowice.kwpsp.gov.pl\/\" target=\"_blank\" rel=\"noreferrer noopener\"> <\/a><a href=\"https:\/\/www.gov.pl\/web\/kmpsp-siemianowice-slaskie\" target=\"_blank\" rel=\"noreferrer noopener\"><strong>KOMENDA MIEJSKA PA\u0143STWOWEJ STRA\u017bY PO\u017bARNEJ<\/strong> <a href=\"http:\/\/bip.siemianowice.katowice.kwpsp.gov.pl\/\" target=\"_blank\" rel=\"noreferrer noopener\"><\/a><\/a><\/p>\n\n\n\n<figure class=\"wp-block-image\"><img decoding=\"async\" data-src=\"https:\/\/www.mczk.siemianowice.pl\/zdjecia\/straz_pozarna.jpg\" alt=\"\" src=\"data:image\/svg+xml;base64,PHN2ZyB3aWR0aD0iMSIgaGVpZ2h0PSIxIiB4bWxucz0iaHR0cDovL3d3dy53My5vcmcvMjAwMC9zdmciPjwvc3ZnPg==\" class=\"lazyload\" \/><\/figure>\n\n\n\n<p class=\"has-medium-font-size\"><a href=\"http:\/\/www.siemianowice.slaska.policja.gov.pl\/\" target=\"_blank\" rel=\"noreferrer noopener\"><strong>KOMENDA MIEJSKA POLICJI<\/strong> <\/a><\/p>\n\n\n\n<figure class=\"wp-block-image\"><img decoding=\"async\" data-src=\"https:\/\/www.mczk.siemianowice.pl\/zdjecia\/policja.jpg\" alt=\"\" src=\"data:image\/svg+xml;base64,PHN2ZyB3aWR0aD0iMSIgaGVpZ2h0PSIxIiB4bWxucz0iaHR0cDovL3d3dy53My5vcmcvMjAwMC9zdmciPjwvc3ZnPg==\" class=\"lazyload\" \/><\/figure>\n\n\n\n<p class=\"has-medium-font-size\"><a href=\"http:\/\/www.sm.siemianowice.pl\" target=\"_blank\" rel=\"noreferrer noopener\"><strong>STRA\u017b MIEJSKA<\/strong> <\/a><\/p>\n\n\n\n<figure class=\"wp-block-image is-style-default\"><img decoding=\"async\" data-src=\"https:\/\/www.mczk.siemianowice.pl\/zdjecia\/straz_miejska.jpg\" alt=\"\" src=\"data:image\/svg+xml;base64,PHN2ZyB3aWR0aD0iMSIgaGVpZ2h0PSIxIiB4bWxucz0iaHR0cDovL3d3dy53My5vcmcvMjAwMC9zdmciPjwvc3ZnPg==\" class=\"lazyload\" \/><\/figure>\n","protected":false},"excerpt":{"rendered":"<p>POGOTOWIE RATUNKOWE KOMENDA MIEJSKA PA\u0143STWOWEJ STRA\u017bY PO\u017bARNEJ KOMENDA MIEJSKA POLICJI STRA\u017b MIEJSKA<\/p>\n","protected":false},"author":41,"featured_media":0,"parent":0,"menu_order":0,"comment_status":"closed","ping_status":"closed","template":"","meta":{"_acf_changed":false,"footnotes":""},"class_list":["post-49","page","type-page","status-publish","hentry"],"acf":[],"yoast_head":"<!-- This site is optimized with the Yoast SEO plugin v26.9 - https:\/\/yoast.com\/product\/yoast-seo-wordpress\/ -->\n<title>Gdzie uzyska\u0107 pomoc? - Miejskie Centrum Zarz\u0105dzania Kryzysowego<\/title>\n<meta name=\"robots\" content=\"index, follow, max-snippet:-1, max-image-preview:large, max-video-preview:-1\" \/>\n<link rel=\"canonical\" href=\"https:\/\/siemianowice.pl\/mczk\/gdzie-uzyskac-pomoc\/\" \/>\n<meta property=\"og:locale\" content=\"pl_PL\" \/>\n<meta property=\"og:type\" content=\"article\" \/>\n<meta property=\"og:title\" content=\"Gdzie uzyska\u0107 pomoc? - Miejskie Centrum Zarz\u0105dzania Kryzysowego\" \/>\n<meta property=\"og:description\" content=\"POGOTOWIE RATUNKOWE KOMENDA MIEJSKA PA\u0143STWOWEJ STRA\u017bY PO\u017bARNEJ KOMENDA MIEJSKA POLICJI STRA\u017b MIEJSKA\" \/>\n<meta property=\"og:url\" content=\"https:\/\/siemianowice.pl\/mczk\/gdzie-uzyskac-pomoc\/\" \/>\n<meta property=\"og:site_name\" content=\"Miejskie Centrum Zarz\u0105dzania Kryzysowego\" \/>\n<meta property=\"article:modified_time\" content=\"2023-04-05T10:30:32+00:00\" \/>\n<meta property=\"og:image\" content=\"https:\/\/www.mczk.siemianowice.pl\/zdjecia\/pogotowie.jpg\" \/>\n<meta name=\"twitter:card\" content=\"summary_large_image\" \/>\n<meta name=\"twitter:label1\" content=\"Szacowany czas czytania\" \/>\n\t<meta name=\"twitter:data1\" content=\"1 minuta\" \/>\n<script type=\"application\/ld+json\" class=\"yoast-schema-graph\">{\"@context\":\"https:\/\/schema.org\",\"@graph\":[{\"@type\":\"WebPage\",\"@id\":\"https:\/\/siemianowice.pl\/mczk\/gdzie-uzyskac-pomoc\/\",\"url\":\"https:\/\/siemianowice.pl\/mczk\/gdzie-uzyskac-pomoc\/\",\"name\":\"Gdzie uzyska\u0107 pomoc? - Miejskie Centrum Zarz\u0105dzania Kryzysowego\",\"isPartOf\":{\"@id\":\"https:\/\/siemianowice.pl\/mczk\/#website\"},\"primaryImageOfPage\":{\"@id\":\"https:\/\/siemianowice.pl\/mczk\/gdzie-uzyskac-pomoc\/#primaryimage\"},\"image\":{\"@id\":\"https:\/\/siemianowice.pl\/mczk\/gdzie-uzyskac-pomoc\/#primaryimage\"},\"thumbnailUrl\":\"https:\/\/www.mczk.siemianowice.pl\/zdjecia\/pogotowie.jpg\",\"datePublished\":\"2023-01-31T12:49:46+00:00\",\"dateModified\":\"2023-04-05T10:30:32+00:00\",\"breadcrumb\":{\"@id\":\"https:\/\/siemianowice.pl\/mczk\/gdzie-uzyskac-pomoc\/#breadcrumb\"},\"inLanguage\":\"pl-PL\",\"potentialAction\":[{\"@type\":\"ReadAction\",\"target\":[\"https:\/\/siemianowice.pl\/mczk\/gdzie-uzyskac-pomoc\/\"]}]},{\"@type\":\"ImageObject\",\"inLanguage\":\"pl-PL\",\"@id\":\"https:\/\/siemianowice.pl\/mczk\/gdzie-uzyskac-pomoc\/#primaryimage\",\"url\":\"https:\/\/www.mczk.siemianowice.pl\/zdjecia\/pogotowie.jpg\",\"contentUrl\":\"https:\/\/www.mczk.siemianowice.pl\/zdjecia\/pogotowie.jpg\"},{\"@type\":\"BreadcrumbList\",\"@id\":\"https:\/\/siemianowice.pl\/mczk\/gdzie-uzyskac-pomoc\/#breadcrumb\",\"itemListElement\":[{\"@type\":\"ListItem\",\"position\":1,\"name\":\"Strona g\u0142\u00f3wna\",\"item\":\"https:\/\/siemianowice.pl\/mczk\/\"},{\"@type\":\"ListItem\",\"position\":2,\"name\":\"Gdzie uzyska\u0107 pomoc?\"}]},{\"@type\":\"WebSite\",\"@id\":\"https:\/\/siemianowice.pl\/mczk\/#website\",\"url\":\"https:\/\/siemianowice.pl\/mczk\/\",\"name\":\"Miejskie Centrum Zarz\u0105dzania Kryzysowego\",\"description\":\"BEZPIECZNE SIEMIANOWICE\",\"potentialAction\":[{\"@type\":\"SearchAction\",\"target\":{\"@type\":\"EntryPoint\",\"urlTemplate\":\"https:\/\/siemianowice.pl\/mczk\/?s={search_term_string}\"},\"query-input\":{\"@type\":\"PropertyValueSpecification\",\"valueRequired\":true,\"valueName\":\"search_term_string\"}}],\"inLanguage\":\"pl-PL\"}]}<\/script>\n<!-- \/ Yoast SEO plugin. -->","yoast_head_json":{"title":"Gdzie uzyska\u0107 pomoc? - Miejskie Centrum Zarz\u0105dzania Kryzysowego","robots":{"index":"index","follow":"follow","max-snippet":"max-snippet:-1","max-image-preview":"max-image-preview:large","max-video-preview":"max-video-preview:-1"},"canonical":"https:\/\/siemianowice.pl\/mczk\/gdzie-uzyskac-pomoc\/","og_locale":"pl_PL","og_type":"article","og_title":"Gdzie uzyska\u0107 pomoc? - Miejskie Centrum Zarz\u0105dzania Kryzysowego","og_description":"POGOTOWIE RATUNKOWE KOMENDA MIEJSKA PA\u0143STWOWEJ STRA\u017bY PO\u017bARNEJ KOMENDA MIEJSKA POLICJI STRA\u017b MIEJSKA","og_url":"https:\/\/siemianowice.pl\/mczk\/gdzie-uzyskac-pomoc\/","og_site_name":"Miejskie Centrum Zarz\u0105dzania Kryzysowego","article_modified_time":"2023-04-05T10:30:32+00:00","og_image":[{"url":"https:\/\/www.mczk.siemianowice.pl\/zdjecia\/pogotowie.jpg","type":"","width":"","height":""}],"twitter_card":"summary_large_image","twitter_misc":{"Szacowany czas czytania":"1 minuta"},"schema":{"@context":"https:\/\/schema.org","@graph":[{"@type":"WebPage","@id":"https:\/\/siemianowice.pl\/mczk\/gdzie-uzyskac-pomoc\/","url":"https:\/\/siemianowice.pl\/mczk\/gdzie-uzyskac-pomoc\/","name":"Gdzie uzyska\u0107 pomoc? - Miejskie Centrum Zarz\u0105dzania Kryzysowego","isPartOf":{"@id":"https:\/\/siemianowice.pl\/mczk\/#website"},"primaryImageOfPage":{"@id":"https:\/\/siemianowice.pl\/mczk\/gdzie-uzyskac-pomoc\/#primaryimage"},"image":{"@id":"https:\/\/siemianowice.pl\/mczk\/gdzie-uzyskac-pomoc\/#primaryimage"},"thumbnailUrl":"https:\/\/www.mczk.siemianowice.pl\/zdjecia\/pogotowie.jpg","datePublished":"2023-01-31T12:49:46+00:00","dateModified":"2023-04-05T10:30:32+00:00","breadcrumb":{"@id":"https:\/\/siemianowice.pl\/mczk\/gdzie-uzyskac-pomoc\/#breadcrumb"},"inLanguage":"pl-PL","potentialAction":[{"@type":"ReadAction","target":["https:\/\/siemianowice.pl\/mczk\/gdzie-uzyskac-pomoc\/"]}]},{"@type":"ImageObject","inLanguage":"pl-PL","@id":"https:\/\/siemianowice.pl\/mczk\/gdzie-uzyskac-pomoc\/#primaryimage","url":"https:\/\/www.mczk.siemianowice.pl\/zdjecia\/pogotowie.jpg","contentUrl":"https:\/\/www.mczk.siemianowice.pl\/zdjecia\/pogotowie.jpg"},{"@type":"BreadcrumbList","@id":"https:\/\/siemianowice.pl\/mczk\/gdzie-uzyskac-pomoc\/#breadcrumb","itemListElement":[{"@type":"ListItem","position":1,"name":"Strona g\u0142\u00f3wna","item":"https:\/\/siemianowice.pl\/mczk\/"},{"@type":"ListItem","position":2,"name":"Gdzie uzyska\u0107 pomoc?"}]},{"@type":"WebSite","@id":"https:\/\/siemianowice.pl\/mczk\/#website","url":"https:\/\/siemianowice.pl\/mczk\/","name":"Miejskie Centrum Zarz\u0105dzania Kryzysowego","description":"BEZPIECZNE SIEMIANOWICE","potentialAction":[{"@type":"SearchAction","target":{"@type":"EntryPoint","urlTemplate":"https:\/\/siemianowice.pl\/mczk\/?s={search_term_string}"},"query-input":{"@type":"PropertyValueSpecification","valueRequired":true,"valueName":"search_term_string"}}],"inLanguage":"pl-PL"}]}},"_links":{"self":[{"href":"https:\/\/siemianowice.pl\/mczk\/wp-json\/wp\/v2\/pages\/49","targetHints":{"allow":["GET"]}}],"collection":[{"href":"https:\/\/siemianowice.pl\/mczk\/wp-json\/wp\/v2\/pages"}],"about":[{"href":"https:\/\/siemianowice.pl\/mczk\/wp-json\/wp\/v2\/types\/page"}],"author":[{"embeddable":true,"href":"https:\/\/siemianowice.pl\/mczk\/wp-json\/wp\/v2\/users\/41"}],"replies":[{"embeddable":true,"href":"https:\/\/siemianowice.pl\/mczk\/wp-json\/wp\/v2\/comments?post=49"}],"version-history":[{"count":3,"href":"https:\/\/siemianowice.pl\/mczk\/wp-json\/wp\/v2\/pages\/49\/revisions"}],"predecessor-version":[{"id":230,"href":"https:\/\/siemianowice.pl\/mczk\/wp-json\/wp\/v2\/pages\/49\/revisions\/230"}],"wp:attachment":[{"href":"https:\/\/siemianowice.pl\/mczk\/wp-json\/wp\/v2\/media?parent=49"}],"curies":[{"name":"wp","href":"https:\/\/api.w.org\/{rel}","templated":true}]}}