{"id":51,"date":"2023-01-31T13:50:47","date_gmt":"2023-01-31T12:50:47","guid":{"rendered":"https:\/\/siemianowice.pl\/mczk\/?page_id=51"},"modified":"2023-03-29T09:15:12","modified_gmt":"2023-03-29T07:15:12","slug":"pozostale-sluzby","status":"publish","type":"page","link":"https:\/\/siemianowice.pl\/mczk\/pozostale-sluzby\/","title":{"rendered":"Pozosta\u0142e S\u0142u\u017cby"},"content":{"rendered":"\n<p class=\"has-medium-font-size\"><a href=\"https:\/\/www.gov.pl\/web\/rcb\" target=\"_blank\" rel=\"noreferrer noopener\"><strong>RZ\u0104DOWE CENTRUM BEZPIECZE\u0143STWA<\/strong><\/a><\/p>\n\n\n\n<p class=\"has-medium-font-size\"><a href=\"https:\/\/www.facebook.com\/Ochotnicza-Stra%C5%BC-Po%C5%BCarna-w-Siemianowicach-%C5%9Al%C4%85skich-115012825241077\/\" target=\"_blank\" rel=\"noreferrer noopener nofollow\"><strong>OCHOTNICZA STRA\u017b PO\u017bARNA<\/strong><\/a><\/p>\n\n\n\n<p class=\"has-medium-font-size\"><strong><a href=\"https:\/\/www.gov.pl\/web\/kmpsp-siemianowice-slaskie\" target=\"_blank\" rel=\"noreferrer noopener\">KOMENDA MIEJSKA PA\u0143STWOWEJ STRA\u017bY PO\u017bARNEJ<\/a> <\/strong><\/p>\n\n\n\n<p class=\"has-medium-font-size\"><a href=\"http:\/\/www.oik.siemianowice.pl\/\" target=\"_blank\" rel=\"noreferrer noopener nofollow\"><strong>O\u015aRODEK INTERWENCJI KRYZYSOWEJ<\/strong><\/a><\/p>\n\n\n\n<p class=\"has-medium-font-size\"><strong><a href=\"https:\/\/siemianowice-slaskie.policja.gov.pl\/\" target=\"_blank\" rel=\"noreferrer noopener\">KOMENDA MIEJSKA POLICJI<\/a><\/strong><\/p>\n\n\n\n<p class=\"has-medium-font-size\"><a href=\"https:\/\/www.facebook.com\/pages\/category\/org-general\/Stra%C5%BC-Miejska-w-Siemianowicach-%C5%9Al%C4%85skich-557220941147509\/?locale=pl_PL\" target=\"_blank\" rel=\"noreferrer noopener\"><strong>STRA\u017b MIEJSKA<\/strong><\/a><\/p>\n\n\n\n<p class=\"has-medium-font-size\"><a href=\"http:\/\/www.zozsiemianowice.pl\/\" target=\"_blank\" rel=\"noreferrer noopener\"><strong>SZPITAL MIEJSKI<\/strong><\/a><\/p>\n\n\n\n<p class=\"has-medium-font-size\"><a href=\"http:\/\/www.pinb.siemianowice.pl\/\" target=\"_blank\" rel=\"noreferrer noopener nofollow\"><strong>POWIATOWY INSPEKTORAT NADZORU BUDOWLANEGO<\/strong><\/a><\/p>\n\n\n\n<p class=\"has-medium-font-size\"><a href=\"http:\/\/www.mops.siemianowice.pl\/\" target=\"_blank\" rel=\"noreferrer noopener nofollow\"><strong>MIEJSKI O\u015aRODEK POMOCY SPO\u0141ECZNEJ<\/strong><\/a><\/p>\n","protected":false},"excerpt":{"rendered":"<p>RZ\u0104DOWE CENTRUM BEZPIECZE\u0143STWA OCHOTNICZA STRA\u017b PO\u017bARNA KOMENDA MIEJSKA PA\u0143STWOWEJ STRA\u017bY PO\u017bARNEJ O\u015aRODEK INTERWENCJI KRYZYSOWEJ KOMENDA MIEJSKA POLICJI STRA\u017b MIEJSKA SZPITAL MIEJSKI POWIATOWY INSPEKTORAT NADZORU BUDOWLANEGO MIEJSKI O\u015aRODEK POMOCY SPO\u0141ECZNEJ<\/p>\n","protected":false},"author":41,"featured_media":0,"parent":0,"menu_order":0,"comment_status":"closed","ping_status":"closed","template":"","meta":{"_acf_changed":false,"footnotes":""},"class_list":["post-51","page","type-page","status-publish","hentry"],"acf":[],"yoast_head":"<!-- This site is optimized with the Yoast SEO plugin v26.9 - https:\/\/yoast.com\/product\/yoast-seo-wordpress\/ -->\n<title>Pozosta\u0142e S\u0142u\u017cby - Miejskie Centrum Zarz\u0105dzania Kryzysowego<\/title>\n<meta name=\"robots\" content=\"index, follow, max-snippet:-1, max-image-preview:large, max-video-preview:-1\" \/>\n<link rel=\"canonical\" href=\"https:\/\/siemianowice.pl\/mczk\/pozostale-sluzby\/\" \/>\n<meta property=\"og:locale\" content=\"pl_PL\" \/>\n<meta property=\"og:type\" content=\"article\" \/>\n<meta property=\"og:title\" content=\"Pozosta\u0142e S\u0142u\u017cby - Miejskie Centrum Zarz\u0105dzania Kryzysowego\" \/>\n<meta property=\"og:description\" content=\"RZ\u0104DOWE CENTRUM BEZPIECZE\u0143STWA OCHOTNICZA STRA\u017b PO\u017bARNA KOMENDA MIEJSKA PA\u0143STWOWEJ STRA\u017bY PO\u017bARNEJ O\u015aRODEK INTERWENCJI KRYZYSOWEJ KOMENDA MIEJSKA POLICJI STRA\u017b MIEJSKA SZPITAL MIEJSKI POWIATOWY INSPEKTORAT NADZORU BUDOWLANEGO MIEJSKI O\u015aRODEK POMOCY SPO\u0141ECZNEJ\" \/>\n<meta property=\"og:url\" content=\"https:\/\/siemianowice.pl\/mczk\/pozostale-sluzby\/\" \/>\n<meta property=\"og:site_name\" content=\"Miejskie Centrum Zarz\u0105dzania Kryzysowego\" \/>\n<meta property=\"article:modified_time\" content=\"2023-03-29T07:15:12+00:00\" \/>\n<meta name=\"twitter:card\" content=\"summary_large_image\" \/>\n<meta name=\"twitter:label1\" content=\"Szacowany czas czytania\" \/>\n\t<meta name=\"twitter:data1\" content=\"1 minuta\" \/>\n<script type=\"application\/ld+json\" class=\"yoast-schema-graph\">{\"@context\":\"https:\/\/schema.org\",\"@graph\":[{\"@type\":\"WebPage\",\"@id\":\"https:\/\/siemianowice.pl\/mczk\/pozostale-sluzby\/\",\"url\":\"https:\/\/siemianowice.pl\/mczk\/pozostale-sluzby\/\",\"name\":\"Pozosta\u0142e S\u0142u\u017cby - Miejskie Centrum Zarz\u0105dzania Kryzysowego\",\"isPartOf\":{\"@id\":\"https:\/\/siemianowice.pl\/mczk\/#website\"},\"datePublished\":\"2023-01-31T12:50:47+00:00\",\"dateModified\":\"2023-03-29T07:15:12+00:00\",\"breadcrumb\":{\"@id\":\"https:\/\/siemianowice.pl\/mczk\/pozostale-sluzby\/#breadcrumb\"},\"inLanguage\":\"pl-PL\",\"potentialAction\":[{\"@type\":\"ReadAction\",\"target\":[\"https:\/\/siemianowice.pl\/mczk\/pozostale-sluzby\/\"]}]},{\"@type\":\"BreadcrumbList\",\"@id\":\"https:\/\/siemianowice.pl\/mczk\/pozostale-sluzby\/#breadcrumb\",\"itemListElement\":[{\"@type\":\"ListItem\",\"position\":1,\"name\":\"Strona g\u0142\u00f3wna\",\"item\":\"https:\/\/siemianowice.pl\/mczk\/\"},{\"@type\":\"ListItem\",\"position\":2,\"name\":\"Pozosta\u0142e S\u0142u\u017cby\"}]},{\"@type\":\"WebSite\",\"@id\":\"https:\/\/siemianowice.pl\/mczk\/#website\",\"url\":\"https:\/\/siemianowice.pl\/mczk\/\",\"name\":\"Miejskie Centrum Zarz\u0105dzania Kryzysowego\",\"description\":\"BEZPIECZNE SIEMIANOWICE\",\"potentialAction\":[{\"@type\":\"SearchAction\",\"target\":{\"@type\":\"EntryPoint\",\"urlTemplate\":\"https:\/\/siemianowice.pl\/mczk\/?s={search_term_string}\"},\"query-input\":{\"@type\":\"PropertyValueSpecification\",\"valueRequired\":true,\"valueName\":\"search_term_string\"}}],\"inLanguage\":\"pl-PL\"}]}<\/script>\n<!-- \/ Yoast SEO plugin. -->","yoast_head_json":{"title":"Pozosta\u0142e S\u0142u\u017cby - Miejskie Centrum Zarz\u0105dzania Kryzysowego","robots":{"index":"index","follow":"follow","max-snippet":"max-snippet:-1","max-image-preview":"max-image-preview:large","max-video-preview":"max-video-preview:-1"},"canonical":"https:\/\/siemianowice.pl\/mczk\/pozostale-sluzby\/","og_locale":"pl_PL","og_type":"article","og_title":"Pozosta\u0142e S\u0142u\u017cby - Miejskie Centrum Zarz\u0105dzania Kryzysowego","og_description":"RZ\u0104DOWE CENTRUM BEZPIECZE\u0143STWA OCHOTNICZA STRA\u017b PO\u017bARNA KOMENDA MIEJSKA PA\u0143STWOWEJ STRA\u017bY PO\u017bARNEJ O\u015aRODEK INTERWENCJI KRYZYSOWEJ KOMENDA MIEJSKA POLICJI STRA\u017b MIEJSKA SZPITAL MIEJSKI POWIATOWY INSPEKTORAT NADZORU BUDOWLANEGO MIEJSKI O\u015aRODEK POMOCY SPO\u0141ECZNEJ","og_url":"https:\/\/siemianowice.pl\/mczk\/pozostale-sluzby\/","og_site_name":"Miejskie Centrum Zarz\u0105dzania Kryzysowego","article_modified_time":"2023-03-29T07:15:12+00:00","twitter_card":"summary_large_image","twitter_misc":{"Szacowany czas czytania":"1 minuta"},"schema":{"@context":"https:\/\/schema.org","@graph":[{"@type":"WebPage","@id":"https:\/\/siemianowice.pl\/mczk\/pozostale-sluzby\/","url":"https:\/\/siemianowice.pl\/mczk\/pozostale-sluzby\/","name":"Pozosta\u0142e S\u0142u\u017cby - Miejskie Centrum Zarz\u0105dzania Kryzysowego","isPartOf":{"@id":"https:\/\/siemianowice.pl\/mczk\/#website"},"datePublished":"2023-01-31T12:50:47+00:00","dateModified":"2023-03-29T07:15:12+00:00","breadcrumb":{"@id":"https:\/\/siemianowice.pl\/mczk\/pozostale-sluzby\/#breadcrumb"},"inLanguage":"pl-PL","potentialAction":[{"@type":"ReadAction","target":["https:\/\/siemianowice.pl\/mczk\/pozostale-sluzby\/"]}]},{"@type":"BreadcrumbList","@id":"https:\/\/siemianowice.pl\/mczk\/pozostale-sluzby\/#breadcrumb","itemListElement":[{"@type":"ListItem","position":1,"name":"Strona g\u0142\u00f3wna","item":"https:\/\/siemianowice.pl\/mczk\/"},{"@type":"ListItem","position":2,"name":"Pozosta\u0142e S\u0142u\u017cby"}]},{"@type":"WebSite","@id":"https:\/\/siemianowice.pl\/mczk\/#website","url":"https:\/\/siemianowice.pl\/mczk\/","name":"Miejskie Centrum Zarz\u0105dzania Kryzysowego","description":"BEZPIECZNE SIEMIANOWICE","potentialAction":[{"@type":"SearchAction","target":{"@type":"EntryPoint","urlTemplate":"https:\/\/siemianowice.pl\/mczk\/?s={search_term_string}"},"query-input":{"@type":"PropertyValueSpecification","valueRequired":true,"valueName":"search_term_string"}}],"inLanguage":"pl-PL"}]}},"_links":{"self":[{"href":"https:\/\/siemianowice.pl\/mczk\/wp-json\/wp\/v2\/pages\/51","targetHints":{"allow":["GET"]}}],"collection":[{"href":"https:\/\/siemianowice.pl\/mczk\/wp-json\/wp\/v2\/pages"}],"about":[{"href":"https:\/\/siemianowice.pl\/mczk\/wp-json\/wp\/v2\/types\/page"}],"author":[{"embeddable":true,"href":"https:\/\/siemianowice.pl\/mczk\/wp-json\/wp\/v2\/users\/41"}],"replies":[{"embeddable":true,"href":"https:\/\/siemianowice.pl\/mczk\/wp-json\/wp\/v2\/comments?post=51"}],"version-history":[{"count":7,"href":"https:\/\/siemianowice.pl\/mczk\/wp-json\/wp\/v2\/pages\/51\/revisions"}],"predecessor-version":[{"id":227,"href":"https:\/\/siemianowice.pl\/mczk\/wp-json\/wp\/v2\/pages\/51\/revisions\/227"}],"wp:attachment":[{"href":"https:\/\/siemianowice.pl\/mczk\/wp-json\/wp\/v2\/media?parent=51"}],"curies":[{"name":"wp","href":"https:\/\/api.w.org\/{rel}","templated":true}]}}