{"id":2,"date":"2021-07-22T10:52:36","date_gmt":"2021-07-22T08:52:36","guid":{"rendered":"https:\/\/89.25.206.54\/wp-temp\/mops\/?page_id=2"},"modified":"2022-03-31T12:48:30","modified_gmt":"2022-03-31T10:48:30","slug":"przykladowa-strona","status":"publish","type":"page","link":"https:\/\/siemianowice.pl\/mops\/przykladowa-strona\/","title":{"rendered":"Wa\u017cne adresy"},"content":{"rendered":"\n<p>ul. Szkolna 17, 41-100 Siemianowice \u015al\u0105skie<\/p>\n\n\n\n<blockquote class=\"wp-block-quote is-layout-flow wp-block-quote-is-layout-flow\"><p>Cze\u015b\u0107! Za dnia jestem kurierem rowerowym, noc\u0105 pr\u00f3buj\u0119 swoich si\u0142 w aktorstwie, a to jest moja witryna. Mieszkam w Krakowie, mam wspania\u0142ego psa kt\u00f3ry wabi si\u0119 Reks i lubi\u0119 pi\u00f1a colad\u0119 (oraz spacery, gdy pada deszcz).<\/p><\/blockquote>\n\n\n\n<blockquote class=\"wp-block-quote is-layout-flow wp-block-quote-is-layout-flow\"><p>A ja idu szagaju po Moskwie<\/p><\/blockquote>\n\n\n\n<p>&#8230;albo co\u015b takiego:<\/p>\n\n\n\n<blockquote class=\"wp-block-quote is-layout-flow wp-block-quote-is-layout-flow\"><p>Firma XYZ Doohickey zosta\u0142a za\u0142o\u017cona w 1971 roku i od tamtej pory dostarcza spo\u0142ecze\u0144stwu dobrej jako\u015bci gad\u017cety. Znajduj\u0105ca si\u0119 w Gotham City XYZ zatrudnia ponad 2000 os\u00f3b i robi niesamowite rzeczy dla spo\u0142eczno\u015bci Gotham.<\/p><\/blockquote>\n\n\n\n<p>Jako nowy u\u017cytkownik WordPressa, powiniene\u015b przej\u015b\u0107 do <a href=\"https:\/\/siemianowice.pl\/wp-temp\/mops\/wp-admin\/\">swojego kokpitu<\/a> aby usun\u0105\u0107 t\u0119 stron\u0119 i stworzy\u0107 nowe z w\u0142asn\u0105 tre\u015bci\u0105. Dobrej zabawy!<\/p>\n","protected":false},"excerpt":{"rendered":"<p>ul. Szkolna 17, 41-100 Siemianowice \u015al\u0105skie Cze\u015b\u0107! Za dnia jestem kurierem rowerowym, noc\u0105 pr\u00f3buj\u0119 swoich si\u0142 w aktorstwie, a to jest moja witryna. Mieszkam w Krakowie, mam wspania\u0142ego psa kt\u00f3ry wabi si\u0119 Reks i lubi\u0119 pi\u00f1a colad\u0119 (oraz spacery, gdy pada deszcz). A ja idu szagaju po Moskwie &#8230;albo co\u015b takiego: Firma XYZ Doohickey zosta\u0142a [&hellip;]<\/p>\n","protected":false},"author":1,"featured_media":0,"parent":0,"menu_order":0,"comment_status":"closed","ping_status":"open","template":"","meta":{"_acf_changed":false,"footnotes":""},"class_list":["post-2","page","type-page","status-publish","hentry"],"acf":[],"yoast_head":"<!-- This site is optimized with the Yoast SEO plugin v26.9 - https:\/\/yoast.com\/product\/yoast-seo-wordpress\/ -->\n<title>Wa\u017cne adresy - MOPS<\/title>\n<meta name=\"description\" content=\"Miejski O\u015brodek Pomocy Spo\u0142ecznej apeluje do mieszka\u0144c\u00f3w Siemianowic \u015al\u0105skich aby w miar\u0119 mo\u017cliwo\u015bci sprawy urz\u0119dowe w MOPS za\u0142atwia\u0107 telefonicznie b\u0105d\u017a drog\u0105 elektroniczn\u0105. W trosce o wsp\u00f3lne bezpiecze\u0144stwo i zminimalizowanie ryzyka ewentualnego zara\u017cenia koronawirusem apelujemy aby nie wychodzi\u0107 z domu, je\u017celi nie ma takiej konieczno\u015bci.Prosimy o kontakt telefoniczny b\u0105d\u017a mailowy. Sekretariat: 32 765 62 47e-mail: mops@mops.siemianowice.plfax: 32 765 62 19 %\" \/>\n<meta name=\"robots\" content=\"index, follow, max-snippet:-1, max-image-preview:large, max-video-preview:-1\" \/>\n<link rel=\"canonical\" href=\"https:\/\/siemianowice.pl\/mops\/przykladowa-strona\/\" \/>\n<meta property=\"og:locale\" content=\"pl_PL\" \/>\n<meta property=\"og:type\" content=\"article\" \/>\n<meta property=\"og:title\" content=\"Wa\u017cne adresy - MOPS\" \/>\n<meta property=\"og:description\" content=\"Miejski O\u015brodek Pomocy Spo\u0142ecznej apeluje do mieszka\u0144c\u00f3w Siemianowic \u015al\u0105skich aby w miar\u0119 mo\u017cliwo\u015bci sprawy urz\u0119dowe w MOPS za\u0142atwia\u0107 telefonicznie b\u0105d\u017a drog\u0105 elektroniczn\u0105. W trosce o wsp\u00f3lne bezpiecze\u0144stwo i zminimalizowanie ryzyka ewentualnego zara\u017cenia koronawirusem apelujemy aby nie wychodzi\u0107 z domu, je\u017celi nie ma takiej konieczno\u015bci.Prosimy o kontakt telefoniczny b\u0105d\u017a mailowy. Sekretariat: 32 765 62 47e-mail: mops@mops.siemianowice.plfax: 32 765 62 19 %\" \/>\n<meta property=\"og:url\" content=\"https:\/\/siemianowice.pl\/mops\/przykladowa-strona\/\" \/>\n<meta property=\"og:site_name\" content=\"MOPS\" \/>\n<meta property=\"article:modified_time\" content=\"2022-03-31T10:48:30+00:00\" \/>\n<meta name=\"twitter:card\" content=\"summary_large_image\" \/>\n<meta name=\"twitter:label1\" content=\"Szacowany czas czytania\" \/>\n\t<meta name=\"twitter:data1\" content=\"1 minuta\" \/>\n<script type=\"application\/ld+json\" class=\"yoast-schema-graph\">{\"@context\":\"https:\/\/schema.org\",\"@graph\":[{\"@type\":\"WebPage\",\"@id\":\"https:\/\/siemianowice.pl\/mops\/przykladowa-strona\/\",\"url\":\"https:\/\/siemianowice.pl\/mops\/przykladowa-strona\/\",\"name\":\"Wa\u017cne adresy - MOPS\",\"isPartOf\":{\"@id\":\"https:\/\/siemianowice.pl\/mops\/#website\"},\"datePublished\":\"2021-07-22T08:52:36+00:00\",\"dateModified\":\"2022-03-31T10:48:30+00:00\",\"description\":\"Miejski O\u015brodek Pomocy Spo\u0142ecznej apeluje do mieszka\u0144c\u00f3w Siemianowic \u015al\u0105skich aby w miar\u0119 mo\u017cliwo\u015bci sprawy urz\u0119dowe w MOPS za\u0142atwia\u0107 telefonicznie b\u0105d\u017a drog\u0105 elektroniczn\u0105. W trosce o wsp\u00f3lne bezpiecze\u0144stwo i zminimalizowanie ryzyka ewentualnego zara\u017cenia koronawirusem apelujemy aby nie wychodzi\u0107 z domu, je\u017celi nie ma takiej konieczno\u015bci.Prosimy o kontakt telefoniczny b\u0105d\u017a mailowy. Sekretariat: 32 765 62 47e-mail: mops@mops.siemianowice.plfax: 32 765 62 19 %\",\"breadcrumb\":{\"@id\":\"https:\/\/siemianowice.pl\/mops\/przykladowa-strona\/#breadcrumb\"},\"inLanguage\":\"pl-PL\",\"potentialAction\":[{\"@type\":\"ReadAction\",\"target\":[\"https:\/\/siemianowice.pl\/mops\/przykladowa-strona\/\"]}]},{\"@type\":\"BreadcrumbList\",\"@id\":\"https:\/\/siemianowice.pl\/mops\/przykladowa-strona\/#breadcrumb\",\"itemListElement\":[{\"@type\":\"ListItem\",\"position\":1,\"name\":\"Strona g\u0142\u00f3wna\",\"item\":\"https:\/\/siemianowice.pl\/mops\/\"},{\"@type\":\"ListItem\",\"position\":2,\"name\":\"Wa\u017cne adresy\"}]},{\"@type\":\"WebSite\",\"@id\":\"https:\/\/siemianowice.pl\/mops\/#website\",\"url\":\"https:\/\/siemianowice.pl\/mops\/\",\"name\":\"MOPS\",\"description\":\"Miejski O\u015brodek Pomocy Spo\u0142ecznej\",\"potentialAction\":[{\"@type\":\"SearchAction\",\"target\":{\"@type\":\"EntryPoint\",\"urlTemplate\":\"https:\/\/siemianowice.pl\/mops\/?s={search_term_string}\"},\"query-input\":{\"@type\":\"PropertyValueSpecification\",\"valueRequired\":true,\"valueName\":\"search_term_string\"}}],\"inLanguage\":\"pl-PL\"}]}<\/script>\n<!-- \/ Yoast SEO plugin. -->","yoast_head_json":{"title":"Wa\u017cne adresy - MOPS","description":"Miejski O\u015brodek Pomocy Spo\u0142ecznej apeluje do mieszka\u0144c\u00f3w Siemianowic \u015al\u0105skich aby w miar\u0119 mo\u017cliwo\u015bci sprawy urz\u0119dowe w MOPS za\u0142atwia\u0107 telefonicznie b\u0105d\u017a drog\u0105 elektroniczn\u0105. W trosce o wsp\u00f3lne bezpiecze\u0144stwo i zminimalizowanie ryzyka ewentualnego zara\u017cenia koronawirusem apelujemy aby nie wychodzi\u0107 z domu, je\u017celi nie ma takiej konieczno\u015bci.Prosimy o kontakt telefoniczny b\u0105d\u017a mailowy. Sekretariat: 32 765 62 47e-mail: mops@mops.siemianowice.plfax: 32 765 62 19 %","robots":{"index":"index","follow":"follow","max-snippet":"max-snippet:-1","max-image-preview":"max-image-preview:large","max-video-preview":"max-video-preview:-1"},"canonical":"https:\/\/siemianowice.pl\/mops\/przykladowa-strona\/","og_locale":"pl_PL","og_type":"article","og_title":"Wa\u017cne adresy - MOPS","og_description":"Miejski O\u015brodek Pomocy Spo\u0142ecznej apeluje do mieszka\u0144c\u00f3w Siemianowic \u015al\u0105skich aby w miar\u0119 mo\u017cliwo\u015bci sprawy urz\u0119dowe w MOPS za\u0142atwia\u0107 telefonicznie b\u0105d\u017a drog\u0105 elektroniczn\u0105. W trosce o wsp\u00f3lne bezpiecze\u0144stwo i zminimalizowanie ryzyka ewentualnego zara\u017cenia koronawirusem apelujemy aby nie wychodzi\u0107 z domu, je\u017celi nie ma takiej konieczno\u015bci.Prosimy o kontakt telefoniczny b\u0105d\u017a mailowy. Sekretariat: 32 765 62 47e-mail: mops@mops.siemianowice.plfax: 32 765 62 19 %","og_url":"https:\/\/siemianowice.pl\/mops\/przykladowa-strona\/","og_site_name":"MOPS","article_modified_time":"2022-03-31T10:48:30+00:00","twitter_card":"summary_large_image","twitter_misc":{"Szacowany czas czytania":"1 minuta"},"schema":{"@context":"https:\/\/schema.org","@graph":[{"@type":"WebPage","@id":"https:\/\/siemianowice.pl\/mops\/przykladowa-strona\/","url":"https:\/\/siemianowice.pl\/mops\/przykladowa-strona\/","name":"Wa\u017cne adresy - MOPS","isPartOf":{"@id":"https:\/\/siemianowice.pl\/mops\/#website"},"datePublished":"2021-07-22T08:52:36+00:00","dateModified":"2022-03-31T10:48:30+00:00","description":"Miejski O\u015brodek Pomocy Spo\u0142ecznej apeluje do mieszka\u0144c\u00f3w Siemianowic \u015al\u0105skich aby w miar\u0119 mo\u017cliwo\u015bci sprawy urz\u0119dowe w MOPS za\u0142atwia\u0107 telefonicznie b\u0105d\u017a drog\u0105 elektroniczn\u0105. W trosce o wsp\u00f3lne bezpiecze\u0144stwo i zminimalizowanie ryzyka ewentualnego zara\u017cenia koronawirusem apelujemy aby nie wychodzi\u0107 z domu, je\u017celi nie ma takiej konieczno\u015bci.Prosimy o kontakt telefoniczny b\u0105d\u017a mailowy. Sekretariat: 32 765 62 47e-mail: mops@mops.siemianowice.plfax: 32 765 62 19 %","breadcrumb":{"@id":"https:\/\/siemianowice.pl\/mops\/przykladowa-strona\/#breadcrumb"},"inLanguage":"pl-PL","potentialAction":[{"@type":"ReadAction","target":["https:\/\/siemianowice.pl\/mops\/przykladowa-strona\/"]}]},{"@type":"BreadcrumbList","@id":"https:\/\/siemianowice.pl\/mops\/przykladowa-strona\/#breadcrumb","itemListElement":[{"@type":"ListItem","position":1,"name":"Strona g\u0142\u00f3wna","item":"https:\/\/siemianowice.pl\/mops\/"},{"@type":"ListItem","position":2,"name":"Wa\u017cne adresy"}]},{"@type":"WebSite","@id":"https:\/\/siemianowice.pl\/mops\/#website","url":"https:\/\/siemianowice.pl\/mops\/","name":"MOPS","description":"Miejski O\u015brodek Pomocy Spo\u0142ecznej","potentialAction":[{"@type":"SearchAction","target":{"@type":"EntryPoint","urlTemplate":"https:\/\/siemianowice.pl\/mops\/?s={search_term_string}"},"query-input":{"@type":"PropertyValueSpecification","valueRequired":true,"valueName":"search_term_string"}}],"inLanguage":"pl-PL"}]}},"_links":{"self":[{"href":"https:\/\/siemianowice.pl\/mops\/wp-json\/wp\/v2\/pages\/2","targetHints":{"allow":["GET"]}}],"collection":[{"href":"https:\/\/siemianowice.pl\/mops\/wp-json\/wp\/v2\/pages"}],"about":[{"href":"https:\/\/siemianowice.pl\/mops\/wp-json\/wp\/v2\/types\/page"}],"author":[{"embeddable":true,"href":"https:\/\/siemianowice.pl\/mops\/wp-json\/wp\/v2\/users\/1"}],"replies":[{"embeddable":true,"href":"https:\/\/siemianowice.pl\/mops\/wp-json\/wp\/v2\/comments?post=2"}],"version-history":[{"count":5,"href":"https:\/\/siemianowice.pl\/mops\/wp-json\/wp\/v2\/pages\/2\/revisions"}],"predecessor-version":[{"id":178,"href":"https:\/\/siemianowice.pl\/mops\/wp-json\/wp\/v2\/pages\/2\/revisions\/178"}],"wp:attachment":[{"href":"https:\/\/siemianowice.pl\/mops\/wp-json\/wp\/v2\/media?parent=2"}],"curies":[{"name":"wp","href":"https:\/\/api.w.org\/{rel}","templated":true}]}}